{"id":965,"date":"2024-06-23T16:30:43","date_gmt":"2024-06-23T08:30:43","guid":{"rendered":"https:\/\/yisent.com\/?post_type=product&#038;p=965"},"modified":"2025-04-05T12:51:59","modified_gmt":"2025-04-05T04:51:59","slug":"static-mixing-nozzle-for-injection-molding-machine","status":"publish","type":"product","link":"https:\/\/yisent.com\/vn\/product\/injection-nozzle\/static-mixing-nozzle-for-injection-molding-machine\/","title":{"rendered":"V\u00f2i tr\u1ed9n t\u0129nh cho m\u00e1y \u00e9p phun"},"content":{"rendered":"<h3>\u1ee8ng d\u1ee5ng<\/h3>\n<p>C\u1ea3i thi\u1ec7n t\u00ednh \u0111\u1ed3ng nh\u1ea5t v\u00e0 ch\u1ea5t l\u01b0\u1ee3ng m\u00e0u s\u1eafc<br \/>\nGi\u1ea3m m\u1ee9c ti\u00eau th\u1ee5 l\u00f4 m\u00e0u ch\u00ednh<br \/>\nTi\u1ebft ki\u1ec7m chi ph\u00ed s\u1ea3n xu\u1ea5t<br \/>\nK\u1ebft h\u1ee3p v\u1edbi v\u00f2i phun t\u1eaft<\/p>\n<h3>Polyme<\/h3>\n<p>PA6, PA66, PE, PP, PS, ABS, PET, v.v.<\/p>\n<p><img loading=\"lazy\" decoding=\"async\" class=\"aligncenter size-medium wp-image-921\" src=\"https:\/\/yisent.com\/wp-content\/uploads\/2024\/06\/SM-DWG.jpg\" alt=\"\" width=\"1475\" height=\"550\" \/><\/p>\n<table>\n<tbody>\n<tr>\n<td width=\"127\"><strong>Th\u00f4ng s\u1ed1<\/strong><\/td>\n<td align=\"center\" width=\"61\"><strong>\u0110\u01a1n v\u1ecb<\/strong><\/td>\n<td align=\"center\" width=\"94\"><strong>SM-1<\/strong><\/td>\n<td align=\"center\" width=\"94\"><strong>SM-2<\/strong><\/td>\n<td align=\"center\" width=\"96\"><strong>SM-3<\/strong><\/td>\n<\/tr>\n<tr>\n<td width=\"127\"><strong>T\u1ed1i \u0111a. T\u1ed1c \u0111\u1ed9 phun<\/strong><\/td>\n<td align=\"center\" width=\"61\">cm<sup>3<\/sup>\/s<\/td>\n<td align=\"center\" width=\"94\">500<\/td>\n<td align=\"center\" width=\"94\">1600<\/td>\n<td align=\"center\" width=\"96\">3500<\/td>\n<\/tr>\n<tr>\n<td width=\"127\"><strong>T\u1ed1i \u0111a. \u0110\u01b0\u1eddng k\u00ednh v\u00edt<\/strong><\/td>\n<td align=\"center\" width=\"61\">mm<\/td>\n<td align=\"center\" width=\"94\">70<\/td>\n<td align=\"center\" width=\"94\">100<\/td>\n<td align=\"center\" width=\"96\">150<\/td>\n<\/tr>\n<tr>\n<td width=\"127\"><strong>T\u1ed1i \u0111a. Tr\u1ecdng t\u1ea3i m\u00e1y<\/strong><\/td>\n<td align=\"center\" width=\"61\">Ton<\/td>\n<td align=\"center\" width=\"94\">400<\/td>\n<td align=\"center\" width=\"94\">800<\/td>\n<td align=\"center\" width=\"96\">1500<\/td>\n<\/tr>\n<tr>\n<td width=\"127\"><strong>Chi\u1ec1u d\u00e0i th\u00e2n (B)<\/strong><\/td>\n<td align=\"center\" width=\"61\">mm<\/td>\n<td align=\"center\" width=\"94\">119.6<\/td>\n<td align=\"center\" width=\"94\">146<\/td>\n<td align=\"center\" width=\"96\">230.9<\/td>\n<\/tr>\n<tr>\n<td width=\"127\"><strong>B\u1ed9 gia nhi\u1ec7t (H)<\/strong><\/td>\n<td align=\"center\" width=\"61\">mm<\/td>\n<td align=\"center\" width=\"94\">\u03a650\u00d760L<\/td>\n<td align=\"center\" width=\"94\">\u03a660\u00d770L<\/td>\n<td align=\"center\" width=\"96\">\u03a680\u00d7100L<\/td>\n<\/tr>\n<tr>\n<td width=\"127\"><strong>\u0110\u01b0\u1eddng k\u00ednh trong c\u1ee7a m\u00e1y tr\u1ed9n<\/strong><\/td>\n<td align=\"center\" width=\"61\">mm<\/td>\n<td align=\"center\" width=\"94\">18<\/td>\n<td align=\"center\" width=\"94\">22<\/td>\n<td align=\"center\" width=\"96\">30<\/td>\n<\/tr>\n<tr>\n<td width=\"127\"><strong>\u0110\u01b0\u1eddng k\u00ednh ngo\u00e0i c\u1ee7a m\u00e1y tr\u1ed9n<\/strong><\/td>\n<td align=\"center\" width=\"61\">mm<\/td>\n<td align=\"center\" width=\"94\">25<\/td>\n<td align=\"center\" width=\"94\">30<\/td>\n<td align=\"center\" width=\"96\">40<\/td>\n<\/tr>\n<tr>\n<td width=\"127\"><strong>Chi\u1ec1u d\u00e0i m\u00e1y tr\u1ed9n<\/strong><\/td>\n<td align=\"center\" width=\"61\">mm<\/td>\n<td align=\"center\" width=\"94\">24.2<\/td>\n<td align=\"center\" width=\"94\">28<\/td>\n<td align=\"center\" width=\"96\">38.2<\/td>\n<\/tr>\n<tr>\n<td width=\"127\"><strong>S\u1ed1 l\u01b0\u1ee3ng m\u00e1y tr\u1ed9n<\/strong><\/td>\n<td align=\"center\" width=\"61\">chi\u1ebfc<\/td>\n<td align=\"center\" width=\"94\">3<\/td>\n<td align=\"center\" width=\"94\">3<\/td>\n<td align=\"center\" width=\"96\">4<\/td>\n<\/tr>\n<tr>\n<td width=\"127\"><strong>T\u1ed1i \u0111a. \u00c1p su\u1ea5t phun<\/strong><\/td>\n<td align=\"center\" width=\"61\">Bar<\/td>\n<td colspan=\"3\" align=\"center\" width=\"284\">3000<\/td>\n<\/tr>\n<tr>\n<td width=\"127\"><strong>T\u1ed1i \u0111a. Nhi\u1ec7t \u0111\u1ed9<\/strong><\/td>\n<td align=\"center\" width=\"61\">\u00baC<\/td>\n<td colspan=\"3\" align=\"center\" width=\"284\">400<\/td>\n<\/tr>\n<\/tbody>\n<\/table>\n","protected":false},"excerpt":{"rendered":"<p>V\u00f2i tr\u1ed9n t\u0129nh ch\u1ee7 y\u1ebfu \u0111\u01b0\u1ee3c s\u1eed d\u1ee5ng \u0111\u1ec3 t\u0103ng c\u01b0\u1eddng hi\u1ec7u qu\u1ea3 tr\u1ed9n l\u00e0m tan ch\u1ea3y c\u00e1c polyme nh\u1ef1a nhi\u1ec7t d\u1ebbo c\u00f3 th\u1ec3 c\u1ea3i thi\u1ec7n \u0111\u1ed9 \u0111\u1ed3ng nh\u1ea5t m\u00e0u s\u1eafc c\u1ee7a s\u1ea3n ph\u1ea9m. H\u01a1n n\u1eefa, n\u00f3 c\u0169ng c\u00f3 th\u1ec3 gi\u1ea3m m\u1ee9c ti\u00eau th\u1ee5 l\u00f4 m\u00e0u ch\u00ednh, t\u1eeb \u0111\u00f3 c\u00f3 th\u1ec3 ti\u1ebft ki\u1ec7m chi ph\u00ed s\u1ea3n xu\u1ea5t.<\/p>\n","protected":false},"featured_media":915,"template":"","meta":{"_uag_custom_page_level_css":"","site-sidebar-layout":"default","site-content-layout":"","ast-site-content-layout":"default","site-content-style":"default","site-sidebar-style":"default","ast-global-header-display":"","ast-banner-title-visibility":"","ast-main-header-display":"","ast-hfb-above-header-display":"","ast-hfb-below-header-display":"","ast-hfb-mobile-header-display":"","site-post-title":"","ast-breadcrumbs-content":"","ast-featured-img":"","footer-sml-layout":"","theme-transparent-header-meta":"default","adv-header-id-meta":"","stick-header-meta":"","header-above-stick-meta":"","header-main-stick-meta":"","header-below-stick-meta":"","astra-migrate-meta-layouts":"set","ast-page-background-enabled":"default","ast-page-background-meta":{"desktop":{"background-color":"","background-image":"","background-repeat":"repeat","background-position":"center center","background-size":"auto","background-attachment":"scroll","background-type":"","background-media":"","overlay-type":"","overlay-color":"","overlay-opacity":"","overlay-gradient":""},"tablet":{"background-color":"","background-image":"","background-repeat":"repeat","background-position":"center center","background-size":"auto","background-attachment":"scroll","background-type":"","background-media":"","overlay-type":"","overlay-color":"","overlay-opacity":"","overlay-gradient":""},"mobile":{"background-color":"","background-image":"","background-repeat":"repeat","background-position":"center center","background-size":"auto","background-attachment":"scroll","background-type":"","background-media":"","overlay-type":"","overlay-color":"","overlay-opacity":"","overlay-gradient":""}},"ast-content-background-meta":{"desktop":{"background-color":"var(--ast-global-color-5)","background-image":"","background-repeat":"repeat","background-position":"center center","background-size":"auto","background-attachment":"scroll","background-type":"","background-media":"","overlay-type":"","overlay-color":"","overlay-opacity":"","overlay-gradient":""},"tablet":{"background-color":"var(--ast-global-color-5)","background-image":"","background-repeat":"repeat","background-position":"center center","background-size":"auto","background-attachment":"scroll","background-type":"","background-media":"","overlay-type":"","overlay-color":"","overlay-opacity":"","overlay-gradient":""},"mobile":{"background-color":"var(--ast-global-color-5)","background-image":"","background-repeat":"repeat","background-position":"center center","background-size":"auto","background-attachment":"scroll","background-type":"","background-media":"","overlay-type":"","overlay-color":"","overlay-opacity":"","overlay-gradient":""}}},"product_brand":[],"product_cat":[57],"product_tag":[91,82,81,83],"class_list":{"0":"post-965","1":"product","2":"type-product","3":"status-publish","4":"has-post-thumbnail","6":"product_cat-injection-nozzle","7":"product_tag-injection-molding","8":"product_tag-mixing-element","9":"product_tag-mixing-nozzle","10":"product_tag-static-mixing-element","11":"desktop-align-left","12":"tablet-align-left","13":"mobile-align-left","15":"first","16":"instock","17":"shipping-taxable","18":"product-type-simple"},"uagb_featured_image_src":{"full":["https:\/\/yisent.com\/wp-content\/uploads\/2024\/06\/static-mixing-nozzle.jpg",1000,1000,false],"thumbnail":["https:\/\/yisent.com\/wp-content\/uploads\/2024\/06\/static-mixing-nozzle-150x150.jpg",150,150,true],"medium":["https:\/\/yisent.com\/wp-content\/uploads\/2024\/06\/static-mixing-nozzle-300x300.jpg",300,300,true],"medium_large":["https:\/\/yisent.com\/wp-content\/uploads\/2024\/06\/static-mixing-nozzle-768x768.jpg",768,768,true],"large":["https:\/\/yisent.com\/wp-content\/uploads\/2024\/06\/static-mixing-nozzle.jpg",1000,1000,false],"1536x1536":["https:\/\/yisent.com\/wp-content\/uploads\/2024\/06\/static-mixing-nozzle.jpg",1000,1000,false],"2048x2048":["https:\/\/yisent.com\/wp-content\/uploads\/2024\/06\/static-mixing-nozzle.jpg",1000,1000,false],"woocommerce_thumbnail":["https:\/\/yisent.com\/wp-content\/uploads\/2024\/06\/static-mixing-nozzle-300x300.jpg",300,300,true],"woocommerce_single":["https:\/\/yisent.com\/wp-content\/uploads\/2024\/06\/static-mixing-nozzle-600x600.jpg",600,600,true],"woocommerce_gallery_thumbnail":["https:\/\/yisent.com\/wp-content\/uploads\/2024\/06\/static-mixing-nozzle-100x100.jpg",100,100,true]},"uagb_author_info":{"display_name":"admin","author_link":"https:\/\/yisent.com\/vn\/author\/"},"uagb_comment_info":0,"uagb_excerpt":"V\u00f2i tr\u1ed9n t\u0129nh ch\u1ee7 y\u1ebfu \u0111\u01b0\u1ee3c s\u1eed d\u1ee5ng \u0111\u1ec3 t\u0103ng c\u01b0\u1eddng hi\u1ec7u qu\u1ea3 tr\u1ed9n l\u00e0m tan ch\u1ea3y c\u00e1c polyme nh\u1ef1a nhi\u1ec7t d\u1ebbo c\u00f3 th\u1ec3 c\u1ea3i thi\u1ec7n \u0111\u1ed9 \u0111\u1ed3ng nh\u1ea5t m\u00e0u s\u1eafc c\u1ee7a s\u1ea3n ph\u1ea9m. H\u01a1n n\u1eefa, n\u00f3 c\u0169ng c\u00f3 th\u1ec3 gi\u1ea3m m\u1ee9c ti\u00eau th\u1ee5 l\u00f4 m\u00e0u ch\u00ednh, t\u1eeb \u0111\u00f3 c\u00f3 th\u1ec3 ti\u1ebft ki\u1ec7m chi ph\u00ed&hellip;","_links":{"self":[{"href":"https:\/\/yisent.com\/vn\/wp-json\/wp\/v2\/product\/965","targetHints":{"allow":["GET"]}}],"collection":[{"href":"https:\/\/yisent.com\/vn\/wp-json\/wp\/v2\/product"}],"about":[{"href":"https:\/\/yisent.com\/vn\/wp-json\/wp\/v2\/types\/product"}],"wp:featuredmedia":[{"embeddable":true,"href":"https:\/\/yisent.com\/vn\/wp-json\/wp\/v2\/media\/915"}],"wp:attachment":[{"href":"https:\/\/yisent.com\/vn\/wp-json\/wp\/v2\/media?parent=965"}],"wp:term":[{"taxonomy":"product_brand","embeddable":true,"href":"https:\/\/yisent.com\/vn\/wp-json\/wp\/v2\/product_brand?post=965"},{"taxonomy":"product_cat","embeddable":true,"href":"https:\/\/yisent.com\/vn\/wp-json\/wp\/v2\/product_cat?post=965"},{"taxonomy":"product_tag","embeddable":true,"href":"https:\/\/yisent.com\/vn\/wp-json\/wp\/v2\/product_tag?post=965"}],"curies":[{"name":"wp","href":"https:\/\/api.w.org\/{rel}","templated":true}]}}