{"id":955,"date":"2024-06-21T13:09:47","date_gmt":"2024-06-21T05:09:47","guid":{"rendered":"https:\/\/yisent.com\/?post_type=product&#038;p=955"},"modified":"2025-04-05T12:52:32","modified_gmt":"2025-04-05T04:52:32","slug":"filter-nozzle-for-injection-molding-machine","status":"publish","type":"product","link":"https:\/\/yisent.com\/vn\/product\/injection-nozzle\/filter-nozzle-for-injection-molding-machine\/","title":{"rendered":"V\u00f2i phun l\u1ecdc cho m\u00e1y \u00e9p phun"},"content":{"rendered":"<h3>\u1ee8ng d\u1ee5ng<\/h3>\n<p>Ng\u0103n ch\u1eb7n t\u1ea1p ch\u1ea5t x\u00e2m nh\u1eadp v\u00e0o khu\u00f4n<br \/>\nN\u00e2ng cao ch\u1ea5t l\u01b0\u1ee3ng v\u00e0 hi\u1ec7u qu\u1ea3 s\u1ea3n xu\u1ea5t<br \/>\nK\u1ebft h\u1ee3p v\u1edbi v\u00f2i phun t\u1eaft<\/p>\n<h3>Polyme<\/h3>\n<p>PA6, PA66, PE, PP, PS, ABS, PET, v.v. (Kh\u00f4ng \u00e1p d\u1ee5ng cho PVC)<\/p>\n<p><img loading=\"lazy\" decoding=\"async\" class=\"aligncenter size-medium wp-image-918\" src=\"https:\/\/yisent.com\/wp-content\/uploads\/2024\/06\/FN-DWG.jpg\" alt=\"\" width=\"1575\" height=\"625\" \/><\/p>\n<table>\n<tbody>\n<tr>\n<td width=\"128\"><strong>Th\u00f4ng s\u1ed1<\/strong><\/td>\n<td align=\"center\" width=\"61\"><strong>\u0110\u01a1n v\u1ecb<\/strong><\/td>\n<td align=\"center\" width=\"94\"><strong>FN-1<\/strong><\/td>\n<td align=\"center\" width=\"94\"><strong>FN-2<\/strong><\/td>\n<td align=\"center\" width=\"94\"><strong>FN-3<\/strong><\/td>\n<\/tr>\n<tr>\n<td width=\"128\"><strong>T\u1ed1i \u0111a T\u1ed1c \u0111\u1ed9 phun<\/strong><\/td>\n<td align=\"center\" width=\"61\">cm<sup>3<\/sup>\/s<\/td>\n<td align=\"center\" width=\"94\">500<\/td>\n<td align=\"center\" width=\"94\">1600<\/td>\n<td align=\"center\" width=\"94\">3500<\/td>\n<\/tr>\n<tr>\n<td width=\"128\"><strong>T\u1ed1i \u0111a \u0110\u01b0\u1eddng k\u00ednh v\u00edt<\/strong><\/td>\n<td align=\"center\" width=\"61\">mm<\/td>\n<td align=\"center\" width=\"94\">60<\/td>\n<td align=\"center\" width=\"94\">90<\/td>\n<td align=\"center\" width=\"94\">120<\/td>\n<\/tr>\n<tr>\n<td width=\"128\"><strong>T\u1ed1i \u0111a Tr\u1ecdng t\u1ea3i m\u00e1y<\/strong><\/td>\n<td align=\"center\" width=\"61\">Ton<\/td>\n<td align=\"center\" width=\"94\">300<\/td>\n<td align=\"center\" width=\"94\">800<\/td>\n<td align=\"center\" width=\"94\">1500<\/td>\n<\/tr>\n<tr>\n<td width=\"128\"><strong>Chi\u1ec1u d\u00e0i th\u00e2n (B)<\/strong><\/td>\n<td align=\"center\" width=\"61\">mm<\/td>\n<td align=\"center\" width=\"94\">65<\/td>\n<td align=\"center\" width=\"94\">105<\/td>\n<td align=\"center\" width=\"94\">125<\/td>\n<\/tr>\n<tr>\n<td width=\"128\"><strong>B\u1ed9 gia nhi\u1ec7t (H)<\/strong><\/td>\n<td align=\"center\" width=\"61\">mm<\/td>\n<td align=\"center\" width=\"94\">\u03a645\u00d740L<\/td>\n<td align=\"center\" width=\"94\">\u03a660\u00d760L<\/td>\n<td align=\"center\" width=\"94\">\u03a670\u00d770L<\/td>\n<\/tr>\n<tr>\n<td width=\"128\"><strong>\u0110\u01b0\u1eddng k\u00ednh l\u1ed7 l\u1ecdc<\/strong><\/td>\n<td align=\"center\" width=\"61\">mm<\/td>\n<td align=\"center\" width=\"94\">1.0<\/td>\n<td align=\"center\" width=\"94\">1.0<\/td>\n<td align=\"center\" width=\"94\">1.0<\/td>\n<\/tr>\n<tr>\n<td width=\"128\"><strong>K\u00edch th\u01b0\u1edbc ph\u1ea7n t\u1eed b\u1ed9 l\u1ecdc<\/strong><\/td>\n<td align=\"center\" width=\"61\">mm<\/td>\n<td align=\"center\" width=\"94\">\u03a615\u00d740L<\/td>\n<td align=\"center\" width=\"94\">\u03a624\u00d763L<\/td>\n<td align=\"center\" width=\"94\">\u03a630\u00d780L<\/td>\n<\/tr>\n<tr>\n<td width=\"128\"><strong>T\u1ed1i \u0111a \u00c1p su\u1ea5t phun<\/strong><\/td>\n<td align=\"center\" width=\"61\">Bar<\/td>\n<td colspan=\"3\" align=\"center\" width=\"282\">2800<\/td>\n<\/tr>\n<tr>\n<td width=\"128\"><strong>T\u1ed1i \u0111a Nhi\u1ec7t \u0111\u1ed9<\/strong><\/td>\n<td align=\"center\" width=\"61\">\u00baC<\/td>\n<td colspan=\"3\" align=\"center\" width=\"282\">380<\/td>\n<\/tr>\n<\/tbody>\n<\/table>\n","protected":false},"excerpt":{"rendered":"<p>V\u00f2i l\u1ecdc ch\u1ee7 y\u1ebfu \u0111\u01b0\u1ee3c s\u1eed d\u1ee5ng \u0111\u1ec3 ng\u0103n ch\u1eb7n c\u00e1c t\u1ea1p ch\u1ea5t nh\u01b0 h\u1ea1t kim lo\u1ea1i v\u00e0 \u0111\u00e1 x\u00e2m nh\u1eadp v\u00e0o khu\u00f4n nh\u1eb1m c\u1ea3i thi\u1ec7n ch\u1ea5t l\u01b0\u1ee3ng s\u1ea3n ph\u1ea9m, \u0111\u1ed3ng nh\u1ea5t h\u00f3a polymer v\u00e0 hi\u1ec7u qu\u1ea3 s\u1ea3n xu\u1ea5t. B\u1ed9 l\u1ecdc l\u01b0\u1edbi b\u00ean trong c\u00f3 m\u1ed9t r\u00e3nh l\u1edbn \u0111\u1ea3m b\u1ea3o \u00edt t\u1ed5n th\u1ea5t \u00e1p su\u1ea5t v\u00e0 c\u00f3 th\u1ec3 l\u01b0u tr\u1eef nhi\u1ec1u t\u1ea1p ch\u1ea5t, \u0111i\u1ec1u n\u00e0y c\u0169ng c\u00f3 th\u1ec3 ti\u1ebft ki\u1ec7m th\u1eddi gian b\u1ea3o tr\u00ec.<\/p>\n","protected":false},"featured_media":998,"template":"","meta":{"_uag_custom_page_level_css":"","site-sidebar-layout":"default","site-content-layout":"","ast-site-content-layout":"default","site-content-style":"default","site-sidebar-style":"default","ast-global-header-display":"","ast-banner-title-visibility":"","ast-main-header-display":"","ast-hfb-above-header-display":"","ast-hfb-below-header-display":"","ast-hfb-mobile-header-display":"","site-post-title":"","ast-breadcrumbs-content":"","ast-featured-img":"","footer-sml-layout":"","theme-transparent-header-meta":"default","adv-header-id-meta":"","stick-header-meta":"","header-above-stick-meta":"","header-main-stick-meta":"","header-below-stick-meta":"","astra-migrate-meta-layouts":"set","ast-page-background-enabled":"default","ast-page-background-meta":{"desktop":{"background-color":"","background-image":"","background-repeat":"repeat","background-position":"center center","background-size":"auto","background-attachment":"scroll","background-type":"","background-media":"","overlay-type":"","overlay-color":"","overlay-opacity":"","overlay-gradient":""},"tablet":{"background-color":"","background-image":"","background-repeat":"repeat","background-position":"center center","background-size":"auto","background-attachment":"scroll","background-type":"","background-media":"","overlay-type":"","overlay-color":"","overlay-opacity":"","overlay-gradient":""},"mobile":{"background-color":"","background-image":"","background-repeat":"repeat","background-position":"center center","background-size":"auto","background-attachment":"scroll","background-type":"","background-media":"","overlay-type":"","overlay-color":"","overlay-opacity":"","overlay-gradient":""}},"ast-content-background-meta":{"desktop":{"background-color":"var(--ast-global-color-5)","background-image":"","background-repeat":"repeat","background-position":"center center","background-size":"auto","background-attachment":"scroll","background-type":"","background-media":"","overlay-type":"","overlay-color":"","overlay-opacity":"","overlay-gradient":""},"tablet":{"background-color":"var(--ast-global-color-5)","background-image":"","background-repeat":"repeat","background-position":"center center","background-size":"auto","background-attachment":"scroll","background-type":"","background-media":"","overlay-type":"","overlay-color":"","overlay-opacity":"","overlay-gradient":""},"mobile":{"background-color":"var(--ast-global-color-5)","background-image":"","background-repeat":"repeat","background-position":"center center","background-size":"auto","background-attachment":"scroll","background-type":"","background-media":"","overlay-type":"","overlay-color":"","overlay-opacity":"","overlay-gradient":""}}},"product_brand":[],"product_cat":[57],"product_tag":[90,62,64,91],"class_list":{"0":"post-955","1":"product","2":"type-product","3":"status-publish","4":"has-post-thumbnail","6":"product_cat-injection-nozzle","7":"product_tag-filter-element","8":"product_tag-filter-nozzle","9":"product_tag-injection-machine-filter-nozzle","10":"product_tag-injection-molding","11":"desktop-align-left","12":"tablet-align-left","13":"mobile-align-left","15":"first","16":"instock","17":"shipping-taxable","18":"product-type-simple"},"uagb_featured_image_src":{"full":["https:\/\/yisent.com\/wp-content\/uploads\/2024\/06\/filter-nozzles.jpg",1000,1000,false],"thumbnail":["https:\/\/yisent.com\/wp-content\/uploads\/2024\/06\/filter-nozzles-150x150.jpg",150,150,true],"medium":["https:\/\/yisent.com\/wp-content\/uploads\/2024\/06\/filter-nozzles-300x300.jpg",300,300,true],"medium_large":["https:\/\/yisent.com\/wp-content\/uploads\/2024\/06\/filter-nozzles-768x768.jpg",768,768,true],"large":["https:\/\/yisent.com\/wp-content\/uploads\/2024\/06\/filter-nozzles.jpg",1000,1000,false],"1536x1536":["https:\/\/yisent.com\/wp-content\/uploads\/2024\/06\/filter-nozzles.jpg",1000,1000,false],"2048x2048":["https:\/\/yisent.com\/wp-content\/uploads\/2024\/06\/filter-nozzles.jpg",1000,1000,false],"woocommerce_thumbnail":["https:\/\/yisent.com\/wp-content\/uploads\/2024\/06\/filter-nozzles-300x300.jpg",300,300,true],"woocommerce_single":["https:\/\/yisent.com\/wp-content\/uploads\/2024\/06\/filter-nozzles-600x600.jpg",600,600,true],"woocommerce_gallery_thumbnail":["https:\/\/yisent.com\/wp-content\/uploads\/2024\/06\/filter-nozzles-100x100.jpg",100,100,true]},"uagb_author_info":{"display_name":"admin","author_link":"https:\/\/yisent.com\/vn\/author\/"},"uagb_comment_info":0,"uagb_excerpt":"V\u00f2i l\u1ecdc ch\u1ee7 y\u1ebfu \u0111\u01b0\u1ee3c s\u1eed d\u1ee5ng \u0111\u1ec3 ng\u0103n ch\u1eb7n c\u00e1c t\u1ea1p ch\u1ea5t nh\u01b0 h\u1ea1t kim lo\u1ea1i v\u00e0 \u0111\u00e1 x\u00e2m nh\u1eadp v\u00e0o khu\u00f4n nh\u1eb1m c\u1ea3i thi\u1ec7n ch\u1ea5t l\u01b0\u1ee3ng s\u1ea3n ph\u1ea9m, \u0111\u1ed3ng nh\u1ea5t h\u00f3a polymer v\u00e0 hi\u1ec7u qu\u1ea3 s\u1ea3n xu\u1ea5t. B\u1ed9 l\u1ecdc l\u01b0\u1edbi b\u00ean trong c\u00f3 m\u1ed9t r\u00e3nh l\u1edbn \u0111\u1ea3m b\u1ea3o \u00edt t\u1ed5n th\u1ea5t \u00e1p su\u1ea5t&hellip;","_links":{"self":[{"href":"https:\/\/yisent.com\/vn\/wp-json\/wp\/v2\/product\/955","targetHints":{"allow":["GET"]}}],"collection":[{"href":"https:\/\/yisent.com\/vn\/wp-json\/wp\/v2\/product"}],"about":[{"href":"https:\/\/yisent.com\/vn\/wp-json\/wp\/v2\/types\/product"}],"wp:featuredmedia":[{"embeddable":true,"href":"https:\/\/yisent.com\/vn\/wp-json\/wp\/v2\/media\/998"}],"wp:attachment":[{"href":"https:\/\/yisent.com\/vn\/wp-json\/wp\/v2\/media?parent=955"}],"wp:term":[{"taxonomy":"product_brand","embeddable":true,"href":"https:\/\/yisent.com\/vn\/wp-json\/wp\/v2\/product_brand?post=955"},{"taxonomy":"product_cat","embeddable":true,"href":"https:\/\/yisent.com\/vn\/wp-json\/wp\/v2\/product_cat?post=955"},{"taxonomy":"product_tag","embeddable":true,"href":"https:\/\/yisent.com\/vn\/wp-json\/wp\/v2\/product_tag?post=955"}],"curies":[{"name":"wp","href":"https:\/\/api.w.org\/{rel}","templated":true}]}}