{"id":953,"date":"2024-06-21T10:20:35","date_gmt":"2024-06-21T02:20:35","guid":{"rendered":"https:\/\/yisent.com\/?post_type=product&#038;p=953"},"modified":"2025-04-05T12:53:52","modified_gmt":"2025-04-05T04:53:52","slug":"valve-pneumatic-hydraulic-shut-off-nozzle-for-high-speed-injection-molding-machine","status":"publish","type":"product","link":"https:\/\/yisent.com\/vn\/product\/injection-nozzle\/valve-pneumatic-hydraulic-shut-off-nozzle-for-high-speed-injection-molding-machine\/","title":{"rendered":"Van kh\u00ed n\u00e9n th\u1ee7y l\u1ef1c v\u00f2i phun \u0111\u00f3ng cho m\u00e1y \u00e9p phun t\u1ed1c \u0111\u1ed9 cao"},"content":{"rendered":"<h3>\u1ee8ng d\u1ee5ng<\/h3>\n<p>R\u00fat ng\u1eafn th\u1eddi gian chu k\u1ef3 v\u00e0 ng\u0103n ch\u1eb7n r\u00f2 r\u1ec9<br \/>\nT\u0103ng \u00e1p l\u1ef1c ng\u01b0\u1ee3c<br \/>\nK\u1ebft h\u1ee3p v\u1edbi b\u1ed9 l\u1ecdc ho\u1eb7c tr\u1ed9n m\u00e0u<\/p>\n<h3>Polyme<\/h3>\n<p>PA6, PA66, PE, PP, PS, ABS, PET, v.v. (Kh\u00f4ng \u00e1p d\u1ee5ng cho PVC)<\/p>\n<p><img loading=\"lazy\" decoding=\"async\" class=\"size-medium wp-image-923 aligncenter\" src=\"https:\/\/yisent.com\/wp-content\/uploads\/2024\/06\/VP-DWG.jpg\" alt=\"\" width=\"1200\" height=\"1075\" \/><\/p>\n<table>\n<tbody>\n<tr>\n<td width=\"126\"><strong>Th\u00f4ng s\u1ed1<\/strong><\/td>\n<td align=\"center\" width=\"61\"><strong>\u0110\u01a1n v\u1ecb<\/strong><\/td>\n<td align=\"center\" width=\"92\"><strong>VP-1\/VH-1<\/strong><\/td>\n<td align=\"center\" width=\"95\"><strong>VP-2\/VH-2<\/strong><\/td>\n<td align=\"center\" width=\"98\"><strong>VP-3\/VH-3<\/strong><\/td>\n<\/tr>\n<tr>\n<td width=\"126\"><strong>T\u1ed1i \u0111a. T\u1ed1c \u0111\u1ed9 phun<\/strong><\/td>\n<td align=\"center\" width=\"61\">cm<sup>3<\/sup>\/s<\/td>\n<td align=\"center\" width=\"92\">500<\/td>\n<td align=\"center\" width=\"95\">3500<\/td>\n<td align=\"center\" width=\"98\">5000<\/td>\n<\/tr>\n<tr>\n<td width=\"126\"><strong>T\u1ed1i \u0111a. \u0110\u01b0\u1eddng k\u00ednh v\u00edt<\/strong><\/td>\n<td align=\"center\" width=\"61\">mm<\/td>\n<td align=\"center\" width=\"92\">50<\/td>\n<td align=\"center\" width=\"95\">120<\/td>\n<td align=\"center\" width=\"98\">240<\/td>\n<\/tr>\n<tr>\n<td width=\"126\"><strong>T\u1ed1i \u0111a. Tr\u1ecdng t\u1ea3i m\u00e1y<\/strong><\/td>\n<td align=\"center\" width=\"61\">Ton<\/td>\n<td align=\"center\" width=\"92\">300<\/td>\n<td align=\"center\" width=\"95\">1200<\/td>\n<td align=\"center\" width=\"98\">3000<\/td>\n<\/tr>\n<tr>\n<td width=\"126\"><strong>Chi\u1ec1u d\u00e0i th\u00e2n (B)<\/strong><\/td>\n<td align=\"center\" width=\"61\">mm<\/td>\n<td align=\"center\" width=\"92\">140<\/td>\n<td align=\"center\" width=\"95\">180<\/td>\n<td align=\"center\" width=\"98\">326<\/td>\n<\/tr>\n<tr>\n<td width=\"126\"><strong>B\u1ed9 gia nhi\u1ec7t (H)<\/strong><\/td>\n<td align=\"center\" width=\"61\">mm<\/td>\n<td align=\"center\" width=\"92\">\u03a660\u00d780L<\/td>\n<td align=\"center\" width=\"95\">\u03a680\u00d7100L<\/td>\n<td align=\"center\" width=\"98\">\u03a6110\u00d7180L<\/td>\n<\/tr>\n<tr>\n<td width=\"126\"><strong>M<\/strong><\/td>\n<td align=\"center\" width=\"61\">mm<\/td>\n<td align=\"center\" width=\"92\">85<\/td>\n<td align=\"center\" width=\"95\">100<\/td>\n<td align=\"center\" width=\"98\">170<\/td>\n<\/tr>\n<tr>\n<td width=\"126\"><strong>N<\/strong><\/td>\n<td align=\"center\" width=\"61\">mm<\/td>\n<td align=\"center\" width=\"92\">72<\/td>\n<td align=\"center\" width=\"95\">80<\/td>\n<td align=\"center\" width=\"98\">135<\/td>\n<\/tr>\n<tr>\n<td width=\"126\"><strong>P<\/strong><\/td>\n<td align=\"center\" width=\"61\">mm<\/td>\n<td align=\"center\" width=\"92\">55<\/td>\n<td align=\"center\" width=\"95\">65<\/td>\n<td align=\"center\" width=\"98\">90<\/td>\n<\/tr>\n<tr>\n<td width=\"126\"><strong>\u00c1p su\u1ea5t xi lanh kh\u00ed<\/strong><\/td>\n<td align=\"center\" width=\"61\">Bar<\/td>\n<td align=\"center\" width=\"92\">6<\/td>\n<td align=\"center\" width=\"95\">8<\/td>\n<td align=\"center\" width=\"98\">10<\/td>\n<\/tr>\n<tr>\n<td width=\"126\"><strong>\u00c1p su\u1ea5t xi lanh d\u1ea7u<\/strong><\/td>\n<td align=\"center\" width=\"61\">Bar<\/td>\n<td colspan=\"3\" align=\"center\" width=\"286\">30 ~ 70<\/td>\n<\/tr>\n<tr>\n<td width=\"126\"><strong>T\u1ed1i \u0111a. \u00c1p su\u1ea5t phun<\/strong><\/td>\n<td align=\"center\" width=\"61\">Bar<\/td>\n<td colspan=\"3\" align=\"center\" width=\"286\">3000<\/td>\n<\/tr>\n<tr>\n<td width=\"126\"><strong>T\u1ed1i \u0111a. Nhi\u1ec7t \u0111\u1ed9<\/strong><\/td>\n<td align=\"center\" width=\"61\">\u00baC<\/td>\n<td colspan=\"3\" align=\"center\" width=\"286\">400<\/td>\n<\/tr>\n<\/tbody>\n<\/table>\n","protected":false},"excerpt":{"rendered":"<p>Van \u0111\u00f3ng ng\u1eaft b\u1eb1ng kh\u00ed n\u00e9n\/th\u1ee7y l\u1ef1c ch\u1ee7 y\u1ebfu \u0111\u01b0\u1ee3c s\u1eed d\u1ee5ng \u0111\u1ec3 r\u00fat ng\u1eafn th\u1eddi gian chu k\u1ef3 b\u1eb1ng c\u00e1ch n\u1ea1p v\u00edt trong khi khu\u00f4n \u0111ang m\u1edf. K\u00eanh l\u1edbn b\u00ean trong \u0111\u1ea3m b\u1ea3o t\u1ed5n th\u1ea5t \u00e1p su\u1ea5t th\u1ea5p h\u01a1n. B\u1ed9 truy\u1ec1n \u0111\u1ed9ng c\u00f3 th\u1ec3 l\u00e0 kh\u00ed n\u00e9n ho\u1eb7c th\u1ee7y l\u1ef1c t\u00f9y theo c\u00e1ch l\u1eafp \u0111\u1eb7t m\u00e1y.<\/p>\n","protected":false},"featured_media":917,"template":"","meta":{"_uag_custom_page_level_css":"","site-sidebar-layout":"default","site-content-layout":"","ast-site-content-layout":"default","site-content-style":"default","site-sidebar-style":"default","ast-global-header-display":"","ast-banner-title-visibility":"","ast-main-header-display":"","ast-hfb-above-header-display":"","ast-hfb-below-header-display":"","ast-hfb-mobile-header-display":"","site-post-title":"","ast-breadcrumbs-content":"","ast-featured-img":"","footer-sml-layout":"","theme-transparent-header-meta":"default","adv-header-id-meta":"","stick-header-meta":"","header-above-stick-meta":"","header-main-stick-meta":"","header-below-stick-meta":"","astra-migrate-meta-layouts":"set","ast-page-background-enabled":"default","ast-page-background-meta":{"desktop":{"background-color":"","background-image":"","background-repeat":"repeat","background-position":"center center","background-size":"auto","background-attachment":"scroll","background-type":"","background-media":"","overlay-type":"","overlay-color":"","overlay-opacity":"","overlay-gradient":""},"tablet":{"background-color":"","background-image":"","background-repeat":"repeat","background-position":"center center","background-size":"auto","background-attachment":"scroll","background-type":"","background-media":"","overlay-type":"","overlay-color":"","overlay-opacity":"","overlay-gradient":""},"mobile":{"background-color":"","background-image":"","background-repeat":"repeat","background-position":"center center","background-size":"auto","background-attachment":"scroll","background-type":"","background-media":"","overlay-type":"","overlay-color":"","overlay-opacity":"","overlay-gradient":""}},"ast-content-background-meta":{"desktop":{"background-color":"var(--ast-global-color-5)","background-image":"","background-repeat":"repeat","background-position":"center center","background-size":"auto","background-attachment":"scroll","background-type":"","background-media":"","overlay-type":"","overlay-color":"","overlay-opacity":"","overlay-gradient":""},"tablet":{"background-color":"var(--ast-global-color-5)","background-image":"","background-repeat":"repeat","background-position":"center center","background-size":"auto","background-attachment":"scroll","background-type":"","background-media":"","overlay-type":"","overlay-color":"","overlay-opacity":"","overlay-gradient":""},"mobile":{"background-color":"var(--ast-global-color-5)","background-image":"","background-repeat":"repeat","background-position":"center center","background-size":"auto","background-attachment":"scroll","background-type":"","background-media":"","overlay-type":"","overlay-color":"","overlay-opacity":"","overlay-gradient":""}}},"product_brand":[],"product_cat":[57],"product_tag":[95,61,91,60,59],"class_list":{"0":"post-953","1":"product","2":"type-product","3":"status-publish","4":"has-post-thumbnail","6":"product_cat-injection-nozzle","7":"product_tag-high-speed-injection","8":"product_tag-hydraulic-shut-off-nozzle","9":"product_tag-injection-molding","10":"product_tag-pneumatic-shut-off-nozzle","11":"product_tag-shut-off-nozzle","12":"desktop-align-left","13":"tablet-align-left","14":"mobile-align-left","16":"first","17":"instock","18":"shipping-taxable","19":"product-type-simple"},"uagb_featured_image_src":{"full":["https:\/\/yisent.com\/wp-content\/uploads\/2024\/06\/valve-pneumatic-shut-off-nozzle.jpg",1000,1000,false],"thumbnail":["https:\/\/yisent.com\/wp-content\/uploads\/2024\/06\/valve-pneumatic-shut-off-nozzle-150x150.jpg",150,150,true],"medium":["https:\/\/yisent.com\/wp-content\/uploads\/2024\/06\/valve-pneumatic-shut-off-nozzle-300x300.jpg",300,300,true],"medium_large":["https:\/\/yisent.com\/wp-content\/uploads\/2024\/06\/valve-pneumatic-shut-off-nozzle-768x768.jpg",768,768,true],"large":["https:\/\/yisent.com\/wp-content\/uploads\/2024\/06\/valve-pneumatic-shut-off-nozzle.jpg",1000,1000,false],"1536x1536":["https:\/\/yisent.com\/wp-content\/uploads\/2024\/06\/valve-pneumatic-shut-off-nozzle.jpg",1000,1000,false],"2048x2048":["https:\/\/yisent.com\/wp-content\/uploads\/2024\/06\/valve-pneumatic-shut-off-nozzle.jpg",1000,1000,false],"woocommerce_thumbnail":["https:\/\/yisent.com\/wp-content\/uploads\/2024\/06\/valve-pneumatic-shut-off-nozzle-300x300.jpg",300,300,true],"woocommerce_single":["https:\/\/yisent.com\/wp-content\/uploads\/2024\/06\/valve-pneumatic-shut-off-nozzle-600x600.jpg",600,600,true],"woocommerce_gallery_thumbnail":["https:\/\/yisent.com\/wp-content\/uploads\/2024\/06\/valve-pneumatic-shut-off-nozzle-100x100.jpg",100,100,true]},"uagb_author_info":{"display_name":"admin","author_link":"https:\/\/yisent.com\/vn\/author\/"},"uagb_comment_info":0,"uagb_excerpt":"Van \u0111\u00f3ng ng\u1eaft b\u1eb1ng kh\u00ed n\u00e9n\/th\u1ee7y l\u1ef1c ch\u1ee7 y\u1ebfu \u0111\u01b0\u1ee3c s\u1eed d\u1ee5ng \u0111\u1ec3 r\u00fat ng\u1eafn th\u1eddi gian chu k\u1ef3 b\u1eb1ng c\u00e1ch n\u1ea1p v\u00edt trong khi khu\u00f4n \u0111ang m\u1edf. K\u00eanh l\u1edbn b\u00ean trong \u0111\u1ea3m b\u1ea3o t\u1ed5n th\u1ea5t \u00e1p su\u1ea5t th\u1ea5p h\u01a1n. B\u1ed9 truy\u1ec1n \u0111\u1ed9ng c\u00f3 th\u1ec3 l\u00e0 kh\u00ed n\u00e9n ho\u1eb7c th\u1ee7y l\u1ef1c t\u00f9y theo c\u00e1ch l\u1eafp&hellip;","_links":{"self":[{"href":"https:\/\/yisent.com\/vn\/wp-json\/wp\/v2\/product\/953","targetHints":{"allow":["GET"]}}],"collection":[{"href":"https:\/\/yisent.com\/vn\/wp-json\/wp\/v2\/product"}],"about":[{"href":"https:\/\/yisent.com\/vn\/wp-json\/wp\/v2\/types\/product"}],"wp:featuredmedia":[{"embeddable":true,"href":"https:\/\/yisent.com\/vn\/wp-json\/wp\/v2\/media\/917"}],"wp:attachment":[{"href":"https:\/\/yisent.com\/vn\/wp-json\/wp\/v2\/media?parent=953"}],"wp:term":[{"taxonomy":"product_brand","embeddable":true,"href":"https:\/\/yisent.com\/vn\/wp-json\/wp\/v2\/product_brand?post=953"},{"taxonomy":"product_cat","embeddable":true,"href":"https:\/\/yisent.com\/vn\/wp-json\/wp\/v2\/product_cat?post=953"},{"taxonomy":"product_tag","embeddable":true,"href":"https:\/\/yisent.com\/vn\/wp-json\/wp\/v2\/product_tag?post=953"}],"curies":[{"name":"wp","href":"https:\/\/api.w.org\/{rel}","templated":true}]}}