{"id":933,"date":"2024-06-19T11:07:05","date_gmt":"2024-06-19T03:07:05","guid":{"rendered":"https:\/\/yisent.com\/?post_type=product&#038;p=933"},"modified":"2025-04-05T12:29:25","modified_gmt":"2025-04-05T04:29:25","slug":"needle-pneumatic-hydraulic-shut-off-nozzle-for-stopping-leakage","status":"publish","type":"product","link":"https:\/\/yisent.com\/vn\/product\/injection-nozzle\/needle-pneumatic-hydraulic-shut-off-nozzle-for-stopping-leakage\/","title":{"rendered":"V\u00f2i phun th\u1ee7y l\u1ef1c kh\u00ed n\u00e9n kim \u0111\u1ec3 ng\u0103n ch\u1eb7n r\u00f2 r\u1ec9"},"content":{"rendered":"<h3>\u1ee8ng d\u1ee5ng<\/h3>\n<ul>\n<li>Ng\u0103n ch\u1eb7n r\u00f2 r\u1ec9 v\u00e0 r\u00fat ng\u1eafn th\u1eddi gian chu k\u1ef3<\/li>\n<li>Ti\u00eam b\u1ecdt h\u1ed7 tr\u1ee3<\/li>\n<li>K\u1ebft h\u1ee3p v\u1edbi b\u1ed9 l\u1ecdc ho\u1eb7c tr\u1ed9n m\u00e0u<\/li>\n<\/ul>\n<h3>Polyme<\/h3>\n<p>PA6, PA66, PE, PP, PS, ABS, PET, v.v. (Kh\u00f4ng \u00e1p d\u1ee5ng cho PVC)<\/p>\n<p><img loading=\"lazy\" decoding=\"async\" class=\"size-medium wp-image-920 aligncenter\" src=\"https:\/\/yisent.com\/wp-content\/uploads\/2024\/06\/NP-DWG.jpg\" alt=\"V\u00f2i phun th\u1ee7y l\u1ef1c b\u1eb1ng kh\u00ed n\u00e9n\" width=\"1025\" height=\"500\" srcset=\"https:\/\/yisent.com\/wp-content\/uploads\/2024\/06\/NP-DWG.jpg 2050w, https:\/\/yisent.com\/wp-content\/uploads\/2024\/06\/NP-DWG-300x146.jpg 300w, https:\/\/yisent.com\/wp-content\/uploads\/2024\/06\/NP-DWG-1024x500.jpg 1024w, https:\/\/yisent.com\/wp-content\/uploads\/2024\/06\/NP-DWG-768x375.jpg 768w, https:\/\/yisent.com\/wp-content\/uploads\/2024\/06\/NP-DWG-1536x749.jpg 1536w, https:\/\/yisent.com\/wp-content\/uploads\/2024\/06\/NP-DWG-2048x999.jpg 2048w, https:\/\/yisent.com\/wp-content\/uploads\/2024\/06\/NP-DWG-600x293.jpg 600w\" sizes=\"auto, (max-width: 1025px) 100vw, 1025px\" \/><\/p>\n<table>\n<tbody>\n<tr>\n<td width=\"126\"><strong>Th\u00f4ng s\u1ed1<\/strong><\/td>\n<td width=\"61\"><strong>\u0110\u01a1n v\u1ecb<\/strong><\/td>\n<td width=\"92\">\n<p style=\"text-align: center;\"><strong>NP-1\/NH-1<\/strong><\/p>\n<\/td>\n<td style=\"text-align: center;\" width=\"95\"><strong>NP-2\/NH-2<\/strong><\/td>\n<td width=\"98\">\n<p style=\"text-align: center;\"><strong>NP-3\/NH-3<\/strong><\/p>\n<\/td>\n<\/tr>\n<tr>\n<td width=\"126\"><strong>T\u1ed1i \u0111a. T\u1ed1c \u0111\u1ed9 phun<\/strong><\/td>\n<td width=\"61\">cm<sup>3<\/sup>\/s<\/td>\n<td width=\"92\">\n<p style=\"text-align: center;\">500<\/p>\n<\/td>\n<td style=\"text-align: center;\" width=\"95\">1600<\/td>\n<td width=\"98\">\n<p style=\"text-align: center;\">3500<\/p>\n<\/td>\n<\/tr>\n<tr>\n<td width=\"126\"><strong>T\u1ed1i \u0111a. \u0110\u01b0\u1eddng k\u00ednh v\u00edt<\/strong><\/td>\n<td width=\"61\">mm<\/td>\n<td width=\"92\">\n<p style=\"text-align: center;\">50<\/p>\n<\/td>\n<td style=\"text-align: center;\" width=\"95\">120<\/td>\n<td width=\"98\">\n<p style=\"text-align: center;\">240<\/p>\n<\/td>\n<\/tr>\n<tr>\n<td width=\"126\"><strong>T\u1ed1i \u0111a. Tr\u1ecdng t\u1ea3i m\u00e1y<\/strong><\/td>\n<td width=\"61\">T\u1ea5n<\/td>\n<td width=\"92\">\n<p style=\"text-align: center;\">300<\/p>\n<\/td>\n<td style=\"text-align: center;\" width=\"95\">1200<\/td>\n<td width=\"98\">\n<p style=\"text-align: center;\">3000<\/p>\n<\/td>\n<\/tr>\n<tr>\n<td width=\"126\"><strong>Chi\u1ec1u d\u00e0i \u0111\u1ea7u phun (A)<\/strong><\/td>\n<td width=\"61\">mm<\/td>\n<td colspan=\"3\" width=\"286\">\n<p style=\"text-align: center;\">30\/60\/90\/120<\/p>\n<\/td>\n<\/tr>\n<tr>\n<td width=\"126\"><strong>Chi\u1ec1u d\u00e0i th\u00e2n (B)<\/strong><\/td>\n<td width=\"61\">mm<\/td>\n<td width=\"92\">\n<p style=\"text-align: center;\">140<\/p>\n<\/td>\n<td style=\"text-align: center;\" width=\"95\">178<\/td>\n<td width=\"98\">\n<p style=\"text-align: center;\">246<\/p>\n<\/td>\n<\/tr>\n<tr>\n<td width=\"126\"><strong>B\u1ed9 gia nhi\u1ec7t (H)<\/strong><\/td>\n<td width=\"61\">mm<\/td>\n<td width=\"92\">\n<p style=\"text-align: center;\">\u03a660\u00d780L<\/p>\n<\/td>\n<td style=\"text-align: center;\" width=\"95\">\u03a680\u00d7100L<\/td>\n<td width=\"98\">\n<p style=\"text-align: center;\">\u03a6115\u00d7150L<\/p>\n<\/td>\n<\/tr>\n<tr>\n<td width=\"126\"><strong>T\u1ed1i \u0111a. \u0110\u01b0\u1eddng k\u00ednh l\u1ed7<\/strong><\/td>\n<td width=\"61\">mm<\/td>\n<td width=\"92\">\n<p style=\"text-align: center;\">6<\/p>\n<\/td>\n<td style=\"text-align: center;\" width=\"95\">8<\/td>\n<td width=\"98\">\n<p style=\"text-align: center;\">11<\/p>\n<\/td>\n<\/tr>\n<tr>\n<td width=\"126\"><strong>M<\/strong><\/td>\n<td width=\"61\">mm<\/td>\n<td width=\"92\">\n<p style=\"text-align: center;\">85<\/p>\n<\/td>\n<td style=\"text-align: center;\" width=\"95\">100<\/td>\n<td width=\"98\">\n<p style=\"text-align: center;\">170<\/p>\n<\/td>\n<\/tr>\n<tr>\n<td width=\"126\"><strong>N<\/strong><\/td>\n<td width=\"61\">mm<\/td>\n<td width=\"92\">\n<p style=\"text-align: center;\">72<\/p>\n<\/td>\n<td style=\"text-align: center;\" width=\"95\">80<\/td>\n<td width=\"98\">\n<p style=\"text-align: center;\">135<\/p>\n<\/td>\n<\/tr>\n<tr>\n<td width=\"126\"><strong>P<\/strong><\/td>\n<td width=\"61\">mm<\/td>\n<td width=\"92\">\n<p style=\"text-align: center;\">55<\/p>\n<\/td>\n<td style=\"text-align: center;\" width=\"95\">65<\/td>\n<td width=\"98\">\n<p style=\"text-align: center;\">90<\/p>\n<\/td>\n<\/tr>\n<tr>\n<td width=\"126\"><strong>\u00c1p su\u1ea5t kh\u00ed n\u00e9n<\/strong><\/td>\n<td width=\"61\">Bar<\/td>\n<td width=\"92\">\n<p style=\"text-align: center;\">6<\/p>\n<\/td>\n<td style=\"text-align: center;\" width=\"95\">8<\/td>\n<td width=\"98\">\n<p style=\"text-align: center;\">10<\/p>\n<\/td>\n<\/tr>\n<tr>\n<td width=\"126\"><strong>\u00c1p su\u1ea5t d\u1ea7u th\u1ee7y l\u1ef1c<\/strong><\/td>\n<td width=\"61\">Bar<\/td>\n<td colspan=\"3\" width=\"286\">\n<p style=\"text-align: center;\">30 ~ 70<\/p>\n<\/td>\n<\/tr>\n<tr>\n<td width=\"126\"><strong>T\u1ed1i \u0111a. \u00c1p su\u1ea5t phun<\/strong><\/td>\n<td width=\"61\">Bar<\/td>\n<td colspan=\"3\" width=\"286\">\n<p style=\"text-align: center;\">3000<\/p>\n<\/td>\n<\/tr>\n<tr>\n<td width=\"126\"><strong>T\u1ed1i \u0111a. Nhi\u1ec7t \u0111\u1ed9<\/strong><\/td>\n<td width=\"61\">\u00baC<\/td>\n<td colspan=\"3\" width=\"286\">\n<p style=\"text-align: center;\">400<\/p>\n<\/td>\n<\/tr>\n<\/tbody>\n<\/table>\n","protected":false},"excerpt":{"rendered":"<p>V\u00f2i ng\u1eaft b\u1eb1ng kh\u00ed n\u00e9n\/th\u1ee7y l\u1ef1c b\u1eb1ng kim ch\u1ee7 y\u1ebfu \u0111\u01b0\u1ee3c s\u1eed d\u1ee5ng \u0111\u1ec3 ng\u0103n ch\u1eb7n s\u1ef1 r\u00f2 r\u1ec9 c\u1ee7a c\u00e1c lo\u1ea1i nh\u1ef1a c\u00f3 l\u01b0u l\u01b0\u1ee3ng cao nh\u01b0 nylon. H\u01a1n n\u1eefa, n\u00f3 c\u0169ng c\u00f3 th\u1ec3 \u0111\u01b0\u1ee3c \u00e1p d\u1ee5ng trong ph\u01b0\u01a1ng ph\u00e1p phun b\u1ecdt h\u1ed7 tr\u1ee3 v\u00e0 r\u00fat ng\u1eafn th\u1eddi gian chu k\u1ef3. B\u1ed9 truy\u1ec1n \u0111\u1ed9ng c\u00f3 th\u1ec3 l\u00e0 kh\u00ed n\u00e9n ho\u1eb7c th\u1ee7y l\u1ef1c t\u00f9y theo c\u00e1ch l\u1eafp \u0111\u1eb7t m\u00e1y.<\/p>\n","protected":false},"featured_media":913,"template":"","meta":{"_uag_custom_page_level_css":"","site-sidebar-layout":"default","site-content-layout":"","ast-site-content-layout":"default","site-content-style":"default","site-sidebar-style":"default","ast-global-header-display":"","ast-banner-title-visibility":"","ast-main-header-display":"","ast-hfb-above-header-display":"","ast-hfb-below-header-display":"","ast-hfb-mobile-header-display":"","site-post-title":"","ast-breadcrumbs-content":"","ast-featured-img":"","footer-sml-layout":"","theme-transparent-header-meta":"default","adv-header-id-meta":"","stick-header-meta":"","header-above-stick-meta":"","header-main-stick-meta":"","header-below-stick-meta":"","astra-migrate-meta-layouts":"set","ast-page-background-enabled":"default","ast-page-background-meta":{"desktop":{"background-color":"","background-image":"","background-repeat":"repeat","background-position":"center center","background-size":"auto","background-attachment":"scroll","background-type":"","background-media":"","overlay-type":"","overlay-color":"","overlay-opacity":"","overlay-gradient":""},"tablet":{"background-color":"","background-image":"","background-repeat":"repeat","background-position":"center center","background-size":"auto","background-attachment":"scroll","background-type":"","background-media":"","overlay-type":"","overlay-color":"","overlay-opacity":"","overlay-gradient":""},"mobile":{"background-color":"","background-image":"","background-repeat":"repeat","background-position":"center center","background-size":"auto","background-attachment":"scroll","background-type":"","background-media":"","overlay-type":"","overlay-color":"","overlay-opacity":"","overlay-gradient":""}},"ast-content-background-meta":{"desktop":{"background-color":"var(--ast-global-color-5)","background-image":"","background-repeat":"repeat","background-position":"center center","background-size":"auto","background-attachment":"scroll","background-type":"","background-media":"","overlay-type":"","overlay-color":"","overlay-opacity":"","overlay-gradient":""},"tablet":{"background-color":"var(--ast-global-color-5)","background-image":"","background-repeat":"repeat","background-position":"center center","background-size":"auto","background-attachment":"scroll","background-type":"","background-media":"","overlay-type":"","overlay-color":"","overlay-opacity":"","overlay-gradient":""},"mobile":{"background-color":"var(--ast-global-color-5)","background-image":"","background-repeat":"repeat","background-position":"center center","background-size":"auto","background-attachment":"scroll","background-type":"","background-media":"","overlay-type":"","overlay-color":"","overlay-opacity":"","overlay-gradient":""}}},"product_brand":[],"product_cat":[57],"product_tag":[61,91,60,59,93],"class_list":{"0":"post-933","1":"product","2":"type-product","3":"status-publish","4":"has-post-thumbnail","6":"product_cat-injection-nozzle","7":"product_tag-hydraulic-shut-off-nozzle","8":"product_tag-injection-molding","9":"product_tag-pneumatic-shut-off-nozzle","10":"product_tag-shut-off-nozzle","11":"product_tag-stop-leakage","12":"desktop-align-left","13":"tablet-align-left","14":"mobile-align-left","16":"first","17":"instock","18":"featured","19":"shipping-taxable","20":"product-type-simple"},"uagb_featured_image_src":{"full":["https:\/\/yisent.com\/wp-content\/uploads\/2024\/06\/needle-pneumatic-shut-off-nozzle.jpg",1000,1000,false],"thumbnail":["https:\/\/yisent.com\/wp-content\/uploads\/2024\/06\/needle-pneumatic-shut-off-nozzle-150x150.jpg",150,150,true],"medium":["https:\/\/yisent.com\/wp-content\/uploads\/2024\/06\/needle-pneumatic-shut-off-nozzle-300x300.jpg",300,300,true],"medium_large":["https:\/\/yisent.com\/wp-content\/uploads\/2024\/06\/needle-pneumatic-shut-off-nozzle-768x768.jpg",768,768,true],"large":["https:\/\/yisent.com\/wp-content\/uploads\/2024\/06\/needle-pneumatic-shut-off-nozzle.jpg",1000,1000,false],"1536x1536":["https:\/\/yisent.com\/wp-content\/uploads\/2024\/06\/needle-pneumatic-shut-off-nozzle.jpg",1000,1000,false],"2048x2048":["https:\/\/yisent.com\/wp-content\/uploads\/2024\/06\/needle-pneumatic-shut-off-nozzle.jpg",1000,1000,false],"woocommerce_thumbnail":["https:\/\/yisent.com\/wp-content\/uploads\/2024\/06\/needle-pneumatic-shut-off-nozzle-300x300.jpg",300,300,true],"woocommerce_single":["https:\/\/yisent.com\/wp-content\/uploads\/2024\/06\/needle-pneumatic-shut-off-nozzle-600x600.jpg",600,600,true],"woocommerce_gallery_thumbnail":["https:\/\/yisent.com\/wp-content\/uploads\/2024\/06\/needle-pneumatic-shut-off-nozzle-100x100.jpg",100,100,true]},"uagb_author_info":{"display_name":"admin","author_link":"https:\/\/yisent.com\/vn\/author\/"},"uagb_comment_info":0,"uagb_excerpt":"V\u00f2i ng\u1eaft b\u1eb1ng kh\u00ed n\u00e9n\/th\u1ee7y l\u1ef1c b\u1eb1ng kim ch\u1ee7 y\u1ebfu \u0111\u01b0\u1ee3c s\u1eed d\u1ee5ng \u0111\u1ec3 ng\u0103n ch\u1eb7n s\u1ef1 r\u00f2 r\u1ec9 c\u1ee7a c\u00e1c lo\u1ea1i nh\u1ef1a c\u00f3 l\u01b0u l\u01b0\u1ee3ng cao nh\u01b0 nylon. H\u01a1n n\u1eefa, n\u00f3 c\u0169ng c\u00f3 th\u1ec3 \u0111\u01b0\u1ee3c \u00e1p d\u1ee5ng trong ph\u01b0\u01a1ng ph\u00e1p phun b\u1ecdt h\u1ed7 tr\u1ee3 v\u00e0 r\u00fat ng\u1eafn th\u1eddi gian chu k\u1ef3. B\u1ed9 truy\u1ec1n \u0111\u1ed9ng&hellip;","_links":{"self":[{"href":"https:\/\/yisent.com\/vn\/wp-json\/wp\/v2\/product\/933","targetHints":{"allow":["GET"]}}],"collection":[{"href":"https:\/\/yisent.com\/vn\/wp-json\/wp\/v2\/product"}],"about":[{"href":"https:\/\/yisent.com\/vn\/wp-json\/wp\/v2\/types\/product"}],"wp:featuredmedia":[{"embeddable":true,"href":"https:\/\/yisent.com\/vn\/wp-json\/wp\/v2\/media\/913"}],"wp:attachment":[{"href":"https:\/\/yisent.com\/vn\/wp-json\/wp\/v2\/media?parent=933"}],"wp:term":[{"taxonomy":"product_brand","embeddable":true,"href":"https:\/\/yisent.com\/vn\/wp-json\/wp\/v2\/product_brand?post=933"},{"taxonomy":"product_cat","embeddable":true,"href":"https:\/\/yisent.com\/vn\/wp-json\/wp\/v2\/product_cat?post=933"},{"taxonomy":"product_tag","embeddable":true,"href":"https:\/\/yisent.com\/vn\/wp-json\/wp\/v2\/product_tag?post=933"}],"curies":[{"name":"wp","href":"https:\/\/api.w.org\/{rel}","templated":true}]}}