{"id":928,"date":"2024-06-18T11:34:14","date_gmt":"2024-06-18T03:34:14","guid":{"rendered":"https:\/\/yisent.com\/?post_type=product&#038;p=928"},"modified":"2025-04-05T12:56:13","modified_gmt":"2025-04-05T04:56:13","slug":"spring-shut-off-nozzle-for-injection-molding-machine","status":"publish","type":"product","link":"https:\/\/yisent.com\/vn\/product\/injection-nozzle\/spring-shut-off-nozzle-for-injection-molding-machine\/","title":{"rendered":"V\u00f2i phun l\u00f2 xo \u0111\u00f3ng cho m\u00e1y \u00e9p phun"},"content":{"rendered":"<h3>\u1ee8ng d\u1ee5ng<\/h3>\n<ul>\n<li>Ng\u0103n ch\u1eb7n r\u00f2 r\u1ec9<\/li>\n<li>R\u00fat ng\u1eafn th\u1eddi gian chu k\u1ef3<\/li>\n<li>K\u1ebft h\u1ee3p v\u1edbi b\u1ed9 l\u1ecdc ho\u1eb7c tr\u1ed9n m\u00e0u<\/li>\n<\/ul>\n<h3>Polyme<\/h3>\n<p>PA6, PA66, PE, PP, PS, ABS, PET, v.v.(Kh\u00f4ng \u00e1p d\u1ee5ng cho PVC v\u00e0 PC)<\/p>\n<p><img loading=\"lazy\" decoding=\"async\" class=\"size-medium wp-image-922 aligncenter\" src=\"https:\/\/yisent.com\/wp-content\/uploads\/2024\/06\/SN-DWG.jpg\" alt=\"V\u00f2i t\u1eaft m\u00f9a xu\u00e2n\" width=\"1060\" height=\"456\" \/><\/p>\n<table>\n<tbody>\n<tr>\n<td width=\"128\"><strong>Th\u00f4ng s\u1ed1<\/strong><\/td>\n<td align=\"center\" width=\"61\"><strong>\u0110\u01a1n v\u1ecb<\/strong><\/td>\n<td align=\"center\" width=\"94\"><strong>SN-1<\/strong><\/td>\n<td align=\"center\" width=\"94\"><strong>SN-2<\/strong><\/td>\n<td align=\"center\" width=\"94\"><strong>SN-3<\/strong><\/td>\n<\/tr>\n<tr>\n<td width=\"128\"><strong>T\u1ed1i \u0111a. T\u1ed1c \u0111\u1ed9 phun<\/strong><\/td>\n<td align=\"center\" width=\"61\">cm<sup>3<\/sup>\/s<\/td>\n<td align=\"center\" width=\"94\">300<\/td>\n<td align=\"center\" width=\"94\">500<\/td>\n<td align=\"center\" width=\"94\">1500<\/td>\n<\/tr>\n<tr>\n<td width=\"128\"><strong>T\u1ed1i \u0111a. \u0110\u01b0\u1eddng k\u00ednh v\u00edt<\/strong><\/td>\n<td align=\"center\" width=\"61\">mm<\/td>\n<td align=\"center\" width=\"94\">40<\/td>\n<td align=\"center\" width=\"94\">70<\/td>\n<td align=\"center\" width=\"94\">120<\/td>\n<\/tr>\n<tr>\n<td width=\"128\"><strong>Tr\u1ecdng t\u1ea3i m\u00e1y t\u1ed1i \u0111a<\/strong><\/td>\n<td align=\"center\" width=\"61\">Ton<\/td>\n<td align=\"center\" width=\"94\">200<\/td>\n<td align=\"center\" width=\"94\">400<\/td>\n<td align=\"center\" width=\"94\">1200<\/td>\n<\/tr>\n<tr>\n<td width=\"128\"><strong>Chi\u1ec1u d\u00e0i th\u00e2n m\u00e1y (B)<\/strong><\/td>\n<td align=\"center\" width=\"61\">mm<\/td>\n<td align=\"center\" width=\"94\">91<\/td>\n<td align=\"center\" width=\"94\">123<\/td>\n<td align=\"center\" width=\"94\">135<\/td>\n<\/tr>\n<tr>\n<td width=\"128\"><strong>B\u1ed9 gia nhi\u1ec7t (H)<\/strong><\/td>\n<td align=\"center\" width=\"61\">mm<\/td>\n<td align=\"center\" width=\"94\">\u03a645\u00d740L<\/td>\n<td align=\"center\" width=\"94\">\u03a647\u00d760L<\/td>\n<td align=\"center\" width=\"94\">\u03a660\u00d770L<\/td>\n<\/tr>\n<tr>\n<td width=\"128\"><strong>T\u1ed1i \u0111a. \u0110\u01b0\u1eddng k\u00ednh l\u1ed7<\/strong><\/td>\n<td align=\"center\" width=\"61\">mm<\/td>\n<td align=\"center\" width=\"94\">3<\/td>\n<td align=\"center\" width=\"94\">5<\/td>\n<td align=\"center\" width=\"94\">8<\/td>\n<\/tr>\n<tr>\n<td width=\"128\"><strong>\u00c1p su\u1ea5t m\u1edf<\/strong><\/td>\n<td align=\"center\" width=\"61\">Bar<\/td>\n<td colspan=\"3\" align=\"center\" width=\"282\">280<\/td>\n<\/tr>\n<tr>\n<td width=\"128\"><strong>\u00c1p su\u1ea5t \u0111\u00f3ng<\/strong><\/td>\n<td align=\"center\" width=\"61\">Bar<\/td>\n<td colspan=\"3\" align=\"center\" width=\"282\">100<\/td>\n<\/tr>\n<tr>\n<td width=\"128\"><strong>T\u1ed1i \u0111a. \u00c1p su\u1ea5t phun<\/strong><\/td>\n<td align=\"center\" width=\"61\">Bar<\/td>\n<td colspan=\"3\" align=\"center\" width=\"282\">2500<\/td>\n<\/tr>\n<tr>\n<td width=\"128\"><strong>T\u1ed1i \u0111a. Nhi\u1ec7t \u0111\u1ed9<\/strong><\/td>\n<td align=\"center\" width=\"61\">\u00baC<\/td>\n<td colspan=\"3\" align=\"center\" width=\"282\">380<\/td>\n<\/tr>\n<\/tbody>\n<\/table>\n<p>&nbsp;<\/p>\n","protected":false},"excerpt":{"rendered":"<p>V\u00f2i kh\u00f3a l\u00f2 xo ch\u1ee7 y\u1ebfu \u0111\u01b0\u1ee3c s\u1eed d\u1ee5ng \u0111\u1ec3 ng\u0103n ch\u1eb7n s\u1ef1 r\u00f2 r\u1ec9 c\u1ee7a c\u00e1c lo\u1ea1i nh\u1ef1a c\u00f3 l\u01b0u l\u01b0\u1ee3ng cao nh\u01b0 nylon. V\u00f2i \u0111\u01b0\u1ee3c m\u1edf b\u1eb1ng \u00e1p su\u1ea5t phun c\u1ee7a polyme n\u00f3ng ch\u1ea3y v\u00e0 \u0111\u00f3ng l\u1ea1i b\u1eb1ng l\u1ef1c l\u00f2 xo b\u00ean trong sau quy tr\u00ecnh gi\u1eef \u00e1p su\u1ea5t. H\u01a1n n\u1eefa, n\u00f3 c\u0169ng c\u00f3 th\u1ec3 r\u00fat ng\u1eafn th\u1eddi gian chu k\u1ef3.<\/p>\n","protected":false},"featured_media":914,"template":"","meta":{"_uag_custom_page_level_css":"","site-sidebar-layout":"default","site-content-layout":"","ast-site-content-layout":"default","site-content-style":"default","site-sidebar-style":"default","ast-global-header-display":"","ast-banner-title-visibility":"","ast-main-header-display":"","ast-hfb-above-header-display":"","ast-hfb-below-header-display":"","ast-hfb-mobile-header-display":"","site-post-title":"","ast-breadcrumbs-content":"","ast-featured-img":"","footer-sml-layout":"","theme-transparent-header-meta":"default","adv-header-id-meta":"","stick-header-meta":"","header-above-stick-meta":"","header-main-stick-meta":"","header-below-stick-meta":"","astra-migrate-meta-layouts":"set","ast-page-background-enabled":"default","ast-page-background-meta":{"desktop":{"background-color":"","background-image":"","background-repeat":"repeat","background-position":"center center","background-size":"auto","background-attachment":"scroll","background-type":"","background-media":"","overlay-type":"","overlay-color":"","overlay-opacity":"","overlay-gradient":""},"tablet":{"background-color":"","background-image":"","background-repeat":"repeat","background-position":"center center","background-size":"auto","background-attachment":"scroll","background-type":"","background-media":"","overlay-type":"","overlay-color":"","overlay-opacity":"","overlay-gradient":""},"mobile":{"background-color":"","background-image":"","background-repeat":"repeat","background-position":"center center","background-size":"auto","background-attachment":"scroll","background-type":"","background-media":"","overlay-type":"","overlay-color":"","overlay-opacity":"","overlay-gradient":""}},"ast-content-background-meta":{"desktop":{"background-color":"var(--ast-global-color-5)","background-image":"","background-repeat":"repeat","background-position":"center center","background-size":"auto","background-attachment":"scroll","background-type":"","background-media":"","overlay-type":"","overlay-color":"","overlay-opacity":"","overlay-gradient":""},"tablet":{"background-color":"var(--ast-global-color-5)","background-image":"","background-repeat":"repeat","background-position":"center center","background-size":"auto","background-attachment":"scroll","background-type":"","background-media":"","overlay-type":"","overlay-color":"","overlay-opacity":"","overlay-gradient":""},"mobile":{"background-color":"var(--ast-global-color-5)","background-image":"","background-repeat":"repeat","background-position":"center center","background-size":"auto","background-attachment":"scroll","background-type":"","background-media":"","overlay-type":"","overlay-color":"","overlay-opacity":"","overlay-gradient":""}}},"product_brand":[],"product_cat":[57],"product_tag":[91,59,93],"class_list":{"0":"post-928","1":"product","2":"type-product","3":"status-publish","4":"has-post-thumbnail","6":"product_cat-injection-nozzle","7":"product_tag-injection-molding","8":"product_tag-shut-off-nozzle","9":"product_tag-stop-leakage","10":"desktop-align-left","11":"tablet-align-left","12":"mobile-align-left","14":"first","15":"instock","16":"shipping-taxable","17":"product-type-simple"},"uagb_featured_image_src":{"full":["https:\/\/yisent.com\/wp-content\/uploads\/2024\/06\/spring-shut-off-nozzle.jpg",1000,1000,false],"thumbnail":["https:\/\/yisent.com\/wp-content\/uploads\/2024\/06\/spring-shut-off-nozzle-150x150.jpg",150,150,true],"medium":["https:\/\/yisent.com\/wp-content\/uploads\/2024\/06\/spring-shut-off-nozzle-300x300.jpg",300,300,true],"medium_large":["https:\/\/yisent.com\/wp-content\/uploads\/2024\/06\/spring-shut-off-nozzle-768x768.jpg",768,768,true],"large":["https:\/\/yisent.com\/wp-content\/uploads\/2024\/06\/spring-shut-off-nozzle.jpg",1000,1000,false],"1536x1536":["https:\/\/yisent.com\/wp-content\/uploads\/2024\/06\/spring-shut-off-nozzle.jpg",1000,1000,false],"2048x2048":["https:\/\/yisent.com\/wp-content\/uploads\/2024\/06\/spring-shut-off-nozzle.jpg",1000,1000,false],"woocommerce_thumbnail":["https:\/\/yisent.com\/wp-content\/uploads\/2024\/06\/spring-shut-off-nozzle-300x300.jpg",300,300,true],"woocommerce_single":["https:\/\/yisent.com\/wp-content\/uploads\/2024\/06\/spring-shut-off-nozzle-600x600.jpg",600,600,true],"woocommerce_gallery_thumbnail":["https:\/\/yisent.com\/wp-content\/uploads\/2024\/06\/spring-shut-off-nozzle-100x100.jpg",100,100,true]},"uagb_author_info":{"display_name":"admin","author_link":"https:\/\/yisent.com\/vn\/author\/"},"uagb_comment_info":0,"uagb_excerpt":"V\u00f2i kh\u00f3a l\u00f2 xo ch\u1ee7 y\u1ebfu \u0111\u01b0\u1ee3c s\u1eed d\u1ee5ng \u0111\u1ec3 ng\u0103n ch\u1eb7n s\u1ef1 r\u00f2 r\u1ec9 c\u1ee7a c\u00e1c lo\u1ea1i nh\u1ef1a c\u00f3 l\u01b0u l\u01b0\u1ee3ng cao nh\u01b0 nylon. V\u00f2i \u0111\u01b0\u1ee3c m\u1edf b\u1eb1ng \u00e1p su\u1ea5t phun c\u1ee7a polyme n\u00f3ng ch\u1ea3y v\u00e0 \u0111\u00f3ng l\u1ea1i b\u1eb1ng l\u1ef1c l\u00f2 xo b\u00ean trong sau quy tr\u00ecnh gi\u1eef \u00e1p su\u1ea5t. H\u01a1n n\u1eefa, n\u00f3 c\u0169ng&hellip;","_links":{"self":[{"href":"https:\/\/yisent.com\/vn\/wp-json\/wp\/v2\/product\/928","targetHints":{"allow":["GET"]}}],"collection":[{"href":"https:\/\/yisent.com\/vn\/wp-json\/wp\/v2\/product"}],"about":[{"href":"https:\/\/yisent.com\/vn\/wp-json\/wp\/v2\/types\/product"}],"wp:featuredmedia":[{"embeddable":true,"href":"https:\/\/yisent.com\/vn\/wp-json\/wp\/v2\/media\/914"}],"wp:attachment":[{"href":"https:\/\/yisent.com\/vn\/wp-json\/wp\/v2\/media?parent=928"}],"wp:term":[{"taxonomy":"product_brand","embeddable":true,"href":"https:\/\/yisent.com\/vn\/wp-json\/wp\/v2\/product_brand?post=928"},{"taxonomy":"product_cat","embeddable":true,"href":"https:\/\/yisent.com\/vn\/wp-json\/wp\/v2\/product_cat?post=928"},{"taxonomy":"product_tag","embeddable":true,"href":"https:\/\/yisent.com\/vn\/wp-json\/wp\/v2\/product_tag?post=928"}],"curies":[{"name":"wp","href":"https:\/\/api.w.org\/{rel}","templated":true}]}}