{"id":87,"date":"2019-01-23T13:25:49","date_gmt":"2019-01-23T13:25:49","guid":{"rendered":"https:\/\/yisent.com\/product\/money-plant\/"},"modified":"2025-04-05T12:56:46","modified_gmt":"2025-04-05T04:56:46","slug":"bimetallic-screw-for-injection-molding-machine","status":"publish","type":"product","link":"https:\/\/yisent.com\/vn\/product\/injection-screw-barrel\/bimetallic-screw-for-injection-molding-machine\/","title":{"rendered":"V\u00edt l\u01b0\u1ee1ng kim cho m\u00e1y \u00e9p phun"},"content":{"rendered":"<h3>GI\u1edaI THI\u1ec6U<\/h3>\n<p>V\u00edt \u00e9p phun l\u00e0 b\u1ed9 ph\u1eadn c\u1ed1t l\u00f5i \u0111\u1ec3 gia c\u00f4ng nh\u1ef1a tr\u00ean m\u00e1y \u00e9p phun. V\u00edt l\u01b0\u1ee1ng kim c\u1ee7a ch\u00fang t\u00f4i \u0111\u01b0\u1ee3c s\u1eed d\u1ee5ng cho nhi\u1ec1u \u1ee9ng d\u1ee5ng gia c\u00f4ng nh\u1ef1a kh\u00e1c nhau, ch\u1eb3ng h\u1ea1n nh\u01b0 nh\u1ef1a th\u00f4ng th\u01b0\u1eddng, nh\u1ef1a k\u1ef9 thu\u1eadt ch\u1ee9a s\u1ee3i th\u1ee7y tinh, fluoropolymer, nh\u1ef1a nhi\u1ec7t r\u1eafn v\u00e0 cao su silicon l\u1ecfng, v.v.<\/p>\n<h3>M\u00c1Y C\u00d3 S\u1eb4N<\/h3>\n<p>HAITIAN, ZHAFIR, YIZUMI, CHENHSONG, TEDERIC, WELLTEC, BOLE, BORCHE, HWAMDA, LK, POWERJET, UWA, SOUND, DKM, HAITAI, HAIDA, HAIXIONG, HAIJING, NPC, TOPSTAR, SUMITOMO, DEMAG, NISSEI, FANUC, TOYO, JSW, TOSHIBA, SODICK, MITSUBISHI, KAWAGUCHI, NIIGATA, MEIKI, ENGEL, ARBURG, KRAUSS MAFFEI, BOY, WITTMANN, BATTENFELD, NETSTAL, HUSKY, VICTOR, FCS, CLF, ASIAN PLASTIC, UNION PLASTIC, KINKI, HUARONG, HWA CHIN, JON WAI, WOOJIN, LG, LS MTRON, MILACRON, WINDSOR, ELECTRONICA, v.v.<\/p>\n<h3>NH\u1ef0A<\/h3>\n<p>PE, PP, PS, PA, PC, ABS, POM, PET, PBT, LCP, PEEK, PTFE, Max 65% GF, Nh\u1ef1a kh\u00f4ng ch\u1ee9a halogen, v.v.<\/p>\n<h3>\u1ee8NG D\u1ee4NG<\/h3>\n<p>H\u1ed9 gia \u0111\u00ecnh, Thi\u1ebft b\u1ecb gia d\u1ee5ng, \u00d4 t\u00f4, Truy\u1ec1n th\u00f4ng, \u0110i\u1ec7n, Thi\u1ebft b\u1ecb y t\u1ebf, X\u00e2y d\u1ef1ng, Bao b\u00ec, N\u00f4ng nghi\u1ec7p, v.v.<\/p>\n<h3>V\u1eacT LI\u1ec6U TH\u00c9P L\u00c0M V\u00cdT PHUN<\/h3>\n<table width=\"698\">\n<tbody>\n<tr>\n<td width=\"105\"><b>M\u00e3 v\u1eadt li\u1ec7u<\/b><\/td>\n<td width=\"96\"><b>\u0111\u1ed9 c\u1ee9ng<\/b><\/td>\n<td width=\"146\"><b>X\u1eed l\u00fd b\u1ec1 m\u1eb7t<\/b><\/td>\n<td width=\"193\"><b>\u1ee8ng d\u1ee5ng<\/b><\/td>\n<\/tr>\n<tr>\n<td width=\"105\"><b>YT-11<\/b><\/td>\n<td width=\"96\">HRC 68~70<\/td>\n<td width=\"146\">Th\u1ea5m nit\u01a1 kh\u00ed<\/td>\n<td width=\"193\">Polymer nguy\u00ean ch\u1ea5t<\/td>\n<\/tr>\n<tr>\n<td width=\"105\"><b>YT-21<\/b><\/td>\n<td width=\"96\">HRC 58~60<\/td>\n<td width=\"146\">H\u00e0n PTA<\/td>\n<td width=\"193\">V\u1eadt li\u1ec7u t\u00e1i ch\u1ebf<\/td>\n<\/tr>\n<tr>\n<td width=\"105\"><b>YT-31<\/b><\/td>\n<td width=\"96\">HRC 58~60<\/td>\n<td width=\"146\">L\u00e0m ngu\u1ed9i ch\u00e2n kh\u00f4ng<\/td>\n<td width=\"193\">30% GF<\/td>\n<\/tr>\n<tr>\n<td width=\"105\"><b>YT-32<\/b><\/td>\n<td width=\"96\">HRC 62~64<\/td>\n<td width=\"146\">L\u00e0m ngu\u1ed9i ch\u00e2n kh\u00f4ng<\/td>\n<td width=\"193\">40% GF<\/td>\n<\/tr>\n<tr>\n<td width=\"105\"><b>YT-33<\/b><\/td>\n<td width=\"96\">HRC 64~68<\/td>\n<td width=\"146\">L\u00e0m ngu\u1ed9i ch\u00e2n kh\u00f4ng<\/td>\n<td width=\"193\">50% GF<\/td>\n<\/tr>\n<tr>\n<td width=\"105\"><b>YT-41<\/b><\/td>\n<td width=\"96\">HRC 62~64<\/td>\n<td width=\"146\">L\u00e0m ngu\u1ed9i ch\u00e2n kh\u00f4ng<\/td>\n<td width=\"193\">55% GF<\/td>\n<\/tr>\n<tr>\n<td width=\"105\"><b>YT-42<\/b><\/td>\n<td width=\"96\">HRC 62~64<\/td>\n<td width=\"146\">L\u00e0m ngu\u1ed9i ch\u00e2n kh\u00f4ng<\/td>\n<td width=\"193\">60% GF<\/td>\n<\/tr>\n<tr>\n<td width=\"105\"><b>YT-51<\/b><\/td>\n<td width=\"96\">HRC 68~70<\/td>\n<td width=\"146\">HVOF<\/td>\n<td width=\"193\">60% GF<\/td>\n<\/tr>\n<tr>\n<td width=\"105\"><b>YT-52<\/b><\/td>\n<td width=\"96\">HRC 68~70<\/td>\n<td width=\"146\">HVOF<\/td>\n<td width=\"193\">65% GF<\/td>\n<\/tr>\n<tr>\n<td width=\"105\"><b>YT-61<\/b><\/td>\n<td width=\"96\">HRC 56~60<\/td>\n<td width=\"146\">m\u1ea1 \u0111i\u1ec7n<\/td>\n<td width=\"193\">PC, PVC<\/td>\n<\/tr>\n<tr>\n<td width=\"105\"><b>YT-62<\/b><\/td>\n<td width=\"96\">HRC 58~62<\/td>\n<td width=\"146\">TiN PVD<\/td>\n<td width=\"193\">S\u1ea3n ph\u1ea9m quang h\u1ecdc<\/td>\n<\/tr>\n<tr>\n<td width=\"105\"><b>YT-63<\/b><\/td>\n<td width=\"96\">HRC 56~60<\/td>\n<td width=\"146\">CrN PVD<\/td>\n<td width=\"193\">Nh\u1ef1a kh\u00f4ng ch\u1ee9a halogen<\/td>\n<\/tr>\n<tr>\n<td width=\"105\"><b>YT-64<\/b><\/td>\n<td width=\"96\">HRC 64~66<\/td>\n<td width=\"146\">TiAlN PVD<\/td>\n<td width=\"193\">\u0110\u1ed9 m\u00e0i m\u00f2n v\u00e0 \u0103n m\u00f2n cao<\/td>\n<\/tr>\n<tr>\n<td width=\"105\"><b>YT-71<\/b><\/td>\n<td width=\"96\">HRC 45~50<\/td>\n<td width=\"146\">L\u00e0m ngu\u1ed9i<\/td>\n<td width=\"193\">Nh\u1ef1a \u0103n m\u00f2n<\/td>\n<\/tr>\n<tr>\n<td width=\"105\"><b>YT-72<\/b><\/td>\n<td width=\"96\">HRC 60~65<\/td>\n<td width=\"146\">L\u00e0m ngu\u1ed9i ch\u00e2n kh\u00f4ng<\/td>\n<td width=\"193\">Nh\u1ef1a \u0103n m\u00f2n cao<\/td>\n<\/tr>\n<\/tbody>\n<\/table>\n","protected":false},"excerpt":{"rendered":"<p>Chi\u1ec1u d\u00e0i t\u1ed1i \u0111a: 12000mm<br \/>\n\u0110\u01b0\u1eddng k\u00ednh tr\u1ee5c v\u00edt: \u03a616 ~ 450 mm<br \/>\n\u0110\u1ed9 s\u00e2u th\u1ea5m nit\u01a1: 0,4 mm ~ 0,7 mm<br \/>\n\u0110\u1ed9 c\u1ee9ng th\u1ea5m nit\u01a1: HRC 68 ~ 70<br \/>\n\u0110\u1ed9 d\u00e0y l\u1edbp h\u1ee3p kim: 1,5 ~ 3,0mm<br \/>\n\u0110\u1ed9 th\u1eb3ng: 0,015 mm\/m<br \/>\n\u0110\u1ed9 nh\u00e1m: Ra 0,4<br \/>\nD\u1ec5 v\u1ee1: C\u1ea5p 1<br \/>\nB\u1ea3o h\u00e0nh 1 n\u0103m<\/p>\n","protected":false},"featured_media":11,"template":"","meta":{"_uag_custom_page_level_css":"","site-sidebar-layout":"default","site-content-layout":"default","ast-site-content-layout":"default","site-content-style":"default","site-sidebar-style":"default","ast-global-header-display":"","ast-banner-title-visibility":"","ast-main-header-display":"","ast-hfb-above-header-display":"","ast-hfb-below-header-display":"","ast-hfb-mobile-header-display":"","site-post-title":"","ast-breadcrumbs-content":"","ast-featured-img":"","footer-sml-layout":"","theme-transparent-header-meta":"default","adv-header-id-meta":"","stick-header-meta":"","header-above-stick-meta":"","header-main-stick-meta":"","header-below-stick-meta":"","astra-migrate-meta-layouts":"set","ast-page-background-enabled":"default","ast-page-background-meta":{"desktop":{"background-color":"","background-image":"","background-repeat":"repeat","background-position":"center center","background-size":"auto","background-attachment":"scroll","background-type":"","background-media":"","overlay-type":"","overlay-color":"","overlay-opacity":"","overlay-gradient":""},"tablet":{"background-color":"","background-image":"","background-repeat":"repeat","background-position":"center center","background-size":"auto","background-attachment":"scroll","background-type":"","background-media":"","overlay-type":"","overlay-color":"","overlay-opacity":"","overlay-gradient":""},"mobile":{"background-color":"","background-image":"","background-repeat":"repeat","background-position":"center center","background-size":"auto","background-attachment":"scroll","background-type":"","background-media":"","overlay-type":"","overlay-color":"","overlay-opacity":"","overlay-gradient":""}},"ast-content-background-meta":{"desktop":{"background-color":"var(--ast-global-color-5)","background-image":"","background-repeat":"repeat","background-position":"center center","background-size":"auto","background-attachment":"scroll","background-type":"","background-media":"","overlay-type":"","overlay-color":"","overlay-opacity":"","overlay-gradient":""},"tablet":{"background-color":"var(--ast-global-color-5)","background-image":"","background-repeat":"repeat","background-position":"center center","background-size":"auto","background-attachment":"scroll","background-type":"","background-media":"","overlay-type":"","overlay-color":"","overlay-opacity":"","overlay-gradient":""},"mobile":{"background-color":"var(--ast-global-color-5)","background-image":"","background-repeat":"repeat","background-position":"center center","background-size":"auto","background-attachment":"scroll","background-type":"","background-media":"","overlay-type":"","overlay-color":"","overlay-opacity":"","overlay-gradient":""}}},"product_brand":[],"product_cat":[17],"product_tag":[43,85,91,86],"class_list":{"0":"post-87","1":"product","2":"type-product","3":"status-publish","4":"has-post-thumbnail","6":"product_cat-injection-screw-barrel","7":"product_tag-bimetallic-screw-barrel","8":"product_tag-bimetallic-screw-cylinder","9":"product_tag-injection-molding","10":"product_tag-screw-tip-set","11":"desktop-align-left","12":"tablet-align-left","13":"mobile-align-left","15":"first","16":"instock","17":"featured","18":"shipping-taxable","19":"product-type-simple"},"uagb_featured_image_src":{"full":["https:\/\/yisent.com\/wp-content\/uploads\/2023\/11\/injection-screw.jpg",1000,1000,false],"thumbnail":["https:\/\/yisent.com\/wp-content\/uploads\/2023\/11\/injection-screw-150x150.jpg",150,150,true],"medium":["https:\/\/yisent.com\/wp-content\/uploads\/2023\/11\/injection-screw-300x300.jpg",300,300,true],"medium_large":["https:\/\/yisent.com\/wp-content\/uploads\/2023\/11\/injection-screw-768x768.jpg",768,768,true],"large":["https:\/\/yisent.com\/wp-content\/uploads\/2023\/11\/injection-screw.jpg",1000,1000,false],"1536x1536":["https:\/\/yisent.com\/wp-content\/uploads\/2023\/11\/injection-screw.jpg",1000,1000,false],"2048x2048":["https:\/\/yisent.com\/wp-content\/uploads\/2023\/11\/injection-screw.jpg",1000,1000,false],"woocommerce_thumbnail":["https:\/\/yisent.com\/wp-content\/uploads\/2023\/11\/injection-screw-300x300.jpg",300,300,true],"woocommerce_single":["https:\/\/yisent.com\/wp-content\/uploads\/2023\/11\/injection-screw-600x600.jpg",600,600,true],"woocommerce_gallery_thumbnail":["https:\/\/yisent.com\/wp-content\/uploads\/2023\/11\/injection-screw-100x100.jpg",100,100,true]},"uagb_author_info":{"display_name":"admin","author_link":"https:\/\/yisent.com\/vn\/author\/"},"uagb_comment_info":0,"uagb_excerpt":"Chi\u1ec1u d\u00e0i t\u1ed1i \u0111a: 12000mm \u0110\u01b0\u1eddng k\u00ednh tr\u1ee5c v\u00edt: \u03a616 ~ 450 mm \u0110\u1ed9 s\u00e2u th\u1ea5m nit\u01a1: 0,4 mm ~ 0,7 mm \u0110\u1ed9 c\u1ee9ng th\u1ea5m nit\u01a1: HRC 68 ~ 70 \u0110\u1ed9 d\u00e0y l\u1edbp h\u1ee3p kim: 1,5 ~ 3,0mm \u0110\u1ed9 th\u1eb3ng: 0,015 mm\/m \u0110\u1ed9 nh\u00e1m: Ra 0,4 D\u1ec5 v\u1ee1: C\u1ea5p 1 B\u1ea3o h\u00e0nh 1 n\u0103m","_links":{"self":[{"href":"https:\/\/yisent.com\/vn\/wp-json\/wp\/v2\/product\/87","targetHints":{"allow":["GET"]}}],"collection":[{"href":"https:\/\/yisent.com\/vn\/wp-json\/wp\/v2\/product"}],"about":[{"href":"https:\/\/yisent.com\/vn\/wp-json\/wp\/v2\/types\/product"}],"wp:featuredmedia":[{"embeddable":true,"href":"https:\/\/yisent.com\/vn\/wp-json\/wp\/v2\/media\/11"}],"wp:attachment":[{"href":"https:\/\/yisent.com\/vn\/wp-json\/wp\/v2\/media?parent=87"}],"wp:term":[{"taxonomy":"product_brand","embeddable":true,"href":"https:\/\/yisent.com\/vn\/wp-json\/wp\/v2\/product_brand?post=87"},{"taxonomy":"product_cat","embeddable":true,"href":"https:\/\/yisent.com\/vn\/wp-json\/wp\/v2\/product_cat?post=87"},{"taxonomy":"product_tag","embeddable":true,"href":"https:\/\/yisent.com\/vn\/wp-json\/wp\/v2\/product_tag?post=87"}],"curies":[{"name":"wp","href":"https:\/\/api.w.org\/{rel}","templated":true}]}}