{"id":86,"date":"2019-01-23T13:24:06","date_gmt":"2019-01-23T13:24:06","guid":{"rendered":"https:\/\/yisent.com\/product\/aluminum-plant\/"},"modified":"2025-04-05T12:57:26","modified_gmt":"2025-04-05T04:57:26","slug":"bimetallic-barrel-for-injection-molding-machine","status":"publish","type":"product","link":"https:\/\/yisent.com\/vn\/product\/injection-screw-barrel\/bimetallic-barrel-for-injection-molding-machine\/","title":{"rendered":"Th\u00f9ng kim lo\u1ea1i k\u00e9p cho m\u00e1y \u00e9p phun"},"content":{"rendered":"<h3>GI\u1edaI THI\u1ec6U<\/h3>\n<p>Th\u00f9ng phun l\u00e0 b\u1ed9 ph\u1eadn c\u1ed1t l\u00f5i \u0111\u1ec3 x\u1eed l\u00fd nh\u1ef1a tr\u00ean m\u00e1y \u00e9p phun. Ch\u00fang t\u00f4i c\u00f3 th\u00f9ng nitrided ti\u00eau chu\u1ea9n cho nh\u1ef1a th\u00f4ng th\u01b0\u1eddng v\u00e0 th\u00f9ng l\u01b0\u1ee1ng kim cho nh\u1ef1a ch\u1ee9a s\u1ee3i th\u1ee7y tinh, fluoropolyme, nh\u1ef1a ph\u1ee5 gia kh\u00f4ng ch\u1ee9a halogen v\u00e0 polyme c\u00f3 t\u00ednh \u0103n m\u00f2n cao, v.v.<\/p>\n<h3>M\u00c1Y C\u00d3 S\u1eb4N<\/h3>\n<p>HAITIAN, ZHAFIR, YIZUMI, CHENHSONG, TEDERIC, WELLTEC, BOLE, BORCHE, HWAMDA, LK, POWERJET, UWA, SOUND, DKM, HAITAI, HAIDA, HAIXIONG, HAIJING, NPC, TOPSTAR, SUMITOMO, DEMAG, NISSEI, FANUC, TOYO, JSW, TOSHIBA, SODICK, MITSUBISHI, KAWAGUCHI, NIIGATA, MEIKI, ENGEL, ARBURG, KRAUSS MAFFEI, BOY, WITTMANN, BATTENFELD, NETSTAL, HUSKY, VICTOR, FCS, CLF, ASIAN PLASTIC, UNION PLASTIC, KINKI, HUARONG, HWA CHIN, JON WAI, WOOJIN, LG, LS MTRON, MILACRON, WINDSOR, ELECTRONICA, v.v.<\/p>\n<h3>NH\u1ef0A<\/h3>\n<p>PE, PP, PS, PA, PC, ABS, POM, PET, PBT, LCP, PEEK, PTFE, Max 65%GF, Nh\u1ef1a kh\u00f4ng ch\u1ee9a halogen, v.v.<\/p>\n<h3>\u1ee8NG D\u1ee4NG<\/h3>\n<p>H\u1ed9 gia \u0111\u00ecnh, Thi\u1ebft b\u1ecb gia d\u1ee5ng, \u00d4 t\u00f4, Truy\u1ec1n th\u00f4ng, \u0110i\u1ec7n, Thi\u1ebft b\u1ecb y t\u1ebf, X\u00e2y d\u1ef1ng, \u0110\u00f3ng g\u00f3i, N\u00f4ng nghi\u1ec7p, v.v.<\/p>\n<h3>V\u1eacT LI\u1ec6U TH\u00c9P L\u00c0M TH\u00d9NG PHUN<\/h3>\n<table width=\"698\">\n<tbody>\n<tr>\n<td width=\"105\"><b>M\u00e3 v\u1eadt li\u1ec7u<\/b><\/td>\n<td width=\"96\"><b>\u0111\u1ed9 c\u1ee9ng<\/b><\/td>\n<td width=\"146\"><b>S\u1ef1 \u0111\u1ed1i \u0111\u00e3i<\/b><\/td>\n<td width=\"192\"><b>\u1ee8ng d\u1ee5ng<\/b><\/td>\n<\/tr>\n<tr>\n<td width=\"105\"><b>YT-11<\/b><\/td>\n<td width=\"96\">HRC 68~70<\/td>\n<td width=\"146\">Th\u1ea5m nit\u01a1 kh\u00ed<\/td>\n<td width=\"192\">Nh\u1ef1a th\u00f4ng d\u1ee5ng<\/td>\n<\/tr>\n<tr>\n<td width=\"105\"><b>YT-26<\/b><\/td>\n<td width=\"96\">HRC 59~61<\/td>\n<td width=\"146\">\u0110\u00fac ly t\u00e2m<\/td>\n<td width=\"192\">30% GF<\/td>\n<\/tr>\n<tr>\n<td width=\"105\"><b>YT-27<\/b><\/td>\n<td width=\"96\">HRC 60~63<\/td>\n<td width=\"146\">\u0110\u00fac ly t\u00e2m<\/td>\n<td width=\"192\">50% GF<\/td>\n<\/tr>\n<tr>\n<td width=\"105\"><b>YT-28<\/b><\/td>\n<td width=\"96\">HRC 62~65<\/td>\n<td width=\"146\">\u0110\u00fac ly t\u00e2m<\/td>\n<td width=\"192\">65% GF<\/td>\n<\/tr>\n<\/tbody>\n<\/table>\n<p>&nbsp;<\/p>\n","protected":false},"excerpt":{"rendered":"<p>Chi\u1ec1u d\u00e0i t\u1ed1i \u0111a: 9000mm<br \/>\n\u0110\u01b0\u1eddng k\u00ednh tr\u1ee5c v\u00edt: \u03a616 ~ 450 mm<br \/>\n\u0110\u1ed9 s\u00e2u th\u1ea5m nit\u01a1: 0,4 mm ~ 0,7 mm<br \/>\n\u0110\u1ed9 c\u1ee9ng th\u1ea5m nit\u01a1: HRC 68 ~ 70<br \/>\n\u0110\u1ed9 d\u00e0y l\u1edbp h\u1ee3p kim: 1,5 ~ 3,0 mm<br \/>\n\u0110\u1ed9 th\u1eb3ng: 0,015 mm\/m<br \/>\n\u0110\u1ed9 nh\u00e1m: Ra 0,4<br \/>\nD\u1ec5 v\u1ee1: C\u1ea5p 1<br \/>\nB\u1ea3o h\u00e0nh 1 n\u0103m<\/p>\n","protected":false},"featured_media":8,"template":"","meta":{"_uag_custom_page_level_css":"","site-sidebar-layout":"default","site-content-layout":"default","ast-site-content-layout":"default","site-content-style":"default","site-sidebar-style":"default","ast-global-header-display":"","ast-banner-title-visibility":"","ast-main-header-display":"","ast-hfb-above-header-display":"","ast-hfb-below-header-display":"","ast-hfb-mobile-header-display":"","site-post-title":"","ast-breadcrumbs-content":"","ast-featured-img":"","footer-sml-layout":"","theme-transparent-header-meta":"default","adv-header-id-meta":"","stick-header-meta":"","header-above-stick-meta":"","header-main-stick-meta":"","header-below-stick-meta":"","astra-migrate-meta-layouts":"set","ast-page-background-enabled":"default","ast-page-background-meta":{"desktop":{"background-color":"","background-image":"","background-repeat":"repeat","background-position":"center center","background-size":"auto","background-attachment":"scroll","background-type":"","background-media":"","overlay-type":"","overlay-color":"","overlay-opacity":"","overlay-gradient":""},"tablet":{"background-color":"","background-image":"","background-repeat":"repeat","background-position":"center center","background-size":"auto","background-attachment":"scroll","background-type":"","background-media":"","overlay-type":"","overlay-color":"","overlay-opacity":"","overlay-gradient":""},"mobile":{"background-color":"","background-image":"","background-repeat":"repeat","background-position":"center center","background-size":"auto","background-attachment":"scroll","background-type":"","background-media":"","overlay-type":"","overlay-color":"","overlay-opacity":"","overlay-gradient":""}},"ast-content-background-meta":{"desktop":{"background-color":"var(--ast-global-color-5)","background-image":"","background-repeat":"repeat","background-position":"center center","background-size":"auto","background-attachment":"scroll","background-type":"","background-media":"","overlay-type":"","overlay-color":"","overlay-opacity":"","overlay-gradient":""},"tablet":{"background-color":"var(--ast-global-color-5)","background-image":"","background-repeat":"repeat","background-position":"center center","background-size":"auto","background-attachment":"scroll","background-type":"","background-media":"","overlay-type":"","overlay-color":"","overlay-opacity":"","overlay-gradient":""},"mobile":{"background-color":"var(--ast-global-color-5)","background-image":"","background-repeat":"repeat","background-position":"center center","background-size":"auto","background-attachment":"scroll","background-type":"","background-media":"","overlay-type":"","overlay-color":"","overlay-opacity":"","overlay-gradient":""}}},"product_brand":[],"product_cat":[17],"product_tag":[40,84,43,85,91,54],"class_list":{"0":"post-86","1":"product","2":"type-product","3":"status-publish","4":"has-post-thumbnail","6":"product_cat-injection-screw-barrel","7":"product_tag-bimetallic-barrel","8":"product_tag-bimetallic-cylinder","9":"product_tag-bimetallic-screw-barrel","10":"product_tag-bimetallic-screw-cylinder","11":"product_tag-injection-molding","12":"product_tag-screw-cylinder","13":"desktop-align-left","14":"tablet-align-left","15":"mobile-align-left","17":"first","18":"instock","19":"featured","20":"shipping-taxable","21":"product-type-simple"},"uagb_featured_image_src":{"full":["https:\/\/yisent.com\/wp-content\/uploads\/2023\/11\/injection-barrel.jpg",1000,1000,false],"thumbnail":["https:\/\/yisent.com\/wp-content\/uploads\/2023\/11\/injection-barrel-150x150.jpg",150,150,true],"medium":["https:\/\/yisent.com\/wp-content\/uploads\/2023\/11\/injection-barrel-300x300.jpg",300,300,true],"medium_large":["https:\/\/yisent.com\/wp-content\/uploads\/2023\/11\/injection-barrel-768x768.jpg",768,768,true],"large":["https:\/\/yisent.com\/wp-content\/uploads\/2023\/11\/injection-barrel.jpg",1000,1000,false],"1536x1536":["https:\/\/yisent.com\/wp-content\/uploads\/2023\/11\/injection-barrel.jpg",1000,1000,false],"2048x2048":["https:\/\/yisent.com\/wp-content\/uploads\/2023\/11\/injection-barrel.jpg",1000,1000,false],"woocommerce_thumbnail":["https:\/\/yisent.com\/wp-content\/uploads\/2023\/11\/injection-barrel-300x300.jpg",300,300,true],"woocommerce_single":["https:\/\/yisent.com\/wp-content\/uploads\/2023\/11\/injection-barrel-600x600.jpg",600,600,true],"woocommerce_gallery_thumbnail":["https:\/\/yisent.com\/wp-content\/uploads\/2023\/11\/injection-barrel-100x100.jpg",100,100,true]},"uagb_author_info":{"display_name":"admin","author_link":"https:\/\/yisent.com\/vn\/author\/"},"uagb_comment_info":0,"uagb_excerpt":"Chi\u1ec1u d\u00e0i t\u1ed1i \u0111a: 9000mm \u0110\u01b0\u1eddng k\u00ednh tr\u1ee5c v\u00edt: \u03a616 ~ 450 mm \u0110\u1ed9 s\u00e2u th\u1ea5m nit\u01a1: 0,4 mm ~ 0,7 mm \u0110\u1ed9 c\u1ee9ng th\u1ea5m nit\u01a1: HRC 68 ~ 70 \u0110\u1ed9 d\u00e0y l\u1edbp h\u1ee3p kim: 1,5 ~ 3,0 mm \u0110\u1ed9 th\u1eb3ng: 0,015 mm\/m \u0110\u1ed9 nh\u00e1m: Ra 0,4 D\u1ec5 v\u1ee1: C\u1ea5p 1 B\u1ea3o h\u00e0nh 1 n\u0103m","_links":{"self":[{"href":"https:\/\/yisent.com\/vn\/wp-json\/wp\/v2\/product\/86","targetHints":{"allow":["GET"]}}],"collection":[{"href":"https:\/\/yisent.com\/vn\/wp-json\/wp\/v2\/product"}],"about":[{"href":"https:\/\/yisent.com\/vn\/wp-json\/wp\/v2\/types\/product"}],"wp:featuredmedia":[{"embeddable":true,"href":"https:\/\/yisent.com\/vn\/wp-json\/wp\/v2\/media\/8"}],"wp:attachment":[{"href":"https:\/\/yisent.com\/vn\/wp-json\/wp\/v2\/media?parent=86"}],"wp:term":[{"taxonomy":"product_brand","embeddable":true,"href":"https:\/\/yisent.com\/vn\/wp-json\/wp\/v2\/product_brand?post=86"},{"taxonomy":"product_cat","embeddable":true,"href":"https:\/\/yisent.com\/vn\/wp-json\/wp\/v2\/product_cat?post=86"},{"taxonomy":"product_tag","embeddable":true,"href":"https:\/\/yisent.com\/vn\/wp-json\/wp\/v2\/product_tag?post=86"}],"curies":[{"name":"wp","href":"https:\/\/api.w.org\/{rel}","templated":true}]}}