{"id":85,"date":"2019-01-23T13:22:49","date_gmt":"2019-01-23T13:22:49","guid":{"rendered":"https:\/\/yisent.com\/product\/boncellensis-secullant\/"},"modified":"2026-04-17T10:02:37","modified_gmt":"2026-04-17T02:02:37","slug":"single-screw-barrel-for-plastic-extruder","status":"publish","type":"product","link":"https:\/\/yisent.com\/vn\/product\/extruder-screw-barrel\/single-screw-barrel\/single-screw-barrel-for-plastic-extruder\/","title":{"rendered":"Th\u00f9ng tr\u1ee5c v\u00edt \u0111\u01a1n cho m\u00e1y \u0111\u00f9n nh\u1ef1a"},"content":{"rendered":"<h3>GI\u1edaI THI\u1ec6U<\/h3>\n<p>Th\u00f9ng v\u00edt \u0111\u01a1n cho m\u00e1y \u0111\u00f9n nh\u1ef1a \u0111\u01b0\u1ee3c \u1ee9ng d\u1ee5ng r\u1ed9ng r\u00e3i trong s\u1ea3n xu\u1ea5t t\u00fai nh\u1ef1a, \u1ed1ng, m\u00e0ng, d\u00e2y c\u00e1p, t\u1ea5m, h\u1ed3 s\u01a1 v\u00e0 d\u00e2y t\u00f3c, v.v. Ch\u00fang t\u00f4i c\u00f3 chuy\u00ean m\u00f4n trong vi\u1ec7c s\u1ea3n xu\u1ea5t th\u00f9ng v\u00edt \u0111\u01a1n ch\u1ea5t l\u01b0\u1ee3ng cao cho nhi\u1ec1u \u1ee9ng d\u1ee5ng x\u1eed l\u00fd nh\u1ef1a kh\u00e1c nhau.<\/p>\n<h3>M\u00c1Y C\u00d3 S\u1eb4N<\/h3>\n<p>Jwell, Cincinati, Krauss Maffei, Berstorff, Battenfeld, Weber, Toshiba, Milacron, Theysohn, v.v.<\/p>\n<h3>NH\u1ef0A<\/h3>\n<p>PP, HDPE, LDPE, PVC, PC, PA, PEEK, PTFE, PVDF, v.v.<\/p>\n<h3>\u1ee8NG D\u1ee4NG<\/h3>\n<p>T\u00fai nh\u1ef1a, \u1ed1ng, m\u00e0ng, c\u00e1p, t\u1ea5m, h\u1ed3 s\u01a1, d\u00e2y t\u00f3c, v.v.<\/p>\n<table width=\"697\">\n<tbody>\n<tr>\n<td style=\"text-align: center;\" width=\"120\"><b>Ng\u01b0\u1eddi m\u1eabu<\/b><\/td>\n<td style=\"text-align: center;\" width=\"161\"><b>\u0110\u01b0\u1eddng k\u00ednh tr\u1ee5c v\u00edt (mm)<\/b><\/td>\n<td style=\"text-align: center;\" width=\"128\"><b>V\u00edt L\/D<\/b><\/td>\n<td style=\"text-align: center;\" width=\"139\"><b>C\u00f4ng su\u1ea5t \u0111\u1ed9ng c\u01a1 <\/b><b>(<\/b><b>KW<\/b><b>)<\/b><\/td>\n<td style=\"text-align: center;\" width=\"149\"><b>C\u00f4ng su\u1ea5t t\u1ed1i \u0111a (KGS\/h)<\/b><\/td>\n<\/tr>\n<tr>\n<td style=\"text-align: center;\" width=\"120\"><b>SJ45\/30<\/b><\/td>\n<td style=\"text-align: center;\" width=\"161\">45<\/td>\n<td style=\"text-align: center;\" width=\"128\">30<\/td>\n<td style=\"text-align: center;\" width=\"139\">11<\/td>\n<td style=\"text-align: center;\" width=\"149\">30<\/td>\n<\/tr>\n<tr>\n<td style=\"text-align: center;\" width=\"120\"><b>SJ60\/30<\/b><\/td>\n<td style=\"text-align: center;\" width=\"161\">60<\/td>\n<td style=\"text-align: center;\" width=\"128\">30<\/td>\n<td style=\"text-align: center;\" width=\"139\">22<\/td>\n<td style=\"text-align: center;\" width=\"149\">60<\/td>\n<\/tr>\n<tr>\n<td style=\"text-align: center;\" width=\"120\"><b>SJ75\/30<\/b><\/td>\n<td style=\"text-align: center;\" width=\"161\">75<\/td>\n<td style=\"text-align: center;\" width=\"128\">30<\/td>\n<td style=\"text-align: center;\" width=\"139\">45<\/td>\n<td style=\"text-align: center;\" width=\"149\">120<\/td>\n<\/tr>\n<tr>\n<td style=\"text-align: center;\" width=\"120\"><b>SJ90\/30<\/b><\/td>\n<td style=\"text-align: center;\" width=\"161\">90<\/td>\n<td style=\"text-align: center;\" width=\"128\">30<\/td>\n<td style=\"text-align: center;\" width=\"139\">55<\/td>\n<td style=\"text-align: center;\" width=\"149\">140<\/td>\n<\/tr>\n<tr>\n<td style=\"text-align: center;\" width=\"120\"><b>SJ120\/30<\/b><\/td>\n<td style=\"text-align: center;\" width=\"161\">120<\/td>\n<td style=\"text-align: center;\" width=\"128\">30<\/td>\n<td style=\"text-align: center;\" width=\"139\">90<\/td>\n<td style=\"text-align: center;\" width=\"149\">240<\/td>\n<\/tr>\n<tr>\n<td style=\"text-align: center;\" width=\"120\"><b>SJ150\/30<\/b><\/td>\n<td style=\"text-align: center;\" width=\"161\">150<\/td>\n<td style=\"text-align: center;\" width=\"128\">30<\/td>\n<td style=\"text-align: center;\" width=\"139\">132<\/td>\n<td style=\"text-align: center;\" width=\"149\">350<\/td>\n<\/tr>\n<tr>\n<td style=\"text-align: center;\" width=\"120\"><b>SJ45\/35<\/b><\/td>\n<td style=\"text-align: center;\" width=\"161\">45<\/td>\n<td style=\"text-align: center;\" width=\"128\">35<\/td>\n<td style=\"text-align: center;\" width=\"139\">45<\/td>\n<td style=\"text-align: center;\" width=\"149\">150<\/td>\n<\/tr>\n<tr>\n<td style=\"text-align: center;\" width=\"120\"><b>SJ60\/35<\/b><\/td>\n<td style=\"text-align: center;\" width=\"161\">60<\/td>\n<td style=\"text-align: center;\" width=\"128\">35<\/td>\n<td style=\"text-align: center;\" width=\"139\">90<\/td>\n<td style=\"text-align: center;\" width=\"149\">300<\/td>\n<\/tr>\n<tr>\n<td style=\"text-align: center;\" width=\"120\"><b>SJ75\/35<\/b><\/td>\n<td style=\"text-align: center;\" width=\"161\">75<\/td>\n<td style=\"text-align: center;\" width=\"128\">35<\/td>\n<td style=\"text-align: center;\" width=\"139\">132<\/td>\n<td style=\"text-align: center;\" width=\"149\">500<\/td>\n<\/tr>\n<tr>\n<td style=\"text-align: center;\" width=\"120\"><b>SJ90\/35<\/b><\/td>\n<td style=\"text-align: center;\" width=\"161\">90<\/td>\n<td style=\"text-align: center;\" width=\"128\">35<\/td>\n<td style=\"text-align: center;\" width=\"139\">200<\/td>\n<td style=\"text-align: center;\" width=\"149\">700<\/td>\n<\/tr>\n<tr>\n<td style=\"text-align: center;\" width=\"120\"><b>SJ120\/35<\/b><\/td>\n<td style=\"text-align: center;\" width=\"161\">120<\/td>\n<td style=\"text-align: center;\" width=\"128\">35<\/td>\n<td style=\"text-align: center;\" width=\"139\">315<\/td>\n<td style=\"text-align: center;\" width=\"149\">1200<\/td>\n<\/tr>\n<tr>\n<td style=\"text-align: center;\" width=\"120\"><b>SJ150\/35<\/b><\/td>\n<td style=\"text-align: center;\" width=\"161\">150<\/td>\n<td style=\"text-align: center;\" width=\"128\">35<\/td>\n<td style=\"text-align: center;\" width=\"139\">425<\/td>\n<td style=\"text-align: center;\" width=\"149\">1800<\/td>\n<\/tr>\n<\/tbody>\n<\/table>\n","protected":false},"excerpt":{"rendered":"<p>Chi\u1ec1u d\u00e0i t\u1ed1i \u0111a: 12000mm<br \/>\n\u0110\u01b0\u1eddng k\u00ednh tr\u1ee5c v\u00edt: \u03a615 ~ 500 mm<br \/>\nTr\u1ee5c v\u00edt L\/D: 12 ~ 55<br \/>\n\u0110\u1ed9 s\u00e2u th\u1ea5m nit\u01a1: 0,4 mm ~ 0,7 mm<br \/>\n\u0110\u1ed9 c\u1ee9ng th\u1ea5m nit\u01a1: HRC 68 ~ 70<br \/>\n\u0110\u1ed9 d\u00e0y l\u1edbp h\u1ee3p kim: 1,5 ~ 3,0mm<br \/>\n\u0110\u1ed9 c\u1ee9ng h\u1ee3p kim: HRC 58 ~ 60<br \/>\n\u0110\u1ed9 th\u1eb3ng: 0,015 mm\/m<br \/>\n\u0110\u1ed9 nh\u00e1m: Ra 0,4<br \/>\nD\u1ec5 v\u1ee1: C\u1ea5p 1<br \/>\nB\u1ea3o h\u00e0nh 1 n\u0103m<\/p>\n","protected":false},"featured_media":14,"template":"","meta":{"_uag_custom_page_level_css":"","site-sidebar-layout":"default","site-content-layout":"default","ast-site-content-layout":"default","site-content-style":"default","site-sidebar-style":"default","ast-global-header-display":"","ast-banner-title-visibility":"","ast-main-header-display":"","ast-hfb-above-header-display":"","ast-hfb-below-header-display":"","ast-hfb-mobile-header-display":"","site-post-title":"","ast-breadcrumbs-content":"","ast-featured-img":"","footer-sml-layout":"","theme-transparent-header-meta":"default","adv-header-id-meta":"","stick-header-meta":"","header-above-stick-meta":"","header-main-stick-meta":"","header-below-stick-meta":"","astra-migrate-meta-layouts":"set","ast-page-background-enabled":"default","ast-page-background-meta":{"desktop":{"background-color":"","background-image":"","background-repeat":"repeat","background-position":"center center","background-size":"auto","background-attachment":"scroll","background-type":"","background-media":"","overlay-type":"","overlay-color":"","overlay-opacity":"","overlay-gradient":""},"tablet":{"background-color":"","background-image":"","background-repeat":"repeat","background-position":"center center","background-size":"auto","background-attachment":"scroll","background-type":"","background-media":"","overlay-type":"","overlay-color":"","overlay-opacity":"","overlay-gradient":""},"mobile":{"background-color":"","background-image":"","background-repeat":"repeat","background-position":"center center","background-size":"auto","background-attachment":"scroll","background-type":"","background-media":"","overlay-type":"","overlay-color":"","overlay-opacity":"","overlay-gradient":""}},"ast-content-background-meta":{"desktop":{"background-color":"var(--ast-global-color-5)","background-image":"","background-repeat":"repeat","background-position":"center center","background-size":"auto","background-attachment":"scroll","background-type":"","background-media":"","overlay-type":"","overlay-color":"","overlay-opacity":"","overlay-gradient":""},"tablet":{"background-color":"var(--ast-global-color-5)","background-image":"","background-repeat":"repeat","background-position":"center center","background-size":"auto","background-attachment":"scroll","background-type":"","background-media":"","overlay-type":"","overlay-color":"","overlay-opacity":"","overlay-gradient":""},"mobile":{"background-color":"var(--ast-global-color-5)","background-image":"","background-repeat":"repeat","background-position":"center center","background-size":"auto","background-attachment":"scroll","background-type":"","background-media":"","overlay-type":"","overlay-color":"","overlay-opacity":"","overlay-gradient":""}}},"product_brand":[],"product_cat":[21],"product_tag":[43,42,94,44],"class_list":{"0":"post-85","1":"product","2":"type-product","3":"status-publish","4":"has-post-thumbnail","6":"product_cat-single-screw-barrel","7":"product_tag-bimetallic-screw-barrel","8":"product_tag-nitrided-screw-barrel","9":"product_tag-plastic-extruder","10":"product_tag-single-screw-barrel","11":"desktop-align-left","12":"tablet-align-left","13":"mobile-align-left","15":"first","16":"instock","17":"shipping-taxable","18":"product-type-simple"},"uagb_featured_image_src":{"full":["https:\/\/yisent.com\/wp-content\/uploads\/2023\/11\/extruder-single-screw-barrel.jpg",1000,1000,false],"thumbnail":["https:\/\/yisent.com\/wp-content\/uploads\/2023\/11\/extruder-single-screw-barrel-150x150.jpg",150,150,true],"medium":["https:\/\/yisent.com\/wp-content\/uploads\/2023\/11\/extruder-single-screw-barrel-300x300.jpg",300,300,true],"medium_large":["https:\/\/yisent.com\/wp-content\/uploads\/2023\/11\/extruder-single-screw-barrel-768x768.jpg",768,768,true],"large":["https:\/\/yisent.com\/wp-content\/uploads\/2023\/11\/extruder-single-screw-barrel.jpg",1000,1000,false],"1536x1536":["https:\/\/yisent.com\/wp-content\/uploads\/2023\/11\/extruder-single-screw-barrel.jpg",1000,1000,false],"2048x2048":["https:\/\/yisent.com\/wp-content\/uploads\/2023\/11\/extruder-single-screw-barrel.jpg",1000,1000,false],"woocommerce_thumbnail":["https:\/\/yisent.com\/wp-content\/uploads\/2023\/11\/extruder-single-screw-barrel-300x300.jpg",300,300,true],"woocommerce_single":["https:\/\/yisent.com\/wp-content\/uploads\/2023\/11\/extruder-single-screw-barrel-600x600.jpg",600,600,true],"woocommerce_gallery_thumbnail":["https:\/\/yisent.com\/wp-content\/uploads\/2023\/11\/extruder-single-screw-barrel-100x100.jpg",100,100,true]},"uagb_author_info":{"display_name":"admin","author_link":"https:\/\/yisent.com\/vn\/author\/"},"uagb_comment_info":0,"uagb_excerpt":"Chi\u1ec1u d\u00e0i t\u1ed1i \u0111a: 12000mm \u0110\u01b0\u1eddng k\u00ednh tr\u1ee5c v\u00edt: \u03a615 ~ 500 mm Tr\u1ee5c v\u00edt L\/D: 12 ~ 55 \u0110\u1ed9 s\u00e2u th\u1ea5m nit\u01a1: 0,4 mm ~ 0,7 mm \u0110\u1ed9 c\u1ee9ng th\u1ea5m nit\u01a1: HRC 68 ~ 70 \u0110\u1ed9 d\u00e0y l\u1edbp h\u1ee3p kim: 1,5 ~ 3,0mm \u0110\u1ed9 c\u1ee9ng h\u1ee3p kim: HRC 58 ~ 60 \u0110\u1ed9 th\u1eb3ng: 0,015&hellip;","_links":{"self":[{"href":"https:\/\/yisent.com\/vn\/wp-json\/wp\/v2\/product\/85","targetHints":{"allow":["GET"]}}],"collection":[{"href":"https:\/\/yisent.com\/vn\/wp-json\/wp\/v2\/product"}],"about":[{"href":"https:\/\/yisent.com\/vn\/wp-json\/wp\/v2\/types\/product"}],"wp:featuredmedia":[{"embeddable":true,"href":"https:\/\/yisent.com\/vn\/wp-json\/wp\/v2\/media\/14"}],"wp:attachment":[{"href":"https:\/\/yisent.com\/vn\/wp-json\/wp\/v2\/media?parent=85"}],"wp:term":[{"taxonomy":"product_brand","embeddable":true,"href":"https:\/\/yisent.com\/vn\/wp-json\/wp\/v2\/product_brand?post=85"},{"taxonomy":"product_cat","embeddable":true,"href":"https:\/\/yisent.com\/vn\/wp-json\/wp\/v2\/product_cat?post=85"},{"taxonomy":"product_tag","embeddable":true,"href":"https:\/\/yisent.com\/vn\/wp-json\/wp\/v2\/product_tag?post=85"}],"curies":[{"name":"wp","href":"https:\/\/api.w.org\/{rel}","templated":true}]}}