{"id":84,"date":"2019-01-23T13:20:21","date_gmt":"2019-01-23T13:20:21","guid":{"rendered":"https:\/\/yisent.com\/product\/green-soil-lotus\/"},"modified":"2025-04-05T12:59:25","modified_gmt":"2025-04-05T04:59:25","slug":"conical-twin-screw-barrel-for-pvc-plastic-extruder","status":"publish","type":"product","link":"https:\/\/yisent.com\/vn\/product\/extruder-screw-barrel\/twin-screw-barrel\/conical-twin-screw-barrel-for-pvc-plastic-extruder\/","title":{"rendered":"N\u00f2ng tr\u1ee5c v\u00edt \u0111\u00f4i h\u00ecnh n\u00f3n cho m\u00e1y \u0111\u00f9n nh\u1ef1a PVC"},"content":{"rendered":"<h3>GI\u1edaI THI\u1ec6U<\/h3>\n<p>Th\u00f9ng v\u00edt \u0111\u00f4i h\u00ecnh n\u00f3n ch\u1ee7 y\u1ebfu \u0111\u01b0\u1ee3c \u1ee9ng d\u1ee5ng trong \u0111\u01b0\u1eddng \u1ed1ng, v\u00e1n v\u00e0 h\u1ed3 s\u01a1, ch\u1eb3ng h\u1ea1n nh\u01b0 \u1ed1ng PVC, s\u00e0n WPC, s\u00e0n SPC. Th\u00f9ng v\u00edt h\u00ecnh n\u00f3n l\u01b0\u1ee1ng kim c\u1ee7a ch\u00fang t\u00f4i \u0111\u01b0\u1ee3c s\u1eed d\u1ee5ng r\u1ed9ng r\u00e3i trong x\u1eed l\u00fd polyme PVC c\u00f3 t\u1ef7 l\u1ec7 canxi cacbonat cao.<\/p>\n<h3>M\u00c1Y C\u00d3 S\u1eb4N<\/h3>\n<p>Jwell, Cincinati, Krauss Maffei, Berstorff, Battenfeld, Weber, Toshiba, Milacron, Theysohn, v.v.<\/p>\n<h3>NH\u1ef0A<\/h3>\n<p>PVC, WPC, SPC<\/p>\n<h3>\u1ee8NG D\u1ee4NG<\/h3>\n<p>\u1ed0ng, Phim, T\u1ea5m, H\u1ed3 s\u01a1, B\u1ea3ng, v.v.<\/p>\n<h3>M\u00f4 h\u00ecnh th\u00f9ng tr\u1ee5c v\u00edt \u0111\u00f4i h\u00ecnh n\u00f3n<\/h3>\n<table width=\"698\">\n<tbody>\n<tr>\n<td width=\"138\"><b>Ng\u01b0\u1eddi m\u1eabu<\/b><\/td>\n<td width=\"179\"><b>C\u00f4ng su\u1ea5t \u0111\u1ed9ng c\u01a1 (KW)<\/b><\/td>\n<td width=\"174\"><b>T\u1ed1c \u0111\u1ed9 tr\u1ee5c v\u00edt (RPM)<\/b><\/td>\n<td width=\"207\"><b>C\u00f4ng su\u1ea5t t\u1ed1i \u0111a (KGS\/h)<\/b><\/td>\n<\/tr>\n<tr>\n<td width=\"138\"><b>45\/90<\/b><\/td>\n<td width=\"179\">15<\/td>\n<td width=\"174\">~ 45<\/td>\n<td width=\"207\">50 ~ 80<\/td>\n<\/tr>\n<tr>\n<td width=\"138\"><b>45\/100<\/b><\/td>\n<td width=\"179\">15<\/td>\n<td width=\"174\">~ 45<\/td>\n<td width=\"207\">60 ~ 90<\/td>\n<\/tr>\n<tr>\n<td width=\"138\"><b>50\/105<\/b><\/td>\n<td width=\"179\">18.5<\/td>\n<td width=\"174\">~ 45<\/td>\n<td width=\"207\">70 ~ 100<\/td>\n<\/tr>\n<tr>\n<td width=\"138\"><b>51\/105<\/b><\/td>\n<td width=\"179\">18.5<\/td>\n<td width=\"174\">~ 40<\/td>\n<td width=\"207\">100 ~ 150<\/td>\n<\/tr>\n<tr>\n<td width=\"138\"><b>55\/110<\/b><\/td>\n<td width=\"179\">22<\/td>\n<td width=\"174\">~ 40<\/td>\n<td width=\"207\">120 ~ 180<\/td>\n<\/tr>\n<tr>\n<td width=\"138\"><b>55\/120<\/b><\/td>\n<td width=\"179\">22<\/td>\n<td width=\"174\">~ 40<\/td>\n<td width=\"207\">130 ~ 180<\/td>\n<\/tr>\n<tr>\n<td width=\"138\"><b>60\/125<\/b><\/td>\n<td width=\"179\">25<\/td>\n<td width=\"174\">~ 40<\/td>\n<td width=\"207\">150 ~ 200<\/td>\n<\/tr>\n<tr>\n<td width=\"138\"><b>65\/132<\/b><\/td>\n<td width=\"179\">30<\/td>\n<td width=\"174\">~ 40<\/td>\n<td width=\"207\">200 ~ 300<\/td>\n<\/tr>\n<tr>\n<td width=\"138\"><b>68\/146<\/b><\/td>\n<td width=\"179\">37<\/td>\n<td width=\"174\">~ 40<\/td>\n<td width=\"207\">220 ~ 300<\/td>\n<\/tr>\n<tr>\n<td width=\"138\"><b>80\/143<\/b><\/td>\n<td width=\"179\">55<\/td>\n<td width=\"174\">~ 35<\/td>\n<td width=\"207\">350 ~ 450<\/td>\n<\/tr>\n<tr>\n<td width=\"138\"><b>80\/156<\/b><\/td>\n<td width=\"179\">55<\/td>\n<td width=\"174\">~ 35<\/td>\n<td width=\"207\">350 ~ 450<\/td>\n<\/tr>\n<tr>\n<td width=\"138\"><b>92\/188<\/b><\/td>\n<td width=\"179\">110<\/td>\n<td width=\"174\">~ 35<\/td>\n<td width=\"207\">650 ~ 900<\/td>\n<\/tr>\n<tr>\n<td width=\"138\"><b>110\/220<\/b><\/td>\n<td width=\"179\">160<\/td>\n<td width=\"174\">~ 35<\/td>\n<td width=\"207\">950 ~ 1400<\/td>\n<\/tr>\n<\/tbody>\n<\/table>\n<p>&nbsp;<\/p>\n","protected":false},"excerpt":{"rendered":"<p>Chi\u1ec1u d\u00e0i t\u1ed1i \u0111a: 9000mm<br \/>\n\u0110\u01b0\u1eddng k\u00ednh tr\u1ee5c v\u00edt: \u03a645 ~ 450 mm<br \/>\n\u0110\u1ed9 s\u00e2u th\u1ea5m nit\u01a1: 0,4 mm ~ 0,7 mm<br \/>\n\u0110\u1ed9 c\u1ee9ng th\u1ea5m nit\u01a1: HRC 68 ~ 70<br \/>\n\u0110\u1ed9 d\u00e0y l\u1edbp h\u1ee3p kim: 1,5 ~ 3,0 mm<br \/>\n\u0110\u1ed9 c\u1ee9ng h\u1ee3p kim: HRC 58 ~ 60<br \/>\n\u0110\u1ed9 th\u1eb3ng: 0,015 mm\/m<br \/>\n\u0110\u1ed9 nh\u00e1m: Ra 0,4<br \/>\nD\u1ec5 v\u1ee1: C\u1ea5p 1<br \/>\nB\u1ea3o h\u00e0nh 1 n\u0103m<\/p>\n","protected":false},"featured_media":13,"template":"","meta":{"_uag_custom_page_level_css":"","site-sidebar-layout":"default","site-content-layout":"default","ast-site-content-layout":"default","site-content-style":"default","site-sidebar-style":"default","ast-global-header-display":"","ast-banner-title-visibility":"","ast-main-header-display":"","ast-hfb-above-header-display":"","ast-hfb-below-header-display":"","ast-hfb-mobile-header-display":"","site-post-title":"","ast-breadcrumbs-content":"","ast-featured-img":"","footer-sml-layout":"","theme-transparent-header-meta":"default","adv-header-id-meta":"","stick-header-meta":"","header-above-stick-meta":"","header-main-stick-meta":"","header-below-stick-meta":"","astra-migrate-meta-layouts":"set","ast-page-background-enabled":"default","ast-page-background-meta":{"desktop":{"background-color":"","background-image":"","background-repeat":"repeat","background-position":"center center","background-size":"auto","background-attachment":"scroll","background-type":"","background-media":"","overlay-type":"","overlay-color":"","overlay-opacity":"","overlay-gradient":""},"tablet":{"background-color":"","background-image":"","background-repeat":"repeat","background-position":"center center","background-size":"auto","background-attachment":"scroll","background-type":"","background-media":"","overlay-type":"","overlay-color":"","overlay-opacity":"","overlay-gradient":""},"mobile":{"background-color":"","background-image":"","background-repeat":"repeat","background-position":"center center","background-size":"auto","background-attachment":"scroll","background-type":"","background-media":"","overlay-type":"","overlay-color":"","overlay-opacity":"","overlay-gradient":""}},"ast-content-background-meta":{"desktop":{"background-color":"var(--ast-global-color-5)","background-image":"","background-repeat":"repeat","background-position":"center center","background-size":"auto","background-attachment":"scroll","background-type":"","background-media":"","overlay-type":"","overlay-color":"","overlay-opacity":"","overlay-gradient":""},"tablet":{"background-color":"var(--ast-global-color-5)","background-image":"","background-repeat":"repeat","background-position":"center center","background-size":"auto","background-attachment":"scroll","background-type":"","background-media":"","overlay-type":"","overlay-color":"","overlay-opacity":"","overlay-gradient":""},"mobile":{"background-color":"var(--ast-global-color-5)","background-image":"","background-repeat":"repeat","background-position":"center center","background-size":"auto","background-attachment":"scroll","background-type":"","background-media":"","overlay-type":"","overlay-color":"","overlay-opacity":"","overlay-gradient":""}}},"product_brand":[],"product_cat":[22],"product_tag":[45,94,88,87,46],"class_list":{"0":"post-84","1":"product","2":"type-product","3":"status-publish","4":"has-post-thumbnail","6":"product_cat-twin-screw-barrel","7":"product_tag-conical-screw-barrel","8":"product_tag-plastic-extruder","9":"product_tag-pvc-pipes","10":"product_tag-pvc-plastic-extruder","11":"product_tag-twin-screw-barrel","12":"desktop-align-left","13":"tablet-align-left","14":"mobile-align-left","16":"first","17":"instock","18":"featured","19":"shipping-taxable","20":"product-type-simple"},"uagb_featured_image_src":{"full":["https:\/\/yisent.com\/wp-content\/uploads\/2023\/11\/conical-twin-screw-barrel.jpg",1000,1000,false],"thumbnail":["https:\/\/yisent.com\/wp-content\/uploads\/2023\/11\/conical-twin-screw-barrel-150x150.jpg",150,150,true],"medium":["https:\/\/yisent.com\/wp-content\/uploads\/2023\/11\/conical-twin-screw-barrel-300x300.jpg",300,300,true],"medium_large":["https:\/\/yisent.com\/wp-content\/uploads\/2023\/11\/conical-twin-screw-barrel-768x768.jpg",768,768,true],"large":["https:\/\/yisent.com\/wp-content\/uploads\/2023\/11\/conical-twin-screw-barrel.jpg",1000,1000,false],"1536x1536":["https:\/\/yisent.com\/wp-content\/uploads\/2023\/11\/conical-twin-screw-barrel.jpg",1000,1000,false],"2048x2048":["https:\/\/yisent.com\/wp-content\/uploads\/2023\/11\/conical-twin-screw-barrel.jpg",1000,1000,false],"woocommerce_thumbnail":["https:\/\/yisent.com\/wp-content\/uploads\/2023\/11\/conical-twin-screw-barrel-300x300.jpg",300,300,true],"woocommerce_single":["https:\/\/yisent.com\/wp-content\/uploads\/2023\/11\/conical-twin-screw-barrel-600x600.jpg",600,600,true],"woocommerce_gallery_thumbnail":["https:\/\/yisent.com\/wp-content\/uploads\/2023\/11\/conical-twin-screw-barrel-100x100.jpg",100,100,true]},"uagb_author_info":{"display_name":"admin","author_link":"https:\/\/yisent.com\/vn\/author\/"},"uagb_comment_info":0,"uagb_excerpt":"Chi\u1ec1u d\u00e0i t\u1ed1i \u0111a: 9000mm \u0110\u01b0\u1eddng k\u00ednh tr\u1ee5c v\u00edt: \u03a645 ~ 450 mm \u0110\u1ed9 s\u00e2u th\u1ea5m nit\u01a1: 0,4 mm ~ 0,7 mm \u0110\u1ed9 c\u1ee9ng th\u1ea5m nit\u01a1: HRC 68 ~ 70 \u0110\u1ed9 d\u00e0y l\u1edbp h\u1ee3p kim: 1,5 ~ 3,0 mm \u0110\u1ed9 c\u1ee9ng h\u1ee3p kim: HRC 58 ~ 60 \u0110\u1ed9 th\u1eb3ng: 0,015 mm\/m \u0110\u1ed9 nh\u00e1m: Ra 0,4&hellip;","_links":{"self":[{"href":"https:\/\/yisent.com\/vn\/wp-json\/wp\/v2\/product\/84","targetHints":{"allow":["GET"]}}],"collection":[{"href":"https:\/\/yisent.com\/vn\/wp-json\/wp\/v2\/product"}],"about":[{"href":"https:\/\/yisent.com\/vn\/wp-json\/wp\/v2\/types\/product"}],"wp:featuredmedia":[{"embeddable":true,"href":"https:\/\/yisent.com\/vn\/wp-json\/wp\/v2\/media\/13"}],"wp:attachment":[{"href":"https:\/\/yisent.com\/vn\/wp-json\/wp\/v2\/media?parent=84"}],"wp:term":[{"taxonomy":"product_brand","embeddable":true,"href":"https:\/\/yisent.com\/vn\/wp-json\/wp\/v2\/product_brand?post=84"},{"taxonomy":"product_cat","embeddable":true,"href":"https:\/\/yisent.com\/vn\/wp-json\/wp\/v2\/product_cat?post=84"},{"taxonomy":"product_tag","embeddable":true,"href":"https:\/\/yisent.com\/vn\/wp-json\/wp\/v2\/product_tag?post=84"}],"curies":[{"name":"wp","href":"https:\/\/api.w.org\/{rel}","templated":true}]}}