{"id":83,"date":"2019-01-23T13:18:02","date_gmt":"2019-01-23T13:18:02","guid":{"rendered":"https:\/\/yisent.com\/product\/piorro-quisquam\/"},"modified":"2025-04-05T13:00:14","modified_gmt":"2025-04-05T05:00:14","slug":"parallel-twin-screw-barrel-for-plastic-extruder","status":"publish","type":"product","link":"https:\/\/yisent.com\/vn\/product\/extruder-screw-barrel\/twin-screw-barrel\/parallel-twin-screw-barrel-for-plastic-extruder\/","title":{"rendered":"Tr\u1ee5c v\u00edt \u0111\u00f4i song song cho m\u00e1y \u0111\u00f9n nh\u1ef1a"},"content":{"rendered":"<h3>GI\u1edaI THI\u1ec6U<\/h3>\n<p>Th\u00f9ng v\u00edt \u0111\u00f4i song song ch\u1ee7 y\u1ebfu \u0111\u01b0\u1ee3c s\u1eed d\u1ee5ng trong c\u00e1c l\u00f4 t\u1ed5ng h\u1ee3p, \u1ed1ng, t\u1ea5m v\u00e0 h\u1ed3 s\u01a1. M\u00e1y \u0111\u00f9n tr\u1ee5c v\u00edt \u0111\u00f4i song song c\u00f3 c\u00f4ng su\u1ea5t \u0111\u1ea7u ra l\u1edbn h\u01a1n so v\u1edbi m\u00e1y \u0111\u00f9n tr\u1ee5c v\u00edt \u0111\u01a1n c\u00f3 c\u00f9ng \u0111\u01b0\u1eddng k\u00ednh tr\u1ee5c v\u00edt.<\/p>\n<h3>M\u00c1Y C\u00d3 S\u1eb4N<\/h3>\n<p>Jwell, Cincinati, Krauss Maffei, Berstorff, Battenfeld, Weber, Toshiba, Milacron, Theysohn, v.v.<\/p>\n<h3>\u1ee8NG D\u1ee4NG<\/h3>\n<p>H\u1ee3p ch\u1ea5t c\u00e1c l\u00f4 ch\u00ednh, \u1ed1ng, m\u00e0ng, t\u1ea5m, h\u1ed3 s\u01a1, v.v.<\/p>\n<h3>M\u00d4 H\u00ccNH TH\u00d9NG V\u00cdT SONG SONG<\/h3>\n<table width=\"697\">\n<tbody>\n<tr>\n<td width=\"105\"><b>Ng\u01b0\u1eddi m\u1eabu<\/b><\/td>\n<td width=\"112\"><b>\u0110\u01b0\u1eddng k\u00ednh tr\u1ee5c v\u00edt (mm)<\/b><\/td>\n<td width=\"111\"><b>V\u00edt L\/D<\/b><\/td>\n<td width=\"114\"><b>C\u00f4ng su\u1ea5t \u0111\u1ed9ng c\u01a1 (KW)<\/b><\/td>\n<td width=\"126\"><b>C\u00f4ng su\u1ea5t t\u1ed1i \u0111a (KGS\/h)<\/b><\/td>\n<td width=\"129\"><b>\u1ee8ng d\u1ee5ng<\/b><\/td>\n<\/tr>\n<tr>\n<td width=\"105\"><b>SJP75\/28<\/b><\/td>\n<td width=\"112\">75<\/td>\n<td width=\"111\">28<\/td>\n<td width=\"114\">45<\/td>\n<td width=\"126\">350<\/td>\n<td width=\"129\">\u1ed0ng<\/td>\n<\/tr>\n<tr>\n<td width=\"105\"><b>SJP92\/31<\/b><\/td>\n<td width=\"112\">92<\/td>\n<td width=\"111\">31<\/td>\n<td width=\"114\">75<\/td>\n<td width=\"126\">450<\/td>\n<td width=\"129\">\u1ed0ng<\/td>\n<\/tr>\n<tr>\n<td width=\"105\"><b>SJP110\/31<\/b><\/td>\n<td width=\"112\">110<\/td>\n<td width=\"111\">31<\/td>\n<td width=\"114\">110<\/td>\n<td width=\"126\">650<\/td>\n<td width=\"129\">\u1ed0ng<\/td>\n<\/tr>\n<tr>\n<td width=\"105\"><b>SJP120\/31<\/b><\/td>\n<td width=\"112\">120<\/td>\n<td width=\"111\">31<\/td>\n<td width=\"114\">132<\/td>\n<td width=\"126\">850<\/td>\n<td width=\"129\">\u1ed0ng<\/td>\n<\/tr>\n<tr>\n<td width=\"105\"><b>SJP135\/31<\/b><\/td>\n<td width=\"112\">135<\/td>\n<td width=\"111\">31<\/td>\n<td width=\"114\">160<\/td>\n<td width=\"126\">1100<\/td>\n<td width=\"129\">\u1ed0ng<\/td>\n<\/tr>\n<tr>\n<td width=\"105\"><b>SJP93\/28<\/b><\/td>\n<td width=\"112\">93<\/td>\n<td width=\"111\">28<\/td>\n<td width=\"114\">55<\/td>\n<td width=\"126\">380<\/td>\n<td width=\"129\">H\u1ed3 s\u01a1<\/td>\n<\/tr>\n<tr>\n<td width=\"105\"><b>SJP110\/28<\/b><\/td>\n<td width=\"112\">110<\/td>\n<td width=\"111\">28<\/td>\n<td width=\"114\">75<\/td>\n<td width=\"126\">450<\/td>\n<td width=\"129\">H\u1ed3 s\u01a1<\/td>\n<\/tr>\n<tr>\n<td width=\"105\"><b>SJP120\/26<\/b><\/td>\n<td width=\"112\">120<\/td>\n<td width=\"111\">26<\/td>\n<td width=\"114\">110<\/td>\n<td width=\"126\">550<\/td>\n<td width=\"129\">H\u1ed3 s\u01a1<\/td>\n<\/tr>\n<tr>\n<td width=\"105\"><b>SJP130\/26<\/b><\/td>\n<td width=\"112\">130<\/td>\n<td width=\"111\">26<\/td>\n<td width=\"114\">132<\/td>\n<td width=\"126\">650<\/td>\n<td width=\"129\">H\u1ed3 s\u01a1<\/td>\n<\/tr>\n<tr>\n<td width=\"105\"><b>SJP90\/23<\/b><\/td>\n<td width=\"112\">90<\/td>\n<td width=\"111\">23<\/td>\n<td width=\"114\">37<\/td>\n<td width=\"126\">300<\/td>\n<td width=\"129\">Trang t\u00ednh<\/td>\n<\/tr>\n<tr>\n<td width=\"105\"><b>SJP105\/23<\/b><\/td>\n<td width=\"112\">105<\/td>\n<td width=\"111\">23<\/td>\n<td width=\"114\">55<\/td>\n<td width=\"126\">400<\/td>\n<td width=\"129\">Trang t\u00ednh<\/td>\n<\/tr>\n<tr>\n<td width=\"105\"><b>SJP113\/23<\/b><\/td>\n<td width=\"112\">113<\/td>\n<td width=\"111\">23<\/td>\n<td width=\"114\">75<\/td>\n<td width=\"126\">500<\/td>\n<td width=\"129\">Trang t\u00ednh<\/td>\n<\/tr>\n<tr>\n<td width=\"105\"><b>SJP120\/23<\/b><\/td>\n<td width=\"112\">120<\/td>\n<td width=\"111\">23<\/td>\n<td width=\"114\">90<\/td>\n<td width=\"126\">600<\/td>\n<td width=\"129\">Trang t\u00ednh<\/td>\n<\/tr>\n<tr>\n<td width=\"105\"><b>SJP130\/23<\/b><\/td>\n<td width=\"112\">130<\/td>\n<td width=\"111\">23<\/td>\n<td width=\"114\">132<\/td>\n<td width=\"126\">800<\/td>\n<td width=\"129\">Trang t\u00ednh<\/td>\n<\/tr>\n<\/tbody>\n<\/table>\n","protected":false},"excerpt":{"rendered":"<p>Chi\u1ec1u d\u00e0i t\u1ed1i \u0111a: 9000mm<br \/>\n\u0110\u01b0\u1eddng k\u00ednh v\u00edt: \u03a645 ~ 200 mm<br \/>\nTr\u1ee5c v\u00edt L\/D: 16 ~ 35<br \/>\n\u0110\u1ed9 s\u00e2u th\u1ea5m nit\u01a1: 0,4 mm ~ 0,7 mm<br \/>\n\u0110\u1ed9 c\u1ee9ng th\u1ea5m nit\u01a1: HRC 68 ~ 70<br \/>\n\u0110\u1ed9 d\u00e0y l\u1edbp h\u1ee3p kim: 1,5 ~ 3,0mm<br \/>\n\u0110\u1ed9 c\u1ee9ng h\u1ee3p kim: HRC 58 ~ 60<br \/>\n\u0110\u1ed9 th\u1eb3ng: 0,015 mm\/m<br \/>\n\u0110\u1ed9 nh\u00e1m: Ra 0,4<br \/>\nD\u1ec5 v\u1ee1: C\u1ea5p 1<br \/>\nB\u1ea3o h\u00e0nh 1 n\u0103m<\/p>\n","protected":false},"featured_media":12,"template":"","meta":{"_uag_custom_page_level_css":"","site-sidebar-layout":"default","site-content-layout":"default","ast-site-content-layout":"default","site-content-style":"default","site-sidebar-style":"default","ast-global-header-display":"","ast-banner-title-visibility":"","ast-main-header-display":"","ast-hfb-above-header-display":"","ast-hfb-below-header-display":"","ast-hfb-mobile-header-display":"","site-post-title":"","ast-breadcrumbs-content":"","ast-featured-img":"","footer-sml-layout":"","theme-transparent-header-meta":"default","adv-header-id-meta":"","stick-header-meta":"","header-above-stick-meta":"","header-main-stick-meta":"","header-below-stick-meta":"","astra-migrate-meta-layouts":"set","ast-page-background-enabled":"default","ast-page-background-meta":{"desktop":{"background-color":"","background-image":"","background-repeat":"repeat","background-position":"center center","background-size":"auto","background-attachment":"scroll","background-type":"","background-media":"","overlay-type":"","overlay-color":"","overlay-opacity":"","overlay-gradient":""},"tablet":{"background-color":"","background-image":"","background-repeat":"repeat","background-position":"center center","background-size":"auto","background-attachment":"scroll","background-type":"","background-media":"","overlay-type":"","overlay-color":"","overlay-opacity":"","overlay-gradient":""},"mobile":{"background-color":"","background-image":"","background-repeat":"repeat","background-position":"center center","background-size":"auto","background-attachment":"scroll","background-type":"","background-media":"","overlay-type":"","overlay-color":"","overlay-opacity":"","overlay-gradient":""}},"ast-content-background-meta":{"desktop":{"background-color":"var(--ast-global-color-5)","background-image":"","background-repeat":"repeat","background-position":"center center","background-size":"auto","background-attachment":"scroll","background-type":"","background-media":"","overlay-type":"","overlay-color":"","overlay-opacity":"","overlay-gradient":""},"tablet":{"background-color":"var(--ast-global-color-5)","background-image":"","background-repeat":"repeat","background-position":"center center","background-size":"auto","background-attachment":"scroll","background-type":"","background-media":"","overlay-type":"","overlay-color":"","overlay-opacity":"","overlay-gradient":""},"mobile":{"background-color":"var(--ast-global-color-5)","background-image":"","background-repeat":"repeat","background-position":"center center","background-size":"auto","background-attachment":"scroll","background-type":"","background-media":"","overlay-type":"","overlay-color":"","overlay-opacity":"","overlay-gradient":""}}},"product_brand":[],"product_cat":[22],"product_tag":[94,46],"class_list":{"0":"post-83","1":"product","2":"type-product","3":"status-publish","4":"has-post-thumbnail","6":"product_cat-twin-screw-barrel","7":"product_tag-plastic-extruder","8":"product_tag-twin-screw-barrel","9":"desktop-align-left","10":"tablet-align-left","11":"mobile-align-left","13":"first","14":"instock","15":"featured","16":"shipping-taxable","17":"product-type-simple"},"uagb_featured_image_src":{"full":["https:\/\/yisent.com\/wp-content\/uploads\/2023\/11\/parallel-twin-screw-barrel.jpg",1000,1000,false],"thumbnail":["https:\/\/yisent.com\/wp-content\/uploads\/2023\/11\/parallel-twin-screw-barrel-150x150.jpg",150,150,true],"medium":["https:\/\/yisent.com\/wp-content\/uploads\/2023\/11\/parallel-twin-screw-barrel-300x300.jpg",300,300,true],"medium_large":["https:\/\/yisent.com\/wp-content\/uploads\/2023\/11\/parallel-twin-screw-barrel-768x768.jpg",768,768,true],"large":["https:\/\/yisent.com\/wp-content\/uploads\/2023\/11\/parallel-twin-screw-barrel.jpg",1000,1000,false],"1536x1536":["https:\/\/yisent.com\/wp-content\/uploads\/2023\/11\/parallel-twin-screw-barrel.jpg",1000,1000,false],"2048x2048":["https:\/\/yisent.com\/wp-content\/uploads\/2023\/11\/parallel-twin-screw-barrel.jpg",1000,1000,false],"woocommerce_thumbnail":["https:\/\/yisent.com\/wp-content\/uploads\/2023\/11\/parallel-twin-screw-barrel-300x300.jpg",300,300,true],"woocommerce_single":["https:\/\/yisent.com\/wp-content\/uploads\/2023\/11\/parallel-twin-screw-barrel-600x600.jpg",600,600,true],"woocommerce_gallery_thumbnail":["https:\/\/yisent.com\/wp-content\/uploads\/2023\/11\/parallel-twin-screw-barrel-100x100.jpg",100,100,true]},"uagb_author_info":{"display_name":"admin","author_link":"https:\/\/yisent.com\/vn\/author\/"},"uagb_comment_info":0,"uagb_excerpt":"Chi\u1ec1u d\u00e0i t\u1ed1i \u0111a: 9000mm \u0110\u01b0\u1eddng k\u00ednh v\u00edt: \u03a645 ~ 200 mm Tr\u1ee5c v\u00edt L\/D: 16 ~ 35 \u0110\u1ed9 s\u00e2u th\u1ea5m nit\u01a1: 0,4 mm ~ 0,7 mm \u0110\u1ed9 c\u1ee9ng th\u1ea5m nit\u01a1: HRC 68 ~ 70 \u0110\u1ed9 d\u00e0y l\u1edbp h\u1ee3p kim: 1,5 ~ 3,0mm \u0110\u1ed9 c\u1ee9ng h\u1ee3p kim: HRC 58 ~ 60 \u0110\u1ed9 th\u1eb3ng: 0,015 mm\/m&hellip;","_links":{"self":[{"href":"https:\/\/yisent.com\/vn\/wp-json\/wp\/v2\/product\/83","targetHints":{"allow":["GET"]}}],"collection":[{"href":"https:\/\/yisent.com\/vn\/wp-json\/wp\/v2\/product"}],"about":[{"href":"https:\/\/yisent.com\/vn\/wp-json\/wp\/v2\/types\/product"}],"wp:featuredmedia":[{"embeddable":true,"href":"https:\/\/yisent.com\/vn\/wp-json\/wp\/v2\/media\/12"}],"wp:attachment":[{"href":"https:\/\/yisent.com\/vn\/wp-json\/wp\/v2\/media?parent=83"}],"wp:term":[{"taxonomy":"product_brand","embeddable":true,"href":"https:\/\/yisent.com\/vn\/wp-json\/wp\/v2\/product_brand?post=83"},{"taxonomy":"product_cat","embeddable":true,"href":"https:\/\/yisent.com\/vn\/wp-json\/wp\/v2\/product_cat?post=83"},{"taxonomy":"product_tag","embeddable":true,"href":"https:\/\/yisent.com\/vn\/wp-json\/wp\/v2\/product_tag?post=83"}],"curies":[{"name":"wp","href":"https:\/\/api.w.org\/{rel}","templated":true}]}}