{"id":82,"date":"2019-01-23T12:23:25","date_gmt":"2019-01-23T12:23:25","guid":{"rendered":"https:\/\/yisent.com\/product\/rattle-snake-tail\/"},"modified":"2025-04-05T13:13:28","modified_gmt":"2025-04-05T05:13:28","slug":"segment-screw-element-for-plastic-extruder","status":"publish","type":"product","link":"https:\/\/yisent.com\/vn\/product\/extruder-screw-barrel\/twin-screw-barrel\/segment-screw-element-for-plastic-extruder\/","title":{"rendered":"Ph\u1ea7n t\u1eed tr\u1ee5c v\u00edt ph\u00e2n \u0111o\u1ea1n cho m\u00e1y \u0111\u00f9n nh\u1ef1a"},"content":{"rendered":"<h3>GI\u1edaI THI\u1ec6U<\/h3>\n<p>V\u00edt ph\u00e2n \u0111o\u1ea1n \u0111\u01b0\u1ee3c s\u1eed d\u1ee5ng r\u1ed9ng r\u00e3i trong c\u00e1c m\u00e1y \u0111\u00f9n nh\u1ef1a c\u00f4ng su\u1ea5t cao, ch\u1ee7 y\u1ebfu \u0111\u01b0\u1ee3c \u00e1p d\u1ee5ng trong s\u1ea3n xu\u1ea5t h\u1ed7n h\u1ee3p m\u1ebb, m\u00e0ng v\u00e0 t\u1ea5m.<\/p>\n<p>C\u00e1c lo\u1ea1i v\u00edt ph\u00e2n \u0111o\u1ea1n<\/p>\n<ol>\n<li>C\u00e1c b\u1ed9 ph\u1eadn tr\u1ee5c v\u00edt truy\u1ec1n t\u1ea3i<\/li>\n<li>kh\u1ed1i nh\u00e0o<\/li>\n<li>Tr\u1ed9n c\u00e1c ph\u1ea7n t\u1eed tr\u1ee5c v\u00edt<\/li>\n<li>C\u00e1c ph\u1ea7n t\u1eed tr\u1ee5c v\u00edt chuy\u1ec3n ti\u1ebfp<\/li>\n<li>C\u00e1c b\u1ed9 ph\u1eadn tr\u1ee5c v\u00edt n\u00e9n<\/li>\n<\/ol>\n<h3>M\u00c1Y C\u00d3 S\u1eb4N<\/h3>\n<p>Coperion, Leistritz, Kobe, Toshiba, JSW, Krauss Maffei, Berstorff, Battenfeld, Weber, Theysohn, v.v.<\/p>\n<h3>\u1ee8NG D\u1ee4NG<\/h3>\n<p>H\u1ee3p ch\u1ea5t h\u00e0ng lo\u1ea1t ch\u00ednh, \u1ed1ng, m\u00e0ng, t\u1ea5m, h\u1ed3 s\u01a1, v.v.<\/p>\n<table width=\"698\">\n<tbody>\n<tr>\n<td width=\"121\"><b>V\u1eadt li\u1ec7u<\/b><\/td>\n<td align=\"center\" width=\"129\"><b>\u0111\u1ed9 c\u1ee9ng<\/b><\/td>\n<td align=\"center\" width=\"142\"><b>S\u1ef1 \u0111\u1ed1i \u0111\u00e3i<\/b><\/td>\n<td align=\"center\" width=\"175\"><b>\u1ee8ng d\u1ee5ng<\/b><\/td>\n<\/tr>\n<tr>\n<td width=\"121\"><strong>Cr26<\/strong><\/td>\n<td align=\"center\" width=\"129\">HRC 58 ~ 62<\/td>\n<td align=\"center\" width=\"142\">PTA<\/td>\n<td align=\"center\" width=\"175\">30%GF<\/td>\n<\/tr>\n<tr>\n<td width=\"121\"><strong>Ni60<\/strong><\/td>\n<td align=\"center\" width=\"129\">HRC 58 ~ 62<\/td>\n<td align=\"center\" width=\"142\">PTA<\/td>\n<td align=\"center\" width=\"175\">40%GF<\/td>\n<\/tr>\n<tr>\n<td width=\"121\"><strong>Cr12MoV<\/strong><\/td>\n<td align=\"center\" width=\"129\">HRC 58 ~ 60<\/td>\n<td align=\"center\" width=\"142\">Vacuum Quenching<\/td>\n<td align=\"center\" width=\"175\">20%GF<\/td>\n<\/tr>\n<tr>\n<td width=\"121\"><b>M2<\/b><\/td>\n<td align=\"center\" width=\"129\">HRC 61 ~ 63<\/td>\n<td align=\"center\" width=\"142\">L\u00e0m ngu\u1ed9i ch\u00e2n kh\u00f4ng<\/td>\n<td align=\"center\" width=\"175\">30%GF<\/td>\n<\/tr>\n<tr>\n<td width=\"121\"><b>M3<\/b><\/td>\n<td align=\"center\" width=\"129\">HRC 65 ~ 67<\/td>\n<td align=\"center\" width=\"142\">L\u00e0m ngu\u1ed9i ch\u00e2n kh\u00f4ng<\/td>\n<td align=\"center\" width=\"175\">50%GF<\/td>\n<\/tr>\n<tr>\n<td width=\"121\"><strong>WR5<\/strong><\/td>\n<td align=\"center\" width=\"129\">HRC 63 ~ 65<\/td>\n<td align=\"center\" width=\"142\">HIP<\/td>\n<td align=\"center\" width=\"175\">50%GF<\/td>\n<\/tr>\n<tr>\n<td width=\"121\"><b>WR14<\/b><\/td>\n<td align=\"center\" width=\"129\">HRC 64 ~ 66<\/td>\n<td align=\"center\" width=\"142\">HIP<\/td>\n<td align=\"center\" width=\"175\">\u0102n m\u00f2n cao<\/td>\n<\/tr>\n<tr>\n<td width=\"121\"><b>WR13<\/b><\/td>\n<td align=\"center\" width=\"129\">HRC 64 ~ 66<\/td>\n<td align=\"center\" width=\"142\">HIP<\/td>\n<td align=\"center\" width=\"175\">\u0102n m\u00f2n cao<\/td>\n<\/tr>\n<tr>\n<td width=\"121\"><b>TiN Coating<\/b><\/td>\n<td align=\"center\" width=\"129\">HRC 56 ~ 60<\/td>\n<td align=\"center\" width=\"142\">PVD<\/td>\n<td align=\"center\" width=\"175\">\u0110\u1ed9 m\u00e0i m\u00f2n v\u00e0 \u0103n m\u00f2n cao<\/td>\n<\/tr>\n<tr>\n<td width=\"121\"><b>CrN Coating<\/b><\/td>\n<td align=\"center\" width=\"129\">HRC 58 ~ 62<\/td>\n<td align=\"center\" width=\"142\">PVD<\/td>\n<td align=\"center\" width=\"175\">\u0110\u1ed9 m\u00e0i m\u00f2n v\u00e0 \u0103n m\u00f2n cao<\/td>\n<\/tr>\n<tr>\n<td width=\"121\"><b>TiAlN Coating<\/b><\/td>\n<td align=\"center\" width=\"129\">HRC 64 ~ 66<\/td>\n<td align=\"center\" width=\"142\">PVD<\/td>\n<td align=\"center\" width=\"175\">\u0110\u1ed9 m\u00e0i m\u00f2n v\u00e0 \u0103n m\u00f2n cao<\/td>\n<\/tr>\n<tr>\n<td width=\"121\"><b>9Cr18MoV<\/b><\/td>\n<td align=\"center\" width=\"129\">HRC 58 ~ 62<\/td>\n<td align=\"center\" width=\"142\">L\u00e0m ngu\u1ed9i ch\u00e2n kh\u00f4ng<\/td>\n<td align=\"center\" width=\"175\">\u0110\u1ed9 m\u00e0i m\u00f2n v\u00e0 \u0103n m\u00f2n cao<\/td>\n<\/tr>\n<tr>\n<td width=\"121\"><b>SUS 316L<\/b><\/td>\n<td align=\"center\" width=\"129\">HRC 45 ~ 50<\/td>\n<td align=\"center\" width=\"142\">L\u00e0m ngu\u1ed9i<\/td>\n<td align=\"center\" width=\"175\">\u0102n m\u00f2n cao<\/td>\n<\/tr>\n<tr>\n<td width=\"121\"><b>C276<\/b><\/td>\n<td align=\"center\" width=\"129\">HRC 60 ~ 65<\/td>\n<td align=\"center\" width=\"142\">L\u00e0m ngu\u1ed9i<\/td>\n<td align=\"center\" width=\"175\">\u0102n m\u00f2n c\u1ef1c \u0111\u1ed9<\/td>\n<\/tr>\n<\/tbody>\n<\/table>\n","protected":false},"excerpt":{"rendered":"<p>\u0110\u01b0\u1eddng k\u00ednh tr\u1ee5c v\u00edt: \u03a612 ~ 350 mm<br \/>\nTr\u1ee5c v\u00edt L\/D: 12 ~ 55<br \/>\nV\u1eadt li\u1ec7u th\u00e9p: Th\u00e9p c\u00f4ng c\u1ee5, Th\u00e9p PM, Th\u00e9p kh\u00f4ng g\u1ec9, v.v.<br \/>\n\u0110\u1ed9 c\u1ee9ng: HRC 45 ~ 67<br \/>\n\u0110\u1ed9 th\u1eb3ng: 0,015 mm\/m<br \/>\n\u0110\u1ed9 nh\u00e1m: Ra 0,4<br \/>\nD\u1ec5 v\u1ee1: C\u1ea5p 1<br \/>\nB\u1ea3o h\u00e0nh 1 n\u0103m<\/p>\n","protected":false},"featured_media":652,"template":"","meta":{"_uag_custom_page_level_css":"","site-sidebar-layout":"default","site-content-layout":"default","ast-site-content-layout":"default","site-content-style":"default","site-sidebar-style":"default","ast-global-header-display":"","ast-banner-title-visibility":"","ast-main-header-display":"","ast-hfb-above-header-display":"","ast-hfb-below-header-display":"","ast-hfb-mobile-header-display":"","site-post-title":"","ast-breadcrumbs-content":"","ast-featured-img":"","footer-sml-layout":"","theme-transparent-header-meta":"default","adv-header-id-meta":"","stick-header-meta":"","header-above-stick-meta":"","header-main-stick-meta":"","header-below-stick-meta":"","astra-migrate-meta-layouts":"set","ast-page-background-enabled":"default","ast-page-background-meta":{"desktop":{"background-color":"","background-image":"","background-repeat":"repeat","background-position":"center center","background-size":"auto","background-attachment":"scroll","background-type":"","background-media":"","overlay-type":"","overlay-color":"","overlay-opacity":"","overlay-gradient":""},"tablet":{"background-color":"","background-image":"","background-repeat":"repeat","background-position":"center center","background-size":"auto","background-attachment":"scroll","background-type":"","background-media":"","overlay-type":"","overlay-color":"","overlay-opacity":"","overlay-gradient":""},"mobile":{"background-color":"","background-image":"","background-repeat":"repeat","background-position":"center center","background-size":"auto","background-attachment":"scroll","background-type":"","background-media":"","overlay-type":"","overlay-color":"","overlay-opacity":"","overlay-gradient":""}},"ast-content-background-meta":{"desktop":{"background-color":"var(--ast-global-color-5)","background-image":"","background-repeat":"repeat","background-position":"center center","background-size":"auto","background-attachment":"scroll","background-type":"","background-media":"","overlay-type":"","overlay-color":"","overlay-opacity":"","overlay-gradient":""},"tablet":{"background-color":"var(--ast-global-color-5)","background-image":"","background-repeat":"repeat","background-position":"center center","background-size":"auto","background-attachment":"scroll","background-type":"","background-media":"","overlay-type":"","overlay-color":"","overlay-opacity":"","overlay-gradient":""},"mobile":{"background-color":"var(--ast-global-color-5)","background-image":"","background-repeat":"repeat","background-position":"center center","background-size":"auto","background-attachment":"scroll","background-type":"","background-media":"","overlay-type":"","overlay-color":"","overlay-opacity":"","overlay-gradient":""}}},"product_brand":[],"product_cat":[22],"product_tag":[94,73,74,72],"class_list":{"0":"post-82","1":"product","2":"type-product","3":"status-publish","4":"has-post-thumbnail","6":"product_cat-twin-screw-barrel","7":"product_tag-plastic-extruder","8":"product_tag-screw-element","9":"product_tag-segment-screw-barrel","10":"product_tag-segment-screw","11":"desktop-align-left","12":"tablet-align-left","13":"mobile-align-left","15":"first","16":"instock","17":"featured","18":"shipping-taxable","19":"product-type-simple"},"uagb_featured_image_src":{"full":["https:\/\/yisent.com\/wp-content\/uploads\/2023\/12\/segment-screw.jpg",1000,1000,false],"thumbnail":["https:\/\/yisent.com\/wp-content\/uploads\/2023\/12\/segment-screw-150x150.jpg",150,150,true],"medium":["https:\/\/yisent.com\/wp-content\/uploads\/2023\/12\/segment-screw-300x300.jpg",300,300,true],"medium_large":["https:\/\/yisent.com\/wp-content\/uploads\/2023\/12\/segment-screw-768x768.jpg",768,768,true],"large":["https:\/\/yisent.com\/wp-content\/uploads\/2023\/12\/segment-screw.jpg",1000,1000,false],"1536x1536":["https:\/\/yisent.com\/wp-content\/uploads\/2023\/12\/segment-screw.jpg",1000,1000,false],"2048x2048":["https:\/\/yisent.com\/wp-content\/uploads\/2023\/12\/segment-screw.jpg",1000,1000,false],"woocommerce_thumbnail":["https:\/\/yisent.com\/wp-content\/uploads\/2023\/12\/segment-screw-300x300.jpg",300,300,true],"woocommerce_single":["https:\/\/yisent.com\/wp-content\/uploads\/2023\/12\/segment-screw-600x600.jpg",600,600,true],"woocommerce_gallery_thumbnail":["https:\/\/yisent.com\/wp-content\/uploads\/2023\/12\/segment-screw-100x100.jpg",100,100,true]},"uagb_author_info":{"display_name":"admin","author_link":"https:\/\/yisent.com\/vn\/author\/"},"uagb_comment_info":0,"uagb_excerpt":"\u0110\u01b0\u1eddng k\u00ednh tr\u1ee5c v\u00edt: \u03a612 ~ 350 mm Tr\u1ee5c v\u00edt L\/D: 12 ~ 55 V\u1eadt li\u1ec7u th\u00e9p: Th\u00e9p c\u00f4ng c\u1ee5, Th\u00e9p PM, Th\u00e9p kh\u00f4ng g\u1ec9, v.v. \u0110\u1ed9 c\u1ee9ng: HRC 45 ~ 67 \u0110\u1ed9 th\u1eb3ng: 0,015 mm\/m \u0110\u1ed9 nh\u00e1m: Ra 0,4 D\u1ec5 v\u1ee1: C\u1ea5p 1 B\u1ea3o h\u00e0nh 1 n\u0103m","_links":{"self":[{"href":"https:\/\/yisent.com\/vn\/wp-json\/wp\/v2\/product\/82","targetHints":{"allow":["GET"]}}],"collection":[{"href":"https:\/\/yisent.com\/vn\/wp-json\/wp\/v2\/product"}],"about":[{"href":"https:\/\/yisent.com\/vn\/wp-json\/wp\/v2\/types\/product"}],"wp:featuredmedia":[{"embeddable":true,"href":"https:\/\/yisent.com\/vn\/wp-json\/wp\/v2\/media\/652"}],"wp:attachment":[{"href":"https:\/\/yisent.com\/vn\/wp-json\/wp\/v2\/media?parent=82"}],"wp:term":[{"taxonomy":"product_brand","embeddable":true,"href":"https:\/\/yisent.com\/vn\/wp-json\/wp\/v2\/product_brand?post=82"},{"taxonomy":"product_cat","embeddable":true,"href":"https:\/\/yisent.com\/vn\/wp-json\/wp\/v2\/product_cat?post=82"},{"taxonomy":"product_tag","embeddable":true,"href":"https:\/\/yisent.com\/vn\/wp-json\/wp\/v2\/product_tag?post=82"}],"curies":[{"name":"wp","href":"https:\/\/api.w.org\/{rel}","templated":true}]}}