{"id":80,"date":"2019-01-23T12:20:04","date_gmt":"2019-01-23T12:20:04","guid":{"rendered":"https:\/\/yisent.com\/product\/star-cactus\/"},"modified":"2025-04-05T13:24:53","modified_gmt":"2025-04-05T05:24:53","slug":"screw-shaft-for-plastic-extruder","status":"publish","type":"product","link":"https:\/\/yisent.com\/vn\/product\/extruder-screw-barrel\/twin-screw-barrel\/screw-shaft-for-plastic-extruder\/","title":{"rendered":"Tr\u1ee5c v\u00edt cho m\u00e1y \u0111\u00f9n nh\u1ef1a"},"content":{"rendered":"<h3>GI\u1edaI THI\u1ec6U<\/h3>\n<p>Tr\u1ee5c v\u00edt ch\u1ee7 y\u1ebfu \u0111\u01b0\u1ee3c s\u1eed d\u1ee5ng \u0111\u1ec3 l\u1eafp r\u00e1p c\u00e1c v\u00edt ph\u00e2n \u0111o\u1ea1n l\u1ea1i v\u1edbi nhau \u0111\u1ec3 t\u1ea1o th\u00e0nh v\u00edt. N\u00f3 c\u00f3 \u0111\u1ed9 b\u1ec1n k\u00e9o cao v\u1edbi \u0111\u1ed9 d\u1ebbo dai t\u1ed1t, \u0111\u1ed9 \u1ed5n \u0111\u1ecbnh nhi\u1ec7t cao v\u00e0 kh\u1ea3 n\u0103ng ch\u1ed1ng s\u1ed1c nhi\u1ec7t cao, cho ph\u00e9p n\u00f3 ch\u1ecbu \u0111\u01b0\u1ee3c m\u00f4-men xo\u1eafn cao.<\/p>\n<h3>M\u00c1Y C\u00d3 S\u1eb4N<\/h3>\n<p>Coperion, Leistritz, Kobe, Toshiba, JSW, Krauss Maffei, Berstorff, Battenfeld, Weber, Theysohn, v.v.<\/p>\n<h3>\u1ee8NG D\u1ee4NG<\/h3>\n<p>H\u1ee3p ch\u1ea5t h\u00e0ng lo\u1ea1t ch\u00ednh, \u1ed1ng, m\u00e0ng, t\u1ea5m, h\u1ed3 s\u01a1, v.v.<\/p>\n<table width=\"698\">\n<tbody>\n<tr>\n<td width=\"121\"><b>V\u1eadt li\u1ec7u<\/b><\/td>\n<td align=\"center\" width=\"129\"><b>\u0111\u1ed9 c\u1ee9ng<\/b><\/td>\n<td align=\"center\" width=\"142\"><b>S\u1ef1 \u0111\u1ed1i \u0111\u00e3i<\/b><\/td>\n<td align=\"center\" width=\"175\"><b>Qu\u00e1 tr\u00ecnh<\/b><\/td>\n<\/tr>\n<tr>\n<td width=\"121\"><b>40CrNiMoA<\/b><\/td>\n<td align=\"center\" width=\"129\">HRC 28 ~ 36<\/td>\n<td align=\"center\" width=\"142\">L\u00e0m ngu\u1ed9i<\/td>\n<td align=\"center\" width=\"175\">C\u00e1n ngu\u1ed9i<\/td>\n<\/tr>\n<tr>\n<td width=\"121\"><b>40Cr<\/b><\/td>\n<td align=\"center\" width=\"129\">HRC 32 ~ 36<\/td>\n<td align=\"center\" width=\"142\">L\u00e0m ngu\u1ed9i<\/td>\n<td align=\"center\" width=\"175\">C\u00e1n ngu\u1ed9i<\/td>\n<\/tr>\n<tr>\n<td width=\"121\"><b>42CrMo<\/b><\/td>\n<td align=\"center\" width=\"129\">HRC 30 ~ 36<\/td>\n<td align=\"center\" width=\"142\">L\u00e0m ngu\u1ed9i<\/td>\n<td align=\"center\" width=\"175\">C\u00e1n ngu\u1ed9i<\/td>\n<\/tr>\n<tr>\n<td width=\"121\"><b>WR15E<\/b><\/td>\n<td align=\"center\" width=\"129\">HRC 38 ~ 42<\/td>\n<td align=\"center\" width=\"142\">L\u00e0m ngu\u1ed9i<\/td>\n<td align=\"center\" width=\"175\">C\u00e1n ngu\u1ed9i<\/td>\n<\/tr>\n<tr>\n<td width=\"121\"><b>WR30<\/b><\/td>\n<td align=\"center\" width=\"129\">HRC 38 ~ 42<\/td>\n<td align=\"center\" width=\"142\">L\u00e0m ngu\u1ed9i<\/td>\n<td align=\"center\" width=\"175\">C\u00e1n ngu\u1ed9i<\/td>\n<\/tr>\n<\/tbody>\n<\/table>\n","protected":false},"excerpt":{"rendered":"<p>Chi\u1ec1u d\u00e0i t\u1ed1i \u0111a: 15000 mm<br \/>\n\u0110\u01b0\u1eddng k\u00ednh ngo\u00e0i: \u03a610 ~ 120 mm<br \/>\nLo\u1ea1i Spline: DIN5480, JIS-B-1603, GB3478 li\u00ean quan \u0111\u1ebfn spline, Flat Keyway, v.v.<br \/>\n\u0110\u1ed9 th\u1eb3ng: 0,015 mm\/m<br \/>\n\u0110\u1ed9 nh\u00e1m: Ra 0,4<br \/>\nD\u1ec5 v\u1ee1: C\u1ea5p 1<br \/>\nB\u1ea3o h\u00e0nh 1 n\u0103m<\/p>\n","protected":false},"featured_media":651,"template":"","meta":{"_uag_custom_page_level_css":"","site-sidebar-layout":"default","site-content-layout":"default","ast-site-content-layout":"default","site-content-style":"default","site-sidebar-style":"default","ast-global-header-display":"","ast-banner-title-visibility":"","ast-main-header-display":"","ast-hfb-above-header-display":"","ast-hfb-below-header-display":"","ast-hfb-mobile-header-display":"","site-post-title":"","ast-breadcrumbs-content":"","ast-featured-img":"","footer-sml-layout":"","theme-transparent-header-meta":"default","adv-header-id-meta":"","stick-header-meta":"","header-above-stick-meta":"","header-main-stick-meta":"","header-below-stick-meta":"","astra-migrate-meta-layouts":"set","ast-page-background-enabled":"default","ast-page-background-meta":{"desktop":{"background-color":"","background-image":"","background-repeat":"repeat","background-position":"center center","background-size":"auto","background-attachment":"scroll","background-type":"","background-media":"","overlay-type":"","overlay-color":"","overlay-opacity":"","overlay-gradient":""},"tablet":{"background-color":"","background-image":"","background-repeat":"repeat","background-position":"center center","background-size":"auto","background-attachment":"scroll","background-type":"","background-media":"","overlay-type":"","overlay-color":"","overlay-opacity":"","overlay-gradient":""},"mobile":{"background-color":"","background-image":"","background-repeat":"repeat","background-position":"center center","background-size":"auto","background-attachment":"scroll","background-type":"","background-media":"","overlay-type":"","overlay-color":"","overlay-opacity":"","overlay-gradient":""}},"ast-content-background-meta":{"desktop":{"background-color":"var(--ast-global-color-5)","background-image":"","background-repeat":"repeat","background-position":"center center","background-size":"auto","background-attachment":"scroll","background-type":"","background-media":"","overlay-type":"","overlay-color":"","overlay-opacity":"","overlay-gradient":""},"tablet":{"background-color":"var(--ast-global-color-5)","background-image":"","background-repeat":"repeat","background-position":"center center","background-size":"auto","background-attachment":"scroll","background-type":"","background-media":"","overlay-type":"","overlay-color":"","overlay-opacity":"","overlay-gradient":""},"mobile":{"background-color":"var(--ast-global-color-5)","background-image":"","background-repeat":"repeat","background-position":"center center","background-size":"auto","background-attachment":"scroll","background-type":"","background-media":"","overlay-type":"","overlay-color":"","overlay-opacity":"","overlay-gradient":""}}},"product_brand":[],"product_cat":[22],"product_tag":[94,76,77],"class_list":{"0":"post-80","1":"product","2":"type-product","3":"status-publish","4":"has-post-thumbnail","6":"product_cat-twin-screw-barrel","7":"product_tag-plastic-extruder","8":"product_tag-screw-shaft","9":"product_tag-segment-screw-shaft","10":"desktop-align-left","11":"tablet-align-left","12":"mobile-align-left","14":"first","15":"instock","16":"shipping-taxable","17":"product-type-simple"},"uagb_featured_image_src":{"full":["https:\/\/yisent.com\/wp-content\/uploads\/2023\/12\/screw-shaft.jpg",1000,1000,false],"thumbnail":["https:\/\/yisent.com\/wp-content\/uploads\/2023\/12\/screw-shaft-150x150.jpg",150,150,true],"medium":["https:\/\/yisent.com\/wp-content\/uploads\/2023\/12\/screw-shaft-300x300.jpg",300,300,true],"medium_large":["https:\/\/yisent.com\/wp-content\/uploads\/2023\/12\/screw-shaft-768x768.jpg",768,768,true],"large":["https:\/\/yisent.com\/wp-content\/uploads\/2023\/12\/screw-shaft.jpg",1000,1000,false],"1536x1536":["https:\/\/yisent.com\/wp-content\/uploads\/2023\/12\/screw-shaft.jpg",1000,1000,false],"2048x2048":["https:\/\/yisent.com\/wp-content\/uploads\/2023\/12\/screw-shaft.jpg",1000,1000,false],"woocommerce_thumbnail":["https:\/\/yisent.com\/wp-content\/uploads\/2023\/12\/screw-shaft-300x300.jpg",300,300,true],"woocommerce_single":["https:\/\/yisent.com\/wp-content\/uploads\/2023\/12\/screw-shaft-600x600.jpg",600,600,true],"woocommerce_gallery_thumbnail":["https:\/\/yisent.com\/wp-content\/uploads\/2023\/12\/screw-shaft-100x100.jpg",100,100,true]},"uagb_author_info":{"display_name":"admin","author_link":"https:\/\/yisent.com\/vn\/author\/"},"uagb_comment_info":0,"uagb_excerpt":"Chi\u1ec1u d\u00e0i t\u1ed1i \u0111a: 15000 mm \u0110\u01b0\u1eddng k\u00ednh ngo\u00e0i: \u03a610 ~ 120 mm Lo\u1ea1i Spline: DIN5480, JIS-B-1603, GB3478 li\u00ean quan \u0111\u1ebfn spline, Flat Keyway, v.v. \u0110\u1ed9 th\u1eb3ng: 0,015 mm\/m \u0110\u1ed9 nh\u00e1m: Ra 0,4 D\u1ec5 v\u1ee1: C\u1ea5p 1 B\u1ea3o h\u00e0nh 1 n\u0103m","_links":{"self":[{"href":"https:\/\/yisent.com\/vn\/wp-json\/wp\/v2\/product\/80","targetHints":{"allow":["GET"]}}],"collection":[{"href":"https:\/\/yisent.com\/vn\/wp-json\/wp\/v2\/product"}],"about":[{"href":"https:\/\/yisent.com\/vn\/wp-json\/wp\/v2\/types\/product"}],"wp:featuredmedia":[{"embeddable":true,"href":"https:\/\/yisent.com\/vn\/wp-json\/wp\/v2\/media\/651"}],"wp:attachment":[{"href":"https:\/\/yisent.com\/vn\/wp-json\/wp\/v2\/media?parent=80"}],"wp:term":[{"taxonomy":"product_brand","embeddable":true,"href":"https:\/\/yisent.com\/vn\/wp-json\/wp\/v2\/product_brand?post=80"},{"taxonomy":"product_cat","embeddable":true,"href":"https:\/\/yisent.com\/vn\/wp-json\/wp\/v2\/product_cat?post=80"},{"taxonomy":"product_tag","embeddable":true,"href":"https:\/\/yisent.com\/vn\/wp-json\/wp\/v2\/product_tag?post=80"}],"curies":[{"name":"wp","href":"https:\/\/api.w.org\/{rel}","templated":true}]}}