{"id":1008,"date":"2025-03-14T11:51:46","date_gmt":"2025-03-14T03:51:46","guid":{"rendered":"https:\/\/yisent.com\/?post_type=product&#038;p=1008"},"modified":"2026-04-17T10:02:46","modified_gmt":"2026-04-17T02:02:46","slug":"zlyj-series-gear-box-for-plastic-extruder","status":"publish","type":"product","link":"https:\/\/yisent.com\/vn\/product\/extruder-screw-barrel\/single-screw-barrel\/zlyj-series-gear-box-for-plastic-extruder\/","title":{"rendered":"H\u1ed9p s\u1ed1 ZLYJ Series cho m\u00e1y \u0111\u00f9n nh\u1ef1a"},"content":{"rendered":"<p>H\u1ed9p s\u1ed1 d\u00f2ng ZLYJ \u0111\u01b0\u1ee3c s\u1eed d\u1ee5ng r\u1ed9ng r\u00e3i trong m\u00e1y \u0111\u00f9n nh\u1ef1a v\u00e0 c\u00e1c m\u00e1y kh\u00e1c c\u1ea7n ch\u1ecbu l\u1ef1c \u0111\u1ea9y tr\u1ee5c l\u1edbn c\u1ee7a tr\u1ee5c \u0111\u1ea7u ra.<\/p>\n<p><strong>T\u00ednh n\u0103ng:<\/strong><\/p>\n<p>1. B\u00e1nh r\u0103ng v\u00e0 tr\u1ee5c \u0111\u01b0\u1ee3c l\u00e0m b\u1eb1ng th\u00e9p h\u1ee3p kim c\u01b0\u1eddng \u0111\u1ed9 cao \u0111\u01b0\u1ee3c th\u1ea5m cacbon, t\u00f4i v\u00e0 m\u00e0i \u0111\u1ec3 \u0111\u1ea1t \u0111\u01b0\u1ee3c \u0111\u1ed9 ch\u00ednh x\u00e1c v\u00e0 \u0111\u1ed9 c\u1ee9ng cao.<\/p>\n<p>2. Gh\u1ebf \u0111\u1ea9y c\u00f3 kh\u1ea3 n\u0103ng ch\u1ecbu t\u1ea3i cao v\u00e0 \u1ed5 tr\u1ee5c \u0111\u01b0\u1ee3c thi\u1ebft k\u1ebf \u0111\u1ec3 ho\u1ea1t \u0111\u1ed9ng li\u00ean t\u1ee5c trong h\u01a1n 3 n\u0103m.<\/p>\n<p>3. H\u1ed9p s\u1ed1 bao g\u1ed3m h\u1ec7 th\u1ed1ng b\u00f4i tr\u01a1n v\u00e0 l\u00e0m m\u00e1t b\u1eaft bu\u1ed9c ngo\u1ea1i tr\u1eeb c\u00e1c m\u1eabu nh\u1ecf.<\/p>\n<p>4. Ch\u1ebf \u0111\u1ed9 l\u1eafp \u0111\u1eb7t theo chi\u1ec1u ngang v\u00e0 chi\u1ec1u d\u1ecdc cho ph\u00e9p \u0111\u00e1p \u1ee9ng nhi\u1ec1u y\u00eau c\u1ea7u thi\u1ebft k\u1ebf kh\u00e1c nhau.<\/p>\n<p>5. Hi\u1ec7u su\u1ea5t truy\u1ec1n \u0111\u1ed9ng cao, ti\u1ebfng \u1ed3n th\u1ea5p v\u00e0 tu\u1ed5i th\u1ecd d\u00e0i.<\/p>\n<p><strong>C\u00e1c m\u1eabu:<\/strong><\/p>\n<p>ZLYJ-112, ZLYJ-133, ZLYJ-146, ZLYJ-173, ZLYJ-200, ZLYJ-225, ZLYJ-250, ZLYJ-280, ZLYJ-315, ZLYJ-330, ZLYJ-375, ZLYJ-395, ZLYJ-420, ZLYJ-450, ZLYJ-500, ZLYJ-560, ZLYJ-630<\/p>\n<p><img loading=\"lazy\" decoding=\"async\" class=\"size-medium wp-image-1006 aligncenter\" src=\"https:\/\/yisent.com\/wp-content\/uploads\/2025\/03\/ZLYJ-GEAR-BOX-1.png\" alt=\"\" width=\"1374\" height=\"943\" srcset=\"https:\/\/yisent.com\/wp-content\/uploads\/2025\/03\/ZLYJ-GEAR-BOX-1.png 2748w, https:\/\/yisent.com\/wp-content\/uploads\/2025\/03\/ZLYJ-GEAR-BOX-1-300x206.png 300w, https:\/\/yisent.com\/wp-content\/uploads\/2025\/03\/ZLYJ-GEAR-BOX-1-1024x703.png 1024w, https:\/\/yisent.com\/wp-content\/uploads\/2025\/03\/ZLYJ-GEAR-BOX-1-768x527.png 768w, https:\/\/yisent.com\/wp-content\/uploads\/2025\/03\/ZLYJ-GEAR-BOX-1-1536x1054.png 1536w, https:\/\/yisent.com\/wp-content\/uploads\/2025\/03\/ZLYJ-GEAR-BOX-1-2048x1406.png 2048w, https:\/\/yisent.com\/wp-content\/uploads\/2025\/03\/ZLYJ-GEAR-BOX-1-600x412.png 600w\" sizes=\"auto, (max-width: 1374px) 100vw, 1374px\" \/><\/p>\n<p><img loading=\"lazy\" decoding=\"async\" class=\"size-medium wp-image-1007 aligncenter\" src=\"https:\/\/yisent.com\/wp-content\/uploads\/2025\/03\/ZLYJ-GEAR-BOX-2.png\" alt=\"\" width=\"1374\" height=\"945\" srcset=\"https:\/\/yisent.com\/wp-content\/uploads\/2025\/03\/ZLYJ-GEAR-BOX-2.png 2747w, https:\/\/yisent.com\/wp-content\/uploads\/2025\/03\/ZLYJ-GEAR-BOX-2-300x206.png 300w, https:\/\/yisent.com\/wp-content\/uploads\/2025\/03\/ZLYJ-GEAR-BOX-2-1024x705.png 1024w, https:\/\/yisent.com\/wp-content\/uploads\/2025\/03\/ZLYJ-GEAR-BOX-2-768x528.png 768w, https:\/\/yisent.com\/wp-content\/uploads\/2025\/03\/ZLYJ-GEAR-BOX-2-1536x1057.png 1536w, https:\/\/yisent.com\/wp-content\/uploads\/2025\/03\/ZLYJ-GEAR-BOX-2-2048x1409.png 2048w, https:\/\/yisent.com\/wp-content\/uploads\/2025\/03\/ZLYJ-GEAR-BOX-2-600x413.png 600w\" sizes=\"auto, (max-width: 1374px) 100vw, 1374px\" \/><\/p>\n","protected":false},"excerpt":{"rendered":"<p>H\u1ed9p s\u1ed1 d\u00f2ng ZLYJ<br \/>\nM\u1eabu: ZLYJ 112 ~ ZLYJ 630<br \/>\nT\u1ef7 l\u1ec7 gi\u1ea3m: 8 ~ 20<br \/>\nC\u00e0i \u0111\u1eb7t: Ngang, D\u1ecdc<br \/>\nTr\u1ecdng l\u01b0\u1ee3ng: 95 ~ 8800 KGS<\/p>\n","protected":false},"featured_media":1005,"template":"","meta":{"_uag_custom_page_level_css":"","site-sidebar-layout":"default","site-content-layout":"","ast-site-content-layout":"default","site-content-style":"default","site-sidebar-style":"default","ast-global-header-display":"","ast-banner-title-visibility":"","ast-main-header-display":"","ast-hfb-above-header-display":"","ast-hfb-below-header-display":"","ast-hfb-mobile-header-display":"","site-post-title":"","ast-breadcrumbs-content":"","ast-featured-img":"","footer-sml-layout":"","theme-transparent-header-meta":"default","adv-header-id-meta":"","stick-header-meta":"","header-above-stick-meta":"","header-main-stick-meta":"","header-below-stick-meta":"","astra-migrate-meta-layouts":"set","ast-page-background-enabled":"default","ast-page-background-meta":{"desktop":{"background-color":"","background-image":"","background-repeat":"repeat","background-position":"center center","background-size":"auto","background-attachment":"scroll","background-type":"","background-media":"","overlay-type":"","overlay-color":"","overlay-opacity":"","overlay-gradient":""},"tablet":{"background-color":"","background-image":"","background-repeat":"repeat","background-position":"center center","background-size":"auto","background-attachment":"scroll","background-type":"","background-media":"","overlay-type":"","overlay-color":"","overlay-opacity":"","overlay-gradient":""},"mobile":{"background-color":"","background-image":"","background-repeat":"repeat","background-position":"center center","background-size":"auto","background-attachment":"scroll","background-type":"","background-media":"","overlay-type":"","overlay-color":"","overlay-opacity":"","overlay-gradient":""}},"ast-content-background-meta":{"desktop":{"background-color":"var(--ast-global-color-5)","background-image":"","background-repeat":"repeat","background-position":"center center","background-size":"auto","background-attachment":"scroll","background-type":"","background-media":"","overlay-type":"","overlay-color":"","overlay-opacity":"","overlay-gradient":""},"tablet":{"background-color":"var(--ast-global-color-5)","background-image":"","background-repeat":"repeat","background-position":"center center","background-size":"auto","background-attachment":"scroll","background-type":"","background-media":"","overlay-type":"","overlay-color":"","overlay-opacity":"","overlay-gradient":""},"mobile":{"background-color":"var(--ast-global-color-5)","background-image":"","background-repeat":"repeat","background-position":"center center","background-size":"auto","background-attachment":"scroll","background-type":"","background-media":"","overlay-type":"","overlay-color":"","overlay-opacity":"","overlay-gradient":""}}},"product_brand":[],"product_cat":[21],"product_tag":[78,94,79,80],"class_list":{"0":"post-1008","1":"product","2":"type-product","3":"status-publish","4":"has-post-thumbnail","6":"product_cat-single-screw-barrel","7":"product_tag-gear-box","8":"product_tag-plastic-extruder","9":"product_tag-speed-reducer","10":"product_tag-zlyj-gear-box","11":"desktop-align-left","12":"tablet-align-left","13":"mobile-align-left","15":"first","16":"instock","17":"featured","18":"shipping-taxable","19":"product-type-simple"},"uagb_featured_image_src":{"full":["https:\/\/yisent.com\/wp-content\/uploads\/2025\/03\/ZLYJ-gear-box.jpg",1000,1000,false],"thumbnail":["https:\/\/yisent.com\/wp-content\/uploads\/2025\/03\/ZLYJ-gear-box-150x150.jpg",150,150,true],"medium":["https:\/\/yisent.com\/wp-content\/uploads\/2025\/03\/ZLYJ-gear-box-300x300.jpg",300,300,true],"medium_large":["https:\/\/yisent.com\/wp-content\/uploads\/2025\/03\/ZLYJ-gear-box-768x768.jpg",768,768,true],"large":["https:\/\/yisent.com\/wp-content\/uploads\/2025\/03\/ZLYJ-gear-box.jpg",1000,1000,false],"1536x1536":["https:\/\/yisent.com\/wp-content\/uploads\/2025\/03\/ZLYJ-gear-box.jpg",1000,1000,false],"2048x2048":["https:\/\/yisent.com\/wp-content\/uploads\/2025\/03\/ZLYJ-gear-box.jpg",1000,1000,false],"woocommerce_thumbnail":["https:\/\/yisent.com\/wp-content\/uploads\/2025\/03\/ZLYJ-gear-box-300x300.jpg",300,300,true],"woocommerce_single":["https:\/\/yisent.com\/wp-content\/uploads\/2025\/03\/ZLYJ-gear-box-600x600.jpg",600,600,true],"woocommerce_gallery_thumbnail":["https:\/\/yisent.com\/wp-content\/uploads\/2025\/03\/ZLYJ-gear-box-100x100.jpg",100,100,true]},"uagb_author_info":{"display_name":"admin","author_link":"https:\/\/yisent.com\/vn\/author\/"},"uagb_comment_info":0,"uagb_excerpt":"H\u1ed9p s\u1ed1 d\u00f2ng ZLYJ M\u1eabu: ZLYJ 112 ~ ZLYJ 630 T\u1ef7 l\u1ec7 gi\u1ea3m: 8 ~ 20 C\u00e0i \u0111\u1eb7t: Ngang, D\u1ecdc Tr\u1ecdng l\u01b0\u1ee3ng: 95 ~ 8800 KGS","_links":{"self":[{"href":"https:\/\/yisent.com\/vn\/wp-json\/wp\/v2\/product\/1008","targetHints":{"allow":["GET"]}}],"collection":[{"href":"https:\/\/yisent.com\/vn\/wp-json\/wp\/v2\/product"}],"about":[{"href":"https:\/\/yisent.com\/vn\/wp-json\/wp\/v2\/types\/product"}],"wp:featuredmedia":[{"embeddable":true,"href":"https:\/\/yisent.com\/vn\/wp-json\/wp\/v2\/media\/1005"}],"wp:attachment":[{"href":"https:\/\/yisent.com\/vn\/wp-json\/wp\/v2\/media?parent=1008"}],"wp:term":[{"taxonomy":"product_brand","embeddable":true,"href":"https:\/\/yisent.com\/vn\/wp-json\/wp\/v2\/product_brand?post=1008"},{"taxonomy":"product_cat","embeddable":true,"href":"https:\/\/yisent.com\/vn\/wp-json\/wp\/v2\/product_cat?post=1008"},{"taxonomy":"product_tag","embeddable":true,"href":"https:\/\/yisent.com\/vn\/wp-json\/wp\/v2\/product_tag?post=1008"}],"curies":[{"name":"wp","href":"https:\/\/api.w.org\/{rel}","templated":true}]}}