{"id":119,"date":"2020-08-20T10:02:41","date_gmt":"2020-08-20T10:02:41","guid":{"rendered":"https:\/\/yisent.com\/about-us\/"},"modified":"2026-04-16T10:16:19","modified_gmt":"2026-04-16T02:16:19","slug":"about-us","status":"publish","type":"page","link":"https:\/\/yisent.com\/vn\/about-us\/","title":{"rendered":"About Us"},"content":{"rendered":"\n<div class=\"wp-block-uagb-container uagb-block-c83c7f3f alignfull uagb-is-root-container\"><div class=\"uagb-container-inner-blocks-wrap\">\n<div class=\"wp-block-uagb-advanced-heading uagb-block-7ce29fef\"><h1 class=\"uagb-heading-text\">V\u1ec1 ch\u00fang t\u00f4i<\/h1><\/div>\n<\/div><\/div>\n\n\n\n<div class=\"wp-block-uagb-container uagb-block-9838c905 alignfull uagb-is-root-container\"><div class=\"uagb-container-inner-blocks-wrap\">\n<p class=\"has-medium-font-size\">C\u00d4NG TY TNHH C\u00d4NG NGH\u1ec6 YISENT NINGBO \u0111\u01b0\u1ee3c d\u00e0nh \u0111\u1ec3 s\u1ea3n xu\u1ea5t c\u00e1c ph\u1ee5 t\u00f9ng m\u00e1y m\u00f3c nh\u1ef1a, ch\u1eb3ng h\u1ea1n nh\u01b0 v\u00edt, th\u00f9ng, v\u00f2i phun, b\u1ed9 \u0111\u1ea7u v\u00e0 thanh gi\u1eb1ng, v.v. Sau nhi\u1ec1u n\u0103m nghi\u00ean c\u1ee9u v\u00e0 ph\u00e1t tri\u1ec3n, ch\u00fang t\u00f4i c\u00f3 th\u1ec3 cung c\u1ea5p c\u00e1c gi\u1ea3i ph\u00e1p x\u1eed l\u00fd nh\u1ef1a cho m\u00e1y \u00e9p phun v\u00e0 m\u00e1y \u0111\u00f9n nh\u1ef1a.<\/p>\n\n\n\n<p class=\"has-medium-font-size\">Nh\u00e0 m\u00e1y c\u1ee7a ch\u00fang t\u00f4i c\u00f3 di\u1ec7n t\u00edch x\u00e2y d\u1ef1ng kho\u1ea3ng 20.000m2, t\u1ecda l\u1ea1c t\u1ea1i \u0111\u1ea3o Chu S\u01a1n, qu\u00ea h\u01b0\u01a1ng c\u1ee7a nh\u00e0 m\u00e1y s\u1ea3n xu\u1ea5t th\u00f9ng tr\u1ee5c v\u00edt Trung Qu\u1ed1c cho m\u00e1y m\u00f3c nh\u1ef1a. Ch\u00fang t\u00f4i l\u00e0 m\u1ed9t trong nh\u1eefng nh\u00e0 s\u1ea3n xu\u1ea5t th\u00f9ng tr\u1ee5c v\u00edt ch\u1ea5t l\u01b0\u1ee3ng cao h\u00e0ng \u0111\u1ea7u t\u1ea1i Trung Qu\u1ed1c. Ch\u00fang t\u00f4i s\u1edf h\u1eefu m\u00e1y CNC, m\u00e1y h\u00e0n plasma t\u1ef1 \u0111\u1ed9ng, m\u00e1y m\u00e0i tr\u1ee5c v\u00edt \u0110\u00e0i Loan, l\u00f2 th\u1ea5m nit\u01a1 kh\u00ed, l\u00f2 \u0111\u00fac ly t\u00e2m, l\u00f2 t\u00f4i ch\u00e2n kh\u00f4ng, thi\u1ebft b\u1ecb ki\u1ec3m tra v\u00e0 h\u1ec7 th\u1ed1ng qu\u1ea3n l\u00fd ch\u1ea5t l\u01b0\u1ee3ng ti\u00ean ti\u1ebfn.<\/p>\n\n\n\n<p class=\"has-medium-font-size\">Ch\u00fang t\u00f4i c\u00f3 nhi\u1ec1u kho tr\u1ee5c v\u00edt d\u00e0nh cho c\u00e1c m\u00e1y \u00e9p phun n\u1ed5i ti\u1ebfng, \u0111\u01b0\u1ee3c s\u1eed d\u1ee5ng r\u1ed9ng r\u00e3i trong gia \u0111\u00ecnh, v\u1eadt li\u1ec7u x\u00e2y d\u1ef1ng, \u00f4 t\u00f4, tu\u00e2n th\u1ee7 \u0111i\u1ec7n, thi\u1ebft b\u1ecb y t\u1ebf v\u00e0 c\u00f4ng nghi\u1ec7p truy\u1ec1n th\u00f4ng. Ch\u00fang t\u00f4i cam k\u1ebft li\u00ean t\u1ee5c cung c\u1ea5p c\u00e1c ph\u1ee5 t\u00f9ng th\u00f9ng v\u00edt ch\u1ea5t l\u01b0\u1ee3ng cao v\u1edbi gi\u00e1 c\u1ea3 c\u1ea1nh tranh cho kh\u00e1ch h\u00e0ng to\u00e0n c\u1ea7u.<\/p>\n\n\n\n<div class=\"wp-block-uagb-image aligncenter uagb-block-f49f13f1 wp-block-uagb-image--layout-default wp-block-uagb-image--effect-static wp-block-uagb-image--align-center\"><figure class=\"wp-block-uagb-image__figure\"><img decoding=\"async\" srcset=\"https:\/\/yisent.com\/wp-content\/uploads\/2023\/12\/factory-1.png ,https:\/\/yisent.com\/wp-content\/uploads\/2023\/12\/factory-1.png 780w, https:\/\/yisent.com\/wp-content\/uploads\/2023\/12\/factory-1.png 360w\" sizes=\"auto, (max-width: 480px) 150px\" src=\"https:\/\/yisent.com\/wp-content\/uploads\/2023\/12\/factory-1.png\" alt=\"\" class=\"uag-image-641\" width=\"1200\" height=\"720\" title=\"\" loading=\"lazy\" role=\"img\"\/><\/figure><\/div>\n\n\n\n<div class=\"wp-block-uagb-image aligncenter uagb-block-dcd50d9c wp-block-uagb-image--layout-default wp-block-uagb-image--effect-static wp-block-uagb-image--align-center\"><figure class=\"wp-block-uagb-image__figure\"><img decoding=\"async\" srcset=\"https:\/\/yisent.com\/wp-content\/uploads\/2023\/12\/factory-2-654x1024.png ,https:\/\/yisent.com\/wp-content\/uploads\/2023\/12\/factory-2.png 780w, https:\/\/yisent.com\/wp-content\/uploads\/2023\/12\/factory-2.png 360w\" sizes=\"auto, (max-width: 480px) 150px\" src=\"https:\/\/yisent.com\/wp-content\/uploads\/2023\/12\/factory-2-654x1024.png\" alt=\"\" class=\"uag-image-653\" width=\"1200\" height=\"1800\" title=\"\" loading=\"lazy\" role=\"img\"\/><\/figure><\/div>\n<\/div><\/div>\n","protected":false},"excerpt":{"rendered":"<p>V\u1ec1 ch\u00fang t\u00f4i C\u00d4NG TY TNHH C\u00d4NG NGH\u1ec6 YISENT NINGBO \u0111\u01b0\u1ee3c d\u00e0nh \u0111\u1ec3 s\u1ea3n xu\u1ea5t c\u00e1c ph\u1ee5 t\u00f9ng m\u00e1y m\u00f3c nh\u1ef1a, ch\u1eb3ng h\u1ea1n nh\u01b0 v\u00edt, th\u00f9ng, v\u00f2i phun, b\u1ed9 \u0111\u1ea7u v\u00e0 thanh gi\u1eb1ng, v.v. Sau nhi\u1ec1u n\u0103m nghi\u00ean c\u1ee9u v\u00e0 ph\u00e1t tri\u1ec3n, ch\u00fang t\u00f4i c\u00f3 th\u1ec3 cung c\u1ea5p c\u00e1c gi\u1ea3i ph\u00e1p x\u1eed l\u00fd nh\u1ef1a cho [&hellip;]<\/p>\n","protected":false},"author":1,"featured_media":0,"parent":0,"menu_order":0,"comment_status":"closed","ping_status":"closed","template":"","meta":{"_uag_custom_page_level_css":"","site-sidebar-layout":"default","site-content-layout":"plain-container","ast-site-content-layout":"normal-width-container","site-content-style":"unboxed","site-sidebar-style":"unboxed","ast-global-header-display":"","ast-banner-title-visibility":"","ast-main-header-display":"","ast-hfb-above-header-display":"","ast-hfb-below-header-display":"","ast-hfb-mobile-header-display":"","site-post-title":"disabled","ast-breadcrumbs-content":"","ast-featured-img":"disabled","footer-sml-layout":"","theme-transparent-header-meta":"enabled","adv-header-id-meta":"","stick-header-meta":"","header-above-stick-meta":"","header-main-stick-meta":"","header-below-stick-meta":"","astra-migrate-meta-layouts":"set","ast-page-background-enabled":"default","ast-page-background-meta":{"desktop":{"background-color":"","background-image":"","background-repeat":"repeat","background-position":"center center","background-size":"auto","background-attachment":"scroll","background-type":"","background-media":"","overlay-type":"","overlay-color":"","overlay-opacity":"","overlay-gradient":""},"tablet":{"background-color":"","background-image":"","background-repeat":"repeat","background-position":"center center","background-size":"auto","background-attachment":"scroll","background-type":"","background-media":"","overlay-type":"","overlay-color":"","overlay-opacity":"","overlay-gradient":""},"mobile":{"background-color":"","background-image":"","background-repeat":"repeat","background-position":"center center","background-size":"auto","background-attachment":"scroll","background-type":"","background-media":"","overlay-type":"","overlay-color":"","overlay-opacity":"","overlay-gradient":""}},"ast-content-background-meta":{"desktop":{"background-color":"var(--ast-global-color-5)","background-image":"","background-repeat":"repeat","background-position":"center center","background-size":"auto","background-attachment":"scroll","background-type":"","background-media":"","overlay-type":"","overlay-color":"","overlay-opacity":"","overlay-gradient":""},"tablet":{"background-color":"var(--ast-global-color-5)","background-image":"","background-repeat":"repeat","background-position":"center center","background-size":"auto","background-attachment":"scroll","background-type":"","background-media":"","overlay-type":"","overlay-color":"","overlay-opacity":"","overlay-gradient":""},"mobile":{"background-color":"var(--ast-global-color-5)","background-image":"","background-repeat":"repeat","background-position":"center center","background-size":"auto","background-attachment":"scroll","background-type":"","background-media":"","overlay-type":"","overlay-color":"","overlay-opacity":"","overlay-gradient":""}},"footnotes":""},"class_list":["post-119","page","type-page","status-publish","hentry"],"uagb_featured_image_src":{"full":false,"thumbnail":false,"medium":false,"medium_large":false,"large":false,"1536x1536":false,"2048x2048":false,"woocommerce_thumbnail":false,"woocommerce_single":false,"woocommerce_gallery_thumbnail":false},"uagb_author_info":{"display_name":"admin","author_link":"https:\/\/yisent.com\/vn\/author\/nick\/"},"uagb_comment_info":0,"uagb_excerpt":"V\u1ec1 ch\u00fang t\u00f4i C\u00d4NG TY TNHH C\u00d4NG NGH\u1ec6 YISENT NINGBO \u0111\u01b0\u1ee3c d\u00e0nh \u0111\u1ec3 s\u1ea3n xu\u1ea5t c\u00e1c ph\u1ee5 t\u00f9ng m\u00e1y m\u00f3c nh\u1ef1a, ch\u1eb3ng h\u1ea1n nh\u01b0 v\u00edt, th\u00f9ng, v\u00f2i phun, b\u1ed9 \u0111\u1ea7u v\u00e0 thanh gi\u1eb1ng, v.v. Sau nhi\u1ec1u n\u0103m nghi\u00ean c\u1ee9u v\u00e0 ph\u00e1t tri\u1ec3n, ch\u00fang t\u00f4i c\u00f3 th\u1ec3 cung c\u1ea5p c\u00e1c gi\u1ea3i ph\u00e1p x\u1eed l\u00fd nh\u1ef1a cho&hellip;","_links":{"self":[{"href":"https:\/\/yisent.com\/vn\/wp-json\/wp\/v2\/pages\/119","targetHints":{"allow":["GET"]}}],"collection":[{"href":"https:\/\/yisent.com\/vn\/wp-json\/wp\/v2\/pages"}],"about":[{"href":"https:\/\/yisent.com\/vn\/wp-json\/wp\/v2\/types\/page"}],"author":[{"embeddable":true,"href":"https:\/\/yisent.com\/vn\/wp-json\/wp\/v2\/users\/1"}],"replies":[{"embeddable":true,"href":"https:\/\/yisent.com\/vn\/wp-json\/wp\/v2\/comments?post=119"}],"version-history":[{"count":34,"href":"https:\/\/yisent.com\/vn\/wp-json\/wp\/v2\/pages\/119\/revisions"}],"predecessor-version":[{"id":1062,"href":"https:\/\/yisent.com\/vn\/wp-json\/wp\/v2\/pages\/119\/revisions\/1062"}],"wp:attachment":[{"href":"https:\/\/yisent.com\/vn\/wp-json\/wp\/v2\/media?parent=119"}],"curies":[{"name":"wp","href":"https:\/\/api.w.org\/{rel}","templated":true}]}}