{"id":955,"date":"2024-06-21T13:09:47","date_gmt":"2024-06-21T05:09:47","guid":{"rendered":"https:\/\/yisent.com\/?post_type=product&#038;p=955"},"modified":"2025-04-05T12:52:32","modified_gmt":"2025-04-05T04:52:32","slug":"filter-nozzle-for-injection-molding-machine","status":"publish","type":"product","link":"https:\/\/yisent.com\/tr\/product\/injection-nozzle\/filter-nozzle-for-injection-molding-machine\/","title":{"rendered":"Enjeksiyon Kal\u0131plama Makineleri \u0130\u00e7in Filtre Nozulu"},"content":{"rendered":"<h3>Ba\u015fvuru<\/h3>\n<p>Yabanc\u0131 maddelerin kal\u0131ba girmesini \u00f6nleyin<br \/>\nKaliteyi ve \u00fcretim verimlili\u011fini art\u0131r\u0131n<br \/>\nKapatma nozulu ile kombinasyon<\/p>\n<h3>Polimerler<\/h3>\n<p>PA6, PA66, PE, PP, PS, ABS, PET, vb. (PVC i\u00e7in ge\u00e7erli de\u011fildir)<\/p>\n<p><img loading=\"lazy\" decoding=\"async\" class=\"aligncenter size-medium wp-image-918\" src=\"https:\/\/yisent.com\/wp-content\/uploads\/2024\/06\/FN-DWG.jpg\" alt=\"\" width=\"1575\" height=\"625\" \/><\/p>\n<table>\n<tbody>\n<tr>\n<td width=\"128\"><strong>Parametreler<\/strong><\/td>\n<td align=\"center\" width=\"61\"><strong>Birim<\/strong><\/td>\n<td align=\"center\" width=\"94\"><strong>FN-1<\/strong><\/td>\n<td align=\"center\" width=\"94\"><strong>FN-2<\/strong><\/td>\n<td align=\"center\" width=\"94\"><strong>FN-3<\/strong><\/td>\n<\/tr>\n<tr>\n<td width=\"128\"><strong>Maks. Enjeksiyon H\u0131z\u0131<\/strong><\/td>\n<td align=\"center\" width=\"61\">cm<sup>3<\/sup>\/s<\/td>\n<td align=\"center\" width=\"94\">500<\/td>\n<td align=\"center\" width=\"94\">1600<\/td>\n<td align=\"center\" width=\"94\">3500<\/td>\n<\/tr>\n<tr>\n<td width=\"128\"><strong>Maks. Vida \u00c7ap\u0131<\/strong><\/td>\n<td align=\"center\" width=\"61\">mm<\/td>\n<td align=\"center\" width=\"94\">60<\/td>\n<td align=\"center\" width=\"94\">90<\/td>\n<td align=\"center\" width=\"94\">120<\/td>\n<\/tr>\n<tr>\n<td width=\"128\"><strong>Maks. Makine Tonaj\u0131<\/strong><\/td>\n<td align=\"center\" width=\"61\">Ton<\/td>\n<td align=\"center\" width=\"94\">300<\/td>\n<td align=\"center\" width=\"94\">800<\/td>\n<td align=\"center\" width=\"94\">1500<\/td>\n<\/tr>\n<tr>\n<td width=\"128\"><strong>G\u00f6vde Uzunlu\u011fu (B)<\/strong><\/td>\n<td align=\"center\" width=\"61\">mm<\/td>\n<td align=\"center\" width=\"94\">65<\/td>\n<td align=\"center\" width=\"94\">105<\/td>\n<td align=\"center\" width=\"94\">125<\/td>\n<\/tr>\n<tr>\n<td width=\"128\"><strong>Is\u0131t\u0131c\u0131 (H)<\/strong><\/td>\n<td align=\"center\" width=\"61\">mm<\/td>\n<td align=\"center\" width=\"94\">\u03a645\u00d740L<\/td>\n<td align=\"center\" width=\"94\">\u03a660\u00d760L<\/td>\n<td align=\"center\" width=\"94\">\u03a670\u00d770L<\/td>\n<\/tr>\n<tr>\n<td width=\"128\"><strong>Filtre Delik \u00c7ap\u0131<\/strong><\/td>\n<td align=\"center\" width=\"61\">mm<\/td>\n<td align=\"center\" width=\"94\">1.0<\/td>\n<td align=\"center\" width=\"94\">1.0<\/td>\n<td align=\"center\" width=\"94\">1.0<\/td>\n<\/tr>\n<tr>\n<td width=\"128\"><strong>Filtre Eleman\u0131 Boyutu<\/strong><\/td>\n<td align=\"center\" width=\"61\">mm<\/td>\n<td align=\"center\" width=\"94\">\u03a615\u00d740L<\/td>\n<td align=\"center\" width=\"94\">\u03a624\u00d763L<\/td>\n<td align=\"center\" width=\"94\">\u03a630\u00d780L<\/td>\n<\/tr>\n<tr>\n<td width=\"128\"><strong>Maks. Enjeksiyon Bas\u0131nc\u0131<\/strong><\/td>\n<td align=\"center\" width=\"61\">Bar<\/td>\n<td colspan=\"3\" align=\"center\" width=\"282\">2800<\/td>\n<\/tr>\n<tr>\n<td width=\"128\"><strong>Maks. S\u0131cakl\u0131k<\/strong><\/td>\n<td align=\"center\" width=\"61\">\u00baC<\/td>\n<td colspan=\"3\" align=\"center\" width=\"282\">380<\/td>\n<\/tr>\n<\/tbody>\n<\/table>\n","protected":false},"excerpt":{"rendered":"<p>Filtre nozulu esas olarak \u00fcr\u00fcn kalitesini, polimer homojenizasyonunu ve \u00fcretim verimlili\u011fini art\u0131ran metal ve ta\u015f par\u00e7ac\u0131klar\u0131 gibi yabanc\u0131 maddelerin kal\u0131ba girmesini \u00f6nlemek i\u00e7in kullan\u0131l\u0131r. \u0130\u00e7erideki net filtre, \u00e7ok az bas\u0131n\u00e7 kayb\u0131n\u0131 garanti eden ve bir\u00e7ok yabanc\u0131 maddeyi depolayabilen b\u00fcy\u00fck bir kanala sahiptir; bu da bak\u0131m zaman\u0131ndan da tasarruf sa\u011flar.<\/p>\n","protected":false},"featured_media":998,"template":"","meta":{"_uag_custom_page_level_css":"","site-sidebar-layout":"default","site-content-layout":"","ast-site-content-layout":"default","site-content-style":"default","site-sidebar-style":"default","ast-global-header-display":"","ast-banner-title-visibility":"","ast-main-header-display":"","ast-hfb-above-header-display":"","ast-hfb-below-header-display":"","ast-hfb-mobile-header-display":"","site-post-title":"","ast-breadcrumbs-content":"","ast-featured-img":"","footer-sml-layout":"","theme-transparent-header-meta":"default","adv-header-id-meta":"","stick-header-meta":"","header-above-stick-meta":"","header-main-stick-meta":"","header-below-stick-meta":"","astra-migrate-meta-layouts":"set","ast-page-background-enabled":"default","ast-page-background-meta":{"desktop":{"background-color":"","background-image":"","background-repeat":"repeat","background-position":"center center","background-size":"auto","background-attachment":"scroll","background-type":"","background-media":"","overlay-type":"","overlay-color":"","overlay-opacity":"","overlay-gradient":""},"tablet":{"background-color":"","background-image":"","background-repeat":"repeat","background-position":"center center","background-size":"auto","background-attachment":"scroll","background-type":"","background-media":"","overlay-type":"","overlay-color":"","overlay-opacity":"","overlay-gradient":""},"mobile":{"background-color":"","background-image":"","background-repeat":"repeat","background-position":"center center","background-size":"auto","background-attachment":"scroll","background-type":"","background-media":"","overlay-type":"","overlay-color":"","overlay-opacity":"","overlay-gradient":""}},"ast-content-background-meta":{"desktop":{"background-color":"var(--ast-global-color-5)","background-image":"","background-repeat":"repeat","background-position":"center center","background-size":"auto","background-attachment":"scroll","background-type":"","background-media":"","overlay-type":"","overlay-color":"","overlay-opacity":"","overlay-gradient":""},"tablet":{"background-color":"var(--ast-global-color-5)","background-image":"","background-repeat":"repeat","background-position":"center center","background-size":"auto","background-attachment":"scroll","background-type":"","background-media":"","overlay-type":"","overlay-color":"","overlay-opacity":"","overlay-gradient":""},"mobile":{"background-color":"var(--ast-global-color-5)","background-image":"","background-repeat":"repeat","background-position":"center center","background-size":"auto","background-attachment":"scroll","background-type":"","background-media":"","overlay-type":"","overlay-color":"","overlay-opacity":"","overlay-gradient":""}}},"product_brand":[],"product_cat":[57],"product_tag":[90,62,64,91],"class_list":{"0":"post-955","1":"product","2":"type-product","3":"status-publish","4":"has-post-thumbnail","6":"product_cat-injection-nozzle","7":"product_tag-filter-element","8":"product_tag-filter-nozzle","9":"product_tag-injection-machine-filter-nozzle","10":"product_tag-injection-molding","11":"desktop-align-left","12":"tablet-align-left","13":"mobile-align-left","15":"first","16":"instock","17":"shipping-taxable","18":"product-type-simple"},"uagb_featured_image_src":{"full":["https:\/\/yisent.com\/wp-content\/uploads\/2024\/06\/filter-nozzles.jpg",1000,1000,false],"thumbnail":["https:\/\/yisent.com\/wp-content\/uploads\/2024\/06\/filter-nozzles-150x150.jpg",150,150,true],"medium":["https:\/\/yisent.com\/wp-content\/uploads\/2024\/06\/filter-nozzles-300x300.jpg",300,300,true],"medium_large":["https:\/\/yisent.com\/wp-content\/uploads\/2024\/06\/filter-nozzles-768x768.jpg",768,768,true],"large":["https:\/\/yisent.com\/wp-content\/uploads\/2024\/06\/filter-nozzles.jpg",1000,1000,false],"1536x1536":["https:\/\/yisent.com\/wp-content\/uploads\/2024\/06\/filter-nozzles.jpg",1000,1000,false],"2048x2048":["https:\/\/yisent.com\/wp-content\/uploads\/2024\/06\/filter-nozzles.jpg",1000,1000,false],"woocommerce_thumbnail":["https:\/\/yisent.com\/wp-content\/uploads\/2024\/06\/filter-nozzles-300x300.jpg",300,300,true],"woocommerce_single":["https:\/\/yisent.com\/wp-content\/uploads\/2024\/06\/filter-nozzles-600x600.jpg",600,600,true],"woocommerce_gallery_thumbnail":["https:\/\/yisent.com\/wp-content\/uploads\/2024\/06\/filter-nozzles-100x100.jpg",100,100,true]},"uagb_author_info":{"display_name":"admin","author_link":"https:\/\/yisent.com\/tr\/author\/"},"uagb_comment_info":0,"uagb_excerpt":"Filtre nozulu esas olarak \u00fcr\u00fcn kalitesini, polimer homojenizasyonunu ve \u00fcretim verimlili\u011fini art\u0131ran metal ve ta\u015f par\u00e7ac\u0131klar\u0131 gibi yabanc\u0131 maddelerin kal\u0131ba girmesini \u00f6nlemek i\u00e7in kullan\u0131l\u0131r. \u0130\u00e7erideki net filtre, \u00e7ok az bas\u0131n\u00e7 kayb\u0131n\u0131 garanti eden ve bir\u00e7ok yabanc\u0131 maddeyi depolayabilen b\u00fcy\u00fck bir kanala sahiptir; bu da bak\u0131m zaman\u0131ndan da tasarruf sa\u011flar.","_links":{"self":[{"href":"https:\/\/yisent.com\/tr\/wp-json\/wp\/v2\/product\/955","targetHints":{"allow":["GET"]}}],"collection":[{"href":"https:\/\/yisent.com\/tr\/wp-json\/wp\/v2\/product"}],"about":[{"href":"https:\/\/yisent.com\/tr\/wp-json\/wp\/v2\/types\/product"}],"wp:featuredmedia":[{"embeddable":true,"href":"https:\/\/yisent.com\/tr\/wp-json\/wp\/v2\/media\/998"}],"wp:attachment":[{"href":"https:\/\/yisent.com\/tr\/wp-json\/wp\/v2\/media?parent=955"}],"wp:term":[{"taxonomy":"product_brand","embeddable":true,"href":"https:\/\/yisent.com\/tr\/wp-json\/wp\/v2\/product_brand?post=955"},{"taxonomy":"product_cat","embeddable":true,"href":"https:\/\/yisent.com\/tr\/wp-json\/wp\/v2\/product_cat?post=955"},{"taxonomy":"product_tag","embeddable":true,"href":"https:\/\/yisent.com\/tr\/wp-json\/wp\/v2\/product_tag?post=955"}],"curies":[{"name":"wp","href":"https:\/\/api.w.org\/{rel}","templated":true}]}}