{"id":86,"date":"2019-01-23T13:24:06","date_gmt":"2019-01-23T13:24:06","guid":{"rendered":"https:\/\/yisent.com\/product\/aluminum-plant\/"},"modified":"2025-04-05T12:57:26","modified_gmt":"2025-04-05T04:57:26","slug":"bimetallic-barrel-for-injection-molding-machine","status":"publish","type":"product","link":"https:\/\/yisent.com\/tr\/product\/injection-screw-barrel\/bimetallic-barrel-for-injection-molding-machine\/","title":{"rendered":"Enjeksiyon Kal\u0131plama Makineleri \u0130\u00e7in Bimetalik Namlu"},"content":{"rendered":"<h3>G\u0130R\u0130\u0130\u015e<\/h3>\n<p>Enjeksiyon varilleri, enjeksiyon kal\u0131plama makinelerinde plastik i\u015flemeye y\u00f6nelik temel par\u00e7alard\u0131r. Yayg\u0131n plastikler i\u00e7in standart nitr\u00fcrlenmi\u015f varillerimiz ve cam elyaf dolgulu plastikler, floropolimerler, halojen i\u00e7ermeyen katk\u0131 plastikleri ve y\u00fcksek a\u015f\u0131nd\u0131r\u0131c\u0131 polimerler vb. i\u00e7in bimetalik varillerimiz bulunmaktad\u0131r.<\/p>\n<h3>MEVCUT MAK\u0130NALAR<\/h3>\n<p>HAITIAN, ZHAFIR, YIZUMI, CHENHSONG, TEDERIC, WELLTEC, BOLE, BORCHE, HWAMDA, LK, POWERJET, UWA, SOUND, DKM, HAITAI, HAIDA, HAIXIONG, HAIJING, NPC, TOPSTAR, SUMITOMO, DEMAG, NISSEI, FANUC, TOYO, JSW, TOSHIBA, SODICK, MITSUBISHI, KAWAGUCHI, NIIGATA, MEIKI, ENGEL, ARBURG, KRAUSS MAFFEI, BOY, WITTMANN, BATTENFELD, NETSTAL, HUSKY, VICTOR, FCS, CLF, ASIAN PLASTIC, UNION PLASTIC, KINKI, HUARONG, HWA CHIN, JON WAI, WOOJIN, LG, LS MTRON, MILACRON, WINDSOR, ELECTRONICA, etc.<\/p>\n<h3>PLAST\u0130KLER<\/h3>\n<p>PE, PP, PS, PA, PC, ABS, POM, PET, PBT, LCP, PEEK, PTFE, Maksimum %65 GF, Halojensiz Plastikler vb.<\/p>\n<h3>BA\u015eVURU<\/h3>\n<p>Ev, Ev Aletleri, Otomotiv, \u0130leti\u015fim, Elektrik, T\u0131bbi Cihaz, \u0130n\u015faat, Paketleme, Tar\u0131m, vb.<\/p>\n<h3>ENJEKS\u0130YON VAR\u0130LLER\u0130 \u0130\u00c7\u0130N \u00c7EL\u0130K MALZEMELER<\/h3>\n<table width=\"698\">\n<tbody>\n<tr>\n<td width=\"105\"><b>Malzeme Kodu<\/b><\/td>\n<td width=\"96\"><b>Sertlik<\/b><\/td>\n<td width=\"146\"><b>Tedavi<\/b><\/td>\n<td width=\"192\"><b>Ba\u015fvuru<\/b><\/td>\n<\/tr>\n<tr>\n<td width=\"105\"><b>YT-11<\/b><\/td>\n<td width=\"96\">HRC 68~70<\/td>\n<td width=\"146\">Gaz Nitr\u00fcrleme<\/td>\n<td width=\"192\">Ortak Plastikler<\/td>\n<\/tr>\n<tr>\n<td width=\"105\"><b>YT-26<\/b><\/td>\n<td width=\"96\">HRC 59~61<\/td>\n<td width=\"146\">Savurma d\u00f6k\u00fcm<\/td>\n<td width=\"192\">30% GF<\/td>\n<\/tr>\n<tr>\n<td width=\"105\"><b>YT-27<\/b><\/td>\n<td width=\"96\">HRC 60~63<\/td>\n<td width=\"146\">Savurma d\u00f6k\u00fcm<\/td>\n<td width=\"192\">50% GF<\/td>\n<\/tr>\n<tr>\n<td width=\"105\"><b>YT-28<\/b><\/td>\n<td width=\"96\">HRC 62~65<\/td>\n<td width=\"146\">Savurma d\u00f6k\u00fcm<\/td>\n<td width=\"192\">65% GF<\/td>\n<\/tr>\n<\/tbody>\n<\/table>\n<p>&nbsp;<\/p>\n","protected":false},"excerpt":{"rendered":"<p>Maksimum Uzunluk: 9000mm<br \/>\nVida \u00c7ap\u0131: \u03a616 ~ 450 mm<br \/>\nNitrasyon Derinli\u011fi: 0,4 mm ~ 0,7 mm<br \/>\nNitrasyon Sertli\u011fi: HRC 68 ~ 70<br \/>\nAla\u015f\u0131m Katman Kal\u0131nl\u0131\u011f\u0131: 1,5 ~ 3,0 mm<br \/>\nDo\u011frusall\u0131k: 0,015 mm\/m<br \/>\nP\u00fcr\u00fczl\u00fcl\u00fck: Ra 0,4<br \/>\nK\u0131r\u0131lganl\u0131k: Derece 1<br \/>\n1 y\u0131l garanti<\/p>\n","protected":false},"featured_media":8,"template":"","meta":{"_uag_custom_page_level_css":"","site-sidebar-layout":"default","site-content-layout":"default","ast-site-content-layout":"default","site-content-style":"default","site-sidebar-style":"default","ast-global-header-display":"","ast-banner-title-visibility":"","ast-main-header-display":"","ast-hfb-above-header-display":"","ast-hfb-below-header-display":"","ast-hfb-mobile-header-display":"","site-post-title":"","ast-breadcrumbs-content":"","ast-featured-img":"","footer-sml-layout":"","theme-transparent-header-meta":"default","adv-header-id-meta":"","stick-header-meta":"","header-above-stick-meta":"","header-main-stick-meta":"","header-below-stick-meta":"","astra-migrate-meta-layouts":"set","ast-page-background-enabled":"default","ast-page-background-meta":{"desktop":{"background-color":"","background-image":"","background-repeat":"repeat","background-position":"center center","background-size":"auto","background-attachment":"scroll","background-type":"","background-media":"","overlay-type":"","overlay-color":"","overlay-opacity":"","overlay-gradient":""},"tablet":{"background-color":"","background-image":"","background-repeat":"repeat","background-position":"center center","background-size":"auto","background-attachment":"scroll","background-type":"","background-media":"","overlay-type":"","overlay-color":"","overlay-opacity":"","overlay-gradient":""},"mobile":{"background-color":"","background-image":"","background-repeat":"repeat","background-position":"center center","background-size":"auto","background-attachment":"scroll","background-type":"","background-media":"","overlay-type":"","overlay-color":"","overlay-opacity":"","overlay-gradient":""}},"ast-content-background-meta":{"desktop":{"background-color":"var(--ast-global-color-5)","background-image":"","background-repeat":"repeat","background-position":"center center","background-size":"auto","background-attachment":"scroll","background-type":"","background-media":"","overlay-type":"","overlay-color":"","overlay-opacity":"","overlay-gradient":""},"tablet":{"background-color":"var(--ast-global-color-5)","background-image":"","background-repeat":"repeat","background-position":"center center","background-size":"auto","background-attachment":"scroll","background-type":"","background-media":"","overlay-type":"","overlay-color":"","overlay-opacity":"","overlay-gradient":""},"mobile":{"background-color":"var(--ast-global-color-5)","background-image":"","background-repeat":"repeat","background-position":"center center","background-size":"auto","background-attachment":"scroll","background-type":"","background-media":"","overlay-type":"","overlay-color":"","overlay-opacity":"","overlay-gradient":""}}},"product_brand":[],"product_cat":[17],"product_tag":[40,84,43,85,91,54],"class_list":{"0":"post-86","1":"product","2":"type-product","3":"status-publish","4":"has-post-thumbnail","6":"product_cat-injection-screw-barrel","7":"product_tag-bimetallic-barrel","8":"product_tag-bimetallic-cylinder","9":"product_tag-bimetallic-screw-barrel","10":"product_tag-bimetallic-screw-cylinder","11":"product_tag-injection-molding","12":"product_tag-screw-cylinder","13":"desktop-align-left","14":"tablet-align-left","15":"mobile-align-left","17":"first","18":"instock","19":"featured","20":"shipping-taxable","21":"product-type-simple"},"uagb_featured_image_src":{"full":["https:\/\/yisent.com\/wp-content\/uploads\/2023\/11\/injection-barrel.jpg",1000,1000,false],"thumbnail":["https:\/\/yisent.com\/wp-content\/uploads\/2023\/11\/injection-barrel-150x150.jpg",150,150,true],"medium":["https:\/\/yisent.com\/wp-content\/uploads\/2023\/11\/injection-barrel-300x300.jpg",300,300,true],"medium_large":["https:\/\/yisent.com\/wp-content\/uploads\/2023\/11\/injection-barrel-768x768.jpg",768,768,true],"large":["https:\/\/yisent.com\/wp-content\/uploads\/2023\/11\/injection-barrel.jpg",1000,1000,false],"1536x1536":["https:\/\/yisent.com\/wp-content\/uploads\/2023\/11\/injection-barrel.jpg",1000,1000,false],"2048x2048":["https:\/\/yisent.com\/wp-content\/uploads\/2023\/11\/injection-barrel.jpg",1000,1000,false],"woocommerce_thumbnail":["https:\/\/yisent.com\/wp-content\/uploads\/2023\/11\/injection-barrel-300x300.jpg",300,300,true],"woocommerce_single":["https:\/\/yisent.com\/wp-content\/uploads\/2023\/11\/injection-barrel-600x600.jpg",600,600,true],"woocommerce_gallery_thumbnail":["https:\/\/yisent.com\/wp-content\/uploads\/2023\/11\/injection-barrel-100x100.jpg",100,100,true]},"uagb_author_info":{"display_name":"admin","author_link":"https:\/\/yisent.com\/tr\/author\/"},"uagb_comment_info":0,"uagb_excerpt":"Maksimum Uzunluk: 9000mm Vida \u00c7ap\u0131: \u03a616 ~ 450 mm Nitrasyon Derinli\u011fi: 0,4 mm ~ 0,7 mm Nitrasyon Sertli\u011fi: HRC 68 ~ 70 Ala\u015f\u0131m Katman Kal\u0131nl\u0131\u011f\u0131: 1,5 ~ 3,0 mm Do\u011frusall\u0131k: 0,015 mm\/m P\u00fcr\u00fczl\u00fcl\u00fck: Ra 0,4 K\u0131r\u0131lganl\u0131k: Derece 1 1 y\u0131l garanti","_links":{"self":[{"href":"https:\/\/yisent.com\/tr\/wp-json\/wp\/v2\/product\/86","targetHints":{"allow":["GET"]}}],"collection":[{"href":"https:\/\/yisent.com\/tr\/wp-json\/wp\/v2\/product"}],"about":[{"href":"https:\/\/yisent.com\/tr\/wp-json\/wp\/v2\/types\/product"}],"wp:featuredmedia":[{"embeddable":true,"href":"https:\/\/yisent.com\/tr\/wp-json\/wp\/v2\/media\/8"}],"wp:attachment":[{"href":"https:\/\/yisent.com\/tr\/wp-json\/wp\/v2\/media?parent=86"}],"wp:term":[{"taxonomy":"product_brand","embeddable":true,"href":"https:\/\/yisent.com\/tr\/wp-json\/wp\/v2\/product_brand?post=86"},{"taxonomy":"product_cat","embeddable":true,"href":"https:\/\/yisent.com\/tr\/wp-json\/wp\/v2\/product_cat?post=86"},{"taxonomy":"product_tag","embeddable":true,"href":"https:\/\/yisent.com\/tr\/wp-json\/wp\/v2\/product_tag?post=86"}],"curies":[{"name":"wp","href":"https:\/\/api.w.org\/{rel}","templated":true}]}}