{"id":83,"date":"2019-01-23T13:18:02","date_gmt":"2019-01-23T13:18:02","guid":{"rendered":"https:\/\/yisent.com\/product\/piorro-quisquam\/"},"modified":"2025-04-05T13:00:14","modified_gmt":"2025-04-05T05:00:14","slug":"parallel-twin-screw-barrel-for-plastic-extruder","status":"publish","type":"product","link":"https:\/\/yisent.com\/tr\/product\/extruder-screw-barrel\/twin-screw-barrel\/parallel-twin-screw-barrel-for-plastic-extruder\/","title":{"rendered":"Plastik Ekstruderler \u0130\u00e7in Paralel \u00c7ift Vidal\u0131 Namlu"},"content":{"rendered":"<h3>G\u0130R\u0130\u0130\u015e<\/h3>\n<p>Paralel \u00e7ift vidal\u0131 varil esas olarak ana partilerin, borular\u0131n, levhalar\u0131n ve profillerin birle\u015ftirilmesinde kullan\u0131l\u0131r. Paralel \u00e7ift vidal\u0131 varil ekstruderler, ayn\u0131 vida \u00e7ap\u0131na sahip tek vidal\u0131 ekstruder ile kar\u015f\u0131la\u015ft\u0131r\u0131ld\u0131\u011f\u0131nda daha b\u00fcy\u00fck \u00e7\u0131k\u0131\u015f kapasitesine sahiptir.<\/p>\n<h3>MEVCUT MAK\u0130NELER<\/h3>\n<p>Jwell, Cincinati, Krauss Maffei, Berstorff, Battenfeld, Weber, Toshiba, Milacron, Theysohn, vb.<\/p>\n<h3>BA\u015eVURU<\/h3>\n<p>Bile\u015fik Master Partileri, Borular, Filmler, Levhalar, Profiller vb.<\/p>\n<h3>PARALEL \u00c7\u0130FT V\u0130DALI NAMLU MODELLER\u0130<\/h3>\n<table width=\"697\">\n<tbody>\n<tr>\n<td width=\"105\"><b>Modeli<\/b><\/td>\n<td width=\"112\"><b>Vida \u00c7ap\u0131 (mm)<\/b><\/td>\n<td width=\"111\"><b>Vida L\/D<\/b><\/td>\n<td width=\"114\"><b>Motor G\u00fcc\u00fc (KW)<\/b><\/td>\n<td width=\"126\"><b>Maksimum \u00c7\u0131k\u0131\u015f (KGS\/h)<\/b><\/td>\n<td width=\"129\"><b>Ba\u015fvuru<\/b><\/td>\n<\/tr>\n<tr>\n<td width=\"105\"><b>SJP75\/28<\/b><\/td>\n<td width=\"112\">75<\/td>\n<td width=\"111\">28<\/td>\n<td width=\"114\">45<\/td>\n<td width=\"126\">350<\/td>\n<td width=\"129\">Borular<\/td>\n<\/tr>\n<tr>\n<td width=\"105\"><b>SJP92\/31<\/b><\/td>\n<td width=\"112\">92<\/td>\n<td width=\"111\">31<\/td>\n<td width=\"114\">75<\/td>\n<td width=\"126\">450<\/td>\n<td width=\"129\">Borular<\/td>\n<\/tr>\n<tr>\n<td width=\"105\"><b>SJP110\/31<\/b><\/td>\n<td width=\"112\">110<\/td>\n<td width=\"111\">31<\/td>\n<td width=\"114\">110<\/td>\n<td width=\"126\">650<\/td>\n<td width=\"129\">Borular<\/td>\n<\/tr>\n<tr>\n<td width=\"105\"><b>SJP120\/31<\/b><\/td>\n<td width=\"112\">120<\/td>\n<td width=\"111\">31<\/td>\n<td width=\"114\">132<\/td>\n<td width=\"126\">850<\/td>\n<td width=\"129\">Borular<\/td>\n<\/tr>\n<tr>\n<td width=\"105\"><b>SJP135\/31<\/b><\/td>\n<td width=\"112\">135<\/td>\n<td width=\"111\">31<\/td>\n<td width=\"114\">160<\/td>\n<td width=\"126\">1100<\/td>\n<td width=\"129\">Borular<\/td>\n<\/tr>\n<tr>\n<td width=\"105\"><b>SJP93\/28<\/b><\/td>\n<td width=\"112\">93<\/td>\n<td width=\"111\">28<\/td>\n<td width=\"114\">55<\/td>\n<td width=\"126\">380<\/td>\n<td width=\"129\">Profiller<\/td>\n<\/tr>\n<tr>\n<td width=\"105\"><b>SJP110\/28<\/b><\/td>\n<td width=\"112\">110<\/td>\n<td width=\"111\">28<\/td>\n<td width=\"114\">75<\/td>\n<td width=\"126\">450<\/td>\n<td width=\"129\">Profiller<\/td>\n<\/tr>\n<tr>\n<td width=\"105\"><b>SJP120\/26<\/b><\/td>\n<td width=\"112\">120<\/td>\n<td width=\"111\">26<\/td>\n<td width=\"114\">110<\/td>\n<td width=\"126\">550<\/td>\n<td width=\"129\">Profiller<\/td>\n<\/tr>\n<tr>\n<td width=\"105\"><b>SJP130\/26<\/b><\/td>\n<td width=\"112\">130<\/td>\n<td width=\"111\">26<\/td>\n<td width=\"114\">132<\/td>\n<td width=\"126\">650<\/td>\n<td width=\"129\">Profiller<\/td>\n<\/tr>\n<tr>\n<td width=\"105\"><b>SJP90\/23<\/b><\/td>\n<td width=\"112\">90<\/td>\n<td width=\"111\">23<\/td>\n<td width=\"114\">37<\/td>\n<td width=\"126\">300<\/td>\n<td width=\"129\">Levhalar<\/td>\n<\/tr>\n<tr>\n<td width=\"105\"><b>SJP105\/23<\/b><\/td>\n<td width=\"112\">105<\/td>\n<td width=\"111\">23<\/td>\n<td width=\"114\">55<\/td>\n<td width=\"126\">400<\/td>\n<td width=\"129\">Levhalar<\/td>\n<\/tr>\n<tr>\n<td width=\"105\"><b>SJP113\/23<\/b><\/td>\n<td width=\"112\">113<\/td>\n<td width=\"111\">23<\/td>\n<td width=\"114\">75<\/td>\n<td width=\"126\">500<\/td>\n<td width=\"129\">Levhalar<\/td>\n<\/tr>\n<tr>\n<td width=\"105\"><b>SJP120\/23<\/b><\/td>\n<td width=\"112\">120<\/td>\n<td width=\"111\">23<\/td>\n<td width=\"114\">90<\/td>\n<td width=\"126\">600<\/td>\n<td width=\"129\">Levhalar<\/td>\n<\/tr>\n<tr>\n<td width=\"105\"><b>SJP130\/23<\/b><\/td>\n<td width=\"112\">130<\/td>\n<td width=\"111\">23<\/td>\n<td width=\"114\">132<\/td>\n<td width=\"126\">800<\/td>\n<td width=\"129\">Levhalar<\/td>\n<\/tr>\n<\/tbody>\n<\/table>\n","protected":false},"excerpt":{"rendered":"<p>Maksimum Uzunluk: 9000mm<br \/>\nVida \u00c7ap\u0131: \u03a645 ~ 200 mm<br \/>\nVida L\/D: 16 ~ 35<br \/>\nNitrasyon Derinli\u011fi: 0,4 mm ~ 0,7 mm<br \/>\nNitrasyon Sertli\u011fi: HRC 68 ~ 70<br \/>\nAla\u015f\u0131m Katman Kal\u0131nl\u0131\u011f\u0131: 1,5 ~ 3,0 mm<br \/>\nAla\u015f\u0131m Sertli\u011fi: HRC 58 ~ 60<br \/>\nDo\u011frusall\u0131k: 0,015 mm\/m<br \/>\nP\u00fcr\u00fczl\u00fcl\u00fck: Ra 0,4<br \/>\nK\u0131r\u0131lganl\u0131k: Derece 1<br \/>\n1 y\u0131l garanti<\/p>\n","protected":false},"featured_media":12,"template":"","meta":{"_uag_custom_page_level_css":"","site-sidebar-layout":"default","site-content-layout":"default","ast-site-content-layout":"default","site-content-style":"default","site-sidebar-style":"default","ast-global-header-display":"","ast-banner-title-visibility":"","ast-main-header-display":"","ast-hfb-above-header-display":"","ast-hfb-below-header-display":"","ast-hfb-mobile-header-display":"","site-post-title":"","ast-breadcrumbs-content":"","ast-featured-img":"","footer-sml-layout":"","theme-transparent-header-meta":"default","adv-header-id-meta":"","stick-header-meta":"","header-above-stick-meta":"","header-main-stick-meta":"","header-below-stick-meta":"","astra-migrate-meta-layouts":"set","ast-page-background-enabled":"default","ast-page-background-meta":{"desktop":{"background-color":"","background-image":"","background-repeat":"repeat","background-position":"center center","background-size":"auto","background-attachment":"scroll","background-type":"","background-media":"","overlay-type":"","overlay-color":"","overlay-opacity":"","overlay-gradient":""},"tablet":{"background-color":"","background-image":"","background-repeat":"repeat","background-position":"center center","background-size":"auto","background-attachment":"scroll","background-type":"","background-media":"","overlay-type":"","overlay-color":"","overlay-opacity":"","overlay-gradient":""},"mobile":{"background-color":"","background-image":"","background-repeat":"repeat","background-position":"center center","background-size":"auto","background-attachment":"scroll","background-type":"","background-media":"","overlay-type":"","overlay-color":"","overlay-opacity":"","overlay-gradient":""}},"ast-content-background-meta":{"desktop":{"background-color":"var(--ast-global-color-5)","background-image":"","background-repeat":"repeat","background-position":"center center","background-size":"auto","background-attachment":"scroll","background-type":"","background-media":"","overlay-type":"","overlay-color":"","overlay-opacity":"","overlay-gradient":""},"tablet":{"background-color":"var(--ast-global-color-5)","background-image":"","background-repeat":"repeat","background-position":"center center","background-size":"auto","background-attachment":"scroll","background-type":"","background-media":"","overlay-type":"","overlay-color":"","overlay-opacity":"","overlay-gradient":""},"mobile":{"background-color":"var(--ast-global-color-5)","background-image":"","background-repeat":"repeat","background-position":"center center","background-size":"auto","background-attachment":"scroll","background-type":"","background-media":"","overlay-type":"","overlay-color":"","overlay-opacity":"","overlay-gradient":""}}},"product_brand":[],"product_cat":[22],"product_tag":[94,46],"class_list":{"0":"post-83","1":"product","2":"type-product","3":"status-publish","4":"has-post-thumbnail","6":"product_cat-twin-screw-barrel","7":"product_tag-plastic-extruder","8":"product_tag-twin-screw-barrel","9":"desktop-align-left","10":"tablet-align-left","11":"mobile-align-left","13":"first","14":"instock","15":"featured","16":"shipping-taxable","17":"product-type-simple"},"uagb_featured_image_src":{"full":["https:\/\/yisent.com\/wp-content\/uploads\/2023\/11\/parallel-twin-screw-barrel.jpg",1000,1000,false],"thumbnail":["https:\/\/yisent.com\/wp-content\/uploads\/2023\/11\/parallel-twin-screw-barrel-150x150.jpg",150,150,true],"medium":["https:\/\/yisent.com\/wp-content\/uploads\/2023\/11\/parallel-twin-screw-barrel-300x300.jpg",300,300,true],"medium_large":["https:\/\/yisent.com\/wp-content\/uploads\/2023\/11\/parallel-twin-screw-barrel-768x768.jpg",768,768,true],"large":["https:\/\/yisent.com\/wp-content\/uploads\/2023\/11\/parallel-twin-screw-barrel.jpg",1000,1000,false],"1536x1536":["https:\/\/yisent.com\/wp-content\/uploads\/2023\/11\/parallel-twin-screw-barrel.jpg",1000,1000,false],"2048x2048":["https:\/\/yisent.com\/wp-content\/uploads\/2023\/11\/parallel-twin-screw-barrel.jpg",1000,1000,false],"woocommerce_thumbnail":["https:\/\/yisent.com\/wp-content\/uploads\/2023\/11\/parallel-twin-screw-barrel-300x300.jpg",300,300,true],"woocommerce_single":["https:\/\/yisent.com\/wp-content\/uploads\/2023\/11\/parallel-twin-screw-barrel-600x600.jpg",600,600,true],"woocommerce_gallery_thumbnail":["https:\/\/yisent.com\/wp-content\/uploads\/2023\/11\/parallel-twin-screw-barrel-100x100.jpg",100,100,true]},"uagb_author_info":{"display_name":"admin","author_link":"https:\/\/yisent.com\/tr\/author\/"},"uagb_comment_info":0,"uagb_excerpt":"Maksimum Uzunluk: 9000mm Vida \u00c7ap\u0131: \u03a645 ~ 200 mm Vida L\/D: 16 ~ 35 Nitrasyon Derinli\u011fi: 0,4 mm ~ 0,7 mm Nitrasyon Sertli\u011fi: HRC 68 ~ 70 Ala\u015f\u0131m Katman Kal\u0131nl\u0131\u011f\u0131: 1,5 ~ 3,0 mm Ala\u015f\u0131m Sertli\u011fi: HRC 58 ~ 60 Do\u011frusall\u0131k: 0,015 mm\/m P\u00fcr\u00fczl\u00fcl\u00fck: Ra 0,4 K\u0131r\u0131lganl\u0131k: Derece 1 1 y\u0131l garanti","_links":{"self":[{"href":"https:\/\/yisent.com\/tr\/wp-json\/wp\/v2\/product\/83","targetHints":{"allow":["GET"]}}],"collection":[{"href":"https:\/\/yisent.com\/tr\/wp-json\/wp\/v2\/product"}],"about":[{"href":"https:\/\/yisent.com\/tr\/wp-json\/wp\/v2\/types\/product"}],"wp:featuredmedia":[{"embeddable":true,"href":"https:\/\/yisent.com\/tr\/wp-json\/wp\/v2\/media\/12"}],"wp:attachment":[{"href":"https:\/\/yisent.com\/tr\/wp-json\/wp\/v2\/media?parent=83"}],"wp:term":[{"taxonomy":"product_brand","embeddable":true,"href":"https:\/\/yisent.com\/tr\/wp-json\/wp\/v2\/product_brand?post=83"},{"taxonomy":"product_cat","embeddable":true,"href":"https:\/\/yisent.com\/tr\/wp-json\/wp\/v2\/product_cat?post=83"},{"taxonomy":"product_tag","embeddable":true,"href":"https:\/\/yisent.com\/tr\/wp-json\/wp\/v2\/product_tag?post=83"}],"curies":[{"name":"wp","href":"https:\/\/api.w.org\/{rel}","templated":true}]}}