{"id":81,"date":"2019-01-23T12:21:23","date_gmt":"2019-01-23T12:21:23","guid":{"rendered":"https:\/\/yisent.com\/product\/mini-astrophytum\/"},"modified":"2025-04-05T13:19:58","modified_gmt":"2025-04-05T05:19:58","slug":"segment-barrel-for-plastic-extruder","status":"publish","type":"product","link":"https:\/\/yisent.com\/tr\/product\/extruder-screw-barrel\/twin-screw-barrel\/segment-barrel-for-plastic-extruder\/","title":{"rendered":"Plastik Ekstruder \u0130\u00e7in Segment Namlusu"},"content":{"rendered":"<h3>G\u0130R\u0130\u0130\u015e<\/h3>\n<p>Segment F\u0131\u00e7\u0131lar\u0131, esas olarak polimer bile\u015fi\u011fi, film ve levha \u00fcretiminde uygulanan y\u00fcksek \u00e7\u0131k\u0131\u015fl\u0131 plastik ekstr\u00fcderlerde kullan\u0131l\u0131r.<\/p>\n<p>Segment F\u0131\u00e7\u0131 \u00c7e\u015fitleri<\/p>\n<ol>\n<li>Kapal\u0131 Namlu<\/li>\n<li>\u00dcstten A\u00e7\u0131lan Namlu<\/li>\n<li>Yan Besleme Namlusu<\/li>\n<\/ol>\n<h3>MEVCUT MAK\u0130NALAR<\/h3>\n<p>Coperion, Leistritz, Kobe, Toshiba, JSW, Krauss Maffei, Berstorff, Battenfeld, Weber, Theysohn, vb.<\/p>\n<h3>BA\u015eVURU<\/h3>\n<p>Master Batches Bile\u015fik, Borular, Filmler, Levhalar, Profiller vb.<\/p>\n<table width=\"698\">\n<tbody>\n<tr>\n<td width=\"122\"><b>Malzeme<\/b><\/td>\n<td align=\"center\" width=\"129\"><b>Sertlik<\/b><\/td>\n<td align=\"center\" width=\"143\"><b>Tedavi<\/b><\/td>\n<td align=\"center\" width=\"174\"><b>Ba\u015fvuru<\/b><\/td>\n<\/tr>\n<tr>\n<td width=\"122\"><b>38CrMoAlA<\/b><\/td>\n<td align=\"center\" width=\"129\">HRC 68 ~ 70<\/td>\n<td align=\"center\" width=\"143\">Gaz Nitr\u00fcrleme<\/td>\n<td align=\"center\" width=\"174\">Ortak Plastikler<\/td>\n<\/tr>\n<tr>\n<td width=\"122\"><b>Cr12MoV<\/b><\/td>\n<td align=\"center\" width=\"129\">HRC 58 ~ 60<\/td>\n<td align=\"center\" width=\"143\">Savurma d\u00f6k\u00fcm<\/td>\n<td align=\"center\" width=\"174\">20%GF<\/td>\n<\/tr>\n<tr>\n<td width=\"122\"><b>Cr26<\/b><\/td>\n<td align=\"center\" width=\"129\">HRC 58 ~ 62<\/td>\n<td align=\"center\" width=\"143\">Savurma d\u00f6k\u00fcm<\/td>\n<td align=\"center\" width=\"174\">30%GF<\/td>\n<\/tr>\n<tr>\n<td width=\"122\"><b>Ni60<\/b><\/td>\n<td align=\"center\" width=\"129\">HRC 58 ~ 62<\/td>\n<td align=\"center\" width=\"143\">HIP<\/td>\n<td align=\"center\" width=\"174\">40%GF<\/td>\n<\/tr>\n<tr>\n<td width=\"122\"><b>Ni60 + 25%WC<\/b><\/td>\n<td align=\"center\" width=\"129\">HRC 60 ~ 63<\/td>\n<td align=\"center\" width=\"143\">HIP<\/td>\n<td align=\"center\" width=\"174\">Y\u00fcksek A\u015f\u0131nd\u0131r\u0131c\u0131 ve A\u015f\u0131nd\u0131r\u0131c\u0131<\/td>\n<\/tr>\n<tr>\n<td width=\"122\"><b>Ni60 + 55%WC<\/b><\/td>\n<td align=\"center\" width=\"129\">HRC 62 ~ 65<\/td>\n<td align=\"center\" width=\"143\">HIP<\/td>\n<td align=\"center\" width=\"174\">Y\u00fcksek A\u015f\u0131nd\u0131r\u0131c\u0131 ve A\u015f\u0131nd\u0131r\u0131c\u0131<\/td>\n<\/tr>\n<tr>\n<td width=\"122\"><b>SUS 316L<\/b><\/td>\n<td align=\"center\" width=\"129\">HRC 45 ~ 50<\/td>\n<td align=\"center\" width=\"143\">S\u00f6nd\u00fcrme<\/td>\n<td align=\"center\" width=\"174\">Y\u00fcksek A\u015f\u0131nd\u0131r\u0131c\u0131<\/td>\n<\/tr>\n<tr>\n<td width=\"122\"><b>C276<\/b><\/td>\n<td align=\"center\" width=\"129\">HRC 60 ~ 65<\/td>\n<td align=\"center\" width=\"143\">S\u00f6nd\u00fcrme<\/td>\n<td align=\"center\" width=\"174\">A\u015f\u0131r\u0131 A\u015f\u0131nd\u0131r\u0131c\u0131<\/td>\n<\/tr>\n<\/tbody>\n<\/table>\n","protected":false},"excerpt":{"rendered":"<p>Vida \u00c7ap\u0131: \u03a612 ~ 350 mm<br \/>\n\u00c7elik Malzemeler: Tak\u0131m \u00c7eli\u011fi, PM \u00c7elik, Paslanmaz \u00c7elik vb.<br \/>\nSertlik: HRC 45 ~ 70<br \/>\nDo\u011frusall\u0131k: 0,015 mm\/m<br \/>\nP\u00fcr\u00fczl\u00fcl\u00fck: Ra 0,4<br \/>\nK\u0131r\u0131lganl\u0131k: Derece 1<br \/>\n1 y\u0131l garanti<\/p>\n","protected":false},"featured_media":650,"template":"","meta":{"_uag_custom_page_level_css":"","site-sidebar-layout":"default","site-content-layout":"default","ast-site-content-layout":"default","site-content-style":"default","site-sidebar-style":"default","ast-global-header-display":"","ast-banner-title-visibility":"","ast-main-header-display":"","ast-hfb-above-header-display":"","ast-hfb-below-header-display":"","ast-hfb-mobile-header-display":"","site-post-title":"","ast-breadcrumbs-content":"","ast-featured-img":"","footer-sml-layout":"","theme-transparent-header-meta":"default","adv-header-id-meta":"","stick-header-meta":"","header-above-stick-meta":"","header-main-stick-meta":"","header-below-stick-meta":"","astra-migrate-meta-layouts":"set","ast-page-background-enabled":"default","ast-page-background-meta":{"desktop":{"background-color":"","background-image":"","background-repeat":"repeat","background-position":"center center","background-size":"auto","background-attachment":"scroll","background-type":"","background-media":"","overlay-type":"","overlay-color":"","overlay-opacity":"","overlay-gradient":""},"tablet":{"background-color":"","background-image":"","background-repeat":"repeat","background-position":"center center","background-size":"auto","background-attachment":"scroll","background-type":"","background-media":"","overlay-type":"","overlay-color":"","overlay-opacity":"","overlay-gradient":""},"mobile":{"background-color":"","background-image":"","background-repeat":"repeat","background-position":"center center","background-size":"auto","background-attachment":"scroll","background-type":"","background-media":"","overlay-type":"","overlay-color":"","overlay-opacity":"","overlay-gradient":""}},"ast-content-background-meta":{"desktop":{"background-color":"var(--ast-global-color-5)","background-image":"","background-repeat":"repeat","background-position":"center center","background-size":"auto","background-attachment":"scroll","background-type":"","background-media":"","overlay-type":"","overlay-color":"","overlay-opacity":"","overlay-gradient":""},"tablet":{"background-color":"var(--ast-global-color-5)","background-image":"","background-repeat":"repeat","background-position":"center center","background-size":"auto","background-attachment":"scroll","background-type":"","background-media":"","overlay-type":"","overlay-color":"","overlay-opacity":"","overlay-gradient":""},"mobile":{"background-color":"var(--ast-global-color-5)","background-image":"","background-repeat":"repeat","background-position":"center center","background-size":"auto","background-attachment":"scroll","background-type":"","background-media":"","overlay-type":"","overlay-color":"","overlay-opacity":"","overlay-gradient":""}}},"product_brand":[],"product_cat":[22],"product_tag":[94,75,74],"class_list":{"0":"post-81","1":"product","2":"type-product","3":"status-publish","4":"has-post-thumbnail","6":"product_cat-twin-screw-barrel","7":"product_tag-plastic-extruder","8":"product_tag-segment-barrel","9":"product_tag-segment-screw-barrel","10":"desktop-align-left","11":"tablet-align-left","12":"mobile-align-left","14":"first","15":"instock","16":"featured","17":"shipping-taxable","18":"product-type-simple"},"uagb_featured_image_src":{"full":["https:\/\/yisent.com\/wp-content\/uploads\/2023\/12\/segment-barrel.jpg",1000,1000,false],"thumbnail":["https:\/\/yisent.com\/wp-content\/uploads\/2023\/12\/segment-barrel-150x150.jpg",150,150,true],"medium":["https:\/\/yisent.com\/wp-content\/uploads\/2023\/12\/segment-barrel-300x300.jpg",300,300,true],"medium_large":["https:\/\/yisent.com\/wp-content\/uploads\/2023\/12\/segment-barrel-768x768.jpg",768,768,true],"large":["https:\/\/yisent.com\/wp-content\/uploads\/2023\/12\/segment-barrel.jpg",1000,1000,false],"1536x1536":["https:\/\/yisent.com\/wp-content\/uploads\/2023\/12\/segment-barrel.jpg",1000,1000,false],"2048x2048":["https:\/\/yisent.com\/wp-content\/uploads\/2023\/12\/segment-barrel.jpg",1000,1000,false],"woocommerce_thumbnail":["https:\/\/yisent.com\/wp-content\/uploads\/2023\/12\/segment-barrel-300x300.jpg",300,300,true],"woocommerce_single":["https:\/\/yisent.com\/wp-content\/uploads\/2023\/12\/segment-barrel-600x600.jpg",600,600,true],"woocommerce_gallery_thumbnail":["https:\/\/yisent.com\/wp-content\/uploads\/2023\/12\/segment-barrel-100x100.jpg",100,100,true]},"uagb_author_info":{"display_name":"admin","author_link":"https:\/\/yisent.com\/tr\/author\/"},"uagb_comment_info":0,"uagb_excerpt":"Vida \u00c7ap\u0131: \u03a612 ~ 350 mm \u00c7elik Malzemeler: Tak\u0131m \u00c7eli\u011fi, PM \u00c7elik, Paslanmaz \u00c7elik vb. Sertlik: HRC 45 ~ 70 Do\u011frusall\u0131k: 0,015 mm\/m P\u00fcr\u00fczl\u00fcl\u00fck: Ra 0,4 K\u0131r\u0131lganl\u0131k: Derece 1 1 y\u0131l garanti","_links":{"self":[{"href":"https:\/\/yisent.com\/tr\/wp-json\/wp\/v2\/product\/81","targetHints":{"allow":["GET"]}}],"collection":[{"href":"https:\/\/yisent.com\/tr\/wp-json\/wp\/v2\/product"}],"about":[{"href":"https:\/\/yisent.com\/tr\/wp-json\/wp\/v2\/types\/product"}],"wp:featuredmedia":[{"embeddable":true,"href":"https:\/\/yisent.com\/tr\/wp-json\/wp\/v2\/media\/650"}],"wp:attachment":[{"href":"https:\/\/yisent.com\/tr\/wp-json\/wp\/v2\/media?parent=81"}],"wp:term":[{"taxonomy":"product_brand","embeddable":true,"href":"https:\/\/yisent.com\/tr\/wp-json\/wp\/v2\/product_brand?post=81"},{"taxonomy":"product_cat","embeddable":true,"href":"https:\/\/yisent.com\/tr\/wp-json\/wp\/v2\/product_cat?post=81"},{"taxonomy":"product_tag","embeddable":true,"href":"https:\/\/yisent.com\/tr\/wp-json\/wp\/v2\/product_tag?post=81"}],"curies":[{"name":"wp","href":"https:\/\/api.w.org\/{rel}","templated":true}]}}