{"id":80,"date":"2019-01-23T12:20:04","date_gmt":"2019-01-23T12:20:04","guid":{"rendered":"https:\/\/yisent.com\/product\/star-cactus\/"},"modified":"2025-04-05T13:24:53","modified_gmt":"2025-04-05T05:24:53","slug":"screw-shaft-for-plastic-extruder","status":"publish","type":"product","link":"https:\/\/yisent.com\/tr\/product\/extruder-screw-barrel\/twin-screw-barrel\/screw-shaft-for-plastic-extruder\/","title":{"rendered":"Plastik Ekstruder \u0130\u00e7in Vidal\u0131 Mil"},"content":{"rendered":"<h3>G\u0130R\u0130\u0130\u015e<\/h3>\n<p>Vida mili esas olarak bir vida olu\u015fturmak \u00fczere segment vidalar\u0131n\u0131 bir araya getirmek i\u00e7in kullan\u0131l\u0131r. \u0130yi tokluk, y\u00fcksek termal stabilite ve y\u00fcksek termal \u015fok direnci ile birlikte y\u00fcksek \u00e7ekme mukavemetine sahiptir ve bu da y\u00fcksek torka dayanmas\u0131n\u0131 sa\u011flar.<\/p>\n<h3>MEVCUT MAK\u0130NALAR<\/h3>\n<p>Coperion, Leistritz, Kobe, Toshiba, JSW, Krauss Maffei, Berstorff, Battenfeld, Weber, Theysohn, vb.<\/p>\n<h3>BA\u015eVURU<\/h3>\n<p>Master Batches Bile\u015fik, Borular, Filmler, Levhalar, Profiller vb.<\/p>\n<table width=\"698\">\n<tbody>\n<tr>\n<td width=\"121\"><b>Malzeme<\/b><\/td>\n<td align=\"center\" width=\"129\"><b>Sertlik<\/b><\/td>\n<td align=\"center\" width=\"142\"><b>Tedavi<\/b><\/td>\n<td align=\"center\" width=\"175\"><b>\u0130\u015flem<\/b><\/td>\n<\/tr>\n<tr>\n<td width=\"121\"><b>40CrNiMoA<\/b><\/td>\n<td align=\"center\" width=\"129\">HRC 28 ~ 36<\/td>\n<td align=\"center\" width=\"142\">S\u00f6nd\u00fcrme<\/td>\n<td align=\"center\" width=\"175\">So\u011fuk Haddeleme<\/td>\n<\/tr>\n<tr>\n<td width=\"121\"><b>40Cr<\/b><\/td>\n<td align=\"center\" width=\"129\">HRC 32 ~ 36<\/td>\n<td align=\"center\" width=\"142\">S\u00f6nd\u00fcrme<\/td>\n<td align=\"center\" width=\"175\">So\u011fuk Haddeleme<\/td>\n<\/tr>\n<tr>\n<td width=\"121\"><b>42CrMo<\/b><\/td>\n<td align=\"center\" width=\"129\">HRC 30 ~ 36<\/td>\n<td align=\"center\" width=\"142\">S\u00f6nd\u00fcrme<\/td>\n<td align=\"center\" width=\"175\">So\u011fuk Haddeleme<\/td>\n<\/tr>\n<tr>\n<td width=\"121\"><b>WR15E<\/b><\/td>\n<td align=\"center\" width=\"129\">HRC 38 ~ 42<\/td>\n<td align=\"center\" width=\"142\">S\u00f6nd\u00fcrme<\/td>\n<td align=\"center\" width=\"175\">So\u011fuk Haddeleme<\/td>\n<\/tr>\n<tr>\n<td width=\"121\"><b>WR30<\/b><\/td>\n<td align=\"center\" width=\"129\">HRC 38 ~ 42<\/td>\n<td align=\"center\" width=\"142\">S\u00f6nd\u00fcrme<\/td>\n<td align=\"center\" width=\"175\">So\u011fuk Haddeleme<\/td>\n<\/tr>\n<\/tbody>\n<\/table>\n","protected":false},"excerpt":{"rendered":"<p>Maksimum Uzunluk: 15000 mm<br \/>\nD\u0131\u015f \u00c7ap: \u03a610 ~ 120 mm<br \/>\nSpline tipi: DIN5480, JIS-B-1603, GB3478 Involute Spline, D\u00fcz Kama Yolu, vb.<br \/>\nDo\u011frusall\u0131k: 0,015 mm\/m<br \/>\nP\u00fcr\u00fczl\u00fcl\u00fck: Ra 0,4<br \/>\nK\u0131r\u0131lganl\u0131k: Derece 1<br \/>\n1 y\u0131l garanti<\/p>\n","protected":false},"featured_media":651,"template":"","meta":{"_uag_custom_page_level_css":"","site-sidebar-layout":"default","site-content-layout":"default","ast-site-content-layout":"default","site-content-style":"default","site-sidebar-style":"default","ast-global-header-display":"","ast-banner-title-visibility":"","ast-main-header-display":"","ast-hfb-above-header-display":"","ast-hfb-below-header-display":"","ast-hfb-mobile-header-display":"","site-post-title":"","ast-breadcrumbs-content":"","ast-featured-img":"","footer-sml-layout":"","theme-transparent-header-meta":"default","adv-header-id-meta":"","stick-header-meta":"","header-above-stick-meta":"","header-main-stick-meta":"","header-below-stick-meta":"","astra-migrate-meta-layouts":"set","ast-page-background-enabled":"default","ast-page-background-meta":{"desktop":{"background-color":"","background-image":"","background-repeat":"repeat","background-position":"center center","background-size":"auto","background-attachment":"scroll","background-type":"","background-media":"","overlay-type":"","overlay-color":"","overlay-opacity":"","overlay-gradient":""},"tablet":{"background-color":"","background-image":"","background-repeat":"repeat","background-position":"center center","background-size":"auto","background-attachment":"scroll","background-type":"","background-media":"","overlay-type":"","overlay-color":"","overlay-opacity":"","overlay-gradient":""},"mobile":{"background-color":"","background-image":"","background-repeat":"repeat","background-position":"center center","background-size":"auto","background-attachment":"scroll","background-type":"","background-media":"","overlay-type":"","overlay-color":"","overlay-opacity":"","overlay-gradient":""}},"ast-content-background-meta":{"desktop":{"background-color":"var(--ast-global-color-5)","background-image":"","background-repeat":"repeat","background-position":"center center","background-size":"auto","background-attachment":"scroll","background-type":"","background-media":"","overlay-type":"","overlay-color":"","overlay-opacity":"","overlay-gradient":""},"tablet":{"background-color":"var(--ast-global-color-5)","background-image":"","background-repeat":"repeat","background-position":"center center","background-size":"auto","background-attachment":"scroll","background-type":"","background-media":"","overlay-type":"","overlay-color":"","overlay-opacity":"","overlay-gradient":""},"mobile":{"background-color":"var(--ast-global-color-5)","background-image":"","background-repeat":"repeat","background-position":"center center","background-size":"auto","background-attachment":"scroll","background-type":"","background-media":"","overlay-type":"","overlay-color":"","overlay-opacity":"","overlay-gradient":""}}},"product_brand":[],"product_cat":[22],"product_tag":[94,76,77],"class_list":{"0":"post-80","1":"product","2":"type-product","3":"status-publish","4":"has-post-thumbnail","6":"product_cat-twin-screw-barrel","7":"product_tag-plastic-extruder","8":"product_tag-screw-shaft","9":"product_tag-segment-screw-shaft","10":"desktop-align-left","11":"tablet-align-left","12":"mobile-align-left","14":"first","15":"instock","16":"shipping-taxable","17":"product-type-simple"},"uagb_featured_image_src":{"full":["https:\/\/yisent.com\/wp-content\/uploads\/2023\/12\/screw-shaft.jpg",1000,1000,false],"thumbnail":["https:\/\/yisent.com\/wp-content\/uploads\/2023\/12\/screw-shaft-150x150.jpg",150,150,true],"medium":["https:\/\/yisent.com\/wp-content\/uploads\/2023\/12\/screw-shaft-300x300.jpg",300,300,true],"medium_large":["https:\/\/yisent.com\/wp-content\/uploads\/2023\/12\/screw-shaft-768x768.jpg",768,768,true],"large":["https:\/\/yisent.com\/wp-content\/uploads\/2023\/12\/screw-shaft.jpg",1000,1000,false],"1536x1536":["https:\/\/yisent.com\/wp-content\/uploads\/2023\/12\/screw-shaft.jpg",1000,1000,false],"2048x2048":["https:\/\/yisent.com\/wp-content\/uploads\/2023\/12\/screw-shaft.jpg",1000,1000,false],"woocommerce_thumbnail":["https:\/\/yisent.com\/wp-content\/uploads\/2023\/12\/screw-shaft-300x300.jpg",300,300,true],"woocommerce_single":["https:\/\/yisent.com\/wp-content\/uploads\/2023\/12\/screw-shaft-600x600.jpg",600,600,true],"woocommerce_gallery_thumbnail":["https:\/\/yisent.com\/wp-content\/uploads\/2023\/12\/screw-shaft-100x100.jpg",100,100,true]},"uagb_author_info":{"display_name":"admin","author_link":"https:\/\/yisent.com\/tr\/author\/"},"uagb_comment_info":0,"uagb_excerpt":"Maksimum Uzunluk: 15000 mm D\u0131\u015f \u00c7ap: \u03a610 ~ 120 mm Spline tipi: DIN5480, JIS-B-1603, GB3478 Involute Spline, D\u00fcz Kama Yolu, vb. Do\u011frusall\u0131k: 0,015 mm\/m P\u00fcr\u00fczl\u00fcl\u00fck: Ra 0,4 K\u0131r\u0131lganl\u0131k: Derece 1 1 y\u0131l garanti","_links":{"self":[{"href":"https:\/\/yisent.com\/tr\/wp-json\/wp\/v2\/product\/80","targetHints":{"allow":["GET"]}}],"collection":[{"href":"https:\/\/yisent.com\/tr\/wp-json\/wp\/v2\/product"}],"about":[{"href":"https:\/\/yisent.com\/tr\/wp-json\/wp\/v2\/types\/product"}],"wp:featuredmedia":[{"embeddable":true,"href":"https:\/\/yisent.com\/tr\/wp-json\/wp\/v2\/media\/651"}],"wp:attachment":[{"href":"https:\/\/yisent.com\/tr\/wp-json\/wp\/v2\/media?parent=80"}],"wp:term":[{"taxonomy":"product_brand","embeddable":true,"href":"https:\/\/yisent.com\/tr\/wp-json\/wp\/v2\/product_brand?post=80"},{"taxonomy":"product_cat","embeddable":true,"href":"https:\/\/yisent.com\/tr\/wp-json\/wp\/v2\/product_cat?post=80"},{"taxonomy":"product_tag","embeddable":true,"href":"https:\/\/yisent.com\/tr\/wp-json\/wp\/v2\/product_tag?post=80"}],"curies":[{"name":"wp","href":"https:\/\/api.w.org\/{rel}","templated":true}]}}