{"id":119,"date":"2020-08-20T10:02:41","date_gmt":"2020-08-20T10:02:41","guid":{"rendered":"https:\/\/yisent.com\/about-us\/"},"modified":"2026-04-16T10:16:19","modified_gmt":"2026-04-16T02:16:19","slug":"about-us","status":"publish","type":"page","link":"https:\/\/yisent.com\/tr\/about-us\/","title":{"rendered":"About Us"},"content":{"rendered":"\n<div class=\"wp-block-uagb-container uagb-block-c83c7f3f alignfull uagb-is-root-container\"><div class=\"uagb-container-inner-blocks-wrap\">\n<div class=\"wp-block-uagb-advanced-heading uagb-block-7ce29fef\"><h1 class=\"uagb-heading-text\">Hakk\u0131m\u0131zda<\/h1><\/div>\n<\/div><\/div>\n\n\n\n<div class=\"wp-block-uagb-container uagb-block-9838c905 alignfull uagb-is-root-container\"><div class=\"uagb-container-inner-blocks-wrap\">\n<p class=\"has-medium-font-size\">NINGBO YISENT TECHNOLOGY CO., LTD. vida, namlu, noz\u00fcl, u\u00e7 seti ve ba\u011flant\u0131 \u00e7ubu\u011fu vb. gibi plastik makine yedek par\u00e7alar\u0131n\u0131n imalat\u0131na kendini adam\u0131\u015ft\u0131r. Y\u0131llar s\u00fcren ara\u015ft\u0131rma ve geli\u015ftirmeden sonra, enjeksiyon kal\u0131plama makineleri ve plastik ekstruderler i\u00e7in plastik i\u015fleme \u00e7\u00f6z\u00fcmleri sunabiliyoruz.<\/p>\n\n\n\n<p class=\"has-medium-font-size\">Fabrikam\u0131z, \u00c7in&#8217;in plastik makineleri i\u00e7in vida kovan\u0131n\u0131n anavatan\u0131 olan Zhoushan Adas\u0131&#8217;nda bulunan yakla\u015f\u0131k 20.000 m2&#8217;lik bir in\u015faat alan\u0131na sahiptir. \u00c7in&#8217;de y\u00fcksek kaliteli vida kovan\u0131 \u00fcretiminde lider \u00fcreticilerden biriyiz. CNC makinelerimiz, otomatik plazma kaynak makinelerimiz, Tayvan vida ta\u015flama makinelerimiz, gaz nitr\u00fcrleme f\u0131r\u0131nlar\u0131m\u0131z, santrif\u00fcj d\u00f6k\u00fcm f\u0131r\u0131nlar\u0131m\u0131z, vakumlu s\u00f6nd\u00fcrme f\u0131r\u0131nlar\u0131m\u0131z, test ekipmanlar\u0131m\u0131z ve geli\u015fmi\u015f kalite y\u00f6netim sistemimiz mevcuttur.<\/p>\n\n\n\n<p class=\"has-medium-font-size\">Ev, in\u015faat malzemeleri, otomotiv, elektrik uyumlulu\u011fu, t\u0131bbi aparatlar ve ileti\u015fim end\u00fcstrilerinde yayg\u0131n olarak kullan\u0131lan \u00fcnl\u00fc enjeksiyon kal\u0131plama makineleri i\u00e7in \u00e7ok say\u0131da vida kovan\u0131 sto\u011fumuz bulunmaktad\u0131r. K\u00fcresel m\u00fc\u015fterilerimize s\u00fcrekli olarak rekabet\u00e7i fiyatlarla y\u00fcksek kaliteli vidal\u0131 kovan yedek par\u00e7alar\u0131 sunmaya kararl\u0131y\u0131z.<\/p>\n\n\n\n<div class=\"wp-block-uagb-image aligncenter uagb-block-f49f13f1 wp-block-uagb-image--layout-default wp-block-uagb-image--effect-static wp-block-uagb-image--align-center\"><figure class=\"wp-block-uagb-image__figure\"><img decoding=\"async\" srcset=\"https:\/\/yisent.com\/wp-content\/uploads\/2023\/12\/factory-1.png ,https:\/\/yisent.com\/wp-content\/uploads\/2023\/12\/factory-1.png 780w, https:\/\/yisent.com\/wp-content\/uploads\/2023\/12\/factory-1.png 360w\" sizes=\"auto, (max-width: 480px) 150px\" src=\"https:\/\/yisent.com\/wp-content\/uploads\/2023\/12\/factory-1.png\" alt=\"\" class=\"uag-image-641\" width=\"1200\" height=\"720\" title=\"\" loading=\"lazy\" role=\"img\"\/><\/figure><\/div>\n\n\n\n<div class=\"wp-block-uagb-image aligncenter uagb-block-dcd50d9c wp-block-uagb-image--layout-default wp-block-uagb-image--effect-static wp-block-uagb-image--align-center\"><figure class=\"wp-block-uagb-image__figure\"><img decoding=\"async\" srcset=\"https:\/\/yisent.com\/wp-content\/uploads\/2023\/12\/factory-2-654x1024.png ,https:\/\/yisent.com\/wp-content\/uploads\/2023\/12\/factory-2.png 780w, https:\/\/yisent.com\/wp-content\/uploads\/2023\/12\/factory-2.png 360w\" sizes=\"auto, (max-width: 480px) 150px\" src=\"https:\/\/yisent.com\/wp-content\/uploads\/2023\/12\/factory-2-654x1024.png\" alt=\"\" class=\"uag-image-653\" width=\"1200\" height=\"1800\" title=\"\" loading=\"lazy\" role=\"img\"\/><\/figure><\/div>\n<\/div><\/div>\n","protected":false},"excerpt":{"rendered":"<p>Hakk\u0131m\u0131zda NINGBO YISENT TECHNOLOGY CO., LTD. vida, namlu, noz\u00fcl, u\u00e7 seti ve ba\u011flant\u0131 \u00e7ubu\u011fu vb. gibi plastik makine yedek par\u00e7alar\u0131n\u0131n imalat\u0131na kendini adam\u0131\u015ft\u0131r. Y\u0131llar s\u00fcren ara\u015ft\u0131rma ve geli\u015ftirmeden sonra, enjeksiyon kal\u0131plama makineleri ve plastik ekstruderler i\u00e7in plastik i\u015fleme \u00e7\u00f6z\u00fcmleri sunabiliyoruz. Fabrikam\u0131z, \u00c7in&#8217;in plastik makineleri i\u00e7in vida kovan\u0131n\u0131n anavatan\u0131 olan Zhoushan Adas\u0131&#8217;nda bulunan yakla\u015f\u0131k 20.000 m2&#8217;lik [&hellip;]<\/p>\n","protected":false},"author":1,"featured_media":0,"parent":0,"menu_order":0,"comment_status":"closed","ping_status":"closed","template":"","meta":{"_uag_custom_page_level_css":"","site-sidebar-layout":"default","site-content-layout":"plain-container","ast-site-content-layout":"normal-width-container","site-content-style":"unboxed","site-sidebar-style":"unboxed","ast-global-header-display":"","ast-banner-title-visibility":"","ast-main-header-display":"","ast-hfb-above-header-display":"","ast-hfb-below-header-display":"","ast-hfb-mobile-header-display":"","site-post-title":"disabled","ast-breadcrumbs-content":"","ast-featured-img":"disabled","footer-sml-layout":"","theme-transparent-header-meta":"enabled","adv-header-id-meta":"","stick-header-meta":"","header-above-stick-meta":"","header-main-stick-meta":"","header-below-stick-meta":"","astra-migrate-meta-layouts":"set","ast-page-background-enabled":"default","ast-page-background-meta":{"desktop":{"background-color":"","background-image":"","background-repeat":"repeat","background-position":"center center","background-size":"auto","background-attachment":"scroll","background-type":"","background-media":"","overlay-type":"","overlay-color":"","overlay-opacity":"","overlay-gradient":""},"tablet":{"background-color":"","background-image":"","background-repeat":"repeat","background-position":"center center","background-size":"auto","background-attachment":"scroll","background-type":"","background-media":"","overlay-type":"","overlay-color":"","overlay-opacity":"","overlay-gradient":""},"mobile":{"background-color":"","background-image":"","background-repeat":"repeat","background-position":"center center","background-size":"auto","background-attachment":"scroll","background-type":"","background-media":"","overlay-type":"","overlay-color":"","overlay-opacity":"","overlay-gradient":""}},"ast-content-background-meta":{"desktop":{"background-color":"var(--ast-global-color-5)","background-image":"","background-repeat":"repeat","background-position":"center center","background-size":"auto","background-attachment":"scroll","background-type":"","background-media":"","overlay-type":"","overlay-color":"","overlay-opacity":"","overlay-gradient":""},"tablet":{"background-color":"var(--ast-global-color-5)","background-image":"","background-repeat":"repeat","background-position":"center center","background-size":"auto","background-attachment":"scroll","background-type":"","background-media":"","overlay-type":"","overlay-color":"","overlay-opacity":"","overlay-gradient":""},"mobile":{"background-color":"var(--ast-global-color-5)","background-image":"","background-repeat":"repeat","background-position":"center center","background-size":"auto","background-attachment":"scroll","background-type":"","background-media":"","overlay-type":"","overlay-color":"","overlay-opacity":"","overlay-gradient":""}},"footnotes":""},"class_list":["post-119","page","type-page","status-publish","hentry"],"uagb_featured_image_src":{"full":false,"thumbnail":false,"medium":false,"medium_large":false,"large":false,"1536x1536":false,"2048x2048":false,"woocommerce_thumbnail":false,"woocommerce_single":false,"woocommerce_gallery_thumbnail":false},"uagb_author_info":{"display_name":"admin","author_link":"https:\/\/yisent.com\/tr\/author\/nick\/"},"uagb_comment_info":0,"uagb_excerpt":"Hakk\u0131m\u0131zda NINGBO YISENT TECHNOLOGY CO., LTD. vida, namlu, noz\u00fcl, u\u00e7 seti ve ba\u011flant\u0131 \u00e7ubu\u011fu vb. gibi plastik makine yedek par\u00e7alar\u0131n\u0131n imalat\u0131na kendini adam\u0131\u015ft\u0131r. Y\u0131llar s\u00fcren ara\u015ft\u0131rma ve geli\u015ftirmeden sonra, enjeksiyon kal\u0131plama makineleri ve plastik ekstruderler i\u00e7in plastik i\u015fleme \u00e7\u00f6z\u00fcmleri sunabiliyoruz. Fabrikam\u0131z, \u00c7in&#8217;in plastik makineleri i\u00e7in vida kovan\u0131n\u0131n anavatan\u0131 olan Zhoushan Adas\u0131&#8217;nda bulunan yakla\u015f\u0131k 20.000 m2&#8217;lik&hellip;","_links":{"self":[{"href":"https:\/\/yisent.com\/tr\/wp-json\/wp\/v2\/pages\/119","targetHints":{"allow":["GET"]}}],"collection":[{"href":"https:\/\/yisent.com\/tr\/wp-json\/wp\/v2\/pages"}],"about":[{"href":"https:\/\/yisent.com\/tr\/wp-json\/wp\/v2\/types\/page"}],"author":[{"embeddable":true,"href":"https:\/\/yisent.com\/tr\/wp-json\/wp\/v2\/users\/1"}],"replies":[{"embeddable":true,"href":"https:\/\/yisent.com\/tr\/wp-json\/wp\/v2\/comments?post=119"}],"version-history":[{"count":34,"href":"https:\/\/yisent.com\/tr\/wp-json\/wp\/v2\/pages\/119\/revisions"}],"predecessor-version":[{"id":1062,"href":"https:\/\/yisent.com\/tr\/wp-json\/wp\/v2\/pages\/119\/revisions\/1062"}],"wp:attachment":[{"href":"https:\/\/yisent.com\/tr\/wp-json\/wp\/v2\/media?parent=119"}],"curies":[{"name":"wp","href":"https:\/\/api.w.org\/{rel}","templated":true}]}}