{"id":928,"date":"2024-06-18T11:34:14","date_gmt":"2024-06-18T03:34:14","guid":{"rendered":"https:\/\/yisent.com\/?post_type=product&#038;p=928"},"modified":"2025-04-05T12:56:13","modified_gmt":"2025-04-05T04:56:13","slug":"spring-shut-off-nozzle-for-injection-molding-machine","status":"publish","type":"product","link":"https:\/\/yisent.com\/pt\/product\/injection-nozzle\/spring-shut-off-nozzle-for-injection-molding-machine\/","title":{"rendered":"Bocal de fecho de mola para m\u00e1quinas de moldagem por inje\u00e7\u00e3o"},"content":{"rendered":"<h3>Aplicativo<\/h3>\n<ul>\n<li>Evitar vazamentos<\/li>\n<li>Reduza o tempo de ciclo<\/li>\n<li>Combina\u00e7\u00e3o com filtro ou mistura de cores<\/li>\n<\/ul>\n<h3>Pol\u00edmeros<\/h3>\n<p>PA6, PA66, PE, PP, PS, ABS, PET, etc.(N\u00e3o aplic\u00e1vel para PVC e PC)<\/p>\n<p><img loading=\"lazy\" decoding=\"async\" class=\"size-medium wp-image-922 aligncenter\" src=\"https:\/\/yisent.com\/wp-content\/uploads\/2024\/06\/SN-DWG.jpg\" alt=\"Bocal de desligamento por mola\" width=\"1060\" height=\"456\" \/><\/p>\n<table>\n<tbody>\n<tr>\n<td width=\"128\"><strong>Par\u00e2metros<\/strong><\/td>\n<td align=\"center\" width=\"61\"><strong>Unidade<\/strong><\/td>\n<td align=\"center\" width=\"94\"><strong>SN-1<\/strong><\/td>\n<td align=\"center\" width=\"94\"><strong>SN-2<\/strong><\/td>\n<td align=\"center\" width=\"94\"><strong>SN-3<\/strong><\/td>\n<\/tr>\n<tr>\n<td width=\"128\"><strong>M\u00e1x. Taxa de inje\u00e7\u00e3o<\/strong><\/td>\n<td align=\"center\" width=\"61\">cm<sup>3<\/sup>\/s<\/td>\n<td align=\"center\" width=\"94\">300<\/td>\n<td align=\"center\" width=\"94\">500<\/td>\n<td align=\"center\" width=\"94\">1500<\/td>\n<\/tr>\n<tr>\n<td width=\"128\"><strong>M\u00e1x. Di\u00e2metro do parafuso<\/strong><\/td>\n<td align=\"center\" width=\"61\">mm<\/td>\n<td align=\"center\" width=\"94\">40<\/td>\n<td align=\"center\" width=\"94\">70<\/td>\n<td align=\"center\" width=\"94\">120<\/td>\n<\/tr>\n<tr>\n<td width=\"128\"><strong>Tonelagem m\u00e1xima da m\u00e1quina<\/strong><\/td>\n<td align=\"center\" width=\"61\">Ton<\/td>\n<td align=\"center\" width=\"94\">200<\/td>\n<td align=\"center\" width=\"94\">400<\/td>\n<td align=\"center\" width=\"94\">1200<\/td>\n<\/tr>\n<tr>\n<td width=\"128\"><strong>Comprimento do corpo (B)<\/strong><\/td>\n<td align=\"center\" width=\"61\">mm<\/td>\n<td align=\"center\" width=\"94\">91<\/td>\n<td align=\"center\" width=\"94\">123<\/td>\n<td align=\"center\" width=\"94\">135<\/td>\n<\/tr>\n<tr>\n<td width=\"128\"><strong>Aquecedor (H)<\/strong><\/td>\n<td align=\"center\" width=\"61\">mm<\/td>\n<td align=\"center\" width=\"94\">\u03a645\u00d740L<\/td>\n<td align=\"center\" width=\"94\">\u03a647\u00d760L<\/td>\n<td align=\"center\" width=\"94\">\u03a660\u00d770L<\/td>\n<\/tr>\n<tr>\n<td width=\"128\"><strong>M\u00e1x. Di\u00e2metro do orif\u00edcio<\/strong><\/td>\n<td align=\"center\" width=\"61\">mm<\/td>\n<td align=\"center\" width=\"94\">3<\/td>\n<td align=\"center\" width=\"94\">5<\/td>\n<td align=\"center\" width=\"94\">8<\/td>\n<\/tr>\n<tr>\n<td width=\"128\"><strong>Press\u00e3o aberta<\/strong><\/td>\n<td align=\"center\" width=\"61\">Bar<\/td>\n<td colspan=\"3\" align=\"center\" width=\"282\">280<\/td>\n<\/tr>\n<tr>\n<td width=\"128\"><strong>Press\u00e3o de fechamento<\/strong><\/td>\n<td align=\"center\" width=\"61\">Bar<\/td>\n<td colspan=\"3\" align=\"center\" width=\"282\">100<\/td>\n<\/tr>\n<tr>\n<td width=\"128\"><strong>M\u00e1x. Barra de press\u00e3o de inje\u00e7\u00e3o<\/strong><\/td>\n<td align=\"center\" width=\"61\">Bar<\/td>\n<td colspan=\"3\" align=\"center\" width=\"282\">2500<\/td>\n<\/tr>\n<tr>\n<td width=\"128\"><strong>M\u00e1x. Temperatura<\/strong><\/td>\n<td align=\"center\" width=\"61\">\u00baC<\/td>\n<td colspan=\"3\" align=\"center\" width=\"282\">380<\/td>\n<\/tr>\n<\/tbody>\n<\/table>\n<p>&nbsp;<\/p>\n","protected":false},"excerpt":{"rendered":"<p>O bocal de fechamento por mola \u00e9 usado principalmente para evitar vazamentos de pl\u00e1sticos de alto fluxo, como nylons. O bocal \u00e9 aberto pela press\u00e3o de inje\u00e7\u00e3o de pol\u00edmeros fundidos e fechado pela for\u00e7a da mola interna ap\u00f3s o procedimento de reten\u00e7\u00e3o de press\u00e3o. Al\u00e9m disso, tamb\u00e9m pode reduzir o tempo de ciclo.<\/p>\n","protected":false},"featured_media":914,"template":"","meta":{"_uag_custom_page_level_css":"","site-sidebar-layout":"default","site-content-layout":"","ast-site-content-layout":"default","site-content-style":"default","site-sidebar-style":"default","ast-global-header-display":"","ast-banner-title-visibility":"","ast-main-header-display":"","ast-hfb-above-header-display":"","ast-hfb-below-header-display":"","ast-hfb-mobile-header-display":"","site-post-title":"","ast-breadcrumbs-content":"","ast-featured-img":"","footer-sml-layout":"","theme-transparent-header-meta":"default","adv-header-id-meta":"","stick-header-meta":"","header-above-stick-meta":"","header-main-stick-meta":"","header-below-stick-meta":"","astra-migrate-meta-layouts":"set","ast-page-background-enabled":"default","ast-page-background-meta":{"desktop":{"background-color":"","background-image":"","background-repeat":"repeat","background-position":"center center","background-size":"auto","background-attachment":"scroll","background-type":"","background-media":"","overlay-type":"","overlay-color":"","overlay-opacity":"","overlay-gradient":""},"tablet":{"background-color":"","background-image":"","background-repeat":"repeat","background-position":"center center","background-size":"auto","background-attachment":"scroll","background-type":"","background-media":"","overlay-type":"","overlay-color":"","overlay-opacity":"","overlay-gradient":""},"mobile":{"background-color":"","background-image":"","background-repeat":"repeat","background-position":"center center","background-size":"auto","background-attachment":"scroll","background-type":"","background-media":"","overlay-type":"","overlay-color":"","overlay-opacity":"","overlay-gradient":""}},"ast-content-background-meta":{"desktop":{"background-color":"var(--ast-global-color-5)","background-image":"","background-repeat":"repeat","background-position":"center center","background-size":"auto","background-attachment":"scroll","background-type":"","background-media":"","overlay-type":"","overlay-color":"","overlay-opacity":"","overlay-gradient":""},"tablet":{"background-color":"var(--ast-global-color-5)","background-image":"","background-repeat":"repeat","background-position":"center center","background-size":"auto","background-attachment":"scroll","background-type":"","background-media":"","overlay-type":"","overlay-color":"","overlay-opacity":"","overlay-gradient":""},"mobile":{"background-color":"var(--ast-global-color-5)","background-image":"","background-repeat":"repeat","background-position":"center center","background-size":"auto","background-attachment":"scroll","background-type":"","background-media":"","overlay-type":"","overlay-color":"","overlay-opacity":"","overlay-gradient":""}}},"product_brand":[],"product_cat":[57],"product_tag":[91,59,93],"class_list":{"0":"post-928","1":"product","2":"type-product","3":"status-publish","4":"has-post-thumbnail","6":"product_cat-injection-nozzle","7":"product_tag-injection-molding","8":"product_tag-shut-off-nozzle","9":"product_tag-stop-leakage","10":"desktop-align-left","11":"tablet-align-left","12":"mobile-align-left","14":"first","15":"instock","16":"shipping-taxable","17":"product-type-simple"},"uagb_featured_image_src":{"full":["https:\/\/yisent.com\/wp-content\/uploads\/2024\/06\/spring-shut-off-nozzle.jpg",1000,1000,false],"thumbnail":["https:\/\/yisent.com\/wp-content\/uploads\/2024\/06\/spring-shut-off-nozzle-150x150.jpg",150,150,true],"medium":["https:\/\/yisent.com\/wp-content\/uploads\/2024\/06\/spring-shut-off-nozzle-300x300.jpg",300,300,true],"medium_large":["https:\/\/yisent.com\/wp-content\/uploads\/2024\/06\/spring-shut-off-nozzle-768x768.jpg",768,768,true],"large":["https:\/\/yisent.com\/wp-content\/uploads\/2024\/06\/spring-shut-off-nozzle.jpg",1000,1000,false],"1536x1536":["https:\/\/yisent.com\/wp-content\/uploads\/2024\/06\/spring-shut-off-nozzle.jpg",1000,1000,false],"2048x2048":["https:\/\/yisent.com\/wp-content\/uploads\/2024\/06\/spring-shut-off-nozzle.jpg",1000,1000,false],"woocommerce_thumbnail":["https:\/\/yisent.com\/wp-content\/uploads\/2024\/06\/spring-shut-off-nozzle-300x300.jpg",300,300,true],"woocommerce_single":["https:\/\/yisent.com\/wp-content\/uploads\/2024\/06\/spring-shut-off-nozzle-600x600.jpg",600,600,true],"woocommerce_gallery_thumbnail":["https:\/\/yisent.com\/wp-content\/uploads\/2024\/06\/spring-shut-off-nozzle-100x100.jpg",100,100,true]},"uagb_author_info":{"display_name":"admin","author_link":"https:\/\/yisent.com\/pt\/author\/"},"uagb_comment_info":0,"uagb_excerpt":"O bocal de fechamento por mola \u00e9 usado principalmente para evitar vazamentos de pl\u00e1sticos de alto fluxo, como nylons. O bocal \u00e9 aberto pela press\u00e3o de inje\u00e7\u00e3o de pol\u00edmeros fundidos e fechado pela for\u00e7a da mola interna ap\u00f3s o procedimento de reten\u00e7\u00e3o de press\u00e3o. Al\u00e9m disso, tamb\u00e9m pode reduzir o tempo de ciclo.","_links":{"self":[{"href":"https:\/\/yisent.com\/pt\/wp-json\/wp\/v2\/product\/928","targetHints":{"allow":["GET"]}}],"collection":[{"href":"https:\/\/yisent.com\/pt\/wp-json\/wp\/v2\/product"}],"about":[{"href":"https:\/\/yisent.com\/pt\/wp-json\/wp\/v2\/types\/product"}],"wp:featuredmedia":[{"embeddable":true,"href":"https:\/\/yisent.com\/pt\/wp-json\/wp\/v2\/media\/914"}],"wp:attachment":[{"href":"https:\/\/yisent.com\/pt\/wp-json\/wp\/v2\/media?parent=928"}],"wp:term":[{"taxonomy":"product_brand","embeddable":true,"href":"https:\/\/yisent.com\/pt\/wp-json\/wp\/v2\/product_brand?post=928"},{"taxonomy":"product_cat","embeddable":true,"href":"https:\/\/yisent.com\/pt\/wp-json\/wp\/v2\/product_cat?post=928"},{"taxonomy":"product_tag","embeddable":true,"href":"https:\/\/yisent.com\/pt\/wp-json\/wp\/v2\/product_tag?post=928"}],"curies":[{"name":"wp","href":"https:\/\/api.w.org\/{rel}","templated":true}]}}