{"id":86,"date":"2019-01-23T13:24:06","date_gmt":"2019-01-23T13:24:06","guid":{"rendered":"https:\/\/yisent.com\/product\/aluminum-plant\/"},"modified":"2025-04-05T12:57:26","modified_gmt":"2025-04-05T04:57:26","slug":"bimetallic-barrel-for-injection-molding-machine","status":"publish","type":"product","link":"https:\/\/yisent.com\/pt\/product\/injection-screw-barrel\/bimetallic-barrel-for-injection-molding-machine\/","title":{"rendered":"Cano bimet\u00e1lico para m\u00e1quinas de moldagem por inje\u00e7\u00e3o"},"content":{"rendered":"<h3>INTRODU\u00c7\u00c3O<\/h3>\n<p>Os barris de inje\u00e7\u00e3o s\u00e3o pe\u00e7as essenciais para o processamento de pl\u00e1sticos em m\u00e1quinas de moldagem por inje\u00e7\u00e3o. Temos barris nitretados padr\u00e3o para pl\u00e1sticos comuns e barris bimet\u00e1licos para pl\u00e1sticos cheios de fibra de vidro, fluoropol\u00edmeros, pl\u00e1sticos sem aditivos de halog\u00eanio e pol\u00edmeros altamente corrosivos, etc.<\/p>\n<h3>M\u00c1QUINAS DISPON\u00cdVEIS<\/h3>\n<p>HAITIAN, ZHAFIR, YIZUMI, CHENHSONG, TEDERIC, WELLTEC, BOLE, BORCHE, HWAMDA, LK, POWERJET, UWA, SOUND, DKM, HAITAI, HAIDA, HAIXIONG, HAIJING, NPC, TOPSTAR, SUMITOMO, DEMAG, NISSEI, FANUC, TOYO, JSW, TOSHIBA, SODICK, MITSUBISHI, KAWAGUCHI, NIIGATA, MEIKI, ENGEL, ARBURG, KRAUSS MAFFEI, BOY, WITTMANN, BATTENFELD, NETSTAL, HUSKY, VICTOR, FCS, CLF, ASIAN PLASTIC, UNION PLASTIC, KINKI, HUARONG, HWA CHIN, JON WAI, WOOJIN, LG, LS MTRON, MILACRON, WINDSOR, ELECTRONICA, etc.<\/p>\n<h3>PL\u00c1STICOS<\/h3>\n<p>PE, PP, PS, PA, PC, ABS, POM, PET, PBT, LCP, PEEK, PTFE, Max 65% GF, Pl\u00e1sticos Livres de Halog\u00eanio etc.<\/p>\n<h3>APLICATIVO<\/h3>\n<p>Dom\u00e9stico, Eletrodom\u00e9sticos, Autom\u00f3vel, Comunica\u00e7\u00e3o, El\u00e9trico, Dispositivos M\u00e9dicos, Constru\u00e7\u00e3o, Embalagem, Agricultura, etc.<\/p>\n<h3>MATERIAIS DE A\u00c7O PARA BARRIS DE INJE\u00c7\u00c3O<\/h3>\n<table width=\"698\">\n<tbody>\n<tr>\n<td width=\"105\"><b>C\u00f3digo material<\/b><\/td>\n<td width=\"96\"><b>Dureza<\/b><\/td>\n<td width=\"146\"><b>Tratamento<\/b><\/td>\n<td width=\"192\"><b>Aplicativo<\/b><\/td>\n<\/tr>\n<tr>\n<td width=\"105\"><b>YT-11<\/b><\/td>\n<td width=\"96\">HRC 68~70<\/td>\n<td width=\"146\">Nitreta\u00e7\u00e3o a G\u00e1s<\/td>\n<td width=\"192\">Pl\u00e1sticos Comuns<\/td>\n<\/tr>\n<tr>\n<td width=\"105\"><b>YT-26<\/b><\/td>\n<td width=\"96\">HRC 59~61<\/td>\n<td width=\"146\">Fundi\u00e7\u00e3o Centr\u00edfuga<\/td>\n<td width=\"192\">30% GF<\/td>\n<\/tr>\n<tr>\n<td width=\"105\"><b>YT-27<\/b><\/td>\n<td width=\"96\">HRC 60~63<\/td>\n<td width=\"146\">Fundi\u00e7\u00e3o Centr\u00edfuga<\/td>\n<td width=\"192\">50% GF<\/td>\n<\/tr>\n<tr>\n<td width=\"105\"><b>YT-28<\/b><\/td>\n<td width=\"96\">HRC 62~65<\/td>\n<td width=\"146\">Fundi\u00e7\u00e3o Centr\u00edfuga<\/td>\n<td width=\"192\">65% GF<\/td>\n<\/tr>\n<\/tbody>\n<\/table>\n<p>&nbsp;<\/p>\n","protected":false},"excerpt":{"rendered":"<p>Comprimento m\u00e1ximo: 9000 mm<br \/>\nDi\u00e2metro do parafuso: \u03a616 ~ 450 mm<br \/>\nProfundidade de nitreta\u00e7\u00e3o: 0,4 mm ~ 0,7 mm<br \/>\nDureza de nitreta\u00e7\u00e3o: HRC 68 ~ 70<br \/>\nEspessura da camada de liga: 1,5 ~ 3,0 mm<br \/>\nRetid\u00e3o: 0,015 mm\/m<br \/>\nRugosidade: Ra 0,4<br \/>\nFragilidade: Grau 1<br \/>\nGarantia de 1 ano<\/p>\n","protected":false},"featured_media":8,"template":"","meta":{"_uag_custom_page_level_css":"","site-sidebar-layout":"default","site-content-layout":"default","ast-site-content-layout":"default","site-content-style":"default","site-sidebar-style":"default","ast-global-header-display":"","ast-banner-title-visibility":"","ast-main-header-display":"","ast-hfb-above-header-display":"","ast-hfb-below-header-display":"","ast-hfb-mobile-header-display":"","site-post-title":"","ast-breadcrumbs-content":"","ast-featured-img":"","footer-sml-layout":"","theme-transparent-header-meta":"default","adv-header-id-meta":"","stick-header-meta":"","header-above-stick-meta":"","header-main-stick-meta":"","header-below-stick-meta":"","astra-migrate-meta-layouts":"set","ast-page-background-enabled":"default","ast-page-background-meta":{"desktop":{"background-color":"","background-image":"","background-repeat":"repeat","background-position":"center center","background-size":"auto","background-attachment":"scroll","background-type":"","background-media":"","overlay-type":"","overlay-color":"","overlay-opacity":"","overlay-gradient":""},"tablet":{"background-color":"","background-image":"","background-repeat":"repeat","background-position":"center center","background-size":"auto","background-attachment":"scroll","background-type":"","background-media":"","overlay-type":"","overlay-color":"","overlay-opacity":"","overlay-gradient":""},"mobile":{"background-color":"","background-image":"","background-repeat":"repeat","background-position":"center center","background-size":"auto","background-attachment":"scroll","background-type":"","background-media":"","overlay-type":"","overlay-color":"","overlay-opacity":"","overlay-gradient":""}},"ast-content-background-meta":{"desktop":{"background-color":"var(--ast-global-color-5)","background-image":"","background-repeat":"repeat","background-position":"center center","background-size":"auto","background-attachment":"scroll","background-type":"","background-media":"","overlay-type":"","overlay-color":"","overlay-opacity":"","overlay-gradient":""},"tablet":{"background-color":"var(--ast-global-color-5)","background-image":"","background-repeat":"repeat","background-position":"center center","background-size":"auto","background-attachment":"scroll","background-type":"","background-media":"","overlay-type":"","overlay-color":"","overlay-opacity":"","overlay-gradient":""},"mobile":{"background-color":"var(--ast-global-color-5)","background-image":"","background-repeat":"repeat","background-position":"center center","background-size":"auto","background-attachment":"scroll","background-type":"","background-media":"","overlay-type":"","overlay-color":"","overlay-opacity":"","overlay-gradient":""}}},"product_brand":[],"product_cat":[17],"product_tag":[40,84,43,85,91,54],"class_list":{"0":"post-86","1":"product","2":"type-product","3":"status-publish","4":"has-post-thumbnail","6":"product_cat-injection-screw-barrel","7":"product_tag-bimetallic-barrel","8":"product_tag-bimetallic-cylinder","9":"product_tag-bimetallic-screw-barrel","10":"product_tag-bimetallic-screw-cylinder","11":"product_tag-injection-molding","12":"product_tag-screw-cylinder","13":"desktop-align-left","14":"tablet-align-left","15":"mobile-align-left","17":"first","18":"instock","19":"featured","20":"shipping-taxable","21":"product-type-simple"},"uagb_featured_image_src":{"full":["https:\/\/yisent.com\/wp-content\/uploads\/2023\/11\/injection-barrel.jpg",1000,1000,false],"thumbnail":["https:\/\/yisent.com\/wp-content\/uploads\/2023\/11\/injection-barrel-150x150.jpg",150,150,true],"medium":["https:\/\/yisent.com\/wp-content\/uploads\/2023\/11\/injection-barrel-300x300.jpg",300,300,true],"medium_large":["https:\/\/yisent.com\/wp-content\/uploads\/2023\/11\/injection-barrel-768x768.jpg",768,768,true],"large":["https:\/\/yisent.com\/wp-content\/uploads\/2023\/11\/injection-barrel.jpg",1000,1000,false],"1536x1536":["https:\/\/yisent.com\/wp-content\/uploads\/2023\/11\/injection-barrel.jpg",1000,1000,false],"2048x2048":["https:\/\/yisent.com\/wp-content\/uploads\/2023\/11\/injection-barrel.jpg",1000,1000,false],"woocommerce_thumbnail":["https:\/\/yisent.com\/wp-content\/uploads\/2023\/11\/injection-barrel-300x300.jpg",300,300,true],"woocommerce_single":["https:\/\/yisent.com\/wp-content\/uploads\/2023\/11\/injection-barrel-600x600.jpg",600,600,true],"woocommerce_gallery_thumbnail":["https:\/\/yisent.com\/wp-content\/uploads\/2023\/11\/injection-barrel-100x100.jpg",100,100,true]},"uagb_author_info":{"display_name":"admin","author_link":"https:\/\/yisent.com\/pt\/author\/"},"uagb_comment_info":0,"uagb_excerpt":"Comprimento m\u00e1ximo: 9000 mm Di\u00e2metro do parafuso: \u03a616 ~ 450 mm Profundidade de nitreta\u00e7\u00e3o: 0,4 mm ~ 0,7 mm Dureza de nitreta\u00e7\u00e3o: HRC 68 ~ 70 Espessura da camada de liga: 1,5 ~ 3,0 mm Retid\u00e3o: 0,015 mm\/m Rugosidade: Ra 0,4 Fragilidade: Grau 1 Garantia de 1 ano","_links":{"self":[{"href":"https:\/\/yisent.com\/pt\/wp-json\/wp\/v2\/product\/86","targetHints":{"allow":["GET"]}}],"collection":[{"href":"https:\/\/yisent.com\/pt\/wp-json\/wp\/v2\/product"}],"about":[{"href":"https:\/\/yisent.com\/pt\/wp-json\/wp\/v2\/types\/product"}],"wp:featuredmedia":[{"embeddable":true,"href":"https:\/\/yisent.com\/pt\/wp-json\/wp\/v2\/media\/8"}],"wp:attachment":[{"href":"https:\/\/yisent.com\/pt\/wp-json\/wp\/v2\/media?parent=86"}],"wp:term":[{"taxonomy":"product_brand","embeddable":true,"href":"https:\/\/yisent.com\/pt\/wp-json\/wp\/v2\/product_brand?post=86"},{"taxonomy":"product_cat","embeddable":true,"href":"https:\/\/yisent.com\/pt\/wp-json\/wp\/v2\/product_cat?post=86"},{"taxonomy":"product_tag","embeddable":true,"href":"https:\/\/yisent.com\/pt\/wp-json\/wp\/v2\/product_tag?post=86"}],"curies":[{"name":"wp","href":"https:\/\/api.w.org\/{rel}","templated":true}]}}