{"id":82,"date":"2019-01-23T12:23:25","date_gmt":"2019-01-23T12:23:25","guid":{"rendered":"https:\/\/yisent.com\/product\/rattle-snake-tail\/"},"modified":"2025-04-05T13:13:28","modified_gmt":"2025-04-05T05:13:28","slug":"segment-screw-element-for-plastic-extruder","status":"publish","type":"product","link":"https:\/\/yisent.com\/pt\/product\/extruder-screw-barrel\/twin-screw-barrel\/segment-screw-element-for-plastic-extruder\/","title":{"rendered":"Elemento de parafuso de segmento para extrusora de pl\u00e1stico"},"content":{"rendered":"<h3>INTRODU\u00c7\u00c3O<\/h3>\n<p>Os parafusos de segmento s\u00e3o amplamente utilizados em extrusoras de pl\u00e1stico de alto rendimento, aplicadas principalmente na composi\u00e7\u00e3o de master batch, produ\u00e7\u00e3o de filmes e folhas.<\/p>\n<p>Tipos de parafusos de segmento<\/p>\n<ol>\n<li>Transportando elementos de parafuso<\/li>\n<li>Amassar Blocos<\/li>\n<li>Misturando Elementos de Parafuso<\/li>\n<li>Elementos de parafuso de transi\u00e7\u00e3o<\/li>\n<li>Elementos de parafuso de compress\u00e3o<\/li>\n<\/ol>\n<h3>M\u00c1QUINAS DISPON\u00cdVEIS<\/h3>\n<p>Coperion, Leistritz, Kobe, Toshiba, JSW, Krauss Maffei, Berstorff, Battenfeld, Weber, Theysohn, etc.<\/p>\n<h3>APLICATIVO<\/h3>\n<p>Composi\u00e7\u00e3o de Master Batches, Tubos, Filmes, Chapas, Perfis, etc.<\/p>\n<table width=\"698\">\n<tbody>\n<tr>\n<td width=\"121\"><b>Material<\/b><\/td>\n<td align=\"center\" width=\"129\"><b>Dureza<\/b><\/td>\n<td align=\"center\" width=\"142\"><b>Tratamento<\/b><\/td>\n<td align=\"center\" width=\"175\"><b>Aplicativo<\/b><\/td>\n<\/tr>\n<tr>\n<td width=\"121\"><strong>Cr26<\/strong><\/td>\n<td align=\"center\" width=\"129\">HRC 58 ~ 62<\/td>\n<td align=\"center\" width=\"142\">PTA<\/td>\n<td align=\"center\" width=\"175\">30%GF<\/td>\n<\/tr>\n<tr>\n<td width=\"121\"><strong>Ni60<\/strong><\/td>\n<td align=\"center\" width=\"129\">HRC 58 ~ 62<\/td>\n<td align=\"center\" width=\"142\">PTA<\/td>\n<td align=\"center\" width=\"175\">40%GF<\/td>\n<\/tr>\n<tr>\n<td width=\"121\"><strong>Cr12MoV<\/strong><\/td>\n<td align=\"center\" width=\"129\">HRC 58 ~ 60<\/td>\n<td align=\"center\" width=\"142\">T\u00eampera a V\u00e1cuo<\/td>\n<td align=\"center\" width=\"175\">20%GF<\/td>\n<\/tr>\n<tr>\n<td width=\"121\"><b>M2<\/b><\/td>\n<td align=\"center\" width=\"129\">HRC 61 ~ 63<\/td>\n<td align=\"center\" width=\"142\">T\u00eampera a V\u00e1cuo<\/td>\n<td align=\"center\" width=\"175\">30%GF<\/td>\n<\/tr>\n<tr>\n<td width=\"121\"><b>M3<\/b><\/td>\n<td align=\"center\" width=\"129\">HRC 65 ~ 67<\/td>\n<td align=\"center\" width=\"142\">T\u00eampera a V\u00e1cuo<\/td>\n<td align=\"center\" width=\"175\">50%GF<\/td>\n<\/tr>\n<tr>\n<td width=\"121\"><strong>WR5<\/strong><\/td>\n<td align=\"center\" width=\"129\">HRC 63 ~ 65<\/td>\n<td align=\"center\" width=\"142\">HIP<\/td>\n<td align=\"center\" width=\"175\">50%GF<\/td>\n<\/tr>\n<tr>\n<td width=\"121\"><b>WR14<\/b><\/td>\n<td align=\"center\" width=\"129\">HRC 64 ~ 66<\/td>\n<td align=\"center\" width=\"142\">HIP<\/td>\n<td align=\"center\" width=\"175\">Altamente corrosivo<\/td>\n<\/tr>\n<tr>\n<td width=\"121\"><b>WR13<\/b><\/td>\n<td align=\"center\" width=\"129\">HRC 64 ~ 66<\/td>\n<td align=\"center\" width=\"142\">HIP<\/td>\n<td align=\"center\" width=\"175\">Altamente corrosivo<\/td>\n<\/tr>\n<tr>\n<td width=\"121\"><b>TiN Coating<\/b><\/td>\n<td align=\"center\" width=\"129\">HRC 56 ~ 60<\/td>\n<td align=\"center\" width=\"142\">PVD<\/td>\n<td align=\"center\" width=\"175\">Alta Abrasivo e Corrosivo<\/td>\n<\/tr>\n<tr>\n<td width=\"121\"><b>CrN Coating<\/b><\/td>\n<td align=\"center\" width=\"129\">HRC 58 ~ 62<\/td>\n<td align=\"center\" width=\"142\">PVD<\/td>\n<td align=\"center\" width=\"175\">Alta Abrasivo e Corrosivo<\/td>\n<\/tr>\n<tr>\n<td width=\"121\"><b>TiAlN Coating<\/b><\/td>\n<td align=\"center\" width=\"129\">HRC 64 ~ 66<\/td>\n<td align=\"center\" width=\"142\">PVD<\/td>\n<td align=\"center\" width=\"175\">Alta Abrasivo e Corrosivo<\/td>\n<\/tr>\n<tr>\n<td width=\"121\"><b>9Cr18MoV<\/b><\/td>\n<td align=\"center\" width=\"129\">HRC 58 ~ 62<\/td>\n<td align=\"center\" width=\"142\">T\u00eampera a V\u00e1cuo<\/td>\n<td align=\"center\" width=\"175\">Alta Abrasivo e Corrosivo<\/td>\n<\/tr>\n<tr>\n<td width=\"121\"><b>SUS 316L<\/b><\/td>\n<td align=\"center\" width=\"129\">HRC 45 ~ 50<\/td>\n<td align=\"center\" width=\"142\">T\u00eampera<\/td>\n<td align=\"center\" width=\"175\">Altamente corrosivo<\/td>\n<\/tr>\n<tr>\n<td width=\"121\"><b>C276<\/b><\/td>\n<td align=\"center\" width=\"129\">HRC 60 ~ 65<\/td>\n<td align=\"center\" width=\"142\">T\u00eampera<\/td>\n<td align=\"center\" width=\"175\">Extremamente Corrosivo<\/td>\n<\/tr>\n<\/tbody>\n<\/table>\n","protected":false},"excerpt":{"rendered":"<p>Di\u00e2metro do parafuso: \u03a612 ~ 350 mm<br \/>\nParafuso L\/D: 12 ~ 55<br \/>\nMateriais de a\u00e7o: a\u00e7o ferramenta, a\u00e7o PM, a\u00e7o inoxid\u00e1vel, etc.<br \/>\nDureza: HRC 45 ~ 67<br \/>\nRetid\u00e3o: 0,015 mm\/m<br \/>\nRugosidade: Ra 0,4<br \/>\nFragilidade: Grau 1<br \/>\nGarantia de 1 ano<\/p>\n","protected":false},"featured_media":652,"template":"","meta":{"_uag_custom_page_level_css":"","site-sidebar-layout":"default","site-content-layout":"default","ast-site-content-layout":"default","site-content-style":"default","site-sidebar-style":"default","ast-global-header-display":"","ast-banner-title-visibility":"","ast-main-header-display":"","ast-hfb-above-header-display":"","ast-hfb-below-header-display":"","ast-hfb-mobile-header-display":"","site-post-title":"","ast-breadcrumbs-content":"","ast-featured-img":"","footer-sml-layout":"","theme-transparent-header-meta":"default","adv-header-id-meta":"","stick-header-meta":"","header-above-stick-meta":"","header-main-stick-meta":"","header-below-stick-meta":"","astra-migrate-meta-layouts":"set","ast-page-background-enabled":"default","ast-page-background-meta":{"desktop":{"background-color":"","background-image":"","background-repeat":"repeat","background-position":"center center","background-size":"auto","background-attachment":"scroll","background-type":"","background-media":"","overlay-type":"","overlay-color":"","overlay-opacity":"","overlay-gradient":""},"tablet":{"background-color":"","background-image":"","background-repeat":"repeat","background-position":"center center","background-size":"auto","background-attachment":"scroll","background-type":"","background-media":"","overlay-type":"","overlay-color":"","overlay-opacity":"","overlay-gradient":""},"mobile":{"background-color":"","background-image":"","background-repeat":"repeat","background-position":"center center","background-size":"auto","background-attachment":"scroll","background-type":"","background-media":"","overlay-type":"","overlay-color":"","overlay-opacity":"","overlay-gradient":""}},"ast-content-background-meta":{"desktop":{"background-color":"var(--ast-global-color-5)","background-image":"","background-repeat":"repeat","background-position":"center center","background-size":"auto","background-attachment":"scroll","background-type":"","background-media":"","overlay-type":"","overlay-color":"","overlay-opacity":"","overlay-gradient":""},"tablet":{"background-color":"var(--ast-global-color-5)","background-image":"","background-repeat":"repeat","background-position":"center center","background-size":"auto","background-attachment":"scroll","background-type":"","background-media":"","overlay-type":"","overlay-color":"","overlay-opacity":"","overlay-gradient":""},"mobile":{"background-color":"var(--ast-global-color-5)","background-image":"","background-repeat":"repeat","background-position":"center center","background-size":"auto","background-attachment":"scroll","background-type":"","background-media":"","overlay-type":"","overlay-color":"","overlay-opacity":"","overlay-gradient":""}}},"product_brand":[],"product_cat":[22],"product_tag":[94,73,74,72],"class_list":{"0":"post-82","1":"product","2":"type-product","3":"status-publish","4":"has-post-thumbnail","6":"product_cat-twin-screw-barrel","7":"product_tag-plastic-extruder","8":"product_tag-screw-element","9":"product_tag-segment-screw-barrel","10":"product_tag-segment-screw","11":"desktop-align-left","12":"tablet-align-left","13":"mobile-align-left","15":"first","16":"instock","17":"featured","18":"shipping-taxable","19":"product-type-simple"},"uagb_featured_image_src":{"full":["https:\/\/yisent.com\/wp-content\/uploads\/2023\/12\/segment-screw.jpg",1000,1000,false],"thumbnail":["https:\/\/yisent.com\/wp-content\/uploads\/2023\/12\/segment-screw-150x150.jpg",150,150,true],"medium":["https:\/\/yisent.com\/wp-content\/uploads\/2023\/12\/segment-screw-300x300.jpg",300,300,true],"medium_large":["https:\/\/yisent.com\/wp-content\/uploads\/2023\/12\/segment-screw-768x768.jpg",768,768,true],"large":["https:\/\/yisent.com\/wp-content\/uploads\/2023\/12\/segment-screw.jpg",1000,1000,false],"1536x1536":["https:\/\/yisent.com\/wp-content\/uploads\/2023\/12\/segment-screw.jpg",1000,1000,false],"2048x2048":["https:\/\/yisent.com\/wp-content\/uploads\/2023\/12\/segment-screw.jpg",1000,1000,false],"woocommerce_thumbnail":["https:\/\/yisent.com\/wp-content\/uploads\/2023\/12\/segment-screw-300x300.jpg",300,300,true],"woocommerce_single":["https:\/\/yisent.com\/wp-content\/uploads\/2023\/12\/segment-screw-600x600.jpg",600,600,true],"woocommerce_gallery_thumbnail":["https:\/\/yisent.com\/wp-content\/uploads\/2023\/12\/segment-screw-100x100.jpg",100,100,true]},"uagb_author_info":{"display_name":"admin","author_link":"https:\/\/yisent.com\/pt\/author\/"},"uagb_comment_info":0,"uagb_excerpt":"Di\u00e2metro do parafuso: \u03a612 ~ 350 mm Parafuso L\/D: 12 ~ 55 Materiais de a\u00e7o: a\u00e7o ferramenta, a\u00e7o PM, a\u00e7o inoxid\u00e1vel, etc. Dureza: HRC 45 ~ 67 Retid\u00e3o: 0,015 mm\/m Rugosidade: Ra 0,4 Fragilidade: Grau 1 Garantia de 1 ano","_links":{"self":[{"href":"https:\/\/yisent.com\/pt\/wp-json\/wp\/v2\/product\/82","targetHints":{"allow":["GET"]}}],"collection":[{"href":"https:\/\/yisent.com\/pt\/wp-json\/wp\/v2\/product"}],"about":[{"href":"https:\/\/yisent.com\/pt\/wp-json\/wp\/v2\/types\/product"}],"wp:featuredmedia":[{"embeddable":true,"href":"https:\/\/yisent.com\/pt\/wp-json\/wp\/v2\/media\/652"}],"wp:attachment":[{"href":"https:\/\/yisent.com\/pt\/wp-json\/wp\/v2\/media?parent=82"}],"wp:term":[{"taxonomy":"product_brand","embeddable":true,"href":"https:\/\/yisent.com\/pt\/wp-json\/wp\/v2\/product_brand?post=82"},{"taxonomy":"product_cat","embeddable":true,"href":"https:\/\/yisent.com\/pt\/wp-json\/wp\/v2\/product_cat?post=82"},{"taxonomy":"product_tag","embeddable":true,"href":"https:\/\/yisent.com\/pt\/wp-json\/wp\/v2\/product_tag?post=82"}],"curies":[{"name":"wp","href":"https:\/\/api.w.org\/{rel}","templated":true}]}}