{"id":119,"date":"2020-08-20T10:02:41","date_gmt":"2020-08-20T10:02:41","guid":{"rendered":"https:\/\/yisent.com\/about-us\/"},"modified":"2026-04-16T10:16:19","modified_gmt":"2026-04-16T02:16:19","slug":"about-us","status":"publish","type":"page","link":"https:\/\/yisent.com\/pt\/about-us\/","title":{"rendered":"About Us"},"content":{"rendered":"\n<div class=\"wp-block-uagb-container uagb-block-c83c7f3f alignfull uagb-is-root-container\"><div class=\"uagb-container-inner-blocks-wrap\">\n<div class=\"wp-block-uagb-advanced-heading uagb-block-7ce29fef\"><h1 class=\"uagb-heading-text\">Sobre n\u00f3s<\/h1><\/div>\n<\/div><\/div>\n\n\n\n<div class=\"wp-block-uagb-container uagb-block-9838c905 alignfull uagb-is-root-container\"><div class=\"uagb-container-inner-blocks-wrap\">\n<p class=\"has-medium-font-size\">NINGBO YISENT TECNOLOGIA CO., LTD. dedica-se \u00e0 fabrica\u00e7\u00e3o de pe\u00e7as sobressalentes para m\u00e1quinas de pl\u00e1stico, como parafuso, cilindro, bico, conjunto de pontas e barra de liga\u00e7\u00e3o, etc. Ap\u00f3s anos de pesquisa e desenvolvimento, somos capazes de fornecer solu\u00e7\u00f5es de processamento de pl\u00e1stico para m\u00e1quinas de moldagem por inje\u00e7\u00e3o e extrusoras de pl\u00e1stico.<\/p>\n\n\n\n<p class=\"has-medium-font-size\">A nossa f\u00e1brica ocupa uma \u00e1rea de constru\u00e7\u00e3o de aproximadamente 20.000 m\u00b2, localizada na ilha de Zhoushan, ber\u00e7o da China, fabricante de cilindros roscados para m\u00e1quinas de pl\u00e1stico. Somos um dos principais fabricantes de cilindros roscados de alta qualidade na China. Dispomos de m\u00e1quinas CNC, m\u00e1quinas de soldadura autom\u00e1tica por plasma, retificadoras de parafusos de Taiwan, fornos de nitreta\u00e7\u00e3o a g\u00e1s, fornos de fundi\u00e7\u00e3o centr\u00edfuga, fornos de t\u00eampera a v\u00e1cuo, equipamento de teste e um avan\u00e7ado sistema de gest\u00e3o da qualidade.<\/p>\n\n\n\n<p class=\"has-medium-font-size\">Temos muitos estoques de cilindros de parafuso para m\u00e1quinas de moldagem por inje\u00e7\u00e3o famosas, que s\u00e3o amplamente utilizadas nas ind\u00fastrias dom\u00e9stica, de materiais de constru\u00e7\u00e3o, automotiva, de conformidade el\u00e9trica, de aparelhos m\u00e9dicos e de comunica\u00e7\u00f5es. Estamos empenhados em oferecer continuamente pe\u00e7as sobressalentes de cilindro de parafuso de alta qualidade com pre\u00e7os competitivos aos nossos clientes globais.<\/p>\n\n\n\n<div class=\"wp-block-uagb-image aligncenter uagb-block-f49f13f1 wp-block-uagb-image--layout-default wp-block-uagb-image--effect-static wp-block-uagb-image--align-center\"><figure class=\"wp-block-uagb-image__figure\"><img decoding=\"async\" srcset=\"https:\/\/yisent.com\/wp-content\/uploads\/2023\/12\/factory-1.png ,https:\/\/yisent.com\/wp-content\/uploads\/2023\/12\/factory-1.png 780w, https:\/\/yisent.com\/wp-content\/uploads\/2023\/12\/factory-1.png 360w\" sizes=\"auto, (max-width: 480px) 150px\" src=\"https:\/\/yisent.com\/wp-content\/uploads\/2023\/12\/factory-1.png\" alt=\"\" class=\"uag-image-641\" width=\"1200\" height=\"720\" title=\"\" loading=\"lazy\" role=\"img\"\/><\/figure><\/div>\n\n\n\n<div class=\"wp-block-uagb-image aligncenter uagb-block-dcd50d9c wp-block-uagb-image--layout-default wp-block-uagb-image--effect-static wp-block-uagb-image--align-center\"><figure class=\"wp-block-uagb-image__figure\"><img decoding=\"async\" srcset=\"https:\/\/yisent.com\/wp-content\/uploads\/2023\/12\/factory-2-654x1024.png ,https:\/\/yisent.com\/wp-content\/uploads\/2023\/12\/factory-2.png 780w, https:\/\/yisent.com\/wp-content\/uploads\/2023\/12\/factory-2.png 360w\" sizes=\"auto, (max-width: 480px) 150px\" src=\"https:\/\/yisent.com\/wp-content\/uploads\/2023\/12\/factory-2-654x1024.png\" alt=\"\" class=\"uag-image-653\" width=\"1200\" height=\"1800\" title=\"\" loading=\"lazy\" role=\"img\"\/><\/figure><\/div>\n<\/div><\/div>\n","protected":false},"excerpt":{"rendered":"<p>Sobre n\u00f3s NINGBO YISENT TECNOLOGIA CO., LTD. dedica-se \u00e0 fabrica\u00e7\u00e3o de pe\u00e7as sobressalentes para m\u00e1quinas de pl\u00e1stico, como parafuso, cilindro, bico, conjunto de pontas e barra de liga\u00e7\u00e3o, etc. Ap\u00f3s anos de pesquisa e desenvolvimento, somos capazes de fornecer solu\u00e7\u00f5es de processamento de pl\u00e1stico para m\u00e1quinas de moldagem por inje\u00e7\u00e3o e extrusoras de pl\u00e1stico. A [&hellip;]<\/p>\n","protected":false},"author":1,"featured_media":0,"parent":0,"menu_order":0,"comment_status":"closed","ping_status":"closed","template":"","meta":{"_uag_custom_page_level_css":"","site-sidebar-layout":"default","site-content-layout":"plain-container","ast-site-content-layout":"normal-width-container","site-content-style":"unboxed","site-sidebar-style":"unboxed","ast-global-header-display":"","ast-banner-title-visibility":"","ast-main-header-display":"","ast-hfb-above-header-display":"","ast-hfb-below-header-display":"","ast-hfb-mobile-header-display":"","site-post-title":"disabled","ast-breadcrumbs-content":"","ast-featured-img":"disabled","footer-sml-layout":"","theme-transparent-header-meta":"enabled","adv-header-id-meta":"","stick-header-meta":"","header-above-stick-meta":"","header-main-stick-meta":"","header-below-stick-meta":"","astra-migrate-meta-layouts":"set","ast-page-background-enabled":"default","ast-page-background-meta":{"desktop":{"background-color":"","background-image":"","background-repeat":"repeat","background-position":"center center","background-size":"auto","background-attachment":"scroll","background-type":"","background-media":"","overlay-type":"","overlay-color":"","overlay-opacity":"","overlay-gradient":""},"tablet":{"background-color":"","background-image":"","background-repeat":"repeat","background-position":"center center","background-size":"auto","background-attachment":"scroll","background-type":"","background-media":"","overlay-type":"","overlay-color":"","overlay-opacity":"","overlay-gradient":""},"mobile":{"background-color":"","background-image":"","background-repeat":"repeat","background-position":"center center","background-size":"auto","background-attachment":"scroll","background-type":"","background-media":"","overlay-type":"","overlay-color":"","overlay-opacity":"","overlay-gradient":""}},"ast-content-background-meta":{"desktop":{"background-color":"var(--ast-global-color-5)","background-image":"","background-repeat":"repeat","background-position":"center center","background-size":"auto","background-attachment":"scroll","background-type":"","background-media":"","overlay-type":"","overlay-color":"","overlay-opacity":"","overlay-gradient":""},"tablet":{"background-color":"var(--ast-global-color-5)","background-image":"","background-repeat":"repeat","background-position":"center center","background-size":"auto","background-attachment":"scroll","background-type":"","background-media":"","overlay-type":"","overlay-color":"","overlay-opacity":"","overlay-gradient":""},"mobile":{"background-color":"var(--ast-global-color-5)","background-image":"","background-repeat":"repeat","background-position":"center center","background-size":"auto","background-attachment":"scroll","background-type":"","background-media":"","overlay-type":"","overlay-color":"","overlay-opacity":"","overlay-gradient":""}},"footnotes":""},"class_list":["post-119","page","type-page","status-publish","hentry"],"uagb_featured_image_src":{"full":false,"thumbnail":false,"medium":false,"medium_large":false,"large":false,"1536x1536":false,"2048x2048":false,"woocommerce_thumbnail":false,"woocommerce_single":false,"woocommerce_gallery_thumbnail":false},"uagb_author_info":{"display_name":"admin","author_link":"https:\/\/yisent.com\/pt\/author\/nick\/"},"uagb_comment_info":0,"uagb_excerpt":"Sobre n\u00f3s NINGBO YISENT TECNOLOGIA CO., LTD. dedica-se \u00e0 fabrica\u00e7\u00e3o de pe\u00e7as sobressalentes para m\u00e1quinas de pl\u00e1stico, como parafuso, cilindro, bico, conjunto de pontas e barra de liga\u00e7\u00e3o, etc. Ap\u00f3s anos de pesquisa e desenvolvimento, somos capazes de fornecer solu\u00e7\u00f5es de processamento de pl\u00e1stico para m\u00e1quinas de moldagem por inje\u00e7\u00e3o e extrusoras de pl\u00e1stico. A&hellip;","_links":{"self":[{"href":"https:\/\/yisent.com\/pt\/wp-json\/wp\/v2\/pages\/119","targetHints":{"allow":["GET"]}}],"collection":[{"href":"https:\/\/yisent.com\/pt\/wp-json\/wp\/v2\/pages"}],"about":[{"href":"https:\/\/yisent.com\/pt\/wp-json\/wp\/v2\/types\/page"}],"author":[{"embeddable":true,"href":"https:\/\/yisent.com\/pt\/wp-json\/wp\/v2\/users\/1"}],"replies":[{"embeddable":true,"href":"https:\/\/yisent.com\/pt\/wp-json\/wp\/v2\/comments?post=119"}],"version-history":[{"count":34,"href":"https:\/\/yisent.com\/pt\/wp-json\/wp\/v2\/pages\/119\/revisions"}],"predecessor-version":[{"id":1062,"href":"https:\/\/yisent.com\/pt\/wp-json\/wp\/v2\/pages\/119\/revisions\/1062"}],"wp:attachment":[{"href":"https:\/\/yisent.com\/pt\/wp-json\/wp\/v2\/media?parent=119"}],"curies":[{"name":"wp","href":"https:\/\/api.w.org\/{rel}","templated":true}]}}