{"id":933,"date":"2024-06-19T11:07:05","date_gmt":"2024-06-19T03:07:05","guid":{"rendered":"https:\/\/yisent.com\/?post_type=product&#038;p=933"},"modified":"2025-04-05T12:29:25","modified_gmt":"2025-04-05T04:29:25","slug":"needle-pneumatic-hydraulic-shut-off-nozzle-for-stopping-leakage","status":"publish","type":"product","link":"https:\/\/yisent.com\/fr\/product\/injection-nozzle\/needle-pneumatic-hydraulic-shut-off-nozzle-for-stopping-leakage\/","title":{"rendered":"Buse d&rsquo;arr\u00eat hydraulique pneumatique \u00e0 aiguille pour arr\u00eater les fuites"},"content":{"rendered":"<h3>Application<\/h3>\n<ul>\n<li>Pr\u00e9venir les fuites et raccourcir le temps de cycle<\/li>\n<li>Injection assist\u00e9e par mousse<\/li>\n<li>Combinaison avec filtre ou m\u00e9lange de couleurs<\/li>\n<\/ul>\n<h3>Polym\u00e8res<\/h3>\n<p>PA6, PA66, PE, PP, PS, ABS, PET, etc. (Non applicable pour le PVC)<\/p>\n<p><img loading=\"lazy\" decoding=\"async\" class=\"size-medium wp-image-920 aligncenter\" src=\"https:\/\/yisent.com\/wp-content\/uploads\/2024\/06\/NP-DWG.jpg\" alt=\"Buse d'arr\u00eat pneumatique hydraulique \u00e0 aiguille\" width=\"1025\" height=\"500\" srcset=\"https:\/\/yisent.com\/wp-content\/uploads\/2024\/06\/NP-DWG.jpg 2050w, https:\/\/yisent.com\/wp-content\/uploads\/2024\/06\/NP-DWG-300x146.jpg 300w, https:\/\/yisent.com\/wp-content\/uploads\/2024\/06\/NP-DWG-1024x500.jpg 1024w, https:\/\/yisent.com\/wp-content\/uploads\/2024\/06\/NP-DWG-768x375.jpg 768w, https:\/\/yisent.com\/wp-content\/uploads\/2024\/06\/NP-DWG-1536x749.jpg 1536w, https:\/\/yisent.com\/wp-content\/uploads\/2024\/06\/NP-DWG-2048x999.jpg 2048w, https:\/\/yisent.com\/wp-content\/uploads\/2024\/06\/NP-DWG-600x293.jpg 600w\" sizes=\"auto, (max-width: 1025px) 100vw, 1025px\" \/><\/p>\n<table>\n<tbody>\n<tr>\n<td width=\"126\"><strong>Param\u00e8tres<\/strong><\/td>\n<td width=\"61\"><strong>unit\u00e9<\/strong><\/td>\n<td width=\"92\">\n<p style=\"text-align: center;\"><strong>NP-1\/NH-1<\/strong><\/p>\n<\/td>\n<td style=\"text-align: center;\" width=\"95\"><strong>NP-2\/NH-2<\/strong><\/td>\n<td width=\"98\">\n<p style=\"text-align: center;\"><strong>NP-3\/NH-3<\/strong><\/p>\n<\/td>\n<\/tr>\n<tr>\n<td width=\"126\"><strong>Max. D\u00e9bit d&rsquo;injection<\/strong><\/td>\n<td width=\"61\">cm<sup>3<\/sup>\/s<\/td>\n<td width=\"92\">\n<p style=\"text-align: center;\">500<\/p>\n<\/td>\n<td style=\"text-align: center;\" width=\"95\">1600<\/td>\n<td width=\"98\">\n<p style=\"text-align: center;\">3500<\/p>\n<\/td>\n<\/tr>\n<tr>\n<td width=\"126\"><strong>Max. Diam\u00e8tre de vis<\/strong><\/td>\n<td width=\"61\">mm<\/td>\n<td width=\"92\">\n<p style=\"text-align: center;\">50<\/p>\n<\/td>\n<td style=\"text-align: center;\" width=\"95\">120<\/td>\n<td width=\"98\">\n<p style=\"text-align: center;\">240<\/p>\n<\/td>\n<\/tr>\n<tr>\n<td width=\"126\"><strong>Max. Tonnage de la machine<\/strong><\/td>\n<td width=\"61\">Ton<\/td>\n<td width=\"92\">\n<p style=\"text-align: center;\">300<\/p>\n<\/td>\n<td style=\"text-align: center;\" width=\"95\">1200<\/td>\n<td width=\"98\">\n<p style=\"text-align: center;\">3000<\/p>\n<\/td>\n<\/tr>\n<tr>\n<td width=\"126\"><strong>Longueur de la pointe de la buse (A)<\/strong><\/td>\n<td width=\"61\">mm<\/td>\n<td colspan=\"3\" width=\"286\">\n<p style=\"text-align: center;\">30\/60\/90\/120<\/p>\n<\/td>\n<\/tr>\n<tr>\n<td width=\"126\"><strong>Longueur du corps (B)<\/strong><\/td>\n<td width=\"61\">mm<\/td>\n<td width=\"92\">\n<p style=\"text-align: center;\">140<\/p>\n<\/td>\n<td style=\"text-align: center;\" width=\"95\">178<\/td>\n<td width=\"98\">\n<p style=\"text-align: center;\">246<\/p>\n<\/td>\n<\/tr>\n<tr>\n<td width=\"126\"><strong>Chauffage (H)<\/strong><\/td>\n<td width=\"61\">mm<\/td>\n<td width=\"92\">\n<p style=\"text-align: center;\">\u03a660\u00d780L<\/p>\n<\/td>\n<td style=\"text-align: center;\" width=\"95\">\u03a680\u00d7100L<\/td>\n<td width=\"98\">\n<p style=\"text-align: center;\">\u03a6115\u00d7150L<\/p>\n<\/td>\n<\/tr>\n<tr>\n<td width=\"126\"><strong>Max. Diam\u00e8tre de l&rsquo;orifice<\/strong><\/td>\n<td width=\"61\">mm<\/td>\n<td width=\"92\">\n<p style=\"text-align: center;\">6<\/p>\n<\/td>\n<td style=\"text-align: center;\" width=\"95\">8<\/td>\n<td width=\"98\">\n<p style=\"text-align: center;\">11<\/p>\n<\/td>\n<\/tr>\n<tr>\n<td width=\"126\"><strong>M<\/strong><\/td>\n<td width=\"61\">mm<\/td>\n<td width=\"92\">\n<p style=\"text-align: center;\">85<\/p>\n<\/td>\n<td style=\"text-align: center;\" width=\"95\">100<\/td>\n<td width=\"98\">\n<p style=\"text-align: center;\">170<\/p>\n<\/td>\n<\/tr>\n<tr>\n<td width=\"126\"><strong>N<\/strong><\/td>\n<td width=\"61\">mm<\/td>\n<td width=\"92\">\n<p style=\"text-align: center;\">72<\/p>\n<\/td>\n<td style=\"text-align: center;\" width=\"95\">80<\/td>\n<td width=\"98\">\n<p style=\"text-align: center;\">135<\/p>\n<\/td>\n<\/tr>\n<tr>\n<td width=\"126\"><strong>P<\/strong><\/td>\n<td width=\"61\">mm<\/td>\n<td width=\"92\">\n<p style=\"text-align: center;\">55<\/p>\n<\/td>\n<td style=\"text-align: center;\" width=\"95\">65<\/td>\n<td width=\"98\">\n<p style=\"text-align: center;\">90<\/p>\n<\/td>\n<\/tr>\n<tr>\n<td width=\"126\"><strong>Pression pneumatique<\/strong><\/td>\n<td width=\"61\">Bar<\/td>\n<td width=\"92\">\n<p style=\"text-align: center;\">6<\/p>\n<\/td>\n<td style=\"text-align: center;\" width=\"95\">8<\/td>\n<td width=\"98\">\n<p style=\"text-align: center;\">10<\/p>\n<\/td>\n<\/tr>\n<tr>\n<td width=\"126\"><strong>Pression d&rsquo;huile hydraulique<\/strong><\/td>\n<td width=\"61\">Bar<\/td>\n<td colspan=\"3\" width=\"286\">\n<p style=\"text-align: center;\">30 ~ 70<\/p>\n<\/td>\n<\/tr>\n<tr>\n<td width=\"126\"><strong>Max. Pression d&rsquo;injection<\/strong><\/td>\n<td width=\"61\">Bar<\/td>\n<td colspan=\"3\" width=\"286\">\n<p style=\"text-align: center;\">3000<\/p>\n<\/td>\n<\/tr>\n<tr>\n<td width=\"126\"><strong>Max. Temp\u00e9rature<\/strong><\/td>\n<td width=\"61\">\u00baC<\/td>\n<td colspan=\"3\" width=\"286\">\n<p style=\"text-align: center;\">400<\/p>\n<\/td>\n<\/tr>\n<\/tbody>\n<\/table>\n","protected":false},"excerpt":{"rendered":"<p>La buse d&rsquo;arr\u00eat pneumatique\/hydraulique \u00e0 aiguille est principalement utilis\u00e9e pour emp\u00eacher les fuites de plastiques \u00e0 haut d\u00e9bit tels que les nylons. De plus, il peut \u00e9galement \u00eatre appliqu\u00e9 en injection assist\u00e9e par mousse et raccourcir le temps de cycle. L&rsquo;actionneur peut \u00eatre pneumatique ou hydraulique selon l&rsquo;installation de la machine.<\/p>\n","protected":false},"featured_media":913,"template":"","meta":{"_uag_custom_page_level_css":"","site-sidebar-layout":"default","site-content-layout":"","ast-site-content-layout":"default","site-content-style":"default","site-sidebar-style":"default","ast-global-header-display":"","ast-banner-title-visibility":"","ast-main-header-display":"","ast-hfb-above-header-display":"","ast-hfb-below-header-display":"","ast-hfb-mobile-header-display":"","site-post-title":"","ast-breadcrumbs-content":"","ast-featured-img":"","footer-sml-layout":"","theme-transparent-header-meta":"default","adv-header-id-meta":"","stick-header-meta":"","header-above-stick-meta":"","header-main-stick-meta":"","header-below-stick-meta":"","astra-migrate-meta-layouts":"set","ast-page-background-enabled":"default","ast-page-background-meta":{"desktop":{"background-color":"","background-image":"","background-repeat":"repeat","background-position":"center center","background-size":"auto","background-attachment":"scroll","background-type":"","background-media":"","overlay-type":"","overlay-color":"","overlay-opacity":"","overlay-gradient":""},"tablet":{"background-color":"","background-image":"","background-repeat":"repeat","background-position":"center center","background-size":"auto","background-attachment":"scroll","background-type":"","background-media":"","overlay-type":"","overlay-color":"","overlay-opacity":"","overlay-gradient":""},"mobile":{"background-color":"","background-image":"","background-repeat":"repeat","background-position":"center center","background-size":"auto","background-attachment":"scroll","background-type":"","background-media":"","overlay-type":"","overlay-color":"","overlay-opacity":"","overlay-gradient":""}},"ast-content-background-meta":{"desktop":{"background-color":"var(--ast-global-color-5)","background-image":"","background-repeat":"repeat","background-position":"center center","background-size":"auto","background-attachment":"scroll","background-type":"","background-media":"","overlay-type":"","overlay-color":"","overlay-opacity":"","overlay-gradient":""},"tablet":{"background-color":"var(--ast-global-color-5)","background-image":"","background-repeat":"repeat","background-position":"center center","background-size":"auto","background-attachment":"scroll","background-type":"","background-media":"","overlay-type":"","overlay-color":"","overlay-opacity":"","overlay-gradient":""},"mobile":{"background-color":"var(--ast-global-color-5)","background-image":"","background-repeat":"repeat","background-position":"center center","background-size":"auto","background-attachment":"scroll","background-type":"","background-media":"","overlay-type":"","overlay-color":"","overlay-opacity":"","overlay-gradient":""}}},"product_brand":[],"product_cat":[57],"product_tag":[61,91,60,59,93],"class_list":{"0":"post-933","1":"product","2":"type-product","3":"status-publish","4":"has-post-thumbnail","6":"product_cat-injection-nozzle","7":"product_tag-hydraulic-shut-off-nozzle","8":"product_tag-injection-molding","9":"product_tag-pneumatic-shut-off-nozzle","10":"product_tag-shut-off-nozzle","11":"product_tag-stop-leakage","12":"desktop-align-left","13":"tablet-align-left","14":"mobile-align-left","16":"first","17":"instock","18":"featured","19":"shipping-taxable","20":"product-type-simple"},"uagb_featured_image_src":{"full":["https:\/\/yisent.com\/wp-content\/uploads\/2024\/06\/needle-pneumatic-shut-off-nozzle.jpg",1000,1000,false],"thumbnail":["https:\/\/yisent.com\/wp-content\/uploads\/2024\/06\/needle-pneumatic-shut-off-nozzle-150x150.jpg",150,150,true],"medium":["https:\/\/yisent.com\/wp-content\/uploads\/2024\/06\/needle-pneumatic-shut-off-nozzle-300x300.jpg",300,300,true],"medium_large":["https:\/\/yisent.com\/wp-content\/uploads\/2024\/06\/needle-pneumatic-shut-off-nozzle-768x768.jpg",768,768,true],"large":["https:\/\/yisent.com\/wp-content\/uploads\/2024\/06\/needle-pneumatic-shut-off-nozzle.jpg",1000,1000,false],"1536x1536":["https:\/\/yisent.com\/wp-content\/uploads\/2024\/06\/needle-pneumatic-shut-off-nozzle.jpg",1000,1000,false],"2048x2048":["https:\/\/yisent.com\/wp-content\/uploads\/2024\/06\/needle-pneumatic-shut-off-nozzle.jpg",1000,1000,false],"woocommerce_thumbnail":["https:\/\/yisent.com\/wp-content\/uploads\/2024\/06\/needle-pneumatic-shut-off-nozzle-300x300.jpg",300,300,true],"woocommerce_single":["https:\/\/yisent.com\/wp-content\/uploads\/2024\/06\/needle-pneumatic-shut-off-nozzle-600x600.jpg",600,600,true],"woocommerce_gallery_thumbnail":["https:\/\/yisent.com\/wp-content\/uploads\/2024\/06\/needle-pneumatic-shut-off-nozzle-100x100.jpg",100,100,true]},"uagb_author_info":{"display_name":"admin","author_link":"https:\/\/yisent.com\/fr\/author\/"},"uagb_comment_info":0,"uagb_excerpt":"La buse d'arr\u00eat pneumatique\/hydraulique \u00e0 aiguille est principalement utilis\u00e9e pour emp\u00eacher les fuites de plastiques \u00e0 haut d\u00e9bit tels que les nylons. De plus, il peut \u00e9galement \u00eatre appliqu\u00e9 en injection assist\u00e9e par mousse et raccourcir le temps de cycle. L'actionneur peut \u00eatre pneumatique ou hydraulique selon l'installation de la machine.","_links":{"self":[{"href":"https:\/\/yisent.com\/fr\/wp-json\/wp\/v2\/product\/933","targetHints":{"allow":["GET"]}}],"collection":[{"href":"https:\/\/yisent.com\/fr\/wp-json\/wp\/v2\/product"}],"about":[{"href":"https:\/\/yisent.com\/fr\/wp-json\/wp\/v2\/types\/product"}],"wp:featuredmedia":[{"embeddable":true,"href":"https:\/\/yisent.com\/fr\/wp-json\/wp\/v2\/media\/913"}],"wp:attachment":[{"href":"https:\/\/yisent.com\/fr\/wp-json\/wp\/v2\/media?parent=933"}],"wp:term":[{"taxonomy":"product_brand","embeddable":true,"href":"https:\/\/yisent.com\/fr\/wp-json\/wp\/v2\/product_brand?post=933"},{"taxonomy":"product_cat","embeddable":true,"href":"https:\/\/yisent.com\/fr\/wp-json\/wp\/v2\/product_cat?post=933"},{"taxonomy":"product_tag","embeddable":true,"href":"https:\/\/yisent.com\/fr\/wp-json\/wp\/v2\/product_tag?post=933"}],"curies":[{"name":"wp","href":"https:\/\/api.w.org\/{rel}","templated":true}]}}