{"id":87,"date":"2019-01-23T13:25:49","date_gmt":"2019-01-23T13:25:49","guid":{"rendered":"https:\/\/yisent.com\/product\/money-plant\/"},"modified":"2025-04-05T12:56:46","modified_gmt":"2025-04-05T04:56:46","slug":"bimetallic-screw-for-injection-molding-machine","status":"publish","type":"product","link":"https:\/\/yisent.com\/fr\/product\/injection-screw-barrel\/bimetallic-screw-for-injection-molding-machine\/","title":{"rendered":"Vis bim\u00e9talliques pour presses \u00e0 injecter"},"content":{"rendered":"<h3>INTRODUCTION<\/h3>\n<p>Les vis bim\u00e9talliques sont des pi\u00e8ces essentielles pour la transformation du plastique sur les presses \u00e0 injecter. Nos vis bim\u00e9talliques sont utilis\u00e9es pour diverses applications de transformation du plastique, telles que les plastiques courants, les plastiques techniques charg\u00e9s de fibres de verre, les fluoropolym\u00e8res, les plastiques thermodurcissables, le caoutchouc de silicone liquide, etc.<\/p>\n<h3>MACHINES DISPONIBLES<\/h3>\n<p>HAITIAN, ZHAFIR, YIZUMI, CHENHSONG, TEDERIC, WELLTEC, BOLE, BORCHE, HWAMDA, LK, POWERJET, UWA, SOUND, DKM, HAITAI, HAIDA, HAIXIONG, HAIJING, NPC, TOPSTAR, SUMITOMO, DEMAG, NISSEI, FANUC, TOYO, JSW, TOSHIBA, SODICK, MITSUBISHI, KAWAGUCHI, NIIGATA, MEIKI, ENGEL, ARBURG, KRAUSS MAFFEI, BOY, WITTMANN, BATTENFELD, NETSTAL, HUSKY, VICTOR, FCS, CLF, ASIAN PLASTIC, UNION PLASTIC, KINKI, HUARONG, HWA CHIN, JON WAI, WOOJIN, LG, LS MTRON, MILACRON, WINDSOR, ELECTRONICA, etc.<\/p>\n<h3>PLASTIQUES<\/h3>\n<p>PE, PP, PS, PA, PC, ABS, POM, PET, PBT, LCP, PEEK, PTFE, Max 65\u00a0% GF, plastiques sans halog\u00e8ne, etc.<\/p>\n<h3>APPLICATION<\/h3>\n<p>M\u00e9nage, \u00c9lectrom\u00e9nager, Automobile, Communication, \u00c9lectricit\u00e9, Dispositifs m\u00e9dicaux, Construction, Emballage, Agriculture, etc.<\/p>\n<h3>MAT\u00c9RIAUX EN ACIER POUR VIS D&rsquo;INJECTION<\/h3>\n<table width=\"698\">\n<tbody>\n<tr>\n<td width=\"105\"><b>Code mat\u00e9riel<\/b><\/td>\n<td width=\"96\"><b>Duret\u00e9<\/b><\/td>\n<td width=\"146\"><b>Traitement de surface<\/b><\/td>\n<td width=\"193\"><b>Application<\/b><\/td>\n<\/tr>\n<tr>\n<td width=\"105\"><b>YT-11<\/b><\/td>\n<td width=\"96\">HRC 68~70<\/td>\n<td width=\"146\">Nitruration gazeuse<\/td>\n<td width=\"193\">Polym\u00e8res primaires<\/td>\n<\/tr>\n<tr>\n<td width=\"105\"><b>YT-21<\/b><\/td>\n<td width=\"96\">HRC 58~60<\/td>\n<td width=\"146\">Soudage PTA<\/td>\n<td width=\"193\">at\u00e9riaux recycl\u00e9s<\/td>\n<\/tr>\n<tr>\n<td width=\"105\"><b>YT-31<\/b><\/td>\n<td width=\"96\">HRC 58~60<\/td>\n<td width=\"146\">Trempe sous vide<\/td>\n<td width=\"193\">30% GF<\/td>\n<\/tr>\n<tr>\n<td width=\"105\"><b>YT-32<\/b><\/td>\n<td width=\"96\">HRC 62~64<\/td>\n<td width=\"146\">Trempe sous vide<\/td>\n<td width=\"193\">40% GF<\/td>\n<\/tr>\n<tr>\n<td width=\"105\"><b>YT-33<\/b><\/td>\n<td width=\"96\">HRC 64~68<\/td>\n<td width=\"146\">Trempe sous vide<\/td>\n<td width=\"193\">50% GF<\/td>\n<\/tr>\n<tr>\n<td width=\"105\"><b>YT-41<\/b><\/td>\n<td width=\"96\">HRC 62~64<\/td>\n<td width=\"146\">Trempe sous vide<\/td>\n<td width=\"193\">55% GF<\/td>\n<\/tr>\n<tr>\n<td width=\"105\"><b>YT-42<\/b><\/td>\n<td width=\"96\">HRC 62~64<\/td>\n<td width=\"146\">Trempe sous vide<\/td>\n<td width=\"193\">60% GF<\/td>\n<\/tr>\n<tr>\n<td width=\"105\"><b>YT-51<\/b><\/td>\n<td width=\"96\">HRC 68~70<\/td>\n<td width=\"146\">HVOF<\/td>\n<td width=\"193\">60% GF<\/td>\n<\/tr>\n<tr>\n<td width=\"105\"><b>YT-52<\/b><\/td>\n<td width=\"96\">HRC 68~70<\/td>\n<td width=\"146\">HVOF<\/td>\n<td width=\"193\">65% GF<\/td>\n<\/tr>\n<tr>\n<td width=\"105\"><b>YT-61<\/b><\/td>\n<td width=\"96\">HRC 56~60<\/td>\n<td width=\"146\">Galvanoplastie<\/td>\n<td width=\"193\">PC, PVC<\/td>\n<\/tr>\n<tr>\n<td width=\"105\"><b>YT-62<\/b><\/td>\n<td width=\"96\">HRC 58~62<\/td>\n<td width=\"146\">TiN PVD<\/td>\n<td width=\"193\">Produits optiques<\/td>\n<\/tr>\n<tr>\n<td width=\"105\"><b>YT-63<\/b><\/td>\n<td width=\"96\">HRC 56~60<\/td>\n<td width=\"146\">CrN PVD<\/td>\n<td width=\"193\">Plastiques sans halog\u00e8ne<\/td>\n<\/tr>\n<tr>\n<td width=\"105\"><b>YT-64<\/b><\/td>\n<td width=\"96\">HRC 64~66<\/td>\n<td width=\"146\">TiAlN PVD<\/td>\n<td width=\"193\">Tr\u00e8s abrasif et corrosif<\/td>\n<\/tr>\n<tr>\n<td width=\"105\"><b>YT-71<\/b><\/td>\n<td width=\"96\">HRC 45~50<\/td>\n<td width=\"146\">Trempe<\/td>\n<td width=\"193\">Plastiques corrosifs<\/td>\n<\/tr>\n<tr>\n<td width=\"105\"><b>YT-72<\/b><\/td>\n<td width=\"96\">HRC 60~65<\/td>\n<td width=\"146\">Trempe sous vide<\/td>\n<td width=\"193\">Plastiques hautement corrosifs<\/td>\n<\/tr>\n<\/tbody>\n<\/table>\n","protected":false},"excerpt":{"rendered":"<p>Longueur maximale\u00a0: 12 000\u00a0mm<br \/>\nDiam\u00e8tre de vis : \u03a616 ~ 450 mm<br \/>\nProfondeur de nitruration\u00a0: 0,4\u00a0mm ~ 0,7\u00a0mm<br \/>\nDuret\u00e9 de nitruration\u00a0: HRC 68 ~ 70<br \/>\n\u00c9paisseur de la couche d&rsquo;alliage : 1,5 ~ 3,0 mm<br \/>\nRectitude : 0,015 mm\/m<br \/>\nRugosit\u00e9 : Ra 0,4<br \/>\nFragilit\u00e9\u00a0:\u00a01re ann\u00e9e<br \/>\n1 ann\u00e9e de garantie<\/p>\n","protected":false},"featured_media":11,"template":"","meta":{"_uag_custom_page_level_css":"","site-sidebar-layout":"default","site-content-layout":"default","ast-site-content-layout":"default","site-content-style":"default","site-sidebar-style":"default","ast-global-header-display":"","ast-banner-title-visibility":"","ast-main-header-display":"","ast-hfb-above-header-display":"","ast-hfb-below-header-display":"","ast-hfb-mobile-header-display":"","site-post-title":"","ast-breadcrumbs-content":"","ast-featured-img":"","footer-sml-layout":"","theme-transparent-header-meta":"default","adv-header-id-meta":"","stick-header-meta":"","header-above-stick-meta":"","header-main-stick-meta":"","header-below-stick-meta":"","astra-migrate-meta-layouts":"set","ast-page-background-enabled":"default","ast-page-background-meta":{"desktop":{"background-color":"","background-image":"","background-repeat":"repeat","background-position":"center center","background-size":"auto","background-attachment":"scroll","background-type":"","background-media":"","overlay-type":"","overlay-color":"","overlay-opacity":"","overlay-gradient":""},"tablet":{"background-color":"","background-image":"","background-repeat":"repeat","background-position":"center center","background-size":"auto","background-attachment":"scroll","background-type":"","background-media":"","overlay-type":"","overlay-color":"","overlay-opacity":"","overlay-gradient":""},"mobile":{"background-color":"","background-image":"","background-repeat":"repeat","background-position":"center center","background-size":"auto","background-attachment":"scroll","background-type":"","background-media":"","overlay-type":"","overlay-color":"","overlay-opacity":"","overlay-gradient":""}},"ast-content-background-meta":{"desktop":{"background-color":"var(--ast-global-color-5)","background-image":"","background-repeat":"repeat","background-position":"center center","background-size":"auto","background-attachment":"scroll","background-type":"","background-media":"","overlay-type":"","overlay-color":"","overlay-opacity":"","overlay-gradient":""},"tablet":{"background-color":"var(--ast-global-color-5)","background-image":"","background-repeat":"repeat","background-position":"center center","background-size":"auto","background-attachment":"scroll","background-type":"","background-media":"","overlay-type":"","overlay-color":"","overlay-opacity":"","overlay-gradient":""},"mobile":{"background-color":"var(--ast-global-color-5)","background-image":"","background-repeat":"repeat","background-position":"center center","background-size":"auto","background-attachment":"scroll","background-type":"","background-media":"","overlay-type":"","overlay-color":"","overlay-opacity":"","overlay-gradient":""}}},"product_brand":[],"product_cat":[17],"product_tag":[43,85,91,86],"class_list":{"0":"post-87","1":"product","2":"type-product","3":"status-publish","4":"has-post-thumbnail","6":"product_cat-injection-screw-barrel","7":"product_tag-bimetallic-screw-barrel","8":"product_tag-bimetallic-screw-cylinder","9":"product_tag-injection-molding","10":"product_tag-screw-tip-set","11":"desktop-align-left","12":"tablet-align-left","13":"mobile-align-left","15":"first","16":"instock","17":"featured","18":"shipping-taxable","19":"product-type-simple"},"uagb_featured_image_src":{"full":["https:\/\/yisent.com\/wp-content\/uploads\/2023\/11\/injection-screw.jpg",1000,1000,false],"thumbnail":["https:\/\/yisent.com\/wp-content\/uploads\/2023\/11\/injection-screw-150x150.jpg",150,150,true],"medium":["https:\/\/yisent.com\/wp-content\/uploads\/2023\/11\/injection-screw-300x300.jpg",300,300,true],"medium_large":["https:\/\/yisent.com\/wp-content\/uploads\/2023\/11\/injection-screw-768x768.jpg",768,768,true],"large":["https:\/\/yisent.com\/wp-content\/uploads\/2023\/11\/injection-screw.jpg",1000,1000,false],"1536x1536":["https:\/\/yisent.com\/wp-content\/uploads\/2023\/11\/injection-screw.jpg",1000,1000,false],"2048x2048":["https:\/\/yisent.com\/wp-content\/uploads\/2023\/11\/injection-screw.jpg",1000,1000,false],"woocommerce_thumbnail":["https:\/\/yisent.com\/wp-content\/uploads\/2023\/11\/injection-screw-300x300.jpg",300,300,true],"woocommerce_single":["https:\/\/yisent.com\/wp-content\/uploads\/2023\/11\/injection-screw-600x600.jpg",600,600,true],"woocommerce_gallery_thumbnail":["https:\/\/yisent.com\/wp-content\/uploads\/2023\/11\/injection-screw-100x100.jpg",100,100,true]},"uagb_author_info":{"display_name":"admin","author_link":"https:\/\/yisent.com\/fr\/author\/"},"uagb_comment_info":0,"uagb_excerpt":"Longueur maximale\u00a0: 12 000\u00a0mm Diam\u00e8tre de vis : \u03a616 ~ 450 mm Profondeur de nitruration\u00a0: 0,4\u00a0mm ~ 0,7\u00a0mm Duret\u00e9 de nitruration\u00a0: HRC 68 ~ 70 \u00c9paisseur de la couche d'alliage : 1,5 ~ 3,0 mm Rectitude : 0,015 mm\/m Rugosit\u00e9 : Ra 0,4 Fragilit\u00e9\u00a0:\u00a01re ann\u00e9e 1 ann\u00e9e de garantie","_links":{"self":[{"href":"https:\/\/yisent.com\/fr\/wp-json\/wp\/v2\/product\/87","targetHints":{"allow":["GET"]}}],"collection":[{"href":"https:\/\/yisent.com\/fr\/wp-json\/wp\/v2\/product"}],"about":[{"href":"https:\/\/yisent.com\/fr\/wp-json\/wp\/v2\/types\/product"}],"wp:featuredmedia":[{"embeddable":true,"href":"https:\/\/yisent.com\/fr\/wp-json\/wp\/v2\/media\/11"}],"wp:attachment":[{"href":"https:\/\/yisent.com\/fr\/wp-json\/wp\/v2\/media?parent=87"}],"wp:term":[{"taxonomy":"product_brand","embeddable":true,"href":"https:\/\/yisent.com\/fr\/wp-json\/wp\/v2\/product_brand?post=87"},{"taxonomy":"product_cat","embeddable":true,"href":"https:\/\/yisent.com\/fr\/wp-json\/wp\/v2\/product_cat?post=87"},{"taxonomy":"product_tag","embeddable":true,"href":"https:\/\/yisent.com\/fr\/wp-json\/wp\/v2\/product_tag?post=87"}],"curies":[{"name":"wp","href":"https:\/\/api.w.org\/{rel}","templated":true}]}}