{"id":85,"date":"2019-01-23T13:22:49","date_gmt":"2019-01-23T13:22:49","guid":{"rendered":"https:\/\/yisent.com\/product\/boncellensis-secullant\/"},"modified":"2026-04-17T10:02:37","modified_gmt":"2026-04-17T02:02:37","slug":"single-screw-barrel-for-plastic-extruder","status":"publish","type":"product","link":"https:\/\/yisent.com\/fr\/product\/extruder-screw-barrel\/single-screw-barrel\/single-screw-barrel-for-plastic-extruder\/","title":{"rendered":"Baril \u00e0 vis unique pour extrudeuses de plastique"},"content":{"rendered":"<h3>INTRODUCTION<\/h3>\n<p>Les barils \u00e0 vis unique pour extrudeuses de plastique sont largement utilis\u00e9s dans la fabrication de sacs en plastique, de tuyaux, de films, de c\u00e2bles, de feuilles, de profil\u00e9s et de filaments, etc. Nous avons une expertise dans la fabrication de barils \u00e0 vis unique de haute qualit\u00e9 pour diverses applications de transformation des plastiques.<\/p>\n<h3>MACHINES DISPONIBLES<\/h3>\n<p>Jwell, Cincinati, Krauss Maffei, Berstorff, Battenfeld, Weber, Toshiba, Milacron, Theysohn, etc.<\/p>\n<h3>PLASTIQUES<\/h3>\n<p>PP, HDPE, LDPE, PVC, PC, PA, PEEK, PTFE, PVDF, etc.<\/p>\n<h3>APPLICATION<\/h3>\n<p>Sacs plastiques, tuyaux, films, c\u00e2bles, feuilles, profil\u00e9s, filaments, etc.<\/p>\n<table width=\"697\">\n<tbody>\n<tr>\n<td style=\"text-align: center;\" width=\"120\"><b>Mod\u00e8le<\/b><\/td>\n<td style=\"text-align: center;\" width=\"161\"><b>Diam\u00e8tre de vis (mm)<\/b><\/td>\n<td style=\"text-align: center;\" width=\"128\"><b>Vis L\/D<\/b><\/td>\n<td style=\"text-align: center;\" width=\"139\"><b>Puissance du moteur (KW)<\/b><\/td>\n<td style=\"text-align: center;\" width=\"149\"><b>Sortie maximale (KGS\/h)<\/b><\/td>\n<\/tr>\n<tr>\n<td style=\"text-align: center;\" width=\"120\"><b>SJ45\/30<\/b><\/td>\n<td style=\"text-align: center;\" width=\"161\">45<\/td>\n<td style=\"text-align: center;\" width=\"128\">30<\/td>\n<td style=\"text-align: center;\" width=\"139\">11<\/td>\n<td style=\"text-align: center;\" width=\"149\">30<\/td>\n<\/tr>\n<tr>\n<td style=\"text-align: center;\" width=\"120\"><b>SJ60\/30<\/b><\/td>\n<td style=\"text-align: center;\" width=\"161\">60<\/td>\n<td style=\"text-align: center;\" width=\"128\">30<\/td>\n<td style=\"text-align: center;\" width=\"139\">22<\/td>\n<td style=\"text-align: center;\" width=\"149\">60<\/td>\n<\/tr>\n<tr>\n<td style=\"text-align: center;\" width=\"120\"><b>SJ75\/30<\/b><\/td>\n<td style=\"text-align: center;\" width=\"161\">75<\/td>\n<td style=\"text-align: center;\" width=\"128\">30<\/td>\n<td style=\"text-align: center;\" width=\"139\">45<\/td>\n<td style=\"text-align: center;\" width=\"149\">120<\/td>\n<\/tr>\n<tr>\n<td style=\"text-align: center;\" width=\"120\"><b>SJ90\/30<\/b><\/td>\n<td style=\"text-align: center;\" width=\"161\">90<\/td>\n<td style=\"text-align: center;\" width=\"128\">30<\/td>\n<td style=\"text-align: center;\" width=\"139\">55<\/td>\n<td style=\"text-align: center;\" width=\"149\">140<\/td>\n<\/tr>\n<tr>\n<td style=\"text-align: center;\" width=\"120\"><b>SJ120\/30<\/b><\/td>\n<td style=\"text-align: center;\" width=\"161\">120<\/td>\n<td style=\"text-align: center;\" width=\"128\">30<\/td>\n<td style=\"text-align: center;\" width=\"139\">90<\/td>\n<td style=\"text-align: center;\" width=\"149\">240<\/td>\n<\/tr>\n<tr>\n<td style=\"text-align: center;\" width=\"120\"><b>SJ150\/30<\/b><\/td>\n<td style=\"text-align: center;\" width=\"161\">150<\/td>\n<td style=\"text-align: center;\" width=\"128\">30<\/td>\n<td style=\"text-align: center;\" width=\"139\">132<\/td>\n<td style=\"text-align: center;\" width=\"149\">350<\/td>\n<\/tr>\n<tr>\n<td style=\"text-align: center;\" width=\"120\"><b>SJ45\/35<\/b><\/td>\n<td style=\"text-align: center;\" width=\"161\">45<\/td>\n<td style=\"text-align: center;\" width=\"128\">35<\/td>\n<td style=\"text-align: center;\" width=\"139\">45<\/td>\n<td style=\"text-align: center;\" width=\"149\">150<\/td>\n<\/tr>\n<tr>\n<td style=\"text-align: center;\" width=\"120\"><b>SJ60\/35<\/b><\/td>\n<td style=\"text-align: center;\" width=\"161\">60<\/td>\n<td style=\"text-align: center;\" width=\"128\">35<\/td>\n<td style=\"text-align: center;\" width=\"139\">90<\/td>\n<td style=\"text-align: center;\" width=\"149\">300<\/td>\n<\/tr>\n<tr>\n<td style=\"text-align: center;\" width=\"120\"><b>SJ75\/35<\/b><\/td>\n<td style=\"text-align: center;\" width=\"161\">75<\/td>\n<td style=\"text-align: center;\" width=\"128\">35<\/td>\n<td style=\"text-align: center;\" width=\"139\">132<\/td>\n<td style=\"text-align: center;\" width=\"149\">500<\/td>\n<\/tr>\n<tr>\n<td style=\"text-align: center;\" width=\"120\"><b>SJ90\/35<\/b><\/td>\n<td style=\"text-align: center;\" width=\"161\">90<\/td>\n<td style=\"text-align: center;\" width=\"128\">35<\/td>\n<td style=\"text-align: center;\" width=\"139\">200<\/td>\n<td style=\"text-align: center;\" width=\"149\">700<\/td>\n<\/tr>\n<tr>\n<td style=\"text-align: center;\" width=\"120\"><b>SJ120\/35<\/b><\/td>\n<td style=\"text-align: center;\" width=\"161\">120<\/td>\n<td style=\"text-align: center;\" width=\"128\">35<\/td>\n<td style=\"text-align: center;\" width=\"139\">315<\/td>\n<td style=\"text-align: center;\" width=\"149\">1200<\/td>\n<\/tr>\n<tr>\n<td style=\"text-align: center;\" width=\"120\"><b>SJ150\/35<\/b><\/td>\n<td style=\"text-align: center;\" width=\"161\">150<\/td>\n<td style=\"text-align: center;\" width=\"128\">35<\/td>\n<td style=\"text-align: center;\" width=\"139\">425<\/td>\n<td style=\"text-align: center;\" width=\"149\">1800<\/td>\n<\/tr>\n<\/tbody>\n<\/table>\n","protected":false},"excerpt":{"rendered":"<p>Longueur maximale\u00a0: 12 000\u00a0mm<br \/>\nDiam\u00e8tre de vis : \u03a615 ~ 500 mm<br \/>\nVis L\/D\u00a0: 12 ~ 55<br \/>\nProfondeur de nitruration\u00a0: 0,4\u00a0mm ~ 0,7\u00a0mm<br \/>\nDuret\u00e9 de nitruration\u00a0: HRC 68 ~ 70<br \/>\n\u00c9paisseur de la couche d&rsquo;alliage : 1,5 ~ 3,0 mm<br \/>\nDuret\u00e9 de l&rsquo;alliage\u00a0: HRC 58 ~ 60<br \/>\nRectitude : 0,015 mm\/m<br \/>\nRugosit\u00e9 : Ra 0,4<br \/>\nFragilit\u00e9\u00a0:\u00a01re ann\u00e9e<br \/>\n1 ann\u00e9e de garantie<\/p>\n","protected":false},"featured_media":14,"template":"","meta":{"_uag_custom_page_level_css":"","site-sidebar-layout":"default","site-content-layout":"default","ast-site-content-layout":"default","site-content-style":"default","site-sidebar-style":"default","ast-global-header-display":"","ast-banner-title-visibility":"","ast-main-header-display":"","ast-hfb-above-header-display":"","ast-hfb-below-header-display":"","ast-hfb-mobile-header-display":"","site-post-title":"","ast-breadcrumbs-content":"","ast-featured-img":"","footer-sml-layout":"","theme-transparent-header-meta":"default","adv-header-id-meta":"","stick-header-meta":"","header-above-stick-meta":"","header-main-stick-meta":"","header-below-stick-meta":"","astra-migrate-meta-layouts":"set","ast-page-background-enabled":"default","ast-page-background-meta":{"desktop":{"background-color":"","background-image":"","background-repeat":"repeat","background-position":"center center","background-size":"auto","background-attachment":"scroll","background-type":"","background-media":"","overlay-type":"","overlay-color":"","overlay-opacity":"","overlay-gradient":""},"tablet":{"background-color":"","background-image":"","background-repeat":"repeat","background-position":"center center","background-size":"auto","background-attachment":"scroll","background-type":"","background-media":"","overlay-type":"","overlay-color":"","overlay-opacity":"","overlay-gradient":""},"mobile":{"background-color":"","background-image":"","background-repeat":"repeat","background-position":"center center","background-size":"auto","background-attachment":"scroll","background-type":"","background-media":"","overlay-type":"","overlay-color":"","overlay-opacity":"","overlay-gradient":""}},"ast-content-background-meta":{"desktop":{"background-color":"var(--ast-global-color-5)","background-image":"","background-repeat":"repeat","background-position":"center center","background-size":"auto","background-attachment":"scroll","background-type":"","background-media":"","overlay-type":"","overlay-color":"","overlay-opacity":"","overlay-gradient":""},"tablet":{"background-color":"var(--ast-global-color-5)","background-image":"","background-repeat":"repeat","background-position":"center center","background-size":"auto","background-attachment":"scroll","background-type":"","background-media":"","overlay-type":"","overlay-color":"","overlay-opacity":"","overlay-gradient":""},"mobile":{"background-color":"var(--ast-global-color-5)","background-image":"","background-repeat":"repeat","background-position":"center center","background-size":"auto","background-attachment":"scroll","background-type":"","background-media":"","overlay-type":"","overlay-color":"","overlay-opacity":"","overlay-gradient":""}}},"product_brand":[],"product_cat":[21],"product_tag":[43,42,94,44],"class_list":{"0":"post-85","1":"product","2":"type-product","3":"status-publish","4":"has-post-thumbnail","6":"product_cat-single-screw-barrel","7":"product_tag-bimetallic-screw-barrel","8":"product_tag-nitrided-screw-barrel","9":"product_tag-plastic-extruder","10":"product_tag-single-screw-barrel","11":"desktop-align-left","12":"tablet-align-left","13":"mobile-align-left","15":"first","16":"instock","17":"shipping-taxable","18":"product-type-simple"},"uagb_featured_image_src":{"full":["https:\/\/yisent.com\/wp-content\/uploads\/2023\/11\/extruder-single-screw-barrel.jpg",1000,1000,false],"thumbnail":["https:\/\/yisent.com\/wp-content\/uploads\/2023\/11\/extruder-single-screw-barrel-150x150.jpg",150,150,true],"medium":["https:\/\/yisent.com\/wp-content\/uploads\/2023\/11\/extruder-single-screw-barrel-300x300.jpg",300,300,true],"medium_large":["https:\/\/yisent.com\/wp-content\/uploads\/2023\/11\/extruder-single-screw-barrel-768x768.jpg",768,768,true],"large":["https:\/\/yisent.com\/wp-content\/uploads\/2023\/11\/extruder-single-screw-barrel.jpg",1000,1000,false],"1536x1536":["https:\/\/yisent.com\/wp-content\/uploads\/2023\/11\/extruder-single-screw-barrel.jpg",1000,1000,false],"2048x2048":["https:\/\/yisent.com\/wp-content\/uploads\/2023\/11\/extruder-single-screw-barrel.jpg",1000,1000,false],"woocommerce_thumbnail":["https:\/\/yisent.com\/wp-content\/uploads\/2023\/11\/extruder-single-screw-barrel-300x300.jpg",300,300,true],"woocommerce_single":["https:\/\/yisent.com\/wp-content\/uploads\/2023\/11\/extruder-single-screw-barrel-600x600.jpg",600,600,true],"woocommerce_gallery_thumbnail":["https:\/\/yisent.com\/wp-content\/uploads\/2023\/11\/extruder-single-screw-barrel-100x100.jpg",100,100,true]},"uagb_author_info":{"display_name":"admin","author_link":"https:\/\/yisent.com\/fr\/author\/"},"uagb_comment_info":0,"uagb_excerpt":"Longueur maximale\u00a0: 12 000\u00a0mm Diam\u00e8tre de vis : \u03a615 ~ 500 mm Vis L\/D\u00a0: 12 ~ 55 Profondeur de nitruration\u00a0: 0,4\u00a0mm ~ 0,7\u00a0mm Duret\u00e9 de nitruration\u00a0: HRC 68 ~ 70 \u00c9paisseur de la couche d'alliage : 1,5 ~ 3,0 mm Duret\u00e9 de l'alliage\u00a0: HRC 58 ~ 60 Rectitude : 0,015 mm\/m Rugosit\u00e9 : Ra 0,4\u2026","_links":{"self":[{"href":"https:\/\/yisent.com\/fr\/wp-json\/wp\/v2\/product\/85","targetHints":{"allow":["GET"]}}],"collection":[{"href":"https:\/\/yisent.com\/fr\/wp-json\/wp\/v2\/product"}],"about":[{"href":"https:\/\/yisent.com\/fr\/wp-json\/wp\/v2\/types\/product"}],"wp:featuredmedia":[{"embeddable":true,"href":"https:\/\/yisent.com\/fr\/wp-json\/wp\/v2\/media\/14"}],"wp:attachment":[{"href":"https:\/\/yisent.com\/fr\/wp-json\/wp\/v2\/media?parent=85"}],"wp:term":[{"taxonomy":"product_brand","embeddable":true,"href":"https:\/\/yisent.com\/fr\/wp-json\/wp\/v2\/product_brand?post=85"},{"taxonomy":"product_cat","embeddable":true,"href":"https:\/\/yisent.com\/fr\/wp-json\/wp\/v2\/product_cat?post=85"},{"taxonomy":"product_tag","embeddable":true,"href":"https:\/\/yisent.com\/fr\/wp-json\/wp\/v2\/product_tag?post=85"}],"curies":[{"name":"wp","href":"https:\/\/api.w.org\/{rel}","templated":true}]}}