{"id":84,"date":"2019-01-23T13:20:21","date_gmt":"2019-01-23T13:20:21","guid":{"rendered":"https:\/\/yisent.com\/product\/green-soil-lotus\/"},"modified":"2025-04-05T12:59:25","modified_gmt":"2025-04-05T04:59:25","slug":"conical-twin-screw-barrel-for-pvc-plastic-extruder","status":"publish","type":"product","link":"https:\/\/yisent.com\/fr\/product\/extruder-screw-barrel\/twin-screw-barrel\/conical-twin-screw-barrel-for-pvc-plastic-extruder\/","title":{"rendered":"Cylindre \u00e0 double vis conique pour extrudeuses de plastique PVC"},"content":{"rendered":"<h3>INTRODUCTION<\/h3>\n<p>Les barils coniques \u00e0 double vis sont principalement utilis\u00e9s dans les tuyaux, les panneaux et les profil\u00e9s, tels que les tuyaux en PVC, les sols WPC, les sols SPC. Nos barils \u00e0 vis coniques bim\u00e9talliques sont largement utilis\u00e9s dans le traitement des polym\u00e8res PVC avec un pourcentage \u00e9lev\u00e9 de carbonate de calcium.<\/p>\n<h3>MACHINES DISPONIBLES<\/h3>\n<p>Jwell, Cincinati, Krauss Maffei, Berstorff, Battenfeld, Weber, Toshiba, Milacron, Theysohn, etc.<\/p>\n<h3>PLASTIQUES<\/h3>\n<p>PVC, WPC, SPC<\/p>\n<h3>APPLICATION<\/h3>\n<p>Tuyaux, films, feuilles, profils, planches, etc.<\/p>\n<h3>Mod\u00e8les \u00e0 barillet conique \u00e0 double vis<\/h3>\n<table width=\"698\">\n<tbody>\n<tr>\n<td width=\"138\"><b>Mod\u00e8le<\/b><\/td>\n<td width=\"179\"><b>Puissance du moteur (KW)<\/b><\/td>\n<td width=\"174\"><b>Vitesse de vis (RPM)<\/b><\/td>\n<td width=\"207\"><b>Sortie maximale (KGS\/h)<\/b><\/td>\n<\/tr>\n<tr>\n<td width=\"138\"><b>45\/90<\/b><\/td>\n<td width=\"179\">15<\/td>\n<td width=\"174\">~ 45<\/td>\n<td width=\"207\">50 ~ 80<\/td>\n<\/tr>\n<tr>\n<td width=\"138\"><b>45\/100<\/b><\/td>\n<td width=\"179\">15<\/td>\n<td width=\"174\">~ 45<\/td>\n<td width=\"207\">60 ~ 90<\/td>\n<\/tr>\n<tr>\n<td width=\"138\"><b>50\/105<\/b><\/td>\n<td width=\"179\">18.5<\/td>\n<td width=\"174\">~ 45<\/td>\n<td width=\"207\">70 ~ 100<\/td>\n<\/tr>\n<tr>\n<td width=\"138\"><b>51\/105<\/b><\/td>\n<td width=\"179\">18.5<\/td>\n<td width=\"174\">~ 40<\/td>\n<td width=\"207\">100 ~ 150<\/td>\n<\/tr>\n<tr>\n<td width=\"138\"><b>55\/110<\/b><\/td>\n<td width=\"179\">22<\/td>\n<td width=\"174\">~ 40<\/td>\n<td width=\"207\">120 ~ 180<\/td>\n<\/tr>\n<tr>\n<td width=\"138\"><b>55\/120<\/b><\/td>\n<td width=\"179\">22<\/td>\n<td width=\"174\">~ 40<\/td>\n<td width=\"207\">130 ~ 180<\/td>\n<\/tr>\n<tr>\n<td width=\"138\"><b>60\/125<\/b><\/td>\n<td width=\"179\">25<\/td>\n<td width=\"174\">~ 40<\/td>\n<td width=\"207\">150 ~ 200<\/td>\n<\/tr>\n<tr>\n<td width=\"138\"><b>65\/132<\/b><\/td>\n<td width=\"179\">30<\/td>\n<td width=\"174\">~ 40<\/td>\n<td width=\"207\">200 ~ 300<\/td>\n<\/tr>\n<tr>\n<td width=\"138\"><b>68\/146<\/b><\/td>\n<td width=\"179\">37<\/td>\n<td width=\"174\">~ 40<\/td>\n<td width=\"207\">220 ~ 300<\/td>\n<\/tr>\n<tr>\n<td width=\"138\"><b>80\/143<\/b><\/td>\n<td width=\"179\">55<\/td>\n<td width=\"174\">~ 35<\/td>\n<td width=\"207\">350 ~ 450<\/td>\n<\/tr>\n<tr>\n<td width=\"138\"><b>80\/156<\/b><\/td>\n<td width=\"179\">55<\/td>\n<td width=\"174\">~ 35<\/td>\n<td width=\"207\">350 ~ 450<\/td>\n<\/tr>\n<tr>\n<td width=\"138\"><b>92\/188<\/b><\/td>\n<td width=\"179\">110<\/td>\n<td width=\"174\">~ 35<\/td>\n<td width=\"207\">650 ~ 900<\/td>\n<\/tr>\n<tr>\n<td width=\"138\"><b>110\/220<\/b><\/td>\n<td width=\"179\">160<\/td>\n<td width=\"174\">~ 35<\/td>\n<td width=\"207\">950 ~ 1400<\/td>\n<\/tr>\n<\/tbody>\n<\/table>\n<p>&nbsp;<\/p>\n","protected":false},"excerpt":{"rendered":"<p>Longueur maximale\u00a0: 9000\u00a0mm<br \/>\nDiam\u00e8tre de vis : \u03a645 ~ 450 mm<br \/>\nProfondeur de nitruration\u00a0: 0,4\u00a0mm ~ 0,7\u00a0mm<br \/>\nDuret\u00e9 de nitruration\u00a0: HRC 68 ~ 70<br \/>\n\u00c9paisseur de la couche d&rsquo;alliage : 1,5 ~ 3,0 mm<br \/>\nDuret\u00e9 de l&rsquo;alliage\u00a0: HRC 58 ~ 60<br \/>\nRectitude : 0,015 mm\/m<br \/>\nRugosit\u00e9 : Ra 0,4<br \/>\nFragilit\u00e9\u00a0:\u00a01re ann\u00e9e<br \/>\n1 ann\u00e9e de garantie<\/p>\n","protected":false},"featured_media":13,"template":"","meta":{"_uag_custom_page_level_css":"","site-sidebar-layout":"default","site-content-layout":"default","ast-site-content-layout":"default","site-content-style":"default","site-sidebar-style":"default","ast-global-header-display":"","ast-banner-title-visibility":"","ast-main-header-display":"","ast-hfb-above-header-display":"","ast-hfb-below-header-display":"","ast-hfb-mobile-header-display":"","site-post-title":"","ast-breadcrumbs-content":"","ast-featured-img":"","footer-sml-layout":"","theme-transparent-header-meta":"default","adv-header-id-meta":"","stick-header-meta":"","header-above-stick-meta":"","header-main-stick-meta":"","header-below-stick-meta":"","astra-migrate-meta-layouts":"set","ast-page-background-enabled":"default","ast-page-background-meta":{"desktop":{"background-color":"","background-image":"","background-repeat":"repeat","background-position":"center center","background-size":"auto","background-attachment":"scroll","background-type":"","background-media":"","overlay-type":"","overlay-color":"","overlay-opacity":"","overlay-gradient":""},"tablet":{"background-color":"","background-image":"","background-repeat":"repeat","background-position":"center center","background-size":"auto","background-attachment":"scroll","background-type":"","background-media":"","overlay-type":"","overlay-color":"","overlay-opacity":"","overlay-gradient":""},"mobile":{"background-color":"","background-image":"","background-repeat":"repeat","background-position":"center center","background-size":"auto","background-attachment":"scroll","background-type":"","background-media":"","overlay-type":"","overlay-color":"","overlay-opacity":"","overlay-gradient":""}},"ast-content-background-meta":{"desktop":{"background-color":"var(--ast-global-color-5)","background-image":"","background-repeat":"repeat","background-position":"center center","background-size":"auto","background-attachment":"scroll","background-type":"","background-media":"","overlay-type":"","overlay-color":"","overlay-opacity":"","overlay-gradient":""},"tablet":{"background-color":"var(--ast-global-color-5)","background-image":"","background-repeat":"repeat","background-position":"center center","background-size":"auto","background-attachment":"scroll","background-type":"","background-media":"","overlay-type":"","overlay-color":"","overlay-opacity":"","overlay-gradient":""},"mobile":{"background-color":"var(--ast-global-color-5)","background-image":"","background-repeat":"repeat","background-position":"center center","background-size":"auto","background-attachment":"scroll","background-type":"","background-media":"","overlay-type":"","overlay-color":"","overlay-opacity":"","overlay-gradient":""}}},"product_brand":[],"product_cat":[22],"product_tag":[45,94,88,87,46],"class_list":{"0":"post-84","1":"product","2":"type-product","3":"status-publish","4":"has-post-thumbnail","6":"product_cat-twin-screw-barrel","7":"product_tag-conical-screw-barrel","8":"product_tag-plastic-extruder","9":"product_tag-pvc-pipes","10":"product_tag-pvc-plastic-extruder","11":"product_tag-twin-screw-barrel","12":"desktop-align-left","13":"tablet-align-left","14":"mobile-align-left","16":"first","17":"instock","18":"featured","19":"shipping-taxable","20":"product-type-simple"},"uagb_featured_image_src":{"full":["https:\/\/yisent.com\/wp-content\/uploads\/2023\/11\/conical-twin-screw-barrel.jpg",1000,1000,false],"thumbnail":["https:\/\/yisent.com\/wp-content\/uploads\/2023\/11\/conical-twin-screw-barrel-150x150.jpg",150,150,true],"medium":["https:\/\/yisent.com\/wp-content\/uploads\/2023\/11\/conical-twin-screw-barrel-300x300.jpg",300,300,true],"medium_large":["https:\/\/yisent.com\/wp-content\/uploads\/2023\/11\/conical-twin-screw-barrel-768x768.jpg",768,768,true],"large":["https:\/\/yisent.com\/wp-content\/uploads\/2023\/11\/conical-twin-screw-barrel.jpg",1000,1000,false],"1536x1536":["https:\/\/yisent.com\/wp-content\/uploads\/2023\/11\/conical-twin-screw-barrel.jpg",1000,1000,false],"2048x2048":["https:\/\/yisent.com\/wp-content\/uploads\/2023\/11\/conical-twin-screw-barrel.jpg",1000,1000,false],"woocommerce_thumbnail":["https:\/\/yisent.com\/wp-content\/uploads\/2023\/11\/conical-twin-screw-barrel-300x300.jpg",300,300,true],"woocommerce_single":["https:\/\/yisent.com\/wp-content\/uploads\/2023\/11\/conical-twin-screw-barrel-600x600.jpg",600,600,true],"woocommerce_gallery_thumbnail":["https:\/\/yisent.com\/wp-content\/uploads\/2023\/11\/conical-twin-screw-barrel-100x100.jpg",100,100,true]},"uagb_author_info":{"display_name":"admin","author_link":"https:\/\/yisent.com\/fr\/author\/"},"uagb_comment_info":0,"uagb_excerpt":"Longueur maximale\u00a0: 9000\u00a0mm Diam\u00e8tre de vis : \u03a645 ~ 450 mm Profondeur de nitruration\u00a0: 0,4\u00a0mm ~ 0,7\u00a0mm Duret\u00e9 de nitruration\u00a0: HRC 68 ~ 70 \u00c9paisseur de la couche d'alliage : 1,5 ~ 3,0 mm Duret\u00e9 de l'alliage\u00a0: HRC 58 ~ 60 Rectitude : 0,015 mm\/m Rugosit\u00e9 : Ra 0,4 Fragilit\u00e9\u00a0:\u00a01re ann\u00e9e 1 ann\u00e9e de garantie","_links":{"self":[{"href":"https:\/\/yisent.com\/fr\/wp-json\/wp\/v2\/product\/84","targetHints":{"allow":["GET"]}}],"collection":[{"href":"https:\/\/yisent.com\/fr\/wp-json\/wp\/v2\/product"}],"about":[{"href":"https:\/\/yisent.com\/fr\/wp-json\/wp\/v2\/types\/product"}],"wp:featuredmedia":[{"embeddable":true,"href":"https:\/\/yisent.com\/fr\/wp-json\/wp\/v2\/media\/13"}],"wp:attachment":[{"href":"https:\/\/yisent.com\/fr\/wp-json\/wp\/v2\/media?parent=84"}],"wp:term":[{"taxonomy":"product_brand","embeddable":true,"href":"https:\/\/yisent.com\/fr\/wp-json\/wp\/v2\/product_brand?post=84"},{"taxonomy":"product_cat","embeddable":true,"href":"https:\/\/yisent.com\/fr\/wp-json\/wp\/v2\/product_cat?post=84"},{"taxonomy":"product_tag","embeddable":true,"href":"https:\/\/yisent.com\/fr\/wp-json\/wp\/v2\/product_tag?post=84"}],"curies":[{"name":"wp","href":"https:\/\/api.w.org\/{rel}","templated":true}]}}