{"id":83,"date":"2019-01-23T13:18:02","date_gmt":"2019-01-23T13:18:02","guid":{"rendered":"https:\/\/yisent.com\/product\/piorro-quisquam\/"},"modified":"2025-04-05T13:00:14","modified_gmt":"2025-04-05T05:00:14","slug":"parallel-twin-screw-barrel-for-plastic-extruder","status":"publish","type":"product","link":"https:\/\/yisent.com\/fr\/product\/extruder-screw-barrel\/twin-screw-barrel\/parallel-twin-screw-barrel-for-plastic-extruder\/","title":{"rendered":"Cylindre \u00e0 double vis parall\u00e8le pour extrudeuses de plastique"},"content":{"rendered":"<h3>INTRODUCTION<\/h3>\n<p>Les barils \u00e0 double vis parall\u00e8les sont principalement utilis\u00e9s dans la composition de lots ma\u00eetres, de tuyaux, de feuilles et de profil\u00e9s. Les extrudeuses parall\u00e8les \u00e0 double vis ont une capacit\u00e9 de sortie plus grande que les extrudeuses monovis avec le m\u00eame diam\u00e8tre de vis.<\/p>\n<h3>MACHINES DISPONIBLES<\/h3>\n<p>Jwell, Cincinati, Krauss Maffei, Berstorff, Battenfeld, Weber, Toshiba, Milacron, Theysohn, etc.<\/p>\n<h3>APPLICATION<\/h3>\n<p>Composition de lots ma\u00eetres, tuyaux, films, feuilles, profils, etc.<\/p>\n<h3>MOD\u00c8LES \u00c0 BARILLET \u00c0 DOUBLE VIS PARALL\u00c8LE<\/h3>\n<table width=\"697\">\n<tbody>\n<tr>\n<td width=\"105\"><b>Mod\u00e8le<\/b><\/td>\n<td width=\"112\"><b>Diam\u00e8tre de vis (mm)<\/b><\/td>\n<td width=\"111\"><b>Vis L\/D<\/b><\/td>\n<td width=\"114\"><b>Puissance du moteur (KW)<\/b><\/td>\n<td width=\"126\"><b>Sortie maximale (KGS\/h)<\/b><\/td>\n<td width=\"129\"><b>Application<\/b><\/td>\n<\/tr>\n<tr>\n<td width=\"105\"><b>SJP75\/28<\/b><\/td>\n<td width=\"112\">75<\/td>\n<td width=\"111\">28<\/td>\n<td width=\"114\">45<\/td>\n<td width=\"126\">350<\/td>\n<td width=\"129\">Tuyaux<\/td>\n<\/tr>\n<tr>\n<td width=\"105\"><b>SJP92\/31<\/b><\/td>\n<td width=\"112\">92<\/td>\n<td width=\"111\">31<\/td>\n<td width=\"114\">75<\/td>\n<td width=\"126\">450<\/td>\n<td width=\"129\">Tuyaux<\/td>\n<\/tr>\n<tr>\n<td width=\"105\"><b>SJP110\/31<\/b><\/td>\n<td width=\"112\">110<\/td>\n<td width=\"111\">31<\/td>\n<td width=\"114\">110<\/td>\n<td width=\"126\">650<\/td>\n<td width=\"129\">Tuyaux<\/td>\n<\/tr>\n<tr>\n<td width=\"105\"><b>SJP120\/31<\/b><\/td>\n<td width=\"112\">120<\/td>\n<td width=\"111\">31<\/td>\n<td width=\"114\">132<\/td>\n<td width=\"126\">850<\/td>\n<td width=\"129\">Tuyaux<\/td>\n<\/tr>\n<tr>\n<td width=\"105\"><b>SJP135\/31<\/b><\/td>\n<td width=\"112\">135<\/td>\n<td width=\"111\">31<\/td>\n<td width=\"114\">160<\/td>\n<td width=\"126\">1100<\/td>\n<td width=\"129\">Tuyaux<\/td>\n<\/tr>\n<tr>\n<td width=\"105\"><b>SJP93\/28<\/b><\/td>\n<td width=\"112\">93<\/td>\n<td width=\"111\">28<\/td>\n<td width=\"114\">55<\/td>\n<td width=\"126\">380<\/td>\n<td width=\"129\">Profils<\/td>\n<\/tr>\n<tr>\n<td width=\"105\"><b>SJP110\/28<\/b><\/td>\n<td width=\"112\">110<\/td>\n<td width=\"111\">28<\/td>\n<td width=\"114\">75<\/td>\n<td width=\"126\">450<\/td>\n<td width=\"129\">Profils<\/td>\n<\/tr>\n<tr>\n<td width=\"105\"><b>SJP120\/26<\/b><\/td>\n<td width=\"112\">120<\/td>\n<td width=\"111\">26<\/td>\n<td width=\"114\">110<\/td>\n<td width=\"126\">550<\/td>\n<td width=\"129\">Profils<\/td>\n<\/tr>\n<tr>\n<td width=\"105\"><b>SJP130\/26<\/b><\/td>\n<td width=\"112\">130<\/td>\n<td width=\"111\">26<\/td>\n<td width=\"114\">132<\/td>\n<td width=\"126\">650<\/td>\n<td width=\"129\">Profils<\/td>\n<\/tr>\n<tr>\n<td width=\"105\"><b>SJP90\/23<\/b><\/td>\n<td width=\"112\">90<\/td>\n<td width=\"111\">23<\/td>\n<td width=\"114\">37<\/td>\n<td width=\"126\">300<\/td>\n<td width=\"129\">Feuilles<\/td>\n<\/tr>\n<tr>\n<td width=\"105\"><b>SJP105\/23<\/b><\/td>\n<td width=\"112\">105<\/td>\n<td width=\"111\">23<\/td>\n<td width=\"114\">55<\/td>\n<td width=\"126\">400<\/td>\n<td width=\"129\">Feuilles<\/td>\n<\/tr>\n<tr>\n<td width=\"105\"><b>SJP113\/23<\/b><\/td>\n<td width=\"112\">113<\/td>\n<td width=\"111\">23<\/td>\n<td width=\"114\">75<\/td>\n<td width=\"126\">500<\/td>\n<td width=\"129\">Feuilles<\/td>\n<\/tr>\n<tr>\n<td width=\"105\"><b>SJP120\/23<\/b><\/td>\n<td width=\"112\">120<\/td>\n<td width=\"111\">23<\/td>\n<td width=\"114\">90<\/td>\n<td width=\"126\">600<\/td>\n<td width=\"129\">Feuilles<\/td>\n<\/tr>\n<tr>\n<td width=\"105\"><b>SJP130\/23<\/b><\/td>\n<td width=\"112\">130<\/td>\n<td width=\"111\">23<\/td>\n<td width=\"114\">132<\/td>\n<td width=\"126\">800<\/td>\n<td width=\"129\">Feuilles<\/td>\n<\/tr>\n<\/tbody>\n<\/table>\n","protected":false},"excerpt":{"rendered":"<p>Longueur maximale\u00a0: 9000\u00a0mm<br \/>\nDiam\u00e8tre de vis : \u03a645 ~ 200 mm<br \/>\nVis L\/D\u00a0: 16 ~ 35<br \/>\nProfondeur de nitruration\u00a0: 0,4\u00a0mm ~ 0,7\u00a0mm<br \/>\nDuret\u00e9 de nitruration\u00a0: HRC 68 ~ 70<br \/>\n\u00c9paisseur de la couche d&rsquo;alliage : 1,5 ~ 3,0 mm<br \/>\nDuret\u00e9 de l&rsquo;alliage\u00a0: HRC 58 ~ 60<br \/>\nRectitude : 0,015 mm\/m<br \/>\nRugosit\u00e9 : Ra 0,4<br \/>\nFragilit\u00e9\u00a0:\u00a01re ann\u00e9e<br \/>\n1 ann\u00e9e de garantie<\/p>\n","protected":false},"featured_media":12,"template":"","meta":{"_uag_custom_page_level_css":"","site-sidebar-layout":"default","site-content-layout":"default","ast-site-content-layout":"default","site-content-style":"default","site-sidebar-style":"default","ast-global-header-display":"","ast-banner-title-visibility":"","ast-main-header-display":"","ast-hfb-above-header-display":"","ast-hfb-below-header-display":"","ast-hfb-mobile-header-display":"","site-post-title":"","ast-breadcrumbs-content":"","ast-featured-img":"","footer-sml-layout":"","theme-transparent-header-meta":"default","adv-header-id-meta":"","stick-header-meta":"","header-above-stick-meta":"","header-main-stick-meta":"","header-below-stick-meta":"","astra-migrate-meta-layouts":"set","ast-page-background-enabled":"default","ast-page-background-meta":{"desktop":{"background-color":"","background-image":"","background-repeat":"repeat","background-position":"center center","background-size":"auto","background-attachment":"scroll","background-type":"","background-media":"","overlay-type":"","overlay-color":"","overlay-opacity":"","overlay-gradient":""},"tablet":{"background-color":"","background-image":"","background-repeat":"repeat","background-position":"center center","background-size":"auto","background-attachment":"scroll","background-type":"","background-media":"","overlay-type":"","overlay-color":"","overlay-opacity":"","overlay-gradient":""},"mobile":{"background-color":"","background-image":"","background-repeat":"repeat","background-position":"center center","background-size":"auto","background-attachment":"scroll","background-type":"","background-media":"","overlay-type":"","overlay-color":"","overlay-opacity":"","overlay-gradient":""}},"ast-content-background-meta":{"desktop":{"background-color":"var(--ast-global-color-5)","background-image":"","background-repeat":"repeat","background-position":"center center","background-size":"auto","background-attachment":"scroll","background-type":"","background-media":"","overlay-type":"","overlay-color":"","overlay-opacity":"","overlay-gradient":""},"tablet":{"background-color":"var(--ast-global-color-5)","background-image":"","background-repeat":"repeat","background-position":"center center","background-size":"auto","background-attachment":"scroll","background-type":"","background-media":"","overlay-type":"","overlay-color":"","overlay-opacity":"","overlay-gradient":""},"mobile":{"background-color":"var(--ast-global-color-5)","background-image":"","background-repeat":"repeat","background-position":"center center","background-size":"auto","background-attachment":"scroll","background-type":"","background-media":"","overlay-type":"","overlay-color":"","overlay-opacity":"","overlay-gradient":""}}},"product_brand":[],"product_cat":[22],"product_tag":[94,46],"class_list":{"0":"post-83","1":"product","2":"type-product","3":"status-publish","4":"has-post-thumbnail","6":"product_cat-twin-screw-barrel","7":"product_tag-plastic-extruder","8":"product_tag-twin-screw-barrel","9":"desktop-align-left","10":"tablet-align-left","11":"mobile-align-left","13":"first","14":"instock","15":"featured","16":"shipping-taxable","17":"product-type-simple"},"uagb_featured_image_src":{"full":["https:\/\/yisent.com\/wp-content\/uploads\/2023\/11\/parallel-twin-screw-barrel.jpg",1000,1000,false],"thumbnail":["https:\/\/yisent.com\/wp-content\/uploads\/2023\/11\/parallel-twin-screw-barrel-150x150.jpg",150,150,true],"medium":["https:\/\/yisent.com\/wp-content\/uploads\/2023\/11\/parallel-twin-screw-barrel-300x300.jpg",300,300,true],"medium_large":["https:\/\/yisent.com\/wp-content\/uploads\/2023\/11\/parallel-twin-screw-barrel-768x768.jpg",768,768,true],"large":["https:\/\/yisent.com\/wp-content\/uploads\/2023\/11\/parallel-twin-screw-barrel.jpg",1000,1000,false],"1536x1536":["https:\/\/yisent.com\/wp-content\/uploads\/2023\/11\/parallel-twin-screw-barrel.jpg",1000,1000,false],"2048x2048":["https:\/\/yisent.com\/wp-content\/uploads\/2023\/11\/parallel-twin-screw-barrel.jpg",1000,1000,false],"woocommerce_thumbnail":["https:\/\/yisent.com\/wp-content\/uploads\/2023\/11\/parallel-twin-screw-barrel-300x300.jpg",300,300,true],"woocommerce_single":["https:\/\/yisent.com\/wp-content\/uploads\/2023\/11\/parallel-twin-screw-barrel-600x600.jpg",600,600,true],"woocommerce_gallery_thumbnail":["https:\/\/yisent.com\/wp-content\/uploads\/2023\/11\/parallel-twin-screw-barrel-100x100.jpg",100,100,true]},"uagb_author_info":{"display_name":"admin","author_link":"https:\/\/yisent.com\/fr\/author\/"},"uagb_comment_info":0,"uagb_excerpt":"Longueur maximale\u00a0: 9000\u00a0mm Diam\u00e8tre de vis : \u03a645 ~ 200 mm Vis L\/D\u00a0: 16 ~ 35 Profondeur de nitruration\u00a0: 0,4\u00a0mm ~ 0,7\u00a0mm Duret\u00e9 de nitruration\u00a0: HRC 68 ~ 70 \u00c9paisseur de la couche d'alliage : 1,5 ~ 3,0 mm Duret\u00e9 de l'alliage\u00a0: HRC 58 ~ 60 Rectitude : 0,015 mm\/m Rugosit\u00e9 : Ra 0,4 Fragilit\u00e9\u00a0:\u00a01re\u2026","_links":{"self":[{"href":"https:\/\/yisent.com\/fr\/wp-json\/wp\/v2\/product\/83","targetHints":{"allow":["GET"]}}],"collection":[{"href":"https:\/\/yisent.com\/fr\/wp-json\/wp\/v2\/product"}],"about":[{"href":"https:\/\/yisent.com\/fr\/wp-json\/wp\/v2\/types\/product"}],"wp:featuredmedia":[{"embeddable":true,"href":"https:\/\/yisent.com\/fr\/wp-json\/wp\/v2\/media\/12"}],"wp:attachment":[{"href":"https:\/\/yisent.com\/fr\/wp-json\/wp\/v2\/media?parent=83"}],"wp:term":[{"taxonomy":"product_brand","embeddable":true,"href":"https:\/\/yisent.com\/fr\/wp-json\/wp\/v2\/product_brand?post=83"},{"taxonomy":"product_cat","embeddable":true,"href":"https:\/\/yisent.com\/fr\/wp-json\/wp\/v2\/product_cat?post=83"},{"taxonomy":"product_tag","embeddable":true,"href":"https:\/\/yisent.com\/fr\/wp-json\/wp\/v2\/product_tag?post=83"}],"curies":[{"name":"wp","href":"https:\/\/api.w.org\/{rel}","templated":true}]}}