{"id":82,"date":"2019-01-23T12:23:25","date_gmt":"2019-01-23T12:23:25","guid":{"rendered":"https:\/\/yisent.com\/product\/rattle-snake-tail\/"},"modified":"2025-04-05T13:13:28","modified_gmt":"2025-04-05T05:13:28","slug":"segment-screw-element-for-plastic-extruder","status":"publish","type":"product","link":"https:\/\/yisent.com\/fr\/product\/extruder-screw-barrel\/twin-screw-barrel\/segment-screw-element-for-plastic-extruder\/","title":{"rendered":"\u00c9l\u00e9ment de vis segment\u00e9e pour extrudeuse de plastique"},"content":{"rendered":"<h3>INTRODUCTION<\/h3>\n<p>Les vis \u00e0 segments sont largement utilis\u00e9es dans les extrudeuses de plastique \u00e0 haut rendement qui sont principalement utilis\u00e9es dans la composition de lots ma\u00eetres, la production de films et de feuilles.<\/p>\n<p>Types de vis \u00e0 segments<\/p>\n<ol>\n<li>Transport d&rsquo;\u00e9l\u00e9ments \u00e0 vis<\/li>\n<li>Blocs de p\u00e9trissage<\/li>\n<li>\u00c9l\u00e9ments de vis de m\u00e9lange<\/li>\n<li>\u00c9l\u00e9ments de vis de transition<\/li>\n<li>\u00c9l\u00e9ments de vis de compression<\/li>\n<\/ol>\n<h3>MACHINES DISPONIBLES<\/h3>\n<p>Coperion, Leistritz, Kobe, Toshiba, JSW, Krauss Maffei, Berstorff, Battenfeld, Weber, Theysohn, etc.<\/p>\n<h3>APPLICATION<\/h3>\n<p>M\u00e9langes ma\u00eetres, tuyaux, films, feuilles, profils, etc.<\/p>\n<table width=\"698\">\n<tbody>\n<tr>\n<td width=\"121\"><b>Mat\u00e9riel<\/b><\/td>\n<td align=\"center\" width=\"129\"><b>Duret\u00e9<\/b><\/td>\n<td align=\"center\" width=\"142\"><b>Traitement<\/b><\/td>\n<td align=\"center\" width=\"175\"><b>Application<\/b><\/td>\n<\/tr>\n<tr>\n<td width=\"121\"><strong>Cr26<\/strong><\/td>\n<td align=\"center\" width=\"129\">HRC 58 ~ 62<\/td>\n<td align=\"center\" width=\"142\">PTA<\/td>\n<td align=\"center\" width=\"175\">30%GF<\/td>\n<\/tr>\n<tr>\n<td width=\"121\"><strong>Ni60<\/strong><\/td>\n<td align=\"center\" width=\"129\">HRC 58 ~ 62<\/td>\n<td align=\"center\" width=\"142\">PTA<\/td>\n<td align=\"center\" width=\"175\">40%GF<\/td>\n<\/tr>\n<tr>\n<td width=\"121\"><strong>Cr12MoV<\/strong><\/td>\n<td align=\"center\" width=\"129\">HRC 58 ~ 60<\/td>\n<td align=\"center\" width=\"142\">Trempe sous vide<\/td>\n<td align=\"center\" width=\"175\">20%GF<\/td>\n<\/tr>\n<tr>\n<td width=\"121\"><b>M2<\/b><\/td>\n<td align=\"center\" width=\"129\">HRC 61 ~ 63<\/td>\n<td align=\"center\" width=\"142\">Trempe sous vide<\/td>\n<td align=\"center\" width=\"175\">30%GF<\/td>\n<\/tr>\n<tr>\n<td width=\"121\"><b>M3<\/b><\/td>\n<td align=\"center\" width=\"129\">HRC 65 ~ 67<\/td>\n<td align=\"center\" width=\"142\">Trempe sous vide<\/td>\n<td align=\"center\" width=\"175\">50%GF<\/td>\n<\/tr>\n<tr>\n<td width=\"121\"><strong>WR5<\/strong><\/td>\n<td align=\"center\" width=\"129\">HRC 63 ~ 65<\/td>\n<td align=\"center\" width=\"142\">HIP<\/td>\n<td align=\"center\" width=\"175\">50%GF<\/td>\n<\/tr>\n<tr>\n<td width=\"121\"><b>WR14<\/b><\/td>\n<td align=\"center\" width=\"129\">HRC 64 ~ 66<\/td>\n<td align=\"center\" width=\"142\">HIP<\/td>\n<td align=\"center\" width=\"175\">Tr\u00e8s corrosif<\/td>\n<\/tr>\n<tr>\n<td width=\"121\"><b>WR13<\/b><\/td>\n<td align=\"center\" width=\"129\">HRC 64 ~ 66<\/td>\n<td align=\"center\" width=\"142\">HIP<\/td>\n<td align=\"center\" width=\"175\">Tr\u00e8s corrosif<\/td>\n<\/tr>\n<tr>\n<td width=\"121\"><b>TiN Coating<\/b><\/td>\n<td align=\"center\" width=\"129\">HRC 56 ~ 60<\/td>\n<td align=\"center\" width=\"142\">PVD<\/td>\n<td align=\"center\" width=\"175\">Tr\u00e8s abrasif et corrosif<\/td>\n<\/tr>\n<tr>\n<td width=\"121\"><b>CrN Coating<\/b><\/td>\n<td align=\"center\" width=\"129\">HRC 58 ~ 62<\/td>\n<td align=\"center\" width=\"142\">PVD<\/td>\n<td align=\"center\" width=\"175\">Tr\u00e8s abrasif et corrosif<\/td>\n<\/tr>\n<tr>\n<td width=\"121\"><b>TiAlN Coating<\/b><\/td>\n<td align=\"center\" width=\"129\">HRC 64 ~ 66<\/td>\n<td align=\"center\" width=\"142\">PVD<\/td>\n<td align=\"center\" width=\"175\">Tr\u00e8s abrasif et corrosif<\/td>\n<\/tr>\n<tr>\n<td width=\"121\"><b>9Cr18MoV<\/b><\/td>\n<td align=\"center\" width=\"129\">HRC 58 ~ 62<\/td>\n<td align=\"center\" width=\"142\">Trempe sous vide<\/td>\n<td align=\"center\" width=\"175\">Tr\u00e8s abrasif et corrosif<\/td>\n<\/tr>\n<tr>\n<td width=\"121\"><b>SUS 316L<\/b><\/td>\n<td align=\"center\" width=\"129\">HRC 45 ~ 50<\/td>\n<td align=\"center\" width=\"142\">Trempe<\/td>\n<td align=\"center\" width=\"175\">Tr\u00e8s corrosif<\/td>\n<\/tr>\n<tr>\n<td width=\"121\"><b>C276<\/b><\/td>\n<td align=\"center\" width=\"129\">HRC 60 ~ 65<\/td>\n<td align=\"center\" width=\"142\">Trempe<\/td>\n<td align=\"center\" width=\"175\">Extr\u00eamement corrosif<\/td>\n<\/tr>\n<\/tbody>\n<\/table>\n","protected":false},"excerpt":{"rendered":"<p>Diam\u00e8tre de vis : \u03a612 ~ 350 mm<br \/>\nVis L\/D\u00a0: 12 ~ 55<br \/>\nMat\u00e9riaux en acier\u00a0: acier \u00e0 outils, acier PM, acier inoxydable, etc.<br \/>\nDuret\u00e9\u00a0:\u00a0HRC 45 ~ 67<br \/>\nRectitude : 0,015 mm\/m<br \/>\nRugosit\u00e9 : Ra 0,4<br \/>\nFragilit\u00e9\u00a0:\u00a01re ann\u00e9e<br \/>\n1 ann\u00e9e de garantie<\/p>\n","protected":false},"featured_media":652,"template":"","meta":{"_uag_custom_page_level_css":"","site-sidebar-layout":"default","site-content-layout":"default","ast-site-content-layout":"default","site-content-style":"default","site-sidebar-style":"default","ast-global-header-display":"","ast-banner-title-visibility":"","ast-main-header-display":"","ast-hfb-above-header-display":"","ast-hfb-below-header-display":"","ast-hfb-mobile-header-display":"","site-post-title":"","ast-breadcrumbs-content":"","ast-featured-img":"","footer-sml-layout":"","theme-transparent-header-meta":"default","adv-header-id-meta":"","stick-header-meta":"","header-above-stick-meta":"","header-main-stick-meta":"","header-below-stick-meta":"","astra-migrate-meta-layouts":"set","ast-page-background-enabled":"default","ast-page-background-meta":{"desktop":{"background-color":"","background-image":"","background-repeat":"repeat","background-position":"center center","background-size":"auto","background-attachment":"scroll","background-type":"","background-media":"","overlay-type":"","overlay-color":"","overlay-opacity":"","overlay-gradient":""},"tablet":{"background-color":"","background-image":"","background-repeat":"repeat","background-position":"center center","background-size":"auto","background-attachment":"scroll","background-type":"","background-media":"","overlay-type":"","overlay-color":"","overlay-opacity":"","overlay-gradient":""},"mobile":{"background-color":"","background-image":"","background-repeat":"repeat","background-position":"center center","background-size":"auto","background-attachment":"scroll","background-type":"","background-media":"","overlay-type":"","overlay-color":"","overlay-opacity":"","overlay-gradient":""}},"ast-content-background-meta":{"desktop":{"background-color":"var(--ast-global-color-5)","background-image":"","background-repeat":"repeat","background-position":"center center","background-size":"auto","background-attachment":"scroll","background-type":"","background-media":"","overlay-type":"","overlay-color":"","overlay-opacity":"","overlay-gradient":""},"tablet":{"background-color":"var(--ast-global-color-5)","background-image":"","background-repeat":"repeat","background-position":"center center","background-size":"auto","background-attachment":"scroll","background-type":"","background-media":"","overlay-type":"","overlay-color":"","overlay-opacity":"","overlay-gradient":""},"mobile":{"background-color":"var(--ast-global-color-5)","background-image":"","background-repeat":"repeat","background-position":"center center","background-size":"auto","background-attachment":"scroll","background-type":"","background-media":"","overlay-type":"","overlay-color":"","overlay-opacity":"","overlay-gradient":""}}},"product_brand":[],"product_cat":[22],"product_tag":[94,73,74,72],"class_list":{"0":"post-82","1":"product","2":"type-product","3":"status-publish","4":"has-post-thumbnail","6":"product_cat-twin-screw-barrel","7":"product_tag-plastic-extruder","8":"product_tag-screw-element","9":"product_tag-segment-screw-barrel","10":"product_tag-segment-screw","11":"desktop-align-left","12":"tablet-align-left","13":"mobile-align-left","15":"first","16":"instock","17":"featured","18":"shipping-taxable","19":"product-type-simple"},"uagb_featured_image_src":{"full":["https:\/\/yisent.com\/wp-content\/uploads\/2023\/12\/segment-screw.jpg",1000,1000,false],"thumbnail":["https:\/\/yisent.com\/wp-content\/uploads\/2023\/12\/segment-screw-150x150.jpg",150,150,true],"medium":["https:\/\/yisent.com\/wp-content\/uploads\/2023\/12\/segment-screw-300x300.jpg",300,300,true],"medium_large":["https:\/\/yisent.com\/wp-content\/uploads\/2023\/12\/segment-screw-768x768.jpg",768,768,true],"large":["https:\/\/yisent.com\/wp-content\/uploads\/2023\/12\/segment-screw.jpg",1000,1000,false],"1536x1536":["https:\/\/yisent.com\/wp-content\/uploads\/2023\/12\/segment-screw.jpg",1000,1000,false],"2048x2048":["https:\/\/yisent.com\/wp-content\/uploads\/2023\/12\/segment-screw.jpg",1000,1000,false],"woocommerce_thumbnail":["https:\/\/yisent.com\/wp-content\/uploads\/2023\/12\/segment-screw-300x300.jpg",300,300,true],"woocommerce_single":["https:\/\/yisent.com\/wp-content\/uploads\/2023\/12\/segment-screw-600x600.jpg",600,600,true],"woocommerce_gallery_thumbnail":["https:\/\/yisent.com\/wp-content\/uploads\/2023\/12\/segment-screw-100x100.jpg",100,100,true]},"uagb_author_info":{"display_name":"admin","author_link":"https:\/\/yisent.com\/fr\/author\/"},"uagb_comment_info":0,"uagb_excerpt":"Diam\u00e8tre de vis : \u03a612 ~ 350 mm Vis L\/D\u00a0: 12 ~ 55 Mat\u00e9riaux en acier\u00a0: acier \u00e0 outils, acier PM, acier inoxydable, etc. Duret\u00e9\u00a0:\u00a0HRC 45 ~ 67 Rectitude : 0,015 mm\/m Rugosit\u00e9 : Ra 0,4 Fragilit\u00e9\u00a0:\u00a01re ann\u00e9e 1 ann\u00e9e de garantie","_links":{"self":[{"href":"https:\/\/yisent.com\/fr\/wp-json\/wp\/v2\/product\/82","targetHints":{"allow":["GET"]}}],"collection":[{"href":"https:\/\/yisent.com\/fr\/wp-json\/wp\/v2\/product"}],"about":[{"href":"https:\/\/yisent.com\/fr\/wp-json\/wp\/v2\/types\/product"}],"wp:featuredmedia":[{"embeddable":true,"href":"https:\/\/yisent.com\/fr\/wp-json\/wp\/v2\/media\/652"}],"wp:attachment":[{"href":"https:\/\/yisent.com\/fr\/wp-json\/wp\/v2\/media?parent=82"}],"wp:term":[{"taxonomy":"product_brand","embeddable":true,"href":"https:\/\/yisent.com\/fr\/wp-json\/wp\/v2\/product_brand?post=82"},{"taxonomy":"product_cat","embeddable":true,"href":"https:\/\/yisent.com\/fr\/wp-json\/wp\/v2\/product_cat?post=82"},{"taxonomy":"product_tag","embeddable":true,"href":"https:\/\/yisent.com\/fr\/wp-json\/wp\/v2\/product_tag?post=82"}],"curies":[{"name":"wp","href":"https:\/\/api.w.org\/{rel}","templated":true}]}}