{"id":80,"date":"2019-01-23T12:20:04","date_gmt":"2019-01-23T12:20:04","guid":{"rendered":"https:\/\/yisent.com\/product\/star-cactus\/"},"modified":"2025-04-05T13:24:53","modified_gmt":"2025-04-05T05:24:53","slug":"screw-shaft-for-plastic-extruder","status":"publish","type":"product","link":"https:\/\/yisent.com\/fr\/product\/extruder-screw-barrel\/twin-screw-barrel\/screw-shaft-for-plastic-extruder\/","title":{"rendered":"Arbre \u00e0 vis pour extrudeuse de plastique"},"content":{"rendered":"<h3>INTRODUCTION<\/h3>\n<p>L&rsquo;arbre \u00e0 vis est principalement utilis\u00e9 pour assembler des vis \u00e0 segments pour former une vis. Il pr\u00e9sente une r\u00e9sistance \u00e9lev\u00e9e \u00e0 la traction avec une bonne t\u00e9nacit\u00e9, une stabilit\u00e9 thermique \u00e9lev\u00e9e et une r\u00e9sistance \u00e9lev\u00e9e aux chocs thermiques, ce qui lui permet de r\u00e9sister \u00e0 un couple \u00e9lev\u00e9.<\/p>\n<h3>MACHINES DISPONIBLES<\/h3>\n<p>Coperion, Leistritz, Kobe, Toshiba, JSW, Krauss Maffei, Berstorff, Battenfeld, Weber, Theysohn, etc.<\/p>\n<h3>APPLICATION<\/h3>\n<p>M\u00e9langes ma\u00eetres, tuyaux, films, feuilles, profils, etc.<\/p>\n<table width=\"698\">\n<tbody>\n<tr>\n<td width=\"121\"><b>Mat\u00e9riel<\/b><\/td>\n<td align=\"center\" width=\"129\"><b>Duret\u00e9<\/b><\/td>\n<td align=\"center\" width=\"142\"><b>Traitement<\/b><\/td>\n<td align=\"center\" width=\"175\"><b>Processus<\/b><\/td>\n<\/tr>\n<tr>\n<td width=\"121\"><b>40CrNiMoA<\/b><\/td>\n<td align=\"center\" width=\"129\">HRC 28 ~ 36<\/td>\n<td align=\"center\" width=\"142\">Trempe<\/td>\n<td align=\"center\" width=\"175\">Laminage \u00e0 froid<\/td>\n<\/tr>\n<tr>\n<td width=\"121\"><b>40Cr<\/b><\/td>\n<td align=\"center\" width=\"129\">HRC 32 ~ 36<\/td>\n<td align=\"center\" width=\"142\">Trempe<\/td>\n<td align=\"center\" width=\"175\">Laminage \u00e0 froid<\/td>\n<\/tr>\n<tr>\n<td width=\"121\"><b>42CrMo<\/b><\/td>\n<td align=\"center\" width=\"129\">HRC 30 ~ 36<\/td>\n<td align=\"center\" width=\"142\">Trempe<\/td>\n<td align=\"center\" width=\"175\">Laminage \u00e0 froid<\/td>\n<\/tr>\n<tr>\n<td width=\"121\"><b>WR15E<\/b><\/td>\n<td align=\"center\" width=\"129\">HRC 38 ~ 42<\/td>\n<td align=\"center\" width=\"142\">Trempe<\/td>\n<td align=\"center\" width=\"175\">Laminage \u00e0 froid<\/td>\n<\/tr>\n<tr>\n<td width=\"121\"><b>WR30<\/b><\/td>\n<td align=\"center\" width=\"129\">HRC 38 ~ 42<\/td>\n<td align=\"center\" width=\"142\">Trempe<\/td>\n<td align=\"center\" width=\"175\">Laminage \u00e0 froid<\/td>\n<\/tr>\n<\/tbody>\n<\/table>\n","protected":false},"excerpt":{"rendered":"<p>Longueur maximale\u00a0: 15 000\u00a0mm<br \/>\nDiam\u00e8tre ext\u00e9rieur : \u03a610 ~ 120 mm<br \/>\nType de cannelure\u00a0: DIN5480, JIS-B-1603, cannelure \u00e0 d\u00e9veloppante GB3478, rainure de clavette plate, etc.<br \/>\nRectitude : 0,015 mm\/m<br \/>\nRugosit\u00e9 : Ra 0,4<br \/>\nFragilit\u00e9\u00a0:\u00a01re ann\u00e9e<br \/>\n1 ann\u00e9e de garantie<\/p>\n","protected":false},"featured_media":651,"template":"","meta":{"_uag_custom_page_level_css":"","site-sidebar-layout":"default","site-content-layout":"default","ast-site-content-layout":"default","site-content-style":"default","site-sidebar-style":"default","ast-global-header-display":"","ast-banner-title-visibility":"","ast-main-header-display":"","ast-hfb-above-header-display":"","ast-hfb-below-header-display":"","ast-hfb-mobile-header-display":"","site-post-title":"","ast-breadcrumbs-content":"","ast-featured-img":"","footer-sml-layout":"","theme-transparent-header-meta":"default","adv-header-id-meta":"","stick-header-meta":"","header-above-stick-meta":"","header-main-stick-meta":"","header-below-stick-meta":"","astra-migrate-meta-layouts":"set","ast-page-background-enabled":"default","ast-page-background-meta":{"desktop":{"background-color":"","background-image":"","background-repeat":"repeat","background-position":"center center","background-size":"auto","background-attachment":"scroll","background-type":"","background-media":"","overlay-type":"","overlay-color":"","overlay-opacity":"","overlay-gradient":""},"tablet":{"background-color":"","background-image":"","background-repeat":"repeat","background-position":"center center","background-size":"auto","background-attachment":"scroll","background-type":"","background-media":"","overlay-type":"","overlay-color":"","overlay-opacity":"","overlay-gradient":""},"mobile":{"background-color":"","background-image":"","background-repeat":"repeat","background-position":"center center","background-size":"auto","background-attachment":"scroll","background-type":"","background-media":"","overlay-type":"","overlay-color":"","overlay-opacity":"","overlay-gradient":""}},"ast-content-background-meta":{"desktop":{"background-color":"var(--ast-global-color-5)","background-image":"","background-repeat":"repeat","background-position":"center center","background-size":"auto","background-attachment":"scroll","background-type":"","background-media":"","overlay-type":"","overlay-color":"","overlay-opacity":"","overlay-gradient":""},"tablet":{"background-color":"var(--ast-global-color-5)","background-image":"","background-repeat":"repeat","background-position":"center center","background-size":"auto","background-attachment":"scroll","background-type":"","background-media":"","overlay-type":"","overlay-color":"","overlay-opacity":"","overlay-gradient":""},"mobile":{"background-color":"var(--ast-global-color-5)","background-image":"","background-repeat":"repeat","background-position":"center center","background-size":"auto","background-attachment":"scroll","background-type":"","background-media":"","overlay-type":"","overlay-color":"","overlay-opacity":"","overlay-gradient":""}}},"product_brand":[],"product_cat":[22],"product_tag":[94,76,77],"class_list":{"0":"post-80","1":"product","2":"type-product","3":"status-publish","4":"has-post-thumbnail","6":"product_cat-twin-screw-barrel","7":"product_tag-plastic-extruder","8":"product_tag-screw-shaft","9":"product_tag-segment-screw-shaft","10":"desktop-align-left","11":"tablet-align-left","12":"mobile-align-left","14":"first","15":"instock","16":"shipping-taxable","17":"product-type-simple"},"uagb_featured_image_src":{"full":["https:\/\/yisent.com\/wp-content\/uploads\/2023\/12\/screw-shaft.jpg",1000,1000,false],"thumbnail":["https:\/\/yisent.com\/wp-content\/uploads\/2023\/12\/screw-shaft-150x150.jpg",150,150,true],"medium":["https:\/\/yisent.com\/wp-content\/uploads\/2023\/12\/screw-shaft-300x300.jpg",300,300,true],"medium_large":["https:\/\/yisent.com\/wp-content\/uploads\/2023\/12\/screw-shaft-768x768.jpg",768,768,true],"large":["https:\/\/yisent.com\/wp-content\/uploads\/2023\/12\/screw-shaft.jpg",1000,1000,false],"1536x1536":["https:\/\/yisent.com\/wp-content\/uploads\/2023\/12\/screw-shaft.jpg",1000,1000,false],"2048x2048":["https:\/\/yisent.com\/wp-content\/uploads\/2023\/12\/screw-shaft.jpg",1000,1000,false],"woocommerce_thumbnail":["https:\/\/yisent.com\/wp-content\/uploads\/2023\/12\/screw-shaft-300x300.jpg",300,300,true],"woocommerce_single":["https:\/\/yisent.com\/wp-content\/uploads\/2023\/12\/screw-shaft-600x600.jpg",600,600,true],"woocommerce_gallery_thumbnail":["https:\/\/yisent.com\/wp-content\/uploads\/2023\/12\/screw-shaft-100x100.jpg",100,100,true]},"uagb_author_info":{"display_name":"admin","author_link":"https:\/\/yisent.com\/fr\/author\/"},"uagb_comment_info":0,"uagb_excerpt":"Longueur maximale\u00a0: 15 000\u00a0mm Diam\u00e8tre ext\u00e9rieur : \u03a610 ~ 120 mm Type de cannelure\u00a0: DIN5480, JIS-B-1603, cannelure \u00e0 d\u00e9veloppante GB3478, rainure de clavette plate, etc. Rectitude : 0,015 mm\/m Rugosit\u00e9 : Ra 0,4 Fragilit\u00e9\u00a0:\u00a01re ann\u00e9e 1 ann\u00e9e de garantie","_links":{"self":[{"href":"https:\/\/yisent.com\/fr\/wp-json\/wp\/v2\/product\/80","targetHints":{"allow":["GET"]}}],"collection":[{"href":"https:\/\/yisent.com\/fr\/wp-json\/wp\/v2\/product"}],"about":[{"href":"https:\/\/yisent.com\/fr\/wp-json\/wp\/v2\/types\/product"}],"wp:featuredmedia":[{"embeddable":true,"href":"https:\/\/yisent.com\/fr\/wp-json\/wp\/v2\/media\/651"}],"wp:attachment":[{"href":"https:\/\/yisent.com\/fr\/wp-json\/wp\/v2\/media?parent=80"}],"wp:term":[{"taxonomy":"product_brand","embeddable":true,"href":"https:\/\/yisent.com\/fr\/wp-json\/wp\/v2\/product_brand?post=80"},{"taxonomy":"product_cat","embeddable":true,"href":"https:\/\/yisent.com\/fr\/wp-json\/wp\/v2\/product_cat?post=80"},{"taxonomy":"product_tag","embeddable":true,"href":"https:\/\/yisent.com\/fr\/wp-json\/wp\/v2\/product_tag?post=80"}],"curies":[{"name":"wp","href":"https:\/\/api.w.org\/{rel}","templated":true}]}}