{"id":965,"date":"2024-06-23T16:30:43","date_gmt":"2024-06-23T08:30:43","guid":{"rendered":"https:\/\/yisent.com\/?post_type=product&#038;p=965"},"modified":"2025-04-05T12:51:59","modified_gmt":"2025-04-05T04:51:59","slug":"static-mixing-nozzle-for-injection-molding-machine","status":"publish","type":"product","link":"https:\/\/yisent.com\/es\/product\/injection-nozzle\/static-mixing-nozzle-for-injection-molding-machine\/","title":{"rendered":"Boquilla de mezcla est\u00e1tica para m\u00e1quinas de moldeo por inyecci\u00f3n"},"content":{"rendered":"<h3>Solicitud<\/h3>\n<p>Mejorar la homogeneidad y calidad del color<br \/>\nReducir el consumo de lotes maestros de color<br \/>\nAhorre costos de producci\u00f3n<br \/>\nCombinaci\u00f3n con boquilla de cierre<\/p>\n<h3>Pol\u00edmeros<\/h3>\n<p>PA6, PA66, PE, PP, PS, ABS, PET, etc.<\/p>\n<p><img loading=\"lazy\" decoding=\"async\" class=\"aligncenter size-medium wp-image-921\" src=\"https:\/\/yisent.com\/wp-content\/uploads\/2024\/06\/SM-DWG.jpg\" alt=\"\" width=\"1475\" height=\"550\" \/><\/p>\n<table>\n<tbody>\n<tr>\n<td width=\"127\"><strong>Par\u00e1metros<\/strong><\/td>\n<td align=\"center\" width=\"61\"><strong>Unidad<\/strong><\/td>\n<td align=\"center\" width=\"94\"><strong>SM-1<\/strong><\/td>\n<td align=\"center\" width=\"94\"><strong>SM-2<\/strong><\/td>\n<td align=\"center\" width=\"96\"><strong>SM-3<\/strong><\/td>\n<\/tr>\n<tr>\n<td width=\"127\"><strong>M\u00e1x. Velocidad de inyecci\u00f3n<\/strong><\/td>\n<td align=\"center\" width=\"61\">cm<sup>3<\/sup>\/s<\/td>\n<td align=\"center\" width=\"94\">500<\/td>\n<td align=\"center\" width=\"94\">1600<\/td>\n<td align=\"center\" width=\"96\">3500<\/td>\n<\/tr>\n<tr>\n<td width=\"127\"><strong>M\u00e1x. Di\u00e1metro del tornillo<\/strong><\/td>\n<td align=\"center\" width=\"61\">mm<\/td>\n<td align=\"center\" width=\"94\">70<\/td>\n<td align=\"center\" width=\"94\">100<\/td>\n<td align=\"center\" width=\"96\">150<\/td>\n<\/tr>\n<tr>\n<td width=\"127\"><strong>M\u00e1x. Tonelaje de la m\u00e1quina<\/strong><\/td>\n<td align=\"center\" width=\"61\">Ton<\/td>\n<td align=\"center\" width=\"94\">400<\/td>\n<td align=\"center\" width=\"94\">800<\/td>\n<td align=\"center\" width=\"96\">1500<\/td>\n<\/tr>\n<tr>\n<td width=\"127\"><strong>Longitud del cuerpo (B)<\/strong><\/td>\n<td align=\"center\" width=\"61\">mm<\/td>\n<td align=\"center\" width=\"94\">119.6<\/td>\n<td align=\"center\" width=\"94\">146<\/td>\n<td align=\"center\" width=\"96\">230.9<\/td>\n<\/tr>\n<tr>\n<td width=\"127\"><strong>Calentador (H)<\/strong><\/td>\n<td align=\"center\" width=\"61\">mm<\/td>\n<td align=\"center\" width=\"94\">\u03a650\u00d760L<\/td>\n<td align=\"center\" width=\"94\">\u03a660\u00d770L<\/td>\n<td align=\"center\" width=\"96\">\u03a680\u00d7100L<\/td>\n<\/tr>\n<tr>\n<td width=\"127\"><strong>Di\u00e1metro interior del mezclador<\/strong><\/td>\n<td align=\"center\" width=\"61\">mm<\/td>\n<td align=\"center\" width=\"94\">18<\/td>\n<td align=\"center\" width=\"94\">22<\/td>\n<td align=\"center\" width=\"96\">30<\/td>\n<\/tr>\n<tr>\n<td width=\"127\"><strong>Di\u00e1metro exterior del mezclador<\/strong><\/td>\n<td align=\"center\" width=\"61\">mm<\/td>\n<td align=\"center\" width=\"94\">25<\/td>\n<td align=\"center\" width=\"94\">30<\/td>\n<td align=\"center\" width=\"96\">40<\/td>\n<\/tr>\n<tr>\n<td width=\"127\"><strong>Longitud del mezclador<\/strong><\/td>\n<td align=\"center\" width=\"61\">mm<\/td>\n<td align=\"center\" width=\"94\">24.2<\/td>\n<td align=\"center\" width=\"94\">28<\/td>\n<td align=\"center\" width=\"96\">38.2<\/td>\n<\/tr>\n<tr>\n<td width=\"127\"><strong>Cantidades de mezclador<\/strong><\/td>\n<td align=\"center\" width=\"61\">pcs<\/td>\n<td align=\"center\" width=\"94\">3<\/td>\n<td align=\"center\" width=\"94\">3<\/td>\n<td align=\"center\" width=\"96\">4<\/td>\n<\/tr>\n<tr>\n<td width=\"127\"><strong>M\u00e1x. Presi\u00f3n de inyecci\u00f3n<\/strong><\/td>\n<td align=\"center\" width=\"61\">Bar<\/td>\n<td colspan=\"3\" align=\"center\" width=\"284\">3000<\/td>\n<\/tr>\n<tr>\n<td width=\"127\"><strong>M\u00e1x. Temperatura<\/strong><\/td>\n<td align=\"center\" width=\"61\">\u00baC<\/td>\n<td colspan=\"3\" align=\"center\" width=\"284\">400<\/td>\n<\/tr>\n<\/tbody>\n<\/table>\n","protected":false},"excerpt":{"rendered":"<p>La boquilla mezcladora est\u00e1tica se utiliza principalmente para mejorar el efecto de mezcla para fundir pol\u00edmeros termopl\u00e1sticos que pueden mejorar la homogeneidad del color de los productos. Adem\u00e1s, tambi\u00e9n puede reducir el consumo de lotes maestros de color, lo que podr\u00eda ahorrar costos de producci\u00f3n.<\/p>\n","protected":false},"featured_media":915,"template":"","meta":{"_uag_custom_page_level_css":"","site-sidebar-layout":"default","site-content-layout":"","ast-site-content-layout":"default","site-content-style":"default","site-sidebar-style":"default","ast-global-header-display":"","ast-banner-title-visibility":"","ast-main-header-display":"","ast-hfb-above-header-display":"","ast-hfb-below-header-display":"","ast-hfb-mobile-header-display":"","site-post-title":"","ast-breadcrumbs-content":"","ast-featured-img":"","footer-sml-layout":"","theme-transparent-header-meta":"default","adv-header-id-meta":"","stick-header-meta":"","header-above-stick-meta":"","header-main-stick-meta":"","header-below-stick-meta":"","astra-migrate-meta-layouts":"set","ast-page-background-enabled":"default","ast-page-background-meta":{"desktop":{"background-color":"","background-image":"","background-repeat":"repeat","background-position":"center center","background-size":"auto","background-attachment":"scroll","background-type":"","background-media":"","overlay-type":"","overlay-color":"","overlay-opacity":"","overlay-gradient":""},"tablet":{"background-color":"","background-image":"","background-repeat":"repeat","background-position":"center center","background-size":"auto","background-attachment":"scroll","background-type":"","background-media":"","overlay-type":"","overlay-color":"","overlay-opacity":"","overlay-gradient":""},"mobile":{"background-color":"","background-image":"","background-repeat":"repeat","background-position":"center center","background-size":"auto","background-attachment":"scroll","background-type":"","background-media":"","overlay-type":"","overlay-color":"","overlay-opacity":"","overlay-gradient":""}},"ast-content-background-meta":{"desktop":{"background-color":"var(--ast-global-color-5)","background-image":"","background-repeat":"repeat","background-position":"center center","background-size":"auto","background-attachment":"scroll","background-type":"","background-media":"","overlay-type":"","overlay-color":"","overlay-opacity":"","overlay-gradient":""},"tablet":{"background-color":"var(--ast-global-color-5)","background-image":"","background-repeat":"repeat","background-position":"center center","background-size":"auto","background-attachment":"scroll","background-type":"","background-media":"","overlay-type":"","overlay-color":"","overlay-opacity":"","overlay-gradient":""},"mobile":{"background-color":"var(--ast-global-color-5)","background-image":"","background-repeat":"repeat","background-position":"center center","background-size":"auto","background-attachment":"scroll","background-type":"","background-media":"","overlay-type":"","overlay-color":"","overlay-opacity":"","overlay-gradient":""}}},"product_brand":[],"product_cat":[57],"product_tag":[91,82,81,83],"class_list":{"0":"post-965","1":"product","2":"type-product","3":"status-publish","4":"has-post-thumbnail","6":"product_cat-injection-nozzle","7":"product_tag-injection-molding","8":"product_tag-mixing-element","9":"product_tag-mixing-nozzle","10":"product_tag-static-mixing-element","11":"desktop-align-left","12":"tablet-align-left","13":"mobile-align-left","15":"first","16":"instock","17":"shipping-taxable","18":"product-type-simple"},"uagb_featured_image_src":{"full":["https:\/\/yisent.com\/wp-content\/uploads\/2024\/06\/static-mixing-nozzle.jpg",1000,1000,false],"thumbnail":["https:\/\/yisent.com\/wp-content\/uploads\/2024\/06\/static-mixing-nozzle-150x150.jpg",150,150,true],"medium":["https:\/\/yisent.com\/wp-content\/uploads\/2024\/06\/static-mixing-nozzle-300x300.jpg",300,300,true],"medium_large":["https:\/\/yisent.com\/wp-content\/uploads\/2024\/06\/static-mixing-nozzle-768x768.jpg",768,768,true],"large":["https:\/\/yisent.com\/wp-content\/uploads\/2024\/06\/static-mixing-nozzle.jpg",1000,1000,false],"1536x1536":["https:\/\/yisent.com\/wp-content\/uploads\/2024\/06\/static-mixing-nozzle.jpg",1000,1000,false],"2048x2048":["https:\/\/yisent.com\/wp-content\/uploads\/2024\/06\/static-mixing-nozzle.jpg",1000,1000,false],"woocommerce_thumbnail":["https:\/\/yisent.com\/wp-content\/uploads\/2024\/06\/static-mixing-nozzle-300x300.jpg",300,300,true],"woocommerce_single":["https:\/\/yisent.com\/wp-content\/uploads\/2024\/06\/static-mixing-nozzle-600x600.jpg",600,600,true],"woocommerce_gallery_thumbnail":["https:\/\/yisent.com\/wp-content\/uploads\/2024\/06\/static-mixing-nozzle-100x100.jpg",100,100,true]},"uagb_author_info":{"display_name":"admin","author_link":"https:\/\/yisent.com\/es\/author\/"},"uagb_comment_info":0,"uagb_excerpt":"La boquilla mezcladora est\u00e1tica se utiliza principalmente para mejorar el efecto de mezcla para fundir pol\u00edmeros termopl\u00e1sticos que pueden mejorar la homogeneidad del color de los productos. Adem\u00e1s, tambi\u00e9n puede reducir el consumo de lotes maestros de color, lo que podr\u00eda ahorrar costos de producci\u00f3n.","_links":{"self":[{"href":"https:\/\/yisent.com\/es\/wp-json\/wp\/v2\/product\/965","targetHints":{"allow":["GET"]}}],"collection":[{"href":"https:\/\/yisent.com\/es\/wp-json\/wp\/v2\/product"}],"about":[{"href":"https:\/\/yisent.com\/es\/wp-json\/wp\/v2\/types\/product"}],"wp:featuredmedia":[{"embeddable":true,"href":"https:\/\/yisent.com\/es\/wp-json\/wp\/v2\/media\/915"}],"wp:attachment":[{"href":"https:\/\/yisent.com\/es\/wp-json\/wp\/v2\/media?parent=965"}],"wp:term":[{"taxonomy":"product_brand","embeddable":true,"href":"https:\/\/yisent.com\/es\/wp-json\/wp\/v2\/product_brand?post=965"},{"taxonomy":"product_cat","embeddable":true,"href":"https:\/\/yisent.com\/es\/wp-json\/wp\/v2\/product_cat?post=965"},{"taxonomy":"product_tag","embeddable":true,"href":"https:\/\/yisent.com\/es\/wp-json\/wp\/v2\/product_tag?post=965"}],"curies":[{"name":"wp","href":"https:\/\/api.w.org\/{rel}","templated":true}]}}