{"id":953,"date":"2024-06-21T10:20:35","date_gmt":"2024-06-21T02:20:35","guid":{"rendered":"https:\/\/yisent.com\/?post_type=product&#038;p=953"},"modified":"2025-04-05T12:53:52","modified_gmt":"2025-04-05T04:53:52","slug":"valve-pneumatic-hydraulic-shut-off-nozzle-for-high-speed-injection-molding-machine","status":"publish","type":"product","link":"https:\/\/yisent.com\/es\/product\/injection-nozzle\/valve-pneumatic-hydraulic-shut-off-nozzle-for-high-speed-injection-molding-machine\/","title":{"rendered":"V\u00e1lvula de cierre hidr\u00e1ulico neum\u00e1tico para m\u00e1quinas de moldeo por inyecci\u00f3n de alta velocidad"},"content":{"rendered":"<h3>Solicitud<\/h3>\n<p>Acorte el tiempo del ciclo y detenga las fugas<br \/>\nAumentar la contrapresi\u00f3n<br \/>\nCombinaci\u00f3n con filtro o mezcla de colores<\/p>\n<h3>Pol\u00edmeros<\/h3>\n<p>PA6, PA66, PE, PP, PS, ABS, PET, etc. (No aplicable para PVC)<\/p>\n<p><img loading=\"lazy\" decoding=\"async\" class=\"size-medium wp-image-923 aligncenter\" src=\"https:\/\/yisent.com\/wp-content\/uploads\/2024\/06\/VP-DWG.jpg\" alt=\"\" width=\"1200\" height=\"1075\" \/><\/p>\n<table>\n<tbody>\n<tr>\n<td width=\"126\"><strong>Par\u00e1metros<\/strong><\/td>\n<td align=\"center\" width=\"61\"><strong>Unidad<\/strong><\/td>\n<td align=\"center\" width=\"92\"><strong>VP-1\/VH-1<\/strong><\/td>\n<td align=\"center\" width=\"95\"><strong>VP-2\/VH-2<\/strong><\/td>\n<td align=\"center\" width=\"98\"><strong>VP-3\/VH-3<\/strong><\/td>\n<\/tr>\n<tr>\n<td width=\"126\"><strong>M\u00e1x. Velocidad de inyecci\u00f3n<\/strong><\/td>\n<td align=\"center\" width=\"61\">cm<sup>3<\/sup>\/s<\/td>\n<td align=\"center\" width=\"92\">500<\/td>\n<td align=\"center\" width=\"95\">3500<\/td>\n<td align=\"center\" width=\"98\">5000<\/td>\n<\/tr>\n<tr>\n<td width=\"126\"><strong>M\u00e1x. Di\u00e1metro del tornillo<\/strong><\/td>\n<td align=\"center\" width=\"61\">mm<\/td>\n<td align=\"center\" width=\"92\">50<\/td>\n<td align=\"center\" width=\"95\">120<\/td>\n<td align=\"center\" width=\"98\">240<\/td>\n<\/tr>\n<tr>\n<td width=\"126\"><strong>M\u00e1x. Tonelaje de la m\u00e1quina<\/strong><\/td>\n<td align=\"center\" width=\"61\">Ton<\/td>\n<td align=\"center\" width=\"92\">300<\/td>\n<td align=\"center\" width=\"95\">1200<\/td>\n<td align=\"center\" width=\"98\">3000<\/td>\n<\/tr>\n<tr>\n<td width=\"126\"><strong>Longitud del cuerpo (B)<\/strong><\/td>\n<td align=\"center\" width=\"61\">mm<\/td>\n<td align=\"center\" width=\"92\">140<\/td>\n<td align=\"center\" width=\"95\">180<\/td>\n<td align=\"center\" width=\"98\">326<\/td>\n<\/tr>\n<tr>\n<td width=\"126\"><strong>Calentador (H)<\/strong><\/td>\n<td align=\"center\" width=\"61\">mm<\/td>\n<td align=\"center\" width=\"92\">\u03a660\u00d780L<\/td>\n<td align=\"center\" width=\"95\">\u03a680\u00d7100L<\/td>\n<td align=\"center\" width=\"98\">\u03a6110\u00d7180L<\/td>\n<\/tr>\n<tr>\n<td width=\"126\"><strong>M<\/strong><\/td>\n<td align=\"center\" width=\"61\">mm<\/td>\n<td align=\"center\" width=\"92\">85<\/td>\n<td align=\"center\" width=\"95\">100<\/td>\n<td align=\"center\" width=\"98\">170<\/td>\n<\/tr>\n<tr>\n<td width=\"126\"><strong>N<\/strong><\/td>\n<td align=\"center\" width=\"61\">mm<\/td>\n<td align=\"center\" width=\"92\">72<\/td>\n<td align=\"center\" width=\"95\">80<\/td>\n<td align=\"center\" width=\"98\">135<\/td>\n<\/tr>\n<tr>\n<td width=\"126\"><strong>P<\/strong><\/td>\n<td align=\"center\" width=\"61\">mm<\/td>\n<td align=\"center\" width=\"92\">55<\/td>\n<td align=\"center\" width=\"95\">65<\/td>\n<td align=\"center\" width=\"98\">90<\/td>\n<\/tr>\n<tr>\n<td width=\"126\"><strong>Presi\u00f3n del cilindro de aire<\/strong><\/td>\n<td align=\"center\" width=\"61\">Bar<\/td>\n<td align=\"center\" width=\"92\">6<\/td>\n<td align=\"center\" width=\"95\">8<\/td>\n<td align=\"center\" width=\"98\">10<\/td>\n<\/tr>\n<tr>\n<td width=\"126\"><strong>Presi\u00f3n del cilindro de aceite<\/strong><\/td>\n<td align=\"center\" width=\"61\">Bar<\/td>\n<td colspan=\"3\" align=\"center\" width=\"286\">30 ~ 70<\/td>\n<\/tr>\n<tr>\n<td width=\"126\"><strong>M\u00e1x. Presi\u00f3n de inyecci\u00f3n<\/strong><\/td>\n<td align=\"center\" width=\"61\">Bar<\/td>\n<td colspan=\"3\" align=\"center\" width=\"286\">3000<\/td>\n<\/tr>\n<tr>\n<td width=\"126\"><strong>M\u00e1x. Temperatura<\/strong><\/td>\n<td align=\"center\" width=\"61\">\u00baC<\/td>\n<td colspan=\"3\" align=\"center\" width=\"286\">400<\/td>\n<\/tr>\n<\/tbody>\n<\/table>\n","protected":false},"excerpt":{"rendered":"<p>La boquilla de cierre neum\u00e1tica\/hidr\u00e1ulica de v\u00e1lvula se utiliza principalmente para acortar el tiempo del ciclo cargando el tornillo mientras el molde est\u00e1 abierto. El gran canal interior garantiza una menor p\u00e9rdida de presi\u00f3n. El actuador puede ser neum\u00e1tico o hidr\u00e1ulico seg\u00fan la instalaci\u00f3n de la m\u00e1quina.<\/p>\n","protected":false},"featured_media":917,"template":"","meta":{"_uag_custom_page_level_css":"","site-sidebar-layout":"default","site-content-layout":"","ast-site-content-layout":"default","site-content-style":"default","site-sidebar-style":"default","ast-global-header-display":"","ast-banner-title-visibility":"","ast-main-header-display":"","ast-hfb-above-header-display":"","ast-hfb-below-header-display":"","ast-hfb-mobile-header-display":"","site-post-title":"","ast-breadcrumbs-content":"","ast-featured-img":"","footer-sml-layout":"","theme-transparent-header-meta":"default","adv-header-id-meta":"","stick-header-meta":"","header-above-stick-meta":"","header-main-stick-meta":"","header-below-stick-meta":"","astra-migrate-meta-layouts":"set","ast-page-background-enabled":"default","ast-page-background-meta":{"desktop":{"background-color":"","background-image":"","background-repeat":"repeat","background-position":"center center","background-size":"auto","background-attachment":"scroll","background-type":"","background-media":"","overlay-type":"","overlay-color":"","overlay-opacity":"","overlay-gradient":""},"tablet":{"background-color":"","background-image":"","background-repeat":"repeat","background-position":"center center","background-size":"auto","background-attachment":"scroll","background-type":"","background-media":"","overlay-type":"","overlay-color":"","overlay-opacity":"","overlay-gradient":""},"mobile":{"background-color":"","background-image":"","background-repeat":"repeat","background-position":"center center","background-size":"auto","background-attachment":"scroll","background-type":"","background-media":"","overlay-type":"","overlay-color":"","overlay-opacity":"","overlay-gradient":""}},"ast-content-background-meta":{"desktop":{"background-color":"var(--ast-global-color-5)","background-image":"","background-repeat":"repeat","background-position":"center center","background-size":"auto","background-attachment":"scroll","background-type":"","background-media":"","overlay-type":"","overlay-color":"","overlay-opacity":"","overlay-gradient":""},"tablet":{"background-color":"var(--ast-global-color-5)","background-image":"","background-repeat":"repeat","background-position":"center center","background-size":"auto","background-attachment":"scroll","background-type":"","background-media":"","overlay-type":"","overlay-color":"","overlay-opacity":"","overlay-gradient":""},"mobile":{"background-color":"var(--ast-global-color-5)","background-image":"","background-repeat":"repeat","background-position":"center center","background-size":"auto","background-attachment":"scroll","background-type":"","background-media":"","overlay-type":"","overlay-color":"","overlay-opacity":"","overlay-gradient":""}}},"product_brand":[],"product_cat":[57],"product_tag":[95,61,91,60,59],"class_list":{"0":"post-953","1":"product","2":"type-product","3":"status-publish","4":"has-post-thumbnail","6":"product_cat-injection-nozzle","7":"product_tag-high-speed-injection","8":"product_tag-hydraulic-shut-off-nozzle","9":"product_tag-injection-molding","10":"product_tag-pneumatic-shut-off-nozzle","11":"product_tag-shut-off-nozzle","12":"desktop-align-left","13":"tablet-align-left","14":"mobile-align-left","16":"first","17":"instock","18":"shipping-taxable","19":"product-type-simple"},"uagb_featured_image_src":{"full":["https:\/\/yisent.com\/wp-content\/uploads\/2024\/06\/valve-pneumatic-shut-off-nozzle.jpg",1000,1000,false],"thumbnail":["https:\/\/yisent.com\/wp-content\/uploads\/2024\/06\/valve-pneumatic-shut-off-nozzle-150x150.jpg",150,150,true],"medium":["https:\/\/yisent.com\/wp-content\/uploads\/2024\/06\/valve-pneumatic-shut-off-nozzle-300x300.jpg",300,300,true],"medium_large":["https:\/\/yisent.com\/wp-content\/uploads\/2024\/06\/valve-pneumatic-shut-off-nozzle-768x768.jpg",768,768,true],"large":["https:\/\/yisent.com\/wp-content\/uploads\/2024\/06\/valve-pneumatic-shut-off-nozzle.jpg",1000,1000,false],"1536x1536":["https:\/\/yisent.com\/wp-content\/uploads\/2024\/06\/valve-pneumatic-shut-off-nozzle.jpg",1000,1000,false],"2048x2048":["https:\/\/yisent.com\/wp-content\/uploads\/2024\/06\/valve-pneumatic-shut-off-nozzle.jpg",1000,1000,false],"woocommerce_thumbnail":["https:\/\/yisent.com\/wp-content\/uploads\/2024\/06\/valve-pneumatic-shut-off-nozzle-300x300.jpg",300,300,true],"woocommerce_single":["https:\/\/yisent.com\/wp-content\/uploads\/2024\/06\/valve-pneumatic-shut-off-nozzle-600x600.jpg",600,600,true],"woocommerce_gallery_thumbnail":["https:\/\/yisent.com\/wp-content\/uploads\/2024\/06\/valve-pneumatic-shut-off-nozzle-100x100.jpg",100,100,true]},"uagb_author_info":{"display_name":"admin","author_link":"https:\/\/yisent.com\/es\/author\/"},"uagb_comment_info":0,"uagb_excerpt":"La boquilla de cierre neum\u00e1tica\/hidr\u00e1ulica de v\u00e1lvula se utiliza principalmente para acortar el tiempo del ciclo cargando el tornillo mientras el molde est\u00e1 abierto. El gran canal interior garantiza una menor p\u00e9rdida de presi\u00f3n. El actuador puede ser neum\u00e1tico o hidr\u00e1ulico seg\u00fan la instalaci\u00f3n de la m\u00e1quina.","_links":{"self":[{"href":"https:\/\/yisent.com\/es\/wp-json\/wp\/v2\/product\/953","targetHints":{"allow":["GET"]}}],"collection":[{"href":"https:\/\/yisent.com\/es\/wp-json\/wp\/v2\/product"}],"about":[{"href":"https:\/\/yisent.com\/es\/wp-json\/wp\/v2\/types\/product"}],"wp:featuredmedia":[{"embeddable":true,"href":"https:\/\/yisent.com\/es\/wp-json\/wp\/v2\/media\/917"}],"wp:attachment":[{"href":"https:\/\/yisent.com\/es\/wp-json\/wp\/v2\/media?parent=953"}],"wp:term":[{"taxonomy":"product_brand","embeddable":true,"href":"https:\/\/yisent.com\/es\/wp-json\/wp\/v2\/product_brand?post=953"},{"taxonomy":"product_cat","embeddable":true,"href":"https:\/\/yisent.com\/es\/wp-json\/wp\/v2\/product_cat?post=953"},{"taxonomy":"product_tag","embeddable":true,"href":"https:\/\/yisent.com\/es\/wp-json\/wp\/v2\/product_tag?post=953"}],"curies":[{"name":"wp","href":"https:\/\/api.w.org\/{rel}","templated":true}]}}