{"id":119,"date":"2020-08-20T10:02:41","date_gmt":"2020-08-20T10:02:41","guid":{"rendered":"https:\/\/yisent.com\/about-us\/"},"modified":"2026-04-16T10:16:19","modified_gmt":"2026-04-16T02:16:19","slug":"about-us","status":"publish","type":"page","link":"https:\/\/yisent.com\/es\/about-us\/","title":{"rendered":"About Us"},"content":{"rendered":"\n<div class=\"wp-block-uagb-container uagb-block-c83c7f3f alignfull uagb-is-root-container\"><div class=\"uagb-container-inner-blocks-wrap\">\n<div class=\"wp-block-uagb-advanced-heading uagb-block-7ce29fef\"><h1 class=\"uagb-heading-text\">Sobre nosotras<\/h1><\/div>\n<\/div><\/div>\n\n\n\n<div class=\"wp-block-uagb-container uagb-block-9838c905 alignfull uagb-is-root-container\"><div class=\"uagb-container-inner-blocks-wrap\">\n<p class=\"has-medium-font-size\">NINGBO YISENT TECNOLOG\u00cdA CO., LTD. se dedica a la fabricaci\u00f3n de repuestos para maquinaria de pl\u00e1stico, como tornillos, cilindros, boquillas, juegos de puntas y barras de uni\u00f3n, etc. Despu\u00e9s de a\u00f1os de investigaci\u00f3n y desarrollo, podemos brindar soluciones de procesamiento de pl\u00e1stico para m\u00e1quinas de moldeo por inyecci\u00f3n y extrusoras de pl\u00e1stico.<\/p>\n\n\n\n<p class=\"has-medium-font-size\">Nuestra f\u00e1brica, con una superficie construida de aproximadamente 20.000 m\u00b2, se encuentra en la isla de Zhoushan, sede de China Screw Barrel para m\u00e1quinas de pl\u00e1stico. Somos uno de los principales fabricantes de barriles de tornillo de alta calidad en China. Contamos con m\u00e1quinas CNC, soldadoras de plasma autom\u00e1ticas, rectificadoras de tornillos taiwanesas, hornos de nitruraci\u00f3n a gas, hornos de fundici\u00f3n centr\u00edfuga, hornos de temple al vac\u00edo, equipos de prueba y un avanzado sistema de gesti\u00f3n de calidad.<\/p>\n\n\n\n<p class=\"has-medium-font-size\">Contamos con muchas existencias de cilindros de tornillo para m\u00e1quinas de moldeo por inyecci\u00f3n famosas, que se utilizan ampliamente en las industrias del hogar, materiales de construcci\u00f3n, automoci\u00f3n, cumplimiento el\u00e9ctrico, aparatos m\u00e9dicos y comunicaciones. Estamos comprometidos a ofrecer continuamente repuestos de cilindros de tornillo de alta calidad con precios competitivos a nuestros clientes globales.<\/p>\n\n\n\n<div class=\"wp-block-uagb-image aligncenter uagb-block-f49f13f1 wp-block-uagb-image--layout-default wp-block-uagb-image--effect-static wp-block-uagb-image--align-center\"><figure class=\"wp-block-uagb-image__figure\"><img decoding=\"async\" srcset=\"https:\/\/yisent.com\/wp-content\/uploads\/2023\/12\/factory-1.png ,https:\/\/yisent.com\/wp-content\/uploads\/2023\/12\/factory-1.png 780w, https:\/\/yisent.com\/wp-content\/uploads\/2023\/12\/factory-1.png 360w\" sizes=\"auto, (max-width: 480px) 150px\" src=\"https:\/\/yisent.com\/wp-content\/uploads\/2023\/12\/factory-1.png\" alt=\"\" class=\"uag-image-641\" width=\"1200\" height=\"720\" title=\"\" loading=\"lazy\" role=\"img\"\/><\/figure><\/div>\n\n\n\n<div class=\"wp-block-uagb-image aligncenter uagb-block-dcd50d9c wp-block-uagb-image--layout-default wp-block-uagb-image--effect-static wp-block-uagb-image--align-center\"><figure class=\"wp-block-uagb-image__figure\"><img decoding=\"async\" srcset=\"https:\/\/yisent.com\/wp-content\/uploads\/2023\/12\/factory-2-654x1024.png ,https:\/\/yisent.com\/wp-content\/uploads\/2023\/12\/factory-2.png 780w, https:\/\/yisent.com\/wp-content\/uploads\/2023\/12\/factory-2.png 360w\" sizes=\"auto, (max-width: 480px) 150px\" src=\"https:\/\/yisent.com\/wp-content\/uploads\/2023\/12\/factory-2-654x1024.png\" alt=\"\" class=\"uag-image-653\" width=\"1200\" height=\"1800\" title=\"\" loading=\"lazy\" role=\"img\"\/><\/figure><\/div>\n<\/div><\/div>\n","protected":false},"excerpt":{"rendered":"<p>Sobre nosotras NINGBO YISENT TECNOLOG\u00cdA CO., LTD. se dedica a la fabricaci\u00f3n de repuestos para maquinaria de pl\u00e1stico, como tornillos, cilindros, boquillas, juegos de puntas y barras de uni\u00f3n, etc. Despu\u00e9s de a\u00f1os de investigaci\u00f3n y desarrollo, podemos brindar soluciones de procesamiento de pl\u00e1stico para m\u00e1quinas de moldeo por inyecci\u00f3n y extrusoras de pl\u00e1stico. Nuestra [&hellip;]<\/p>\n","protected":false},"author":1,"featured_media":0,"parent":0,"menu_order":0,"comment_status":"closed","ping_status":"closed","template":"","meta":{"_uag_custom_page_level_css":"","site-sidebar-layout":"default","site-content-layout":"plain-container","ast-site-content-layout":"normal-width-container","site-content-style":"unboxed","site-sidebar-style":"unboxed","ast-global-header-display":"","ast-banner-title-visibility":"","ast-main-header-display":"","ast-hfb-above-header-display":"","ast-hfb-below-header-display":"","ast-hfb-mobile-header-display":"","site-post-title":"disabled","ast-breadcrumbs-content":"","ast-featured-img":"disabled","footer-sml-layout":"","theme-transparent-header-meta":"enabled","adv-header-id-meta":"","stick-header-meta":"","header-above-stick-meta":"","header-main-stick-meta":"","header-below-stick-meta":"","astra-migrate-meta-layouts":"set","ast-page-background-enabled":"default","ast-page-background-meta":{"desktop":{"background-color":"","background-image":"","background-repeat":"repeat","background-position":"center center","background-size":"auto","background-attachment":"scroll","background-type":"","background-media":"","overlay-type":"","overlay-color":"","overlay-opacity":"","overlay-gradient":""},"tablet":{"background-color":"","background-image":"","background-repeat":"repeat","background-position":"center center","background-size":"auto","background-attachment":"scroll","background-type":"","background-media":"","overlay-type":"","overlay-color":"","overlay-opacity":"","overlay-gradient":""},"mobile":{"background-color":"","background-image":"","background-repeat":"repeat","background-position":"center center","background-size":"auto","background-attachment":"scroll","background-type":"","background-media":"","overlay-type":"","overlay-color":"","overlay-opacity":"","overlay-gradient":""}},"ast-content-background-meta":{"desktop":{"background-color":"var(--ast-global-color-5)","background-image":"","background-repeat":"repeat","background-position":"center center","background-size":"auto","background-attachment":"scroll","background-type":"","background-media":"","overlay-type":"","overlay-color":"","overlay-opacity":"","overlay-gradient":""},"tablet":{"background-color":"var(--ast-global-color-5)","background-image":"","background-repeat":"repeat","background-position":"center center","background-size":"auto","background-attachment":"scroll","background-type":"","background-media":"","overlay-type":"","overlay-color":"","overlay-opacity":"","overlay-gradient":""},"mobile":{"background-color":"var(--ast-global-color-5)","background-image":"","background-repeat":"repeat","background-position":"center center","background-size":"auto","background-attachment":"scroll","background-type":"","background-media":"","overlay-type":"","overlay-color":"","overlay-opacity":"","overlay-gradient":""}},"footnotes":""},"class_list":["post-119","page","type-page","status-publish","hentry"],"uagb_featured_image_src":{"full":false,"thumbnail":false,"medium":false,"medium_large":false,"large":false,"1536x1536":false,"2048x2048":false,"woocommerce_thumbnail":false,"woocommerce_single":false,"woocommerce_gallery_thumbnail":false},"uagb_author_info":{"display_name":"admin","author_link":"https:\/\/yisent.com\/es\/author\/nick\/"},"uagb_comment_info":0,"uagb_excerpt":"Sobre nosotras NINGBO YISENT TECNOLOG\u00cdA CO., LTD. se dedica a la fabricaci\u00f3n de repuestos para maquinaria de pl\u00e1stico, como tornillos, cilindros, boquillas, juegos de puntas y barras de uni\u00f3n, etc. Despu\u00e9s de a\u00f1os de investigaci\u00f3n y desarrollo, podemos brindar soluciones de procesamiento de pl\u00e1stico para m\u00e1quinas de moldeo por inyecci\u00f3n y extrusoras de pl\u00e1stico. Nuestra&hellip;","_links":{"self":[{"href":"https:\/\/yisent.com\/es\/wp-json\/wp\/v2\/pages\/119","targetHints":{"allow":["GET"]}}],"collection":[{"href":"https:\/\/yisent.com\/es\/wp-json\/wp\/v2\/pages"}],"about":[{"href":"https:\/\/yisent.com\/es\/wp-json\/wp\/v2\/types\/page"}],"author":[{"embeddable":true,"href":"https:\/\/yisent.com\/es\/wp-json\/wp\/v2\/users\/1"}],"replies":[{"embeddable":true,"href":"https:\/\/yisent.com\/es\/wp-json\/wp\/v2\/comments?post=119"}],"version-history":[{"count":34,"href":"https:\/\/yisent.com\/es\/wp-json\/wp\/v2\/pages\/119\/revisions"}],"predecessor-version":[{"id":1062,"href":"https:\/\/yisent.com\/es\/wp-json\/wp\/v2\/pages\/119\/revisions\/1062"}],"wp:attachment":[{"href":"https:\/\/yisent.com\/es\/wp-json\/wp\/v2\/media?parent=119"}],"curies":[{"name":"wp","href":"https:\/\/api.w.org\/{rel}","templated":true}]}}