{"id":967,"date":"2024-06-25T10:24:12","date_gmt":"2024-06-25T02:24:12","guid":{"rendered":"https:\/\/yisent.com\/?post_type=product&#038;p=967"},"modified":"2024-06-25T16:35:17","modified_gmt":"2024-06-25T08:35:17","slug":"lsr-shut-off-nozzle","status":"publish","type":"product","link":"https:\/\/yisent.com\/de\/product\/injection-nozzle\/lsr-shut-off-nozzle\/","title":{"rendered":"LSR-Absperrd\u00fcse"},"content":{"rendered":"<h3>Anwendung<\/h3>\n<ul>\n<li>Leckage stoppen<\/li>\n<li>Vulkanisieren von LSR verhindern<\/li>\n<li>Stabilit\u00e4t und Zuverl\u00e4ssigkeit verbessern<\/li>\n<\/ul>\n<h3>Polymer<\/h3>\n<p>LSR<\/p>\n<p><img loading=\"lazy\" decoding=\"async\" class=\"aligncenter size-medium wp-image-919\" src=\"https:\/\/yisent.com\/wp-content\/uploads\/2024\/06\/LSR-DWG.jpg\" alt=\"LSR Shut Off Nozzle\" width=\"1300\" height=\"450\" \/><\/p>\n<table>\n<tbody>\n<tr>\n<td width=\"151\"><strong>Parameter<\/strong><\/td>\n<td align=\"center\" width=\"70\"><strong>Einheit<\/strong><\/td>\n<td align=\"center\" width=\"157\"><strong>LSR-1<\/strong><\/td>\n<\/tr>\n<tr>\n<td width=\"151\"><strong>Max. Injektionsrate<\/strong><\/td>\n<td align=\"center\" width=\"70\">cm<sup>3<\/sup>\/s<\/td>\n<td align=\"center\" width=\"157\">500<\/td>\n<\/tr>\n<tr>\n<td width=\"151\"><strong>Max. Schneckendurchmesser<\/strong><\/td>\n<td align=\"center\" width=\"70\">mm<\/td>\n<td align=\"center\" width=\"157\">50<\/td>\n<\/tr>\n<tr>\n<td width=\"151\"><strong>Max. Maschinentonnage<\/strong><\/td>\n<td align=\"center\" width=\"70\">Ton<\/td>\n<td align=\"center\" width=\"157\">300<\/td>\n<\/tr>\n<tr>\n<td width=\"151\"><strong>K\u00f6rperl\u00e4nge (B)<\/strong><\/td>\n<td align=\"center\" width=\"70\">mm<\/td>\n<td align=\"center\" width=\"157\">180<\/td>\n<\/tr>\n<tr>\n<td width=\"151\"><strong>Pneumatischer Druck<\/strong><\/td>\n<td align=\"center\" width=\"70\">Bar<\/td>\n<td align=\"center\" width=\"157\">5 ~ 6<\/td>\n<\/tr>\n<tr>\n<td width=\"151\"><strong>Luftanschluss<\/strong><\/td>\n<td align=\"center\" width=\"70\">Inch<\/td>\n<td align=\"center\" width=\"157\">2-RP1\/8&#8220;<\/td>\n<\/tr>\n<tr>\n<td width=\"151\"><strong>Wasseranschluss<\/strong><\/td>\n<td align=\"center\" width=\"70\">Inch<\/td>\n<td align=\"center\" width=\"157\">2-RP1\/4&#8220;<\/td>\n<\/tr>\n<tr>\n<td width=\"151\"><strong>Max. Temperatur<\/strong><\/td>\n<td align=\"center\" width=\"70\">\u00baC<\/td>\n<td align=\"center\" width=\"157\">120<\/td>\n<\/tr>\n<\/tbody>\n<\/table>\n","protected":false},"excerpt":{"rendered":"<p>Die Absperrd\u00fcse f\u00fcr Fl\u00fcssigsilikonkautschuk (LSR) ist nur f\u00fcr die LSR-Injektion konzipiert und enth\u00e4lt einen pneumatischen Kolben mit zwei Richtungen, der das \u00d6ffnen und Schlie\u00dfen der D\u00fcse durch den Luftdruck steuert, sowie einen Wasserk\u00fchlkanal, der die hohe Stabilit\u00e4t und Zuverl\u00e4ssigkeit der LSR-Injektionsteile erm\u00f6glicht.<\/p>\n","protected":false},"featured_media":912,"template":"","meta":{"_uag_custom_page_level_css":"","site-sidebar-layout":"default","site-content-layout":"","ast-site-content-layout":"default","site-content-style":"default","site-sidebar-style":"default","ast-global-header-display":"","ast-banner-title-visibility":"","ast-main-header-display":"","ast-hfb-above-header-display":"","ast-hfb-below-header-display":"","ast-hfb-mobile-header-display":"","site-post-title":"","ast-breadcrumbs-content":"","ast-featured-img":"","footer-sml-layout":"","theme-transparent-header-meta":"default","adv-header-id-meta":"","stick-header-meta":"","header-above-stick-meta":"","header-main-stick-meta":"","header-below-stick-meta":"","astra-migrate-meta-layouts":"set","ast-page-background-enabled":"default","ast-page-background-meta":{"desktop":{"background-color":"","background-image":"","background-repeat":"repeat","background-position":"center center","background-size":"auto","background-attachment":"scroll","background-type":"","background-media":"","overlay-type":"","overlay-color":"","overlay-opacity":"","overlay-gradient":""},"tablet":{"background-color":"","background-image":"","background-repeat":"repeat","background-position":"center center","background-size":"auto","background-attachment":"scroll","background-type":"","background-media":"","overlay-type":"","overlay-color":"","overlay-opacity":"","overlay-gradient":""},"mobile":{"background-color":"","background-image":"","background-repeat":"repeat","background-position":"center center","background-size":"auto","background-attachment":"scroll","background-type":"","background-media":"","overlay-type":"","overlay-color":"","overlay-opacity":"","overlay-gradient":""}},"ast-content-background-meta":{"desktop":{"background-color":"var(--ast-global-color-5)","background-image":"","background-repeat":"repeat","background-position":"center center","background-size":"auto","background-attachment":"scroll","background-type":"","background-media":"","overlay-type":"","overlay-color":"","overlay-opacity":"","overlay-gradient":""},"tablet":{"background-color":"var(--ast-global-color-5)","background-image":"","background-repeat":"repeat","background-position":"center center","background-size":"auto","background-attachment":"scroll","background-type":"","background-media":"","overlay-type":"","overlay-color":"","overlay-opacity":"","overlay-gradient":""},"mobile":{"background-color":"var(--ast-global-color-5)","background-image":"","background-repeat":"repeat","background-position":"center center","background-size":"auto","background-attachment":"scroll","background-type":"","background-media":"","overlay-type":"","overlay-color":"","overlay-opacity":"","overlay-gradient":""}}},"product_brand":[],"product_cat":[57],"product_tag":[68,59],"class_list":{"0":"post-967","1":"product","2":"type-product","3":"status-publish","4":"has-post-thumbnail","6":"product_cat-injection-nozzle","7":"product_tag-lsr-shut-off-nozzle","8":"product_tag-shut-off-nozzle","9":"desktop-align-left","10":"tablet-align-left","11":"mobile-align-left","13":"first","14":"instock","15":"shipping-taxable","16":"product-type-simple"},"uagb_featured_image_src":{"full":["https:\/\/yisent.com\/wp-content\/uploads\/2024\/06\/lsr-shut-off-nozzle.jpg",1000,1000,false],"thumbnail":["https:\/\/yisent.com\/wp-content\/uploads\/2024\/06\/lsr-shut-off-nozzle-150x150.jpg",150,150,true],"medium":["https:\/\/yisent.com\/wp-content\/uploads\/2024\/06\/lsr-shut-off-nozzle-300x300.jpg",300,300,true],"medium_large":["https:\/\/yisent.com\/wp-content\/uploads\/2024\/06\/lsr-shut-off-nozzle-768x768.jpg",768,768,true],"large":["https:\/\/yisent.com\/wp-content\/uploads\/2024\/06\/lsr-shut-off-nozzle.jpg",1000,1000,false],"1536x1536":["https:\/\/yisent.com\/wp-content\/uploads\/2024\/06\/lsr-shut-off-nozzle.jpg",1000,1000,false],"2048x2048":["https:\/\/yisent.com\/wp-content\/uploads\/2024\/06\/lsr-shut-off-nozzle.jpg",1000,1000,false],"woocommerce_thumbnail":["https:\/\/yisent.com\/wp-content\/uploads\/2024\/06\/lsr-shut-off-nozzle-300x300.jpg",300,300,true],"woocommerce_single":["https:\/\/yisent.com\/wp-content\/uploads\/2024\/06\/lsr-shut-off-nozzle-600x600.jpg",600,600,true],"woocommerce_gallery_thumbnail":["https:\/\/yisent.com\/wp-content\/uploads\/2024\/06\/lsr-shut-off-nozzle-100x100.jpg",100,100,true]},"uagb_author_info":{"display_name":"admin","author_link":"https:\/\/yisent.com\/de\/author\/"},"uagb_comment_info":0,"uagb_excerpt":"Die Absperrd\u00fcse f\u00fcr Fl\u00fcssigsilikonkautschuk (LSR) ist nur f\u00fcr die LSR-Injektion konzipiert und enth\u00e4lt einen pneumatischen Kolben mit zwei Richtungen, der das \u00d6ffnen und Schlie\u00dfen der D\u00fcse durch den Luftdruck steuert, sowie einen Wasserk\u00fchlkanal, der die hohe Stabilit\u00e4t und Zuverl\u00e4ssigkeit der LSR-Injektionsteile erm\u00f6glicht.","_links":{"self":[{"href":"https:\/\/yisent.com\/de\/wp-json\/wp\/v2\/product\/967","targetHints":{"allow":["GET"]}}],"collection":[{"href":"https:\/\/yisent.com\/de\/wp-json\/wp\/v2\/product"}],"about":[{"href":"https:\/\/yisent.com\/de\/wp-json\/wp\/v2\/types\/product"}],"wp:featuredmedia":[{"embeddable":true,"href":"https:\/\/yisent.com\/de\/wp-json\/wp\/v2\/media\/912"}],"wp:attachment":[{"href":"https:\/\/yisent.com\/de\/wp-json\/wp\/v2\/media?parent=967"}],"wp:term":[{"taxonomy":"product_brand","embeddable":true,"href":"https:\/\/yisent.com\/de\/wp-json\/wp\/v2\/product_brand?post=967"},{"taxonomy":"product_cat","embeddable":true,"href":"https:\/\/yisent.com\/de\/wp-json\/wp\/v2\/product_cat?post=967"},{"taxonomy":"product_tag","embeddable":true,"href":"https:\/\/yisent.com\/de\/wp-json\/wp\/v2\/product_tag?post=967"}],"curies":[{"name":"wp","href":"https:\/\/api.w.org\/{rel}","templated":true}]}}