{"id":87,"date":"2019-01-23T13:25:49","date_gmt":"2019-01-23T13:25:49","guid":{"rendered":"https:\/\/yisent.com\/product\/money-plant\/"},"modified":"2025-04-05T12:56:46","modified_gmt":"2025-04-05T04:56:46","slug":"bimetallic-screw-for-injection-molding-machine","status":"publish","type":"product","link":"https:\/\/yisent.com\/de\/product\/injection-screw-barrel\/bimetallic-screw-for-injection-molding-machine\/","title":{"rendered":"Bimetallschnecken f\u00fcr Spritzgie\u00dfmaschinen"},"content":{"rendered":"<h3>EINF\u00dcHRUNG<\/h3>\n<p>Spritzschnecken sind Kernkomponenten der Kunststoffverarbeitung auf Spritzgussmaschinen. Unsere Bimetallschnecken werden f\u00fcr verschiedene Anwendungen in der Kunststoffverarbeitung eingesetzt, beispielsweise f\u00fcr herk\u00f6mmliche Kunststoffe, glasfaserverst\u00e4rkte technische Kunststoffe, Fluorpolymere, Duroplaste und Fl\u00fcssigsilikonkautschuk.<\/p>\n<h3>VERF\u00dcGBARE MASCHINEN<\/h3>\n<p>HAITIAN, ZHAFIR, YIZUMI, CHENHSONG, TEDERIC, WELLTEC, BOLE, BORCHE, HWAMDA, LK, POWERJET, UWA, SOUND, DKM, HAITAI, HAIDA, HAIXIONG, HAIJING, NPC, TOPSTAR, SUMITOMO, DEMAG, NISSEI, FANUC, TOYO, JSW, TOSHIBA, SODICK, MITSUBISHI, KAWAGUCHI, NIIGATA, MEIKI, ENGEL, ARBURG, KRAUSS MAFFEI, BOY, WITTMANN, BATTENFELD, NETSTAL, HUSKY, VICTOR, FCS, CLF, ASIAN PLASTIC, UNION PLASTIC, KINKI, HUARONG, HWA CHIN, JON WAI, WOOJIN, LG, LS MTRON, MILACRON, WINDSOR, ELECTRONICA, etc.<\/p>\n<h3>KUNSTSTOFFE<\/h3>\n<p>PE, PP, PS, PA, PC, ABS, POM, PET, PBT, LCP, PEEK, PTFE, max. 65 % GF, halogenfreie Kunststoffe usw.<\/p>\n<h3>ANWENDUNG<\/h3>\n<p>Haushalt, Haushaltsger\u00e4te, Automobilindustrie, Kommunikation, Elektrotechnik, Medizintechnik, Bauwesen, Verpackung, Landwirtschaft usw.<\/p>\n<h3>STAHLWERKSTOFFE F\u00dcR EINSPRITZSCHRAUBEN<\/h3>\n<table width=\"698\">\n<tbody>\n<tr>\n<td width=\"105\"><b>Materialnummer<\/b><\/td>\n<td width=\"96\"><b>H\u00e4rte<\/b><\/td>\n<td width=\"146\"><b>Oberfl\u00e4chenbehandlung<\/b><\/td>\n<td width=\"193\"><b>Anwendung<\/b><\/td>\n<\/tr>\n<tr>\n<td width=\"105\"><b>YT-11<\/b><\/td>\n<td width=\"96\">HRC 68~70<\/td>\n<td width=\"146\">Gasnitrieren<\/td>\n<td width=\"193\">Prime Polymere<\/td>\n<\/tr>\n<tr>\n<td width=\"105\"><b>YT-21<\/b><\/td>\n<td width=\"96\">HRC 58~60<\/td>\n<td width=\"146\">PTA-Schwei\u00dfen<\/td>\n<td width=\"193\">Wiederverwertete Materialien<\/td>\n<\/tr>\n<tr>\n<td width=\"105\"><b>YT-31<\/b><\/td>\n<td width=\"96\">HRC 58~60<\/td>\n<td width=\"146\">Vakuumabschreckung<\/td>\n<td width=\"193\">30% GF<\/td>\n<\/tr>\n<tr>\n<td width=\"105\"><b>YT-32<\/b><\/td>\n<td width=\"96\">HRC 62~64<\/td>\n<td width=\"146\">Vakuumabschreckung<\/td>\n<td width=\"193\">40% GF<\/td>\n<\/tr>\n<tr>\n<td width=\"105\"><b>YT-33<\/b><\/td>\n<td width=\"96\">HRC 64~68<\/td>\n<td width=\"146\">Vakuumabschreckung<\/td>\n<td width=\"193\">50% GF<\/td>\n<\/tr>\n<tr>\n<td width=\"105\"><b>YT-41<\/b><\/td>\n<td width=\"96\">HRC 62~64<\/td>\n<td width=\"146\">Vakuumabschreckung<\/td>\n<td width=\"193\">55% GF<\/td>\n<\/tr>\n<tr>\n<td width=\"105\"><b>YT-42<\/b><\/td>\n<td width=\"96\">HRC 62~64<\/td>\n<td width=\"146\">Vakuumabschreckung<\/td>\n<td width=\"193\">60% GF<\/td>\n<\/tr>\n<tr>\n<td width=\"105\"><b>YT-51<\/b><\/td>\n<td width=\"96\">HRC 68~70<\/td>\n<td width=\"146\">HVOF<\/td>\n<td width=\"193\">60% GF<\/td>\n<\/tr>\n<tr>\n<td width=\"105\"><b>YT-52<\/b><\/td>\n<td width=\"96\">HRC 68~70<\/td>\n<td width=\"146\">HVOF<\/td>\n<td width=\"193\">65% GF<\/td>\n<\/tr>\n<tr>\n<td width=\"105\"><b>YT-61<\/b><\/td>\n<td width=\"96\">HRC 56~60<\/td>\n<td width=\"146\">Galvanisiert<\/td>\n<td width=\"193\">PC, PVC<\/td>\n<\/tr>\n<tr>\n<td width=\"105\"><b>YT-62<\/b><\/td>\n<td width=\"96\">HRC 58~62<\/td>\n<td width=\"146\">TiN PVD<\/td>\n<td width=\"193\">Optische Produkte<\/td>\n<\/tr>\n<tr>\n<td width=\"105\"><b>YT-63<\/b><\/td>\n<td width=\"96\">HRC 56~60<\/td>\n<td width=\"146\">CrN PVD<\/td>\n<td width=\"193\">Halogenfreie Kunststoffe<\/td>\n<\/tr>\n<tr>\n<td width=\"105\"><b>YT-64<\/b><\/td>\n<td width=\"96\">HRC 64~66<\/td>\n<td width=\"146\">TiAlN PVD<\/td>\n<td width=\"193\">Stark abrasiv und \u00e4tzend<\/td>\n<\/tr>\n<tr>\n<td width=\"105\"><b>YT-71<\/b><\/td>\n<td width=\"96\">HRC 45~50<\/td>\n<td width=\"146\">Abschrecken<\/td>\n<td width=\"193\">Korrosive Kunststoffe<\/td>\n<\/tr>\n<tr>\n<td width=\"105\"><b>YT-72<\/b><\/td>\n<td width=\"96\">HRC 60~65<\/td>\n<td width=\"146\">Vakuumabschreckung<\/td>\n<td width=\"193\">Hochkorrosive Kunststoffe<\/td>\n<\/tr>\n<\/tbody>\n<\/table>\n","protected":false},"excerpt":{"rendered":"<p>Maximale L\u00e4nge: 12000 mm<br \/>\nSchneckendurchmesser: \u03a616 ~ 450 mm<br \/>\nNitriertiefe: 0,4 mm ~ 0,7 mm<br \/>\nNitrierh\u00e4rte: HRC 68 ~ 70<br \/>\nLegierungsschichtdicke: 1,5 ~ 3,0 mm<br \/>\nGeradheit: 0,015 mm\/m<br \/>\nRauheit: Ra 0,4<br \/>\nZerbrechlichkeit: Grad 1<br \/>\nGarantie\uff1a1 Jahr<\/p>\n","protected":false},"featured_media":11,"template":"","meta":{"_uag_custom_page_level_css":"","site-sidebar-layout":"default","site-content-layout":"default","ast-site-content-layout":"default","site-content-style":"default","site-sidebar-style":"default","ast-global-header-display":"","ast-banner-title-visibility":"","ast-main-header-display":"","ast-hfb-above-header-display":"","ast-hfb-below-header-display":"","ast-hfb-mobile-header-display":"","site-post-title":"","ast-breadcrumbs-content":"","ast-featured-img":"","footer-sml-layout":"","theme-transparent-header-meta":"default","adv-header-id-meta":"","stick-header-meta":"","header-above-stick-meta":"","header-main-stick-meta":"","header-below-stick-meta":"","astra-migrate-meta-layouts":"set","ast-page-background-enabled":"default","ast-page-background-meta":{"desktop":{"background-color":"","background-image":"","background-repeat":"repeat","background-position":"center center","background-size":"auto","background-attachment":"scroll","background-type":"","background-media":"","overlay-type":"","overlay-color":"","overlay-opacity":"","overlay-gradient":""},"tablet":{"background-color":"","background-image":"","background-repeat":"repeat","background-position":"center center","background-size":"auto","background-attachment":"scroll","background-type":"","background-media":"","overlay-type":"","overlay-color":"","overlay-opacity":"","overlay-gradient":""},"mobile":{"background-color":"","background-image":"","background-repeat":"repeat","background-position":"center center","background-size":"auto","background-attachment":"scroll","background-type":"","background-media":"","overlay-type":"","overlay-color":"","overlay-opacity":"","overlay-gradient":""}},"ast-content-background-meta":{"desktop":{"background-color":"var(--ast-global-color-5)","background-image":"","background-repeat":"repeat","background-position":"center center","background-size":"auto","background-attachment":"scroll","background-type":"","background-media":"","overlay-type":"","overlay-color":"","overlay-opacity":"","overlay-gradient":""},"tablet":{"background-color":"var(--ast-global-color-5)","background-image":"","background-repeat":"repeat","background-position":"center center","background-size":"auto","background-attachment":"scroll","background-type":"","background-media":"","overlay-type":"","overlay-color":"","overlay-opacity":"","overlay-gradient":""},"mobile":{"background-color":"var(--ast-global-color-5)","background-image":"","background-repeat":"repeat","background-position":"center center","background-size":"auto","background-attachment":"scroll","background-type":"","background-media":"","overlay-type":"","overlay-color":"","overlay-opacity":"","overlay-gradient":""}}},"product_brand":[],"product_cat":[17],"product_tag":[43,85,91,86],"class_list":{"0":"post-87","1":"product","2":"type-product","3":"status-publish","4":"has-post-thumbnail","6":"product_cat-injection-screw-barrel","7":"product_tag-bimetallic-screw-barrel","8":"product_tag-bimetallic-screw-cylinder","9":"product_tag-injection-molding","10":"product_tag-screw-tip-set","11":"desktop-align-left","12":"tablet-align-left","13":"mobile-align-left","15":"first","16":"instock","17":"featured","18":"shipping-taxable","19":"product-type-simple"},"uagb_featured_image_src":{"full":["https:\/\/yisent.com\/wp-content\/uploads\/2023\/11\/injection-screw.jpg",1000,1000,false],"thumbnail":["https:\/\/yisent.com\/wp-content\/uploads\/2023\/11\/injection-screw-150x150.jpg",150,150,true],"medium":["https:\/\/yisent.com\/wp-content\/uploads\/2023\/11\/injection-screw-300x300.jpg",300,300,true],"medium_large":["https:\/\/yisent.com\/wp-content\/uploads\/2023\/11\/injection-screw-768x768.jpg",768,768,true],"large":["https:\/\/yisent.com\/wp-content\/uploads\/2023\/11\/injection-screw.jpg",1000,1000,false],"1536x1536":["https:\/\/yisent.com\/wp-content\/uploads\/2023\/11\/injection-screw.jpg",1000,1000,false],"2048x2048":["https:\/\/yisent.com\/wp-content\/uploads\/2023\/11\/injection-screw.jpg",1000,1000,false],"woocommerce_thumbnail":["https:\/\/yisent.com\/wp-content\/uploads\/2023\/11\/injection-screw-300x300.jpg",300,300,true],"woocommerce_single":["https:\/\/yisent.com\/wp-content\/uploads\/2023\/11\/injection-screw-600x600.jpg",600,600,true],"woocommerce_gallery_thumbnail":["https:\/\/yisent.com\/wp-content\/uploads\/2023\/11\/injection-screw-100x100.jpg",100,100,true]},"uagb_author_info":{"display_name":"admin","author_link":"https:\/\/yisent.com\/de\/author\/"},"uagb_comment_info":0,"uagb_excerpt":"Maximale L\u00e4nge: 12000 mm Schneckendurchmesser: \u03a616 ~ 450 mm Nitriertiefe: 0,4 mm ~ 0,7 mm Nitrierh\u00e4rte: HRC 68 ~ 70 Legierungsschichtdicke: 1,5 ~ 3,0 mm Geradheit: 0,015 mm\/m Rauheit: Ra 0,4 Zerbrechlichkeit: Grad 1 Garantie\uff1a1 Jahr","_links":{"self":[{"href":"https:\/\/yisent.com\/de\/wp-json\/wp\/v2\/product\/87","targetHints":{"allow":["GET"]}}],"collection":[{"href":"https:\/\/yisent.com\/de\/wp-json\/wp\/v2\/product"}],"about":[{"href":"https:\/\/yisent.com\/de\/wp-json\/wp\/v2\/types\/product"}],"wp:featuredmedia":[{"embeddable":true,"href":"https:\/\/yisent.com\/de\/wp-json\/wp\/v2\/media\/11"}],"wp:attachment":[{"href":"https:\/\/yisent.com\/de\/wp-json\/wp\/v2\/media?parent=87"}],"wp:term":[{"taxonomy":"product_brand","embeddable":true,"href":"https:\/\/yisent.com\/de\/wp-json\/wp\/v2\/product_brand?post=87"},{"taxonomy":"product_cat","embeddable":true,"href":"https:\/\/yisent.com\/de\/wp-json\/wp\/v2\/product_cat?post=87"},{"taxonomy":"product_tag","embeddable":true,"href":"https:\/\/yisent.com\/de\/wp-json\/wp\/v2\/product_tag?post=87"}],"curies":[{"name":"wp","href":"https:\/\/api.w.org\/{rel}","templated":true}]}}