{"id":1008,"date":"2025-03-14T11:51:46","date_gmt":"2025-03-14T03:51:46","guid":{"rendered":"https:\/\/yisent.com\/?post_type=product&#038;p=1008"},"modified":"2026-04-17T10:02:46","modified_gmt":"2026-04-17T02:02:46","slug":"zlyj-series-gear-box-for-plastic-extruder","status":"publish","type":"product","link":"https:\/\/yisent.com\/de\/product\/extruder-screw-barrel\/single-screw-barrel\/zlyj-series-gear-box-for-plastic-extruder\/","title":{"rendered":"Getriebe der ZLYJ-Serie f\u00fcr Kunststoffextruder"},"content":{"rendered":"<p>Getriebe der ZLYJ-Serie<\/p>\n<p>Getriebe der ZLYJ-Serie werden h\u00e4ufig in Kunststoffextrudern und anderen Maschinen eingesetzt, die gro\u00dfe Axialkr\u00e4fte der Abtriebswelle aufnehmen m\u00fcssen.<\/p>\n<p><strong>Merkmale:<\/strong><\/p>\n<p>1. Zahnrad und Welle bestehen aus hochfestem legiertem Stahl, der durch Aufkohlen, Abschrecken und Schleifen hohe Pr\u00e4zision und H\u00e4rte erreicht.<\/p>\n<p>2. Der Drucksitz ist hoch belastbar, und die Lager sind f\u00fcr einen Dauerbetrieb von \u00fcber drei Jahren ausgelegt.<\/p>\n<p>3. Die Getriebe verf\u00fcgen \u00fcber obligatorische Schmier- und K\u00fchlsysteme, mit Ausnahme der kleinen Modelle.<\/p>\n<p>4. Horizontale und vertikale Einbaum\u00f6glichkeiten erm\u00f6glichen unterschiedliche Konstruktionsanforderungen.<\/p>\n<p>5. Hoher \u00dcbertragungswirkungsgrad, geringe Ger\u00e4uschentwicklung und lange Lebensdauer.<\/p>\n<p><strong>Modelle:<\/strong><\/p>\n<p>ZLYJ-112, ZLYJ-133, ZLYJ-146, ZLYJ-173, ZLYJ-200, ZLYJ-225, ZLYJ-250, ZLYJ-280, ZLYJ-315, ZLYJ-330, ZLYJ-375, ZLYJ-395, ZLYJ-420, ZLYJ-450, ZLYJ-500, ZLYJ-560, ZLYJ-630<\/p>\n<p><img loading=\"lazy\" decoding=\"async\" class=\"size-medium wp-image-1006 aligncenter\" src=\"https:\/\/yisent.com\/wp-content\/uploads\/2025\/03\/ZLYJ-GEAR-BOX-1.png\" alt=\"\" width=\"1374\" height=\"943\" srcset=\"https:\/\/yisent.com\/wp-content\/uploads\/2025\/03\/ZLYJ-GEAR-BOX-1.png 2748w, https:\/\/yisent.com\/wp-content\/uploads\/2025\/03\/ZLYJ-GEAR-BOX-1-300x206.png 300w, https:\/\/yisent.com\/wp-content\/uploads\/2025\/03\/ZLYJ-GEAR-BOX-1-1024x703.png 1024w, https:\/\/yisent.com\/wp-content\/uploads\/2025\/03\/ZLYJ-GEAR-BOX-1-768x527.png 768w, https:\/\/yisent.com\/wp-content\/uploads\/2025\/03\/ZLYJ-GEAR-BOX-1-1536x1054.png 1536w, https:\/\/yisent.com\/wp-content\/uploads\/2025\/03\/ZLYJ-GEAR-BOX-1-2048x1406.png 2048w, https:\/\/yisent.com\/wp-content\/uploads\/2025\/03\/ZLYJ-GEAR-BOX-1-600x412.png 600w\" sizes=\"auto, (max-width: 1374px) 100vw, 1374px\" \/><\/p>\n<p><img loading=\"lazy\" decoding=\"async\" class=\"size-medium wp-image-1007 aligncenter\" src=\"https:\/\/yisent.com\/wp-content\/uploads\/2025\/03\/ZLYJ-GEAR-BOX-2.png\" alt=\"\" width=\"1374\" height=\"945\" srcset=\"https:\/\/yisent.com\/wp-content\/uploads\/2025\/03\/ZLYJ-GEAR-BOX-2.png 2747w, https:\/\/yisent.com\/wp-content\/uploads\/2025\/03\/ZLYJ-GEAR-BOX-2-300x206.png 300w, https:\/\/yisent.com\/wp-content\/uploads\/2025\/03\/ZLYJ-GEAR-BOX-2-1024x705.png 1024w, https:\/\/yisent.com\/wp-content\/uploads\/2025\/03\/ZLYJ-GEAR-BOX-2-768x528.png 768w, https:\/\/yisent.com\/wp-content\/uploads\/2025\/03\/ZLYJ-GEAR-BOX-2-1536x1057.png 1536w, https:\/\/yisent.com\/wp-content\/uploads\/2025\/03\/ZLYJ-GEAR-BOX-2-2048x1409.png 2048w, https:\/\/yisent.com\/wp-content\/uploads\/2025\/03\/ZLYJ-GEAR-BOX-2-600x413.png 600w\" sizes=\"auto, (max-width: 1374px) 100vw, 1374px\" \/><\/p>\n","protected":false},"excerpt":{"rendered":"<p>Getriebe der ZLYJ-Serie<br \/>\nModell: ZLYJ 112 \u2013 ZLYJ 630<br \/>\nUntersetzung: 8 \u2013 20<br \/>\nEinbau: Horizontal, Vertikal<br \/>\nGewicht: 95 \u2013 8800 kg<\/p>\n","protected":false},"featured_media":1005,"template":"","meta":{"_uag_custom_page_level_css":"","site-sidebar-layout":"default","site-content-layout":"","ast-site-content-layout":"default","site-content-style":"default","site-sidebar-style":"default","ast-global-header-display":"","ast-banner-title-visibility":"","ast-main-header-display":"","ast-hfb-above-header-display":"","ast-hfb-below-header-display":"","ast-hfb-mobile-header-display":"","site-post-title":"","ast-breadcrumbs-content":"","ast-featured-img":"","footer-sml-layout":"","theme-transparent-header-meta":"default","adv-header-id-meta":"","stick-header-meta":"","header-above-stick-meta":"","header-main-stick-meta":"","header-below-stick-meta":"","astra-migrate-meta-layouts":"set","ast-page-background-enabled":"default","ast-page-background-meta":{"desktop":{"background-color":"","background-image":"","background-repeat":"repeat","background-position":"center center","background-size":"auto","background-attachment":"scroll","background-type":"","background-media":"","overlay-type":"","overlay-color":"","overlay-opacity":"","overlay-gradient":""},"tablet":{"background-color":"","background-image":"","background-repeat":"repeat","background-position":"center center","background-size":"auto","background-attachment":"scroll","background-type":"","background-media":"","overlay-type":"","overlay-color":"","overlay-opacity":"","overlay-gradient":""},"mobile":{"background-color":"","background-image":"","background-repeat":"repeat","background-position":"center center","background-size":"auto","background-attachment":"scroll","background-type":"","background-media":"","overlay-type":"","overlay-color":"","overlay-opacity":"","overlay-gradient":""}},"ast-content-background-meta":{"desktop":{"background-color":"var(--ast-global-color-5)","background-image":"","background-repeat":"repeat","background-position":"center center","background-size":"auto","background-attachment":"scroll","background-type":"","background-media":"","overlay-type":"","overlay-color":"","overlay-opacity":"","overlay-gradient":""},"tablet":{"background-color":"var(--ast-global-color-5)","background-image":"","background-repeat":"repeat","background-position":"center center","background-size":"auto","background-attachment":"scroll","background-type":"","background-media":"","overlay-type":"","overlay-color":"","overlay-opacity":"","overlay-gradient":""},"mobile":{"background-color":"var(--ast-global-color-5)","background-image":"","background-repeat":"repeat","background-position":"center center","background-size":"auto","background-attachment":"scroll","background-type":"","background-media":"","overlay-type":"","overlay-color":"","overlay-opacity":"","overlay-gradient":""}}},"product_brand":[],"product_cat":[21],"product_tag":[78,94,79,80],"class_list":{"0":"post-1008","1":"product","2":"type-product","3":"status-publish","4":"has-post-thumbnail","6":"product_cat-single-screw-barrel","7":"product_tag-gear-box","8":"product_tag-plastic-extruder","9":"product_tag-speed-reducer","10":"product_tag-zlyj-gear-box","11":"desktop-align-left","12":"tablet-align-left","13":"mobile-align-left","15":"first","16":"instock","17":"featured","18":"shipping-taxable","19":"product-type-simple"},"uagb_featured_image_src":{"full":["https:\/\/yisent.com\/wp-content\/uploads\/2025\/03\/ZLYJ-gear-box.jpg",1000,1000,false],"thumbnail":["https:\/\/yisent.com\/wp-content\/uploads\/2025\/03\/ZLYJ-gear-box-150x150.jpg",150,150,true],"medium":["https:\/\/yisent.com\/wp-content\/uploads\/2025\/03\/ZLYJ-gear-box-300x300.jpg",300,300,true],"medium_large":["https:\/\/yisent.com\/wp-content\/uploads\/2025\/03\/ZLYJ-gear-box-768x768.jpg",768,768,true],"large":["https:\/\/yisent.com\/wp-content\/uploads\/2025\/03\/ZLYJ-gear-box.jpg",1000,1000,false],"1536x1536":["https:\/\/yisent.com\/wp-content\/uploads\/2025\/03\/ZLYJ-gear-box.jpg",1000,1000,false],"2048x2048":["https:\/\/yisent.com\/wp-content\/uploads\/2025\/03\/ZLYJ-gear-box.jpg",1000,1000,false],"woocommerce_thumbnail":["https:\/\/yisent.com\/wp-content\/uploads\/2025\/03\/ZLYJ-gear-box-300x300.jpg",300,300,true],"woocommerce_single":["https:\/\/yisent.com\/wp-content\/uploads\/2025\/03\/ZLYJ-gear-box-600x600.jpg",600,600,true],"woocommerce_gallery_thumbnail":["https:\/\/yisent.com\/wp-content\/uploads\/2025\/03\/ZLYJ-gear-box-100x100.jpg",100,100,true]},"uagb_author_info":{"display_name":"admin","author_link":"https:\/\/yisent.com\/de\/author\/"},"uagb_comment_info":0,"uagb_excerpt":"Getriebe der ZLYJ-Serie Modell: ZLYJ 112 \u2013 ZLYJ 630 Untersetzung: 8 \u2013 20 Einbau: Horizontal, Vertikal Gewicht: 95 \u2013 8800 kg","_links":{"self":[{"href":"https:\/\/yisent.com\/de\/wp-json\/wp\/v2\/product\/1008","targetHints":{"allow":["GET"]}}],"collection":[{"href":"https:\/\/yisent.com\/de\/wp-json\/wp\/v2\/product"}],"about":[{"href":"https:\/\/yisent.com\/de\/wp-json\/wp\/v2\/types\/product"}],"wp:featuredmedia":[{"embeddable":true,"href":"https:\/\/yisent.com\/de\/wp-json\/wp\/v2\/media\/1005"}],"wp:attachment":[{"href":"https:\/\/yisent.com\/de\/wp-json\/wp\/v2\/media?parent=1008"}],"wp:term":[{"taxonomy":"product_brand","embeddable":true,"href":"https:\/\/yisent.com\/de\/wp-json\/wp\/v2\/product_brand?post=1008"},{"taxonomy":"product_cat","embeddable":true,"href":"https:\/\/yisent.com\/de\/wp-json\/wp\/v2\/product_cat?post=1008"},{"taxonomy":"product_tag","embeddable":true,"href":"https:\/\/yisent.com\/de\/wp-json\/wp\/v2\/product_tag?post=1008"}],"curies":[{"name":"wp","href":"https:\/\/api.w.org\/{rel}","templated":true}]}}